{"id":1628,"date":"2019-02-19T11:26:01","date_gmt":"2019-02-19T14:26:01","guid":{"rendered":"https:\/\/www.ufsm.br\/unidades-universitarias\/ce\/?page_id=1628"},"modified":"2023-11-09T17:48:41","modified_gmt":"2023-11-09T20:48:41","slug":"grupo-de-pesquisa-trajetorias-de-formacao-gtforma","status":"publish","type":"page","link":"https:\/\/www.ufsm.br\/unidades-universitarias\/ce\/grupos-de-pesquisa-ce\/grupo-de-pesquisa-trajetorias-de-formacao-gtforma","title":{"rendered":"GRUPO DE PESQUISA TRAJET\u00d3RIAS DE FORMA\u00c7\u00c3O &#8211; GTFORMA"},"content":{"rendered":"\t\t<div data-elementor-type=\"wp-post\" data-elementor-id=\"1628\" class=\"elementor elementor-1628\">\n\t\t\t\t\t\t<section class=\"elementor-section elementor-top-section elementor-element elementor-element-aa35008 elementor-section-boxed elementor-section-height-default elementor-section-height-default\" data-id=\"aa35008\" data-element_type=\"section\">\n\t\t\t\t\t\t<div class=\"elementor-container elementor-column-gap-default\">\n\t\t\t\t\t<div class=\"elementor-column elementor-col-100 elementor-top-column elementor-element elementor-element-353b057\" data-id=\"353b057\" data-element_type=\"column\">\n\t\t\t<div class=\"elementor-widget-wrap elementor-element-populated\">\n\t\t\t\t\t\t<div class=\"elementor-element elementor-element-bcbcbc4 elementor-widget elementor-widget-text-editor\" data-id=\"bcbcbc4\" data-element_type=\"widget\" data-widget_type=\"text-editor.default\">\n\t\t\t\t<div class=\"elementor-widget-container\">\n\t\t\t\t\t\t\t<p align=\"justify\"><span style=\"color: #333333;font-family: georgia, palatino, serif;font-size: 12pt\">O Grupo de Pesquisa\u00a0<b>TRAJET\u00d3RIAS DE FORMA\u00c7\u00c3O \u2013 GTFORMA<\/b>\u00a0\u00e9 vinculado ao Programa de P\u00f3s-Gradua\u00e7\u00e3o em Educa\u00e7\u00e3o, da UFSM, sendo cadastrado no\u00a0<b>CNPq<\/b>\u00a0desde 2002. Desde ent\u00e3o, seus pesquisadores e estudantes, t\u00eam investigado, em especial, as trajet\u00f3rias formativas (pessoais e profissionais) percorridas por docentes do n\u00edvel superior.<\/span><\/p><p align=\"justify\">O nosso foco de estudo foi sendo delineado a partir da constata\u00e7\u00e3o de que os professores da Educa\u00e7\u00e3o Superior, apesar de serem respons\u00e1veis pela forma\u00e7\u00e3o inicial de futuros profissionais, n\u00e3o est\u00e3o preparados para atuarem neste n\u00edvel. A compreens\u00e3o do processo constitutivo docente desses sujeitos e as repercuss\u00f5es de suas trajet\u00f3rias formativas nesse processo t\u00eam despertado o nosso interesse e prospectado novos questionamentos no complexo campo da Pedagogia Universit\u00e1ria. Esperamos que os resultados das pesquisas estejam contribuindo com as discuss\u00f5es nacionais e internacionais sobre a forma\u00e7\u00e3o de professores.<\/p><p align=\"justify\">S\u00e3o nossos interlocutores os alunos em forma\u00e7\u00e3o inicial, professores formadores e em forma\u00e7\u00e3o permanente e pesquisadores interessados com a tem\u00e1tica da forma\u00e7\u00e3o docente.<\/p><p align=\"justify\">Link: <a href=\"https:\/\/www.ufsm.br\/grupos\/gtforma\">https:\/\/www.ufsm.br\/grupos\/gtforma<\/a><\/p>\t\t\t\t\t\t<\/div>\n\t\t\t\t<\/div>\n\t\t\t\t\t<\/div>\n\t\t<\/div>\n\t\t\t\t\t<\/div>\n\t\t<\/section>\n\t\t\t\t<section class=\"elementor-section elementor-top-section elementor-element elementor-element-0d3c6e6 elementor-section-boxed elementor-section-height-default elementor-section-height-default\" data-id=\"0d3c6e6\" data-element_type=\"section\">\n\t\t\t\t\t\t<div class=\"elementor-container elementor-column-gap-default\">\n\t\t\t\t\t<div class=\"elementor-column elementor-col-33 elementor-top-column elementor-element elementor-element-ec9c4b7\" data-id=\"ec9c4b7\" data-element_type=\"column\">\n\t\t\t<div class=\"elementor-widget-wrap elementor-element-populated\">\n\t\t\t\t\t\t<div class=\"elementor-element elementor-element-4ff292e elementor-widget elementor-widget-heading\" data-id=\"4ff292e\" data-element_type=\"widget\" data-widget_type=\"heading.default\">\n\t\t\t\t<div class=\"elementor-widget-container\">\n\t\t\t<h5 class=\"elementor-heading-title elementor-size-default\">Estrutura<\/h5>\t\t<\/div>\n\t\t\t\t<\/div>\n\t\t\t\t<div class=\"elementor-element elementor-element-5443435 elementor-widget elementor-widget-text-editor\" data-id=\"5443435\" data-element_type=\"widget\" data-widget_type=\"text-editor.default\">\n\t\t\t\t<div class=\"elementor-widget-container\">\n\t\t\t\t\t\t\t<p><a href=\"https:\/\/www.ufsm.br\/unidades-universitarias\/ce\/equipe-5\/\">Equipe<\/a><\/p><p>Contato<\/p>\t\t\t\t\t\t<\/div>\n\t\t\t\t<\/div>\n\t\t\t\t\t<\/div>\n\t\t<\/div>\n\t\t\t\t<div class=\"elementor-column elementor-col-33 elementor-top-column elementor-element elementor-element-0b79952\" data-id=\"0b79952\" data-element_type=\"column\">\n\t\t\t<div class=\"elementor-widget-wrap elementor-element-populated\">\n\t\t\t\t\t\t<div class=\"elementor-element elementor-element-55cdf42 elementor-widget elementor-widget-heading\" data-id=\"55cdf42\" data-element_type=\"widget\" data-widget_type=\"heading.default\">\n\t\t\t\t<div class=\"elementor-widget-container\">\n\t\t\t<h5 class=\"elementor-heading-title elementor-size-default\">Projetos\/Produ\u00e7\u00f5es<\/h5>\t\t<\/div>\n\t\t\t\t<\/div>\n\t\t\t\t<div class=\"elementor-element elementor-element-cd5758b elementor-widget elementor-widget-text-editor\" data-id=\"cd5758b\" data-element_type=\"widget\" data-widget_type=\"text-editor.default\">\n\t\t\t\t<div class=\"elementor-widget-container\">\n\t\t\t\t\t\t\t<p><a href=\"https:\/\/www.ufsm.br\/unidades-universitarias\/ce\/projetos-em-andamento-2\/\">Projetos em\u00a0 andamento<\/a><\/p><p><a href=\"https:\/\/www.ufsm.br\/unidades-universitarias\/ce\/livros-publicados\/\">Livros publicados<\/a><\/p><p><a href=\"https:\/\/www.ufsm.br\/unidades-universitarias\/ce\/anais-de-eventos\/\">Anais de eventos<\/a>\u00a0<\/p><p><a href=\"https:\/\/www.ufsm.br\/unidades-universitarias\/ce\/artigos-em-revistas\/\">Artigos publicados em revistas<\/a><\/p><p><a href=\"https:\/\/www.ufsm.br\/unidades-universitarias\/ce\/teses-e-dissertacoes\/\">Teses e Disserta\u00e7\u00f5es<\/a><\/p>\t\t\t\t\t\t<\/div>\n\t\t\t\t<\/div>\n\t\t\t\t\t<\/div>\n\t\t<\/div>\n\t\t\t\t<div class=\"elementor-column elementor-col-33 elementor-top-column elementor-element elementor-element-359541a\" data-id=\"359541a\" data-element_type=\"column\">\n\t\t\t<div class=\"elementor-widget-wrap elementor-element-populated\">\n\t\t\t\t\t\t<div class=\"elementor-element elementor-element-a7c46f7 elementor-widget elementor-widget-heading\" data-id=\"a7c46f7\" data-element_type=\"widget\" data-widget_type=\"heading.default\">\n\t\t\t\t<div class=\"elementor-widget-container\">\n\t\t\t<h5 class=\"elementor-heading-title elementor-size-default\">Informa\u00e7\u00f5es adicionais<\/h5>\t\t<\/div>\n\t\t\t\t<\/div>\n\t\t\t\t<div class=\"elementor-element elementor-element-166ae6b elementor-widget elementor-widget-text-editor\" data-id=\"166ae6b\" data-element_type=\"widget\" data-widget_type=\"text-editor.default\">\n\t\t\t\t<div class=\"elementor-widget-container\">\n\t\t\t\t\t\t\t<p><a href=\"https:\/\/www.ufsm.br\/unidades-universitarias\/ce\/linhas-investigativas\/\">Linhas Investigativas<\/a><\/p><p><a href=\"https:\/\/www.ufsm.br\/unidades-universitarias\/ce\/bases-teoricas\/\">Bases Te\u00f3ricas<\/a><\/p><p><a href=\"https:\/\/www.ufsm.br\/unidades-universitarias\/ce\/metodologia\/\">Metodologia\u00a0<\/a><\/p><p><a href=\"https:\/\/www.ufsm.br\/unidades-universitarias\/ce\/grupos-de-pesquisa-ce\/grupo-de-pesquisa-trajetorias-de-formacao-gtforma\/contribuicaogtforma\/\">Contribui\u00e7\u00f5es<\/a><\/p><p><a href=\"https:\/\/www.ufsm.br\/unidades-universitarias\/ce\/redes-associadas\/\">Redes associadas<\/a><\/p><p><a href=\"https:\/\/www.ufsm.br\/unidades-universitarias\/ce\/financiamentos\/\">Financiamento\u00a0<\/a><\/p><p><a href=\"https:\/\/www.ufsm.br\/unidades-universitarias\/ce\/links-2\/\">Links<\/a><\/p>\t\t\t\t\t\t<\/div>\n\t\t\t\t<\/div>\n\t\t\t\t\t<\/div>\n\t\t<\/div>\n\t\t\t\t\t<\/div>\n\t\t<\/section>\n\t\t\t\t<\/div>\n\t\t","protected":false},"excerpt":{"rendered":"<p>O Grupo de Pesquisa\u00a0TRAJET\u00d3RIAS DE FORMA\u00c7\u00c3O \u2013 GTFORMA\u00a0\u00e9 vinculado ao Programa de P\u00f3s-Gradua\u00e7\u00e3o em Educa\u00e7\u00e3o, da UFSM, sendo cadastrado no\u00a0CNPq\u00a0desde 2002. Desde ent\u00e3o, seus pesquisadores e estudantes, t\u00eam investigado, em especial, as trajet\u00f3rias formativas (pessoais e profissionais) percorridas por docentes do n\u00edvel superior. O nosso foco de estudo foi sendo delineado a partir da constata\u00e7\u00e3o [&hellip;]<\/p>\n","protected":false},"author":115,"featured_media":0,"parent":3060,"menu_order":0,"comment_status":"closed","ping_status":"closed","template":"","meta":{"footnotes":""},"categories":[],"tags":[],"class_list":["post-1628","page","type-page","status-publish","hentry"],"acf":[],"_links":{"self":[{"href":"https:\/\/www.ufsm.br\/unidades-universitarias\/ce\/wp-json\/wp\/v2\/pages\/1628","targetHints":{"allow":["GET"]}}],"collection":[{"href":"https:\/\/www.ufsm.br\/unidades-universitarias\/ce\/wp-json\/wp\/v2\/pages"}],"about":[{"href":"https:\/\/www.ufsm.br\/unidades-universitarias\/ce\/wp-json\/wp\/v2\/types\/page"}],"author":[{"embeddable":true,"href":"https:\/\/www.ufsm.br\/unidades-universitarias\/ce\/wp-json\/wp\/v2\/users\/115"}],"replies":[{"embeddable":true,"href":"https:\/\/www.ufsm.br\/unidades-universitarias\/ce\/wp-json\/wp\/v2\/comments?post=1628"}],"version-history":[{"count":0,"href":"https:\/\/www.ufsm.br\/unidades-universitarias\/ce\/wp-json\/wp\/v2\/pages\/1628\/revisions"}],"up":[{"embeddable":true,"href":"https:\/\/www.ufsm.br\/unidades-universitarias\/ce\/wp-json\/wp\/v2\/pages\/3060"}],"wp:attachment":[{"href":"https:\/\/www.ufsm.br\/unidades-universitarias\/ce\/wp-json\/wp\/v2\/media?parent=1628"}],"wp:term":[{"taxonomy":"category","embeddable":true,"href":"https:\/\/www.ufsm.br\/unidades-universitarias\/ce\/wp-json\/wp\/v2\/categories?post=1628"},{"taxonomy":"post_tag","embeddable":true,"href":"https:\/\/www.ufsm.br\/unidades-universitarias\/ce\/wp-json\/wp\/v2\/tags?post=1628"}],"curies":[{"name":"wp","href":"https:\/\/api.w.org\/{rel}","templated":true}]}}