{"id":1634,"date":"2019-02-19T11:50:26","date_gmt":"2019-02-19T14:50:26","guid":{"rendered":"https:\/\/www.ufsm.br\/unidades-universitarias\/ce\/?page_id=1634"},"modified":"2022-06-23T16:10:12","modified_gmt":"2022-06-23T19:10:12","slug":"contribuicaogtforma","status":"publish","type":"page","link":"https:\/\/www.ufsm.br\/unidades-universitarias\/ce\/grupos-de-pesquisa-ce\/grupo-de-pesquisa-trajetorias-de-formacao-gtforma\/contribuicaogtforma","title":{"rendered":"Contribui\u00e7\u00e3o para o Campo da Pedagogia Universit\u00e1ria"},"content":{"rendered":"\n<p>O Grupo tem produzido artigos, cap\u00edtulos de livros, comunica\u00e7\u00f5es em eventos; organizado semin\u00e1rios de pesquisa, mini-cursos e desenvolvido pesquisas que envolvem prioritariamente professores de cursos de licenciatura e de bacharelado de institui\u00e7\u00f5es p\u00fablicas, comunit\u00e1rias e privadas, tendo por objeto de pesquisa as concep\u00e7\u00f5es de doc\u00eancia que estes sujeitos desenvolvem e, conseq\u00fcentemente, de seus processos de aprendizagem, bem como de suas etapas de desenvolvimento profissional docente no intuito de investigar a especificidade dos ciclos de vida profissional de professores do ensino superior, uma vez que n\u00e3o existem estudos voltados para a este n\u00edvel de ensino. As pesquisas do grupo s\u00e3o integradas e interinstitucionais.<\/p>\n<p>Estas pesquisas trazem aportes para a discuss\u00e3o da aprendizagem docente que a l\u00edder e a vice-l\u00edder do Grupo v\u00eam desenvolvendo. O Grupo\u00a0<b>Trajet\u00f3rias de Forma\u00e7\u00e3o<\/b>\u00a0trabalha em estreita colabora\u00e7\u00e3o com o Grupo de\u00a0<b>Forma\u00e7\u00e3o de Professores e Pr\u00e1ticas Educativas: Ensino B\u00e1sico e Superior<\/b>. Assim, ambos os grupos contempla pesquisas voltadas para as constru\u00e7\u00f5es pedag\u00f3gicas e epistemol\u00f3gicas na forma\u00e7\u00e3o profissional de docentes em servi\u00e7o explicitando como o processo de forma\u00e7\u00e3o e desenvolvimento profissional \u00e9 constitutivo do ser professor. A produ\u00e7\u00e3o acad\u00eamica dos dois grupos de pesquisa al\u00e9m dos estudos pessoais e compartilhados das autoras resulta em teses, disserta\u00e7\u00f5es e monografias, constituindo-se assim como os alicerces te\u00f3rico-metodol\u00f3gicos para produ\u00e7\u00f5es voltadas para a forma\u00e7\u00e3o de professores.<\/p>\n","protected":false},"excerpt":{"rendered":"<p>O Grupo tem produzido artigos, cap\u00edtulos de livros, comunica\u00e7\u00f5es em eventos; organizado semin\u00e1rios de pesquisa, mini-cursos e desenvolvido pesquisas que envolvem prioritariamente professores de cursos de licenciatura e de bacharelado de institui\u00e7\u00f5es p\u00fablicas, comunit\u00e1rias e privadas, tendo por objeto de pesquisa as concep\u00e7\u00f5es de doc\u00eancia que estes sujeitos desenvolvem e, conseq\u00fcentemente, de seus processos de [&hellip;]<\/p>\n","protected":false},"author":115,"featured_media":0,"parent":1628,"menu_order":0,"comment_status":"closed","ping_status":"closed","template":"","meta":{"footnotes":""},"categories":[],"tags":[],"class_list":["post-1634","page","type-page","status-publish","hentry"],"acf":[],"_links":{"self":[{"href":"https:\/\/www.ufsm.br\/unidades-universitarias\/ce\/wp-json\/wp\/v2\/pages\/1634","targetHints":{"allow":["GET"]}}],"collection":[{"href":"https:\/\/www.ufsm.br\/unidades-universitarias\/ce\/wp-json\/wp\/v2\/pages"}],"about":[{"href":"https:\/\/www.ufsm.br\/unidades-universitarias\/ce\/wp-json\/wp\/v2\/types\/page"}],"author":[{"embeddable":true,"href":"https:\/\/www.ufsm.br\/unidades-universitarias\/ce\/wp-json\/wp\/v2\/users\/115"}],"replies":[{"embeddable":true,"href":"https:\/\/www.ufsm.br\/unidades-universitarias\/ce\/wp-json\/wp\/v2\/comments?post=1634"}],"version-history":[{"count":0,"href":"https:\/\/www.ufsm.br\/unidades-universitarias\/ce\/wp-json\/wp\/v2\/pages\/1634\/revisions"}],"up":[{"embeddable":true,"href":"https:\/\/www.ufsm.br\/unidades-universitarias\/ce\/wp-json\/wp\/v2\/pages\/1628"}],"wp:attachment":[{"href":"https:\/\/www.ufsm.br\/unidades-universitarias\/ce\/wp-json\/wp\/v2\/media?parent=1634"}],"wp:term":[{"taxonomy":"category","embeddable":true,"href":"https:\/\/www.ufsm.br\/unidades-universitarias\/ce\/wp-json\/wp\/v2\/categories?post=1634"},{"taxonomy":"post_tag","embeddable":true,"href":"https:\/\/www.ufsm.br\/unidades-universitarias\/ce\/wp-json\/wp\/v2\/tags?post=1634"}],"curies":[{"name":"wp","href":"https:\/\/api.w.org\/{rel}","templated":true}]}}