{"id":1792,"date":"2019-02-20T08:22:25","date_gmt":"2019-02-20T11:22:25","guid":{"rendered":"https:\/\/www.ufsm.br\/unidades-universitarias\/ce\/?page_id=1792"},"modified":"2022-06-23T16:17:07","modified_gmt":"2022-06-23T19:17:07","slug":"links-2","status":"publish","type":"page","link":"https:\/\/www.ufsm.br\/unidades-universitarias\/ce\/grupos-de-pesquisa-ce\/grupo-de-pesquisa-trajetorias-de-formacao-gtforma\/links-2","title":{"rendered":"Links GTFORMA"},"content":{"rendered":"\n<p><a href=\"https:\/\/www.ufsm.br\/cursos\/pos-graduacao\/santa-maria\/ppge\/\">Programa de P\u00f3s-Gradua\u00e7\u00e3o em Educa\u00e7\u00e3o &#8211; PPGE<\/a><\/p>\n<p><a href=\"https:\/\/www.ufsm.br\/unidades-universitarias\/ce\/\">Centro de Educa\u00e7\u00e3o &#8211; CE<\/a><\/p>\n<p><a href=\"https:\/\/portal.ufsm.br\/professor\/\">Portal do Professor<\/a><\/p>\n<p><a href=\"https:\/\/portal.ufsm.br\/aluno\/\">Portal do aluno<\/a><\/p>\n<p><a href=\"https:\/\/www.ufsm.br\/orgaos-suplementares\/biblioteca\/biblioteca-central\/\">Biblioteca Central &#8211;\u00a0 BC<\/a><\/p>\n<p><a href=\"http:\/\/www-periodicos-capes-gov-br.ez47.periodicos.capes.gov.br\/index.php?\">Peri\u00f3dicos CAPES<\/a><\/p>\n<p><a href=\"https:\/\/repositorio.ufsm.br\/\">Manancial UFSM<\/a><\/p>\n<p><a href=\"http:\/\/www.pucrs.br\/faced\/pos\/universitas\">Pontif\u00edcia Universidade Cat\u00f3lica do Rio Grande do Sul &#8211; PUCRS<\/a><\/p>\n<p><a href=\"http:\/\/www.inep.gov.br\/\">Instituto Nacional de Estudos e Pesquisa &#8211; INEP<\/a><\/p>\n<p><a href=\"http:\/\/www.capes.gov.br\/\">Coordena\u00e7\u00e3o de Aperfei\u00e7oamento de Pessoal de N\u00edvel Superior &#8211; CAPES\u00a0<\/a><\/p>\n<p><a href=\"http:\/\/www.cnpq.br\/\">Minist\u00e9rio da Ci\u00eancia, Tecnologia, Inova\u00e7\u00f5es e Comunica\u00e7\u00e3o &#8211; CNPq<\/a><\/p>\n<p><a href=\"http:\/\/portal.mec.gov.br\/index.php\">Minist\u00e9rio da Educa\u00e7\u00e3o\u00a0<\/a><\/p>\n","protected":false},"excerpt":{"rendered":"<p>Programa de P\u00f3s-Gradua\u00e7\u00e3o em Educa\u00e7\u00e3o &#8211; PPGE Centro de Educa\u00e7\u00e3o &#8211; CE Portal do Professor Portal do aluno Biblioteca Central &#8211;\u00a0 BC Peri\u00f3dicos CAPES Manancial UFSM Pontif\u00edcia Universidade Cat\u00f3lica do Rio Grande do Sul &#8211; PUCRS Instituto Nacional de Estudos e Pesquisa &#8211; INEP Coordena\u00e7\u00e3o de Aperfei\u00e7oamento de Pessoal de N\u00edvel Superior &#8211; CAPES\u00a0 Minist\u00e9rio [&hellip;]<\/p>\n","protected":false},"author":115,"featured_media":0,"parent":1628,"menu_order":0,"comment_status":"closed","ping_status":"closed","template":"","meta":{"footnotes":""},"categories":[],"tags":[],"class_list":["post-1792","page","type-page","status-publish","hentry"],"acf":[],"_links":{"self":[{"href":"https:\/\/www.ufsm.br\/unidades-universitarias\/ce\/wp-json\/wp\/v2\/pages\/1792","targetHints":{"allow":["GET"]}}],"collection":[{"href":"https:\/\/www.ufsm.br\/unidades-universitarias\/ce\/wp-json\/wp\/v2\/pages"}],"about":[{"href":"https:\/\/www.ufsm.br\/unidades-universitarias\/ce\/wp-json\/wp\/v2\/types\/page"}],"author":[{"embeddable":true,"href":"https:\/\/www.ufsm.br\/unidades-universitarias\/ce\/wp-json\/wp\/v2\/users\/115"}],"replies":[{"embeddable":true,"href":"https:\/\/www.ufsm.br\/unidades-universitarias\/ce\/wp-json\/wp\/v2\/comments?post=1792"}],"version-history":[{"count":0,"href":"https:\/\/www.ufsm.br\/unidades-universitarias\/ce\/wp-json\/wp\/v2\/pages\/1792\/revisions"}],"up":[{"embeddable":true,"href":"https:\/\/www.ufsm.br\/unidades-universitarias\/ce\/wp-json\/wp\/v2\/pages\/1628"}],"wp:attachment":[{"href":"https:\/\/www.ufsm.br\/unidades-universitarias\/ce\/wp-json\/wp\/v2\/media?parent=1792"}],"wp:term":[{"taxonomy":"category","embeddable":true,"href":"https:\/\/www.ufsm.br\/unidades-universitarias\/ce\/wp-json\/wp\/v2\/categories?post=1792"},{"taxonomy":"post_tag","embeddable":true,"href":"https:\/\/www.ufsm.br\/unidades-universitarias\/ce\/wp-json\/wp\/v2\/tags?post=1792"}],"curies":[{"name":"wp","href":"https:\/\/api.w.org\/{rel}","templated":true}]}}