{"id":1826,"date":"2019-02-20T09:29:54","date_gmt":"2019-02-20T12:29:54","guid":{"rendered":"https:\/\/www.ufsm.br\/unidades-universitarias\/ce\/?page_id=1826"},"modified":"2023-11-10T18:40:34","modified_gmt":"2023-11-10T21:40:34","slug":"educacao-especial-e-autismo-edea","status":"publish","type":"page","link":"https:\/\/www.ufsm.br\/unidades-universitarias\/ce\/grupos-de-pesquisa-ce\/educacao-especial-e-autismo-edea","title":{"rendered":"Educa\u00e7\u00e3o Especial e Autismo &#8211; EdEA"},"content":{"rendered":"\t\t<div data-elementor-type=\"wp-post\" data-elementor-id=\"1826\" class=\"elementor elementor-1826\">\n\t\t\t\t\t\t<section class=\"elementor-section elementor-top-section elementor-element elementor-element-a0662e6 elementor-section-boxed elementor-section-height-default elementor-section-height-default\" data-id=\"a0662e6\" data-element_type=\"section\">\n\t\t\t\t\t\t<div class=\"elementor-container elementor-column-gap-default\">\n\t\t\t\t\t<div class=\"elementor-column elementor-col-100 elementor-top-column elementor-element elementor-element-0cca421\" data-id=\"0cca421\" data-element_type=\"column\">\n\t\t\t<div class=\"elementor-widget-wrap elementor-element-populated\">\n\t\t\t\t\t\t<div class=\"elementor-element elementor-element-e14a189 elementor-widget elementor-widget-text-editor\" data-id=\"e14a189\" data-element_type=\"widget\" data-widget_type=\"text-editor.default\">\n\t\t\t\t<div class=\"elementor-widget-container\">\n\t\t\t\t\t\t\t<p>O\u00a0<strong>Grupo de Pesquisa Educa\u00e7\u00e3o Especial e Autismo \u2013 EdEA<\/strong>\u00a0desenvolve investiga\u00e7\u00f5es acerca do processo de inclus\u00e3o de crian\u00e7as e jovens com Transtornos do Espectro do Autismo, incluindo o impacto na fam\u00edlia. Explora temas como interven\u00e7\u00f5es precoces e forma\u00e7\u00e3o de professores.\u00a0 Coordenado pelo Prof. Dr. Carlo Schmidt<\/p>\t\t\t\t\t\t<\/div>\n\t\t\t\t<\/div>\n\t\t\t\t\t<\/div>\n\t\t<\/div>\n\t\t\t\t\t<\/div>\n\t\t<\/section>\n\t\t\t\t<section class=\"elementor-section elementor-top-section elementor-element elementor-element-6dba10f elementor-section-boxed elementor-section-height-default elementor-section-height-default\" data-id=\"6dba10f\" data-element_type=\"section\">\n\t\t\t\t\t\t<div class=\"elementor-container elementor-column-gap-default\">\n\t\t\t\t\t<div class=\"elementor-column elementor-col-50 elementor-top-column elementor-element elementor-element-a70c739\" data-id=\"a70c739\" data-element_type=\"column\">\n\t\t\t<div class=\"elementor-widget-wrap elementor-element-populated\">\n\t\t\t\t\t\t<div class=\"elementor-element elementor-element-43e62b3 elementor-widget elementor-widget-heading\" data-id=\"43e62b3\" data-element_type=\"widget\" data-widget_type=\"heading.default\">\n\t\t\t\t<div class=\"elementor-widget-container\">\n\t\t\t<h5 class=\"elementor-heading-title elementor-size-default\">Estrutura<\/h5>\t\t<\/div>\n\t\t\t\t<\/div>\n\t\t\t\t<div class=\"elementor-element elementor-element-eddddc9 elementor-widget elementor-widget-text-editor\" data-id=\"eddddc9\" data-element_type=\"widget\" data-widget_type=\"text-editor.default\">\n\t\t\t\t<div class=\"elementor-widget-container\">\n\t\t\t\t\t\t\t<p><a href=\"https:\/\/www.ufsm.br\/grupos\/educacaoespecialeautismo\/membros\">Equipe<\/a><\/p><p><a href=\"https:\/\/www.ufsm.br\/grupos\/educacaoespecialeautismo\">Contato<\/a><\/p><p><a href=\"https:\/\/www.ufsm.br\/grupos\/educacaoespecialeautismo\">Links<\/a><\/p>\t\t\t\t\t\t<\/div>\n\t\t\t\t<\/div>\n\t\t\t\t\t<\/div>\n\t\t<\/div>\n\t\t\t\t<div class=\"elementor-column elementor-col-50 elementor-top-column elementor-element elementor-element-b21bd20\" data-id=\"b21bd20\" data-element_type=\"column\">\n\t\t\t<div class=\"elementor-widget-wrap elementor-element-populated\">\n\t\t\t\t\t\t<div class=\"elementor-element elementor-element-e551e99 elementor-widget elementor-widget-heading\" data-id=\"e551e99\" data-element_type=\"widget\" data-widget_type=\"heading.default\">\n\t\t\t\t<div class=\"elementor-widget-container\">\n\t\t\t<h5 class=\"elementor-heading-title elementor-size-default\">Projetos\/ Produ\u00e7\u00f5es<\/h5>\t\t<\/div>\n\t\t\t\t<\/div>\n\t\t\t\t<div class=\"elementor-element elementor-element-d6d45db elementor-widget elementor-widget-text-editor\" data-id=\"d6d45db\" data-element_type=\"widget\" data-widget_type=\"text-editor.default\">\n\t\t\t\t<div class=\"elementor-widget-container\">\n\t\t\t\t\t\t\t<p><a href=\"https:\/\/www.ufsm.br\/grupos\/educacaoespecialeautismo\/publicacoes\">Teses e Disserta\u00e7\u00f5es<\/a><\/p><p><a href=\"https:\/\/www.ufsm.br\/grupos\/educacaoespecialeautismo\/material-adicional\">Eventos<\/a><\/p><p><a href=\"https:\/\/www.ufsm.br\/grupos\/educacaoespecialeautismo\/publicacoes\">Artigos<\/a><\/p><p><a href=\"https:\/\/www.ufsm.br\/grupos\/educacaoespecialeautismo\/material-adicional\">Livros e Cap\u00edtulos de Livros<\/a><\/p><p><a href=\"https:\/\/www.ufsm.br\/grupos\/educacaoespecialeautismo\/projetos\">Grupos &#8211; projetos<\/a><\/p>\t\t\t\t\t\t<\/div>\n\t\t\t\t<\/div>\n\t\t\t\t\t<\/div>\n\t\t<\/div>\n\t\t\t\t\t<\/div>\n\t\t<\/section>\n\t\t\t\t<\/div>\n\t\t","protected":false},"excerpt":{"rendered":"<p>O\u00a0Grupo de Pesquisa Educa\u00e7\u00e3o Especial e Autismo \u2013 EdEA\u00a0desenvolve investiga\u00e7\u00f5es acerca do processo de inclus\u00e3o de crian\u00e7as e jovens com Transtornos do Espectro do Autismo, incluindo o impacto na fam\u00edlia. Explora temas como interven\u00e7\u00f5es precoces e forma\u00e7\u00e3o de professores.\u00a0 Coordenado pelo Prof. Dr. Carlo Schmidt Estrutura Equipe Contato Links Projetos\/ Produ\u00e7\u00f5es Teses e Disserta\u00e7\u00f5es Eventos [&hellip;]<\/p>\n","protected":false},"author":115,"featured_media":0,"parent":3060,"menu_order":0,"comment_status":"closed","ping_status":"closed","template":"","meta":{"footnotes":""},"categories":[],"tags":[],"class_list":["post-1826","page","type-page","status-publish","hentry"],"acf":[],"_links":{"self":[{"href":"https:\/\/www.ufsm.br\/unidades-universitarias\/ce\/wp-json\/wp\/v2\/pages\/1826","targetHints":{"allow":["GET"]}}],"collection":[{"href":"https:\/\/www.ufsm.br\/unidades-universitarias\/ce\/wp-json\/wp\/v2\/pages"}],"about":[{"href":"https:\/\/www.ufsm.br\/unidades-universitarias\/ce\/wp-json\/wp\/v2\/types\/page"}],"author":[{"embeddable":true,"href":"https:\/\/www.ufsm.br\/unidades-universitarias\/ce\/wp-json\/wp\/v2\/users\/115"}],"replies":[{"embeddable":true,"href":"https:\/\/www.ufsm.br\/unidades-universitarias\/ce\/wp-json\/wp\/v2\/comments?post=1826"}],"version-history":[{"count":0,"href":"https:\/\/www.ufsm.br\/unidades-universitarias\/ce\/wp-json\/wp\/v2\/pages\/1826\/revisions"}],"up":[{"embeddable":true,"href":"https:\/\/www.ufsm.br\/unidades-universitarias\/ce\/wp-json\/wp\/v2\/pages\/3060"}],"wp:attachment":[{"href":"https:\/\/www.ufsm.br\/unidades-universitarias\/ce\/wp-json\/wp\/v2\/media?parent=1826"}],"wp:term":[{"taxonomy":"category","embeddable":true,"href":"https:\/\/www.ufsm.br\/unidades-universitarias\/ce\/wp-json\/wp\/v2\/categories?post=1826"},{"taxonomy":"post_tag","embeddable":true,"href":"https:\/\/www.ufsm.br\/unidades-universitarias\/ce\/wp-json\/wp\/v2\/tags?post=1826"}],"curies":[{"name":"wp","href":"https:\/\/api.w.org\/{rel}","templated":true}]}}