{"id":6493,"date":"2022-12-05T10:52:31","date_gmt":"2022-12-05T13:52:31","guid":{"rendered":"https:\/\/www.ufsm.br\/unidades-universitarias\/ce\/?page_id=6493"},"modified":"2025-11-04T10:06:58","modified_gmt":"2025-11-04T13:06:58","slug":"orientacoes-e-tututoriais","status":"publish","type":"page","link":"https:\/\/www.ufsm.br\/unidades-universitarias\/ce\/nucleos\/nucomce\/orientacoes-e-tututoriais","title":{"rendered":"Orienta\u00e7\u00f5es e tutoriais NUCOM"},"content":{"rendered":"\t\t<div data-elementor-type=\"wp-page\" data-elementor-id=\"6493\" class=\"elementor elementor-6493\">\n\t\t\t\t\t\t<section class=\"elementor-section elementor-top-section elementor-element elementor-element-1774433 elementor-section-boxed elementor-section-height-default elementor-section-height-default\" data-id=\"1774433\" data-element_type=\"section\">\n\t\t\t\t\t\t<div class=\"elementor-container elementor-column-gap-default\">\n\t\t\t\t\t<div class=\"elementor-column elementor-col-100 elementor-top-column elementor-element elementor-element-d6cec0a\" data-id=\"d6cec0a\" data-element_type=\"column\">\n\t\t\t<div class=\"elementor-widget-wrap elementor-element-populated\">\n\t\t\t\t\t\t<div class=\"elementor-element elementor-element-1119666 elementor-widget elementor-widget-heading\" data-id=\"1119666\" data-element_type=\"widget\" data-widget_type=\"heading.default\">\n\t\t\t\t<div class=\"elementor-widget-container\">\n\t\t\t<h2 class=\"elementor-heading-title elementor-size-medium\">A Subdivis\u00e3o de Comunica\u00e7\u00e3o\/CE \u00e9 respons\u00e1vel por planejar e executar a pol\u00edtica de comunica\u00e7\u00e3o da Unidade, sistematizar e articular a\u00e7\u00f5es de comunica\u00e7\u00e3o e informa\u00e7\u00e3o interna e externa, gerenciar o website e as p\u00e1ginas nas redes sociais do CE, elaborar materiais informativos e campanhas institucionais, prestar suporte t\u00e9cnico \u00e0s formaturas e auxiliar na divulga\u00e7\u00e3o e transmiss\u00e3o de eventos organizados no \u00e2mbito do Centro de Educa\u00e7\u00e3o.<br><br><p>Para garantir maior efici\u00eancia, seguem as orienta\u00e7\u00f5es de envio e prazos:<\/p><p><strong>1. Publica\u00e7\u00e3o de editais<\/strong><\/p><ul><li><p>Para publica\u00e7\u00e3o no mesmo dia, o material em PDF deve ser enviado at\u00e9 <strong>12h<\/strong>, com todas as informa\u00e7\u00f5es completas.<\/p><\/li><li><p>Ap\u00f3s esse hor\u00e1rio, a publica\u00e7\u00e3o ocorrer\u00e1 no <strong>dia \u00fatil seguinte<\/strong>.<br><em>Observa\u00e7\u00e3o:<\/em> cada edital gera tamb\u00e9m uma not\u00edcia e um card, sendo essencial o envio completo das informa\u00e7\u00f5es no primeiro contato.<\/p><\/li><\/ul><p><strong>2. Divulga\u00e7\u00e3o de eventos cient\u00edficos ou culturais<\/strong><\/p><ul><li><p><strong>Com arte pronta:<\/strong> a divulga\u00e7\u00e3o ser\u00e1 feita conforme a chegada, desde que contenha todas as informa\u00e7\u00f5es necess\u00e1rias (data, hor\u00e1rio, local, inscri\u00e7\u00f5es, programa\u00e7\u00e3o etc.).<\/p><\/li><li><p><strong>Sem arte pronta:<\/strong> o pedido deve ser enviado com <strong>cinco dias \u00fateis de anteced\u00eancia<\/strong> para elabora\u00e7\u00e3o do material.<\/p><\/li><\/ul><p><strong>3. Apoio a eventos<\/strong><\/p><ul><li><p>As solicita\u00e7\u00f5es devem ser feitas com <strong>cinco dias \u00fateis de anteced\u00eancia<\/strong>, permitindo o planejamento da equipe e o alinhamento das demandas.<\/p><\/li><\/ul><p><strong>4. Divulga\u00e7\u00e3o de vagas para bolsistas<\/strong><\/p><ul><li><p>As divulga\u00e7\u00f5es seguir\u00e3o um <strong>padr\u00e3o visual \u00fanico<\/strong>, visando \u00e0 uniformidade. O envio deve conter todas as informa\u00e7\u00f5es (edital, requisitos, prazos etc.).<\/p><\/li><\/ul><p><strong>5. Demandas urgentes<\/strong><\/p><ul><li><p>Casos excepcionais ser\u00e3o avaliados diretamente pela equipe da SUCOM\/CE.<\/p><br><\/li><li><p><span>Esses ajustes s\u00e3o fundamentais para que a Subdivis\u00e3o mantenha o compromisso com a <\/span><strong>qualidade, clareza e agilidade na comunica\u00e7\u00e3o institucional do Centro de Educa\u00e7\u00e3o da UFSM<\/strong><span>, mesmo diante de limita\u00e7\u00f5es estruturais.<\/span><span><\/span><\/p><\/li><\/ul><\/h2>\t\t<\/div>\n\t\t\t\t<\/div>\n\t\t\t\t\t<\/div>\n\t\t<\/div>\n\t\t\t\t\t<\/div>\n\t\t<\/section>\n\t\t\t\t<\/div>\n\t\t","protected":false},"excerpt":{"rendered":"<p>A Subdivis\u00e3o de Comunica\u00e7\u00e3o\/CE \u00e9 respons\u00e1vel por planejar e executar a pol\u00edtica de comunica\u00e7\u00e3o da Unidade, sistematizar e articular a\u00e7\u00f5es de comunica\u00e7\u00e3o e informa\u00e7\u00e3o interna e externa, gerenciar o website e as p\u00e1ginas nas redes sociais do CE, elaborar materiais informativos e campanhas institucionais, prestar suporte t\u00e9cnico \u00e0s formaturas e auxiliar na divulga\u00e7\u00e3o e transmiss\u00e3o [&hellip;]<\/p>\n","protected":false},"author":4568,"featured_media":0,"parent":6399,"menu_order":0,"comment_status":"closed","ping_status":"closed","template":"","meta":{"footnotes":""},"categories":[],"tags":[],"class_list":["post-6493","page","type-page","status-publish","hentry"],"acf":[],"_links":{"self":[{"href":"https:\/\/www.ufsm.br\/unidades-universitarias\/ce\/wp-json\/wp\/v2\/pages\/6493","targetHints":{"allow":["GET"]}}],"collection":[{"href":"https:\/\/www.ufsm.br\/unidades-universitarias\/ce\/wp-json\/wp\/v2\/pages"}],"about":[{"href":"https:\/\/www.ufsm.br\/unidades-universitarias\/ce\/wp-json\/wp\/v2\/types\/page"}],"author":[{"embeddable":true,"href":"https:\/\/www.ufsm.br\/unidades-universitarias\/ce\/wp-json\/wp\/v2\/users\/4568"}],"replies":[{"embeddable":true,"href":"https:\/\/www.ufsm.br\/unidades-universitarias\/ce\/wp-json\/wp\/v2\/comments?post=6493"}],"version-history":[{"count":0,"href":"https:\/\/www.ufsm.br\/unidades-universitarias\/ce\/wp-json\/wp\/v2\/pages\/6493\/revisions"}],"up":[{"embeddable":true,"href":"https:\/\/www.ufsm.br\/unidades-universitarias\/ce\/wp-json\/wp\/v2\/pages\/6399"}],"wp:attachment":[{"href":"https:\/\/www.ufsm.br\/unidades-universitarias\/ce\/wp-json\/wp\/v2\/media?parent=6493"}],"wp:term":[{"taxonomy":"category","embeddable":true,"href":"https:\/\/www.ufsm.br\/unidades-universitarias\/ce\/wp-json\/wp\/v2\/categories?post=6493"},{"taxonomy":"post_tag","embeddable":true,"href":"https:\/\/www.ufsm.br\/unidades-universitarias\/ce\/wp-json\/wp\/v2\/tags?post=6493"}],"curies":[{"name":"wp","href":"https:\/\/api.w.org\/{rel}","templated":true}]}}