{"id":6607,"date":"2023-02-07T13:30:23","date_gmt":"2023-02-07T16:30:23","guid":{"rendered":"https:\/\/www.ufsm.br\/unidades-universitarias\/ce\/?page_id=6607"},"modified":"2023-08-22T18:04:07","modified_gmt":"2023-08-22T21:04:07","slug":"planejamento-2022","status":"publish","type":"page","link":"https:\/\/www.ufsm.br\/unidades-universitarias\/ce\/planejamento-2022","title":{"rendered":"Planejamento 2022"},"content":{"rendered":"\t\t<div data-elementor-type=\"wp-page\" data-elementor-id=\"6607\" class=\"elementor elementor-6607\">\n\t\t\t\t\t\t<section class=\"elementor-section elementor-top-section elementor-element elementor-element-6b8cd8c elementor-section-boxed elementor-section-height-default elementor-section-height-default\" data-id=\"6b8cd8c\" data-element_type=\"section\">\n\t\t\t\t\t\t<div class=\"elementor-container elementor-column-gap-default\">\n\t\t\t\t\t<div class=\"elementor-column elementor-col-25 elementor-top-column elementor-element elementor-element-09f1808\" data-id=\"09f1808\" data-element_type=\"column\">\n\t\t\t<div class=\"elementor-widget-wrap elementor-element-populated\">\n\t\t\t\t\t\t<div class=\"elementor-element elementor-element-38073db elementor-widget elementor-widget-text-editor\" data-id=\"38073db\" data-element_type=\"widget\" data-widget_type=\"text-editor.default\">\n\t\t\t\t<div class=\"elementor-widget-container\">\n\t\t\t\t\t\t\t<table style=\"width: 100%;border-collapse: collapse;border-color: #9374F4\">\n<tbody>\n<tr style=\"border-color: #9819C0\">\n<td style=\"width: 100%;border-color: #9374f4;border-style: solid;text-align: center\"><span style=\"color: #21376b\"><strong>Departamentos<\/strong><\/span><\/td>\n<\/tr>\n<tr style=\"border-color: #9374F4\">\n<td style=\"width: 100%;border-color: #9374f4;text-align: center\"><a href=\"https:\/\/docs.google.com\/spreadsheets\/d\/1hCziO3na2VyLmrFTMEWcIxcj99U7PyIRZR73LgmHzdE\/edit#gid=1400141584\" target=\"_blank\" rel=\"noopener\"><span style=\"color: #9819c0\">Dire\u00e7\u00e3o<\/span><\/a><\/td>\n<\/tr>\n<tr>\n<td style=\"width: 100%;border-color: #9374f4;text-align: center\"><a href=\"https:\/\/docs.google.com\/spreadsheets\/d\/19UdOsD8q7wZeSlUZGth3ZysMZfTYC89lTJr_88diRCA\/edit#gid=1400141584\" target=\"_blank\" rel=\"noopener\"><span style=\"color: #9819c0\">TAEs\u00a0<\/span><\/a><\/td>\n<\/tr>\n<tr>\n<td style=\"width: 100%;border-color: #9374f4;text-align: center\"><a href=\"https:\/\/docs.google.com\/spreadsheets\/d\/1lZGxZiWj097HWPNCzfZHwtowJvfgnENPPR1eyX3uzk0\/edit#gid=1400141584\" target=\"_blank\" rel=\"noopener\"><span style=\"color: #9819c0\">ADE\u00a0<\/span><\/a><\/td>\n<\/tr>\n<tr>\n<td style=\"width: 100%;border-color: #9374f4;text-align: center\"><a href=\"https:\/\/docs.google.com\/spreadsheets\/d\/10Mk6bURN3rLRBNIdJmQG-d2biJWKoyquP0gWFDEBdkc\/edit#gid=1400141584\" target=\"_blank\" rel=\"noopener\"><span style=\"color: #9819c0\">EDE\u00a0<\/span><\/a><\/td>\n<\/tr>\n<tr>\n<td style=\"width: 100%;border-color: #9374f4;text-align: center\"><a href=\"https:\/\/docs.google.com\/spreadsheets\/d\/1d-zab2j361CC07M1rpDxSXOVOMMFFvjoX_sv_CrNOmU\/edit#gid=1400141584\" target=\"_blank\" rel=\"noopener\"><span style=\"color: #9819c0\"> FUE<\/span><\/a><\/td>\n<\/tr>\n<tr>\n<td style=\"width: 100%;border-color: #9374f4;text-align: center\"><a href=\"https:\/\/docs.google.com\/spreadsheets\/d\/1IMWpzuLkOKKRmCXk8ob_POllQVmJLRPgpl1eN7juUj0\/edit#gid=1400141584\" target=\"_blank\" rel=\"noopener\"><span style=\"color: #9819c0\"> MEN<\/span><\/a><\/td>\n<\/tr>\n<\/tbody>\n<\/table>\t\t\t\t\t\t<\/div>\n\t\t\t\t<\/div>\n\t\t\t\t\t<\/div>\n\t\t<\/div>\n\t\t\t\t<div class=\"elementor-column elementor-col-25 elementor-top-column elementor-element elementor-element-b42ffdf\" data-id=\"b42ffdf\" data-element_type=\"column\">\n\t\t\t<div class=\"elementor-widget-wrap elementor-element-populated\">\n\t\t\t\t\t\t<div class=\"elementor-element elementor-element-055fc55 elementor-widget elementor-widget-text-editor\" data-id=\"055fc55\" data-element_type=\"widget\" data-widget_type=\"text-editor.default\">\n\t\t\t\t<div class=\"elementor-widget-container\">\n\t\t\t\t\t\t\t<table style=\"width: 100%;border-collapse: collapse;border-color: #9374F4\">\n<tbody>\n<tr style=\"border-color: #9819C0\">\n<td style=\"width: 100%;border-color: #9374f4;text-align: center\"><span style=\"color: #21376b\"><strong>Gradua\u00e7\u00e3o<\/strong><\/span><\/td>\n<\/tr>\n<tr style=\"border-color: #9374F4\">\n<td style=\"width: 100%;border-color: #9374f4;text-align: center\"><a href=\"https:\/\/docs.google.com\/spreadsheets\/d\/1UW2AuwrFhbvXv6l5y8kK193CB9XL-Ap32vHoqcGBdCU\/edit#gid=0\" target=\"_blank\" rel=\"noopener\"><span style=\"color: #9819c0\">Ed. Especial Diurno<\/span><\/a><\/td>\n<\/tr>\n<tr>\n<td style=\"width: 100%;border-color: #9374f4;text-align: center\"><a href=\"https:\/\/docs.google.com\/spreadsheets\/d\/1ecC7tNwSK5aODdU6PR6Pmon_jlSQtI5BEwaHOhAcVjQ\/edit#gid=1400141584\" target=\"_blank\" rel=\"noopener\"><span style=\"color: #9819c0\">Ed. Especial Noturno<br \/><\/span><\/a><\/td>\n<\/tr>\n<tr>\n<td style=\"width: 100%;border-color: #9374f4;text-align: center\"><a href=\"https:\/\/docs.google.com\/spreadsheets\/d\/1e4qgoWv-18cPOC63517skDFjZXURkMDIOVSQOmxnVls\/edit#gid=1400141584\" target=\"_blank\" rel=\"noopener\"><span style=\"color: #9819c0\">Pedagogia Diurno<\/span><\/a><\/td>\n<\/tr>\n<tr>\n<td style=\"width: 100%;border-color: #9374f4;text-align: center\"><a href=\"https:\/\/docs.google.com\/spreadsheets\/d\/1QuHXq5d9OGpGQvXix16skIh-4mmy-RLEdcswDnGsnqk\/edit#gid=1400141584\" target=\"_blank\" rel=\"noopener\"><span style=\"color: #9819c0\">Pedagogia Noturno<\/span><\/a><\/td>\n<\/tr>\n<tr>\n<td style=\"width: 100%;border-color: #9374f4;text-align: center\"><a href=\"https:\/\/docs.google.com\/spreadsheets\/d\/1Sw6HuOyio_UBAbXntkvDT3fjGeksay63V9YT6cIhdKM\/edit#gid=1400141584\" target=\"_blank\" rel=\"noopener\"><span style=\"color: #9819c0\">PEG<\/span><\/a><\/td>\n<\/tr>\n<\/tbody>\n<\/table>\t\t\t\t\t\t<\/div>\n\t\t\t\t<\/div>\n\t\t\t\t\t<\/div>\n\t\t<\/div>\n\t\t\t\t<div class=\"elementor-column elementor-col-25 elementor-top-column elementor-element elementor-element-865a789\" data-id=\"865a789\" data-element_type=\"column\">\n\t\t\t<div class=\"elementor-widget-wrap elementor-element-populated\">\n\t\t\t\t\t\t<div class=\"elementor-element elementor-element-8ef4a7c elementor-widget elementor-widget-text-editor\" data-id=\"8ef4a7c\" data-element_type=\"widget\" data-widget_type=\"text-editor.default\">\n\t\t\t\t<div class=\"elementor-widget-container\">\n\t\t\t\t\t\t\t<table style=\"width: 100%;border-collapse: collapse;border-color: #9374f4;height: 154px\">\n<tbody>\n<tr style=\"border-color: #9819C0\">\n<td style=\"width: 100%;border-color: #9374f4;text-align: center;height: 24px\"><span style=\"color: #21376b\"><strong>P\u00f3s-Gradua\u00e7\u00e3o<\/strong><\/span><\/td>\n<\/tr>\n<tr style=\"border-color: #9374F4\">\n<td style=\"width: 100%;border-color: #9374f4;text-align: center;height: 24px\"><a href=\"https:\/\/docs.google.com\/spreadsheets\/d\/1bop3xzGeqr2lbKJMtpXDE5rQmO89Dpq2keE0Dr8FA6E\/edit#gid=1400141584\" target=\"_blank\" rel=\"noopener\"><span style=\"color: #9819c0\">PPGE<\/span><\/a><\/td>\n<\/tr>\n<tr style=\"height: 24px\">\n<td style=\"width: 100%;border-color: #9374f4;text-align: center;height: 24px\"><a href=\"https:\/\/docs.google.com\/spreadsheets\/d\/133Otmd99Mxr1T9ZtTevYcUK29a4k0RRkCCRuCiYGMjQ\/edit#gid=1400141584\" target=\"_blank\" rel=\"noopener\"><span style=\"color: #9819c0\">PPGTER<\/span><\/a><\/td>\n<\/tr>\n<tr style=\"height: 24px\">\n<td style=\"width: 100%;border-color: #9374f4;text-align: center;height: 24px\"><a href=\"https:\/\/docs.google.com\/spreadsheets\/d\/1j9plRNXnTMwyEUu12El1ye35btRUMZofOVRQwG8MCW0\/edit#gid=1400141584\" target=\"_blank\" rel=\"noopener\"><span style=\"color: #9819c0\">PPPG<\/span><\/a><\/td>\n<\/tr>\n<tr style=\"height: 24px\">\n<td style=\"width: 100%;border-color: #9374f4;text-align: center;height: 24px\"><a href=\"https:\/\/docs.google.com\/spreadsheets\/d\/1eovGiu7ZMhUAVTK38J42F2bL_iJv37p1EpyW9HTmqxg\/edit#gid=1400141584\" target=\"_blank\" rel=\"noopener\"><span style=\"color: #9819c0\">PROF HIST\u00d3RIA<\/span><\/a><\/td>\n<\/tr>\n<\/tbody>\n<\/table>\t\t\t\t\t\t<\/div>\n\t\t\t\t<\/div>\n\t\t\t\t\t<\/div>\n\t\t<\/div>\n\t\t\t\t<div class=\"elementor-column elementor-col-25 elementor-top-column elementor-element elementor-element-0c00cd3\" data-id=\"0c00cd3\" data-element_type=\"column\">\n\t\t\t<div class=\"elementor-widget-wrap elementor-element-populated\">\n\t\t\t\t\t\t<div class=\"elementor-element elementor-element-a17f15a elementor-widget elementor-widget-text-editor\" data-id=\"a17f15a\" data-element_type=\"widget\" data-widget_type=\"text-editor.default\">\n\t\t\t\t<div class=\"elementor-widget-container\">\n\t\t\t\t\t\t\t<table style=\"width: 100%;border-collapse: collapse;border-color: #9374F4\">\n<tbody>\n<tr style=\"border-color: #9819C0\">\n<td style=\"width: 100%;border-color: #9374f4;text-align: center\"><span style=\"color: #21376b\"><strong>Subunidades<\/strong><\/span><\/td>\n<\/tr>\n<tr style=\"border-color: #9374F4\">\n<td style=\"width: 100%;border-color: #9374f4;text-align: center\"><a href=\"https:\/\/docs.google.com\/spreadsheets\/d\/1DxZh795hJC9EnmPKJnWo8qi2xqcQ0ibMjji3QAwo7c8\/edit#gid=1400141584\" target=\"_blank\" rel=\"noopener\"><span style=\"color: #9819c0\">BIBLIOTECA<\/span><\/a><\/td>\n<\/tr>\n<tr>\n<td style=\"width: 100%;border-color: #9374f4;text-align: center\"><a href=\"https:\/\/docs.google.com\/spreadsheets\/d\/1JvKwQYU-ww43IRU-W71JLnlATn1952p5ovWjPBFW0Gw\/edit#gid=1400141584\" target=\"_blank\" rel=\"noopener\"><span style=\"color: #9819c0\">GAP<\/span><\/a><\/td>\n<\/tr>\n<tr>\n<td style=\"width: 100%;border-color: #9374f4;text-align: center\"><a href=\"https:\/\/docs.google.com\/spreadsheets\/d\/1n6p7WZD6olWOW_ESCUzX-i3YnHkERl82E6UcCkCXqnM\/edit#gid=1400141584\" target=\"_blank\" rel=\"noopener\"><span style=\"color: #9819c0\">LAMEN<\/span><\/a><\/td>\n<\/tr>\n<tr>\n<td style=\"width: 100%;border-color: #9374f4;text-align: center\"><a href=\"https:\/\/docs.google.com\/spreadsheets\/d\/1CH8U4fFMv5BPUCp2_gWJLCb6KnQMc6Sc-nidqOO7kWI\/edit#gid=1400141584\" target=\"_blank\" rel=\"noopener\"><span style=\"color: #9819c0\">NIEPE<\/span><\/a><\/td>\n<\/tr>\n<tr>\n<td style=\"width: 100%;border-color: #9374f4;text-align: center\"><a href=\"https:\/\/docs.google.com\/spreadsheets\/d\/164u-qHODsOkioPTThXoQVr80VwuyGqS0Qs-jkscvVTk\/edit#gid=1400141584\" target=\"_blank\" rel=\"noopener\"><span style=\"color: #9819c0\">UAP<\/span><\/a><\/td>\n<\/tr>\n<tr>\n<td style=\"width: 100%;border-color: #9374f4;text-align: center\"><a href=\"https:\/\/docs.google.com\/spreadsheets\/d\/1Xi8oEvfajej3D3GmL3UF72kaqx-MvSr7V8mIyOKtRdw\/edit#gid=1400141584\" target=\"_blank\" rel=\"noopener\"><span style=\"color: #9819c0\">UNITI-LINCE<\/span><\/a><\/td>\n<\/tr>\n<\/tbody>\n<\/table>\t\t\t\t\t\t<\/div>\n\t\t\t\t<\/div>\n\t\t\t\t\t<\/div>\n\t\t<\/div>\n\t\t\t\t\t<\/div>\n\t\t<\/section>\n\t\t\t\t<section class=\"elementor-section elementor-top-section elementor-element elementor-element-a13247f elementor-section-boxed elementor-section-height-default elementor-section-height-default\" data-id=\"a13247f\" data-element_type=\"section\">\n\t\t\t\t\t\t<div class=\"elementor-container elementor-column-gap-default\">\n\t\t\t\t\t<div class=\"elementor-column elementor-col-100 elementor-top-column elementor-element elementor-element-ef7ae96\" data-id=\"ef7ae96\" data-element_type=\"column\">\n\t\t\t<div class=\"elementor-widget-wrap elementor-element-populated\">\n\t\t\t\t\t\t<div class=\"elementor-element elementor-element-65ee76d elementor-widget elementor-widget-spacer\" data-id=\"65ee76d\" data-element_type=\"widget\" data-widget_type=\"spacer.default\">\n\t\t\t\t<div class=\"elementor-widget-container\">\n\t\t\t\t\t<div class=\"elementor-spacer\">\n\t\t\t<div class=\"elementor-spacer-inner\"><\/div>\n\t\t<\/div>\n\t\t\t\t<\/div>\n\t\t\t\t<\/div>\n\t\t\t\t\t<\/div>\n\t\t<\/div>\n\t\t\t\t\t<\/div>\n\t\t<\/section>\n\t\t\t\t<section class=\"elementor-section elementor-top-section elementor-element elementor-element-1479da5 elementor-section-boxed elementor-section-height-default elementor-section-height-default\" data-id=\"1479da5\" data-element_type=\"section\">\n\t\t\t\t\t\t<div class=\"elementor-container elementor-column-gap-default\">\n\t\t\t\t\t<div class=\"elementor-column elementor-col-100 elementor-top-column elementor-element elementor-element-3fec1e9\" data-id=\"3fec1e9\" data-element_type=\"column\">\n\t\t\t<div class=\"elementor-widget-wrap elementor-element-populated\">\n\t\t\t\t\t\t<div class=\"elementor-element elementor-element-43f2214 elementor-absolute e-transform elementor-widget elementor-widget-text-path\" data-id=\"43f2214\" data-element_type=\"widget\" data-settings=\"{&quot;text&quot;:&quot;Voltar&quot;,&quot;link&quot;:{&quot;url&quot;:&quot;https:\\\/\\\/www.ufsm.br\\\/unidades-universitarias\\\/ce\\\/nucleos\\\/necor&quot;,&quot;is_external&quot;:&quot;&quot;,&quot;nofollow&quot;:&quot;&quot;,&quot;custom_attributes&quot;:&quot;&quot;},&quot;start_point&quot;:{&quot;unit&quot;:&quot;%&quot;,&quot;size&quot;:&quot;36&quot;,&quot;sizes&quot;:[]},&quot;_position&quot;:&quot;absolute&quot;,&quot;_transform_skewX_effect&quot;:{&quot;unit&quot;:&quot;px&quot;,&quot;size&quot;:&quot;0&quot;,&quot;sizes&quot;:[]},&quot;align&quot;:&quot;center&quot;,&quot;_transform_skewX_effect_widescreen&quot;:{&quot;unit&quot;:&quot;deg&quot;,&quot;size&quot;:&quot;&quot;,&quot;sizes&quot;:[]},&quot;_transform_skewX_effect_laptop&quot;:{&quot;unit&quot;:&quot;deg&quot;,&quot;size&quot;:&quot;&quot;,&quot;sizes&quot;:[]},&quot;_transform_skewX_effect_tablet_extra&quot;:{&quot;unit&quot;:&quot;deg&quot;,&quot;size&quot;:&quot;&quot;,&quot;sizes&quot;:[]},&quot;_transform_skewX_effect_tablet&quot;:{&quot;unit&quot;:&quot;deg&quot;,&quot;size&quot;:&quot;&quot;,&quot;sizes&quot;:[]},&quot;_transform_skewX_effect_mobile&quot;:{&quot;unit&quot;:&quot;deg&quot;,&quot;size&quot;:&quot;&quot;,&quot;sizes&quot;:[]},&quot;_transform_skewY_effect&quot;:{&quot;unit&quot;:&quot;px&quot;,&quot;size&quot;:&quot;&quot;,&quot;sizes&quot;:[]},&quot;_transform_skewY_effect_widescreen&quot;:{&quot;unit&quot;:&quot;deg&quot;,&quot;size&quot;:&quot;&quot;,&quot;sizes&quot;:[]},&quot;_transform_skewY_effect_laptop&quot;:{&quot;unit&quot;:&quot;deg&quot;,&quot;size&quot;:&quot;&quot;,&quot;sizes&quot;:[]},&quot;_transform_skewY_effect_tablet_extra&quot;:{&quot;unit&quot;:&quot;deg&quot;,&quot;size&quot;:&quot;&quot;,&quot;sizes&quot;:[]},&quot;_transform_skewY_effect_tablet&quot;:{&quot;unit&quot;:&quot;deg&quot;,&quot;size&quot;:&quot;&quot;,&quot;sizes&quot;:[]},&quot;_transform_skewY_effect_mobile&quot;:{&quot;unit&quot;:&quot;deg&quot;,&quot;size&quot;:&quot;&quot;,&quot;sizes&quot;:[]}}\" data-widget_type=\"text-path.default\">\n\t\t\t\t<div class=\"elementor-widget-container\">\n\t\t\t\t\t<div class=\"e-text-path\" data-text=\"Voltar\" data-url=\"\/\/www.ufsm.br\/app\/plugins\/elementor\/assets\/svg-paths\/line.svg\" data-link-url=\"https:\/\/www.ufsm.br\/unidades-universitarias\/ce\/nucleos\/necor\"><\/div>\n\t\t\t\t<\/div>\n\t\t\t\t<\/div>\n\t\t\t\t\t<\/div>\n\t\t<\/div>\n\t\t\t\t\t<\/div>\n\t\t<\/section>\n\t\t\t\t<section class=\"elementor-section elementor-top-section elementor-element elementor-element-604b4a1 elementor-section-boxed elementor-section-height-default elementor-section-height-default\" data-id=\"604b4a1\" data-element_type=\"section\">\n\t\t\t\t\t\t<div class=\"elementor-container elementor-column-gap-default\">\n\t\t\t\t\t<div class=\"elementor-column elementor-col-20 elementor-top-column elementor-element elementor-element-4d3b584\" data-id=\"4d3b584\" data-element_type=\"column\">\n\t\t\t<div class=\"elementor-widget-wrap\">\n\t\t\t\t\t\t\t<\/div>\n\t\t<\/div>\n\t\t\t\t<div class=\"elementor-column elementor-col-20 elementor-top-column elementor-element elementor-element-72edd4d\" data-id=\"72edd4d\" data-element_type=\"column\">\n\t\t\t<div class=\"elementor-widget-wrap\">\n\t\t\t\t\t\t\t<\/div>\n\t\t<\/div>\n\t\t\t\t<div class=\"elementor-column elementor-col-20 elementor-top-column elementor-element elementor-element-7a9bee1\" data-id=\"7a9bee1\" data-element_type=\"column\">\n\t\t\t<div class=\"elementor-widget-wrap elementor-element-populated\">\n\t\t\t\t\t\t<div class=\"elementor-element elementor-element-bc5c8b8 elementor-absolute e-transform e-transform elementor-widget elementor-widget-text-path\" data-id=\"bc5c8b8\" data-element_type=\"widget\" data-settings=\"{&quot;text&quot;:&quot;Voltar&quot;,&quot;link&quot;:{&quot;url&quot;:&quot;https:\\\/\\\/www.ufsm.br\\\/unidades-universitarias\\\/ce\\\/nucleos\\\/necor\\\/orcamento-do-ce&quot;,&quot;is_external&quot;:&quot;&quot;,&quot;nofollow&quot;:&quot;&quot;,&quot;custom_attributes&quot;:&quot;&quot;},&quot;start_point&quot;:{&quot;unit&quot;:&quot;%&quot;,&quot;size&quot;:&quot;32&quot;,&quot;sizes&quot;:[]},&quot;_position&quot;:&quot;absolute&quot;,&quot;_transform_skewX_effect&quot;:{&quot;unit&quot;:&quot;px&quot;,&quot;size&quot;:&quot;0&quot;,&quot;sizes&quot;:[]},&quot;align&quot;:&quot;center&quot;,&quot;_transform_scale_effect&quot;:{&quot;unit&quot;:&quot;px&quot;,&quot;size&quot;:&quot;0.8&quot;,&quot;sizes&quot;:[]},&quot;_transform_scale_effect_widescreen&quot;:{&quot;unit&quot;:&quot;px&quot;,&quot;size&quot;:&quot;&quot;,&quot;sizes&quot;:[]},&quot;_transform_scale_effect_laptop&quot;:{&quot;unit&quot;:&quot;px&quot;,&quot;size&quot;:&quot;&quot;,&quot;sizes&quot;:[]},&quot;_transform_scale_effect_tablet_extra&quot;:{&quot;unit&quot;:&quot;px&quot;,&quot;size&quot;:&quot;&quot;,&quot;sizes&quot;:[]},&quot;_transform_scale_effect_tablet&quot;:{&quot;unit&quot;:&quot;px&quot;,&quot;size&quot;:&quot;&quot;,&quot;sizes&quot;:[]},&quot;_transform_scale_effect_mobile&quot;:{&quot;unit&quot;:&quot;px&quot;,&quot;size&quot;:&quot;&quot;,&quot;sizes&quot;:[]},&quot;_transform_skewX_effect_widescreen&quot;:{&quot;unit&quot;:&quot;deg&quot;,&quot;size&quot;:&quot;&quot;,&quot;sizes&quot;:[]},&quot;_transform_skewX_effect_laptop&quot;:{&quot;unit&quot;:&quot;deg&quot;,&quot;size&quot;:&quot;&quot;,&quot;sizes&quot;:[]},&quot;_transform_skewX_effect_tablet_extra&quot;:{&quot;unit&quot;:&quot;deg&quot;,&quot;size&quot;:&quot;&quot;,&quot;sizes&quot;:[]},&quot;_transform_skewX_effect_tablet&quot;:{&quot;unit&quot;:&quot;deg&quot;,&quot;size&quot;:&quot;&quot;,&quot;sizes&quot;:[]},&quot;_transform_skewX_effect_mobile&quot;:{&quot;unit&quot;:&quot;deg&quot;,&quot;size&quot;:&quot;&quot;,&quot;sizes&quot;:[]},&quot;_transform_skewY_effect&quot;:{&quot;unit&quot;:&quot;px&quot;,&quot;size&quot;:&quot;&quot;,&quot;sizes&quot;:[]},&quot;_transform_skewY_effect_widescreen&quot;:{&quot;unit&quot;:&quot;deg&quot;,&quot;size&quot;:&quot;&quot;,&quot;sizes&quot;:[]},&quot;_transform_skewY_effect_laptop&quot;:{&quot;unit&quot;:&quot;deg&quot;,&quot;size&quot;:&quot;&quot;,&quot;sizes&quot;:[]},&quot;_transform_skewY_effect_tablet_extra&quot;:{&quot;unit&quot;:&quot;deg&quot;,&quot;size&quot;:&quot;&quot;,&quot;sizes&quot;:[]},&quot;_transform_skewY_effect_tablet&quot;:{&quot;unit&quot;:&quot;deg&quot;,&quot;size&quot;:&quot;&quot;,&quot;sizes&quot;:[]},&quot;_transform_skewY_effect_mobile&quot;:{&quot;unit&quot;:&quot;deg&quot;,&quot;size&quot;:&quot;&quot;,&quot;sizes&quot;:[]}}\" data-widget_type=\"text-path.default\">\n\t\t\t\t<div class=\"elementor-widget-container\">\n\t\t\t\t\t<div class=\"e-text-path\" data-text=\"Voltar\" data-url=\"\/\/www.ufsm.br\/app\/plugins\/elementor\/assets\/svg-paths\/line.svg\" data-link-url=\"https:\/\/www.ufsm.br\/unidades-universitarias\/ce\/nucleos\/necor\/orcamento-do-ce\"><\/div>\n\t\t\t\t<\/div>\n\t\t\t\t<\/div>\n\t\t\t\t\t<\/div>\n\t\t<\/div>\n\t\t\t\t<div class=\"elementor-column elementor-col-20 elementor-top-column elementor-element elementor-element-1c0b66d\" data-id=\"1c0b66d\" data-element_type=\"column\">\n\t\t\t<div class=\"elementor-widget-wrap\">\n\t\t\t\t\t\t\t<\/div>\n\t\t<\/div>\n\t\t\t\t<div class=\"elementor-column elementor-col-20 elementor-top-column elementor-element elementor-element-979c80c\" data-id=\"979c80c\" data-element_type=\"column\">\n\t\t\t<div class=\"elementor-widget-wrap\">\n\t\t\t\t\t\t\t<\/div>\n\t\t<\/div>\n\t\t\t\t\t<\/div>\n\t\t<\/section>\n\t\t\t\t<\/div>\n\t\t","protected":false},"excerpt":{"rendered":"<p>Departamentos Dire\u00e7\u00e3o TAEs\u00a0 ADE\u00a0 EDE\u00a0 FUE MEN Gradua\u00e7\u00e3o Ed. Especial Diurno Ed. Especial Noturno Pedagogia Diurno Pedagogia Noturno PEG P\u00f3s-Gradua\u00e7\u00e3o PPGE PPGTER PPPG PROF HIST\u00d3RIA Subunidades BIBLIOTECA GAP LAMEN NIEPE UAP UNITI-LINCE<\/p>\n","protected":false},"author":477,"featured_media":0,"parent":0,"menu_order":0,"comment_status":"closed","ping_status":"closed","template":"","meta":{"footnotes":""},"categories":[],"tags":[],"class_list":["post-6607","page","type-page","status-publish","hentry"],"acf":[],"_links":{"self":[{"href":"https:\/\/www.ufsm.br\/unidades-universitarias\/ce\/wp-json\/wp\/v2\/pages\/6607","targetHints":{"allow":["GET"]}}],"collection":[{"href":"https:\/\/www.ufsm.br\/unidades-universitarias\/ce\/wp-json\/wp\/v2\/pages"}],"about":[{"href":"https:\/\/www.ufsm.br\/unidades-universitarias\/ce\/wp-json\/wp\/v2\/types\/page"}],"author":[{"embeddable":true,"href":"https:\/\/www.ufsm.br\/unidades-universitarias\/ce\/wp-json\/wp\/v2\/users\/477"}],"replies":[{"embeddable":true,"href":"https:\/\/www.ufsm.br\/unidades-universitarias\/ce\/wp-json\/wp\/v2\/comments?post=6607"}],"version-history":[{"count":0,"href":"https:\/\/www.ufsm.br\/unidades-universitarias\/ce\/wp-json\/wp\/v2\/pages\/6607\/revisions"}],"wp:attachment":[{"href":"https:\/\/www.ufsm.br\/unidades-universitarias\/ce\/wp-json\/wp\/v2\/media?parent=6607"}],"wp:term":[{"taxonomy":"category","embeddable":true,"href":"https:\/\/www.ufsm.br\/unidades-universitarias\/ce\/wp-json\/wp\/v2\/categories?post=6607"},{"taxonomy":"post_tag","embeddable":true,"href":"https:\/\/www.ufsm.br\/unidades-universitarias\/ce\/wp-json\/wp\/v2\/tags?post=6607"}],"curies":[{"name":"wp","href":"https:\/\/api.w.org\/{rel}","templated":true}]}}