{"id":669,"date":"2018-06-25T13:35:49","date_gmt":"2018-06-25T16:35:49","guid":{"rendered":"https:\/\/www.ufsm.br\/unidades-universitarias\/ce\/?page_id=669"},"modified":"2024-12-20T21:33:23","modified_gmt":"2024-12-21T00:33:23","slug":"graduacao","status":"publish","type":"page","link":"https:\/\/www.ufsm.br\/unidades-universitarias\/ce\/graduacao","title":{"rendered":"Gradua\u00e7\u00e3o"},"content":{"rendered":"\t\t<div data-elementor-type=\"wp-post\" data-elementor-id=\"669\" class=\"elementor elementor-669\">\n\t\t\t\t\t\t<section class=\"elementor-section elementor-top-section elementor-element elementor-element-6bd6ec3 elementor-section-boxed elementor-section-height-default elementor-section-height-default\" data-id=\"6bd6ec3\" data-element_type=\"section\" data-settings=\"{&quot;background_background&quot;:&quot;gradient&quot;}\">\n\t\t\t\t\t\t<div class=\"elementor-container elementor-column-gap-default\">\n\t\t\t\t\t<div class=\"elementor-column elementor-col-100 elementor-top-column elementor-element elementor-element-00f1ba9\" data-id=\"00f1ba9\" data-element_type=\"column\" data-settings=\"{&quot;background_background&quot;:&quot;classic&quot;}\">\n\t\t\t<div class=\"elementor-widget-wrap elementor-element-populated\">\n\t\t\t\t\t\t<div class=\"elementor-element elementor-element-de281d4 elementor-widget elementor-widget-testimonial\" data-id=\"de281d4\" data-element_type=\"widget\" data-widget_type=\"testimonial.default\">\n\t\t\t\t<div class=\"elementor-widget-container\">\n\t\t\t\t\t<div class=\"elementor-testimonial-wrapper\">\n\t\t\t\n\t\t\t\t\t\t<div class=\"elementor-testimonial-meta elementor-has-image elementor-testimonial-image-position-aside\">\n\t\t\t\t<div class=\"elementor-testimonial-meta-inner\">\n\t\t\t\t\t\t\t\t\t\t\t<div class=\"elementor-testimonial-image\">\n\t\t\t\t\t\t\t<img decoding=\"async\" width=\"150\" height=\"136\" src=\"https:\/\/www.ufsm.br\/app\/uploads\/sites\/373\/2023\/11\/presencial-150x136.png\" class=\"attachment-thumbnail size-thumbnail wp-image-8946\" alt=\"\" \/>\t\t\t\t\t\t<\/div>\n\t\t\t\t\t\n\t\t\t\t\t\t\t\t\t\t<div class=\"elementor-testimonial-details\">\n\t\t\t\t\t\t\t\t\t\t\t\t\t\t<div class=\"elementor-testimonial-name\">Presencial<\/div>\n\t\t\t\t\t\t\t\t\t\t\t\t\t\t\t\t\t\t\t<\/div>\n\t\t\t\t\t\t\t\t\t<\/div>\n\t\t\t<\/div>\n\t\t\t\t\t<\/div>\n\t\t\t\t<\/div>\n\t\t\t\t<\/div>\n\t\t\t\t\t<\/div>\n\t\t<\/div>\n\t\t\t\t\t<\/div>\n\t\t<\/section>\n\t\t\t\t<section class=\"elementor-section elementor-top-section elementor-element elementor-element-6ec73c8 elementor-section-boxed elementor-section-height-default elementor-section-height-default\" data-id=\"6ec73c8\" data-element_type=\"section\" data-settings=\"{&quot;background_background&quot;:&quot;gradient&quot;}\">\n\t\t\t\t\t\t<div class=\"elementor-container elementor-column-gap-default\">\n\t\t\t\t\t<div class=\"elementor-column elementor-col-25 elementor-top-column elementor-element elementor-element-b02e994\" data-id=\"b02e994\" data-element_type=\"column\">\n\t\t\t<div class=\"elementor-widget-wrap elementor-element-populated\">\n\t\t\t\t\t\t<div class=\"elementor-element elementor-element-b9d0aa1 elementor-position-top elementor-widget elementor-widget-image-box\" data-id=\"b9d0aa1\" data-element_type=\"widget\" data-widget_type=\"image-box.default\">\n\t\t\t\t<div class=\"elementor-widget-container\">\n\t\t\t<div class=\"elementor-image-box-wrapper\"><figure class=\"elementor-image-box-img\"><a href=\"https:\/\/www.ufsm.br\/cursos\/graduacao\/santa-maria\/educacao-especial\" tabindex=\"-1\"><img fetchpriority=\"high\" decoding=\"async\" width=\"747\" height=\"724\" src=\"https:\/\/www.ufsm.br\/app\/uploads\/sites\/373\/2023\/12\/EE.png\" class=\"elementor-animation-buzz-out attachment-full size-full wp-image-9179\" alt=\"\" srcset=\"https:\/\/www.ufsm.br\/app\/uploads\/sites\/373\/2023\/12\/EE.png 747w, https:\/\/www.ufsm.br\/app\/uploads\/sites\/373\/2023\/12\/EE-300x291.png 300w\" sizes=\"(max-width: 747px) 100vw, 747px\" \/><\/a><\/figure><div class=\"elementor-image-box-content\"><p class=\"elementor-image-box-description\">Educa\u00e7\u00e3o Especial<\/p><\/div><\/div>\t\t<\/div>\n\t\t\t\t<\/div>\n\t\t\t\t\t<\/div>\n\t\t<\/div>\n\t\t\t\t<div class=\"elementor-column elementor-col-25 elementor-top-column elementor-element elementor-element-974859d\" data-id=\"974859d\" data-element_type=\"column\">\n\t\t\t<div class=\"elementor-widget-wrap elementor-element-populated\">\n\t\t\t\t\t\t<div class=\"elementor-element elementor-element-bdae34b elementor-position-top elementor-widget elementor-widget-image-box\" data-id=\"bdae34b\" data-element_type=\"widget\" data-widget_type=\"image-box.default\">\n\t\t\t\t<div class=\"elementor-widget-container\">\n\t\t\t<div class=\"elementor-image-box-wrapper\"><figure class=\"elementor-image-box-img\"><a href=\"https:\/\/www.ufsm.br\/cursos\/graduacao\/santa-maria\/educacao-especial-inclusiva\" tabindex=\"-1\"><img decoding=\"async\" width=\"747\" height=\"724\" src=\"https:\/\/www.ufsm.br\/app\/uploads\/sites\/373\/2024\/12\/EEI.png\" class=\"elementor-animation-buzz-out attachment-full size-full wp-image-10592\" alt=\"\" srcset=\"https:\/\/www.ufsm.br\/app\/uploads\/sites\/373\/2024\/12\/EEI.png 747w, https:\/\/www.ufsm.br\/app\/uploads\/sites\/373\/2024\/12\/EEI-300x291.png 300w\" sizes=\"(max-width: 747px) 100vw, 747px\" \/><\/a><\/figure><div class=\"elementor-image-box-content\"><p class=\"elementor-image-box-description\">Educa\u00e7\u00e3o Especial Inclusiva<\/p><\/div><\/div>\t\t<\/div>\n\t\t\t\t<\/div>\n\t\t\t\t\t<\/div>\n\t\t<\/div>\n\t\t\t\t<div class=\"elementor-column elementor-col-25 elementor-top-column elementor-element elementor-element-499faca\" data-id=\"499faca\" data-element_type=\"column\">\n\t\t\t<div class=\"elementor-widget-wrap elementor-element-populated\">\n\t\t\t\t\t\t<div class=\"elementor-element elementor-element-964acbe elementor-position-top elementor-widget elementor-widget-image-box\" data-id=\"964acbe\" data-element_type=\"widget\" data-widget_type=\"image-box.default\">\n\t\t\t\t<div class=\"elementor-widget-container\">\n\t\t\t<div class=\"elementor-image-box-wrapper\"><figure class=\"elementor-image-box-img\"><a href=\"https:\/\/www.ufsm.br\/cursos\/graduacao\/santa-maria\/pedagogia\" tabindex=\"-1\"><img loading=\"lazy\" decoding=\"async\" width=\"747\" height=\"724\" src=\"https:\/\/www.ufsm.br\/app\/uploads\/sites\/373\/2023\/12\/Ped.png\" class=\"elementor-animation-push attachment-full size-full wp-image-9180\" alt=\"\" srcset=\"https:\/\/www.ufsm.br\/app\/uploads\/sites\/373\/2023\/12\/Ped.png 747w, https:\/\/www.ufsm.br\/app\/uploads\/sites\/373\/2023\/12\/Ped-300x291.png 300w\" sizes=\"(max-width: 747px) 100vw, 747px\" \/><\/a><\/figure><div class=\"elementor-image-box-content\"><p class=\"elementor-image-box-description\">Pedagogia<\/p><\/div><\/div>\t\t<\/div>\n\t\t\t\t<\/div>\n\t\t\t\t\t<\/div>\n\t\t<\/div>\n\t\t\t\t<div class=\"elementor-column elementor-col-25 elementor-top-column elementor-element elementor-element-f45b9a0\" data-id=\"f45b9a0\" data-element_type=\"column\">\n\t\t\t<div class=\"elementor-widget-wrap elementor-element-populated\">\n\t\t\t\t\t\t<div class=\"elementor-element elementor-element-3fc2b42 elementor-position-top elementor-widget elementor-widget-image-box\" data-id=\"3fc2b42\" data-element_type=\"widget\" data-widget_type=\"image-box.default\">\n\t\t\t\t<div class=\"elementor-widget-container\">\n\t\t\t<div class=\"elementor-image-box-wrapper\"><figure class=\"elementor-image-box-img\"><a href=\"https:\/\/www.ufsm.br\/cursos\/graduacao\/santa-maria\/programa-especial-de-graduacao\" tabindex=\"-1\"><img loading=\"lazy\" decoding=\"async\" width=\"747\" height=\"724\" src=\"https:\/\/www.ufsm.br\/app\/uploads\/sites\/373\/2023\/12\/PEG.png\" class=\"elementor-animation-hang attachment-full size-full wp-image-9181\" alt=\"\" srcset=\"https:\/\/www.ufsm.br\/app\/uploads\/sites\/373\/2023\/12\/PEG.png 747w, https:\/\/www.ufsm.br\/app\/uploads\/sites\/373\/2023\/12\/PEG-300x291.png 300w\" sizes=\"(max-width: 747px) 100vw, 747px\" \/><\/a><\/figure><div class=\"elementor-image-box-content\"><p class=\"elementor-image-box-description\">Programa Especial de Gradua\u00e7\u00e3o<\/p><\/div><\/div>\t\t<\/div>\n\t\t\t\t<\/div>\n\t\t\t\t\t<\/div>\n\t\t<\/div>\n\t\t\t\t\t<\/div>\n\t\t<\/section>\n\t\t\t\t<section class=\"elementor-section elementor-top-section elementor-element elementor-element-5339407 elementor-section-boxed elementor-section-height-default elementor-section-height-default\" data-id=\"5339407\" data-element_type=\"section\" data-settings=\"{&quot;background_background&quot;:&quot;gradient&quot;}\">\n\t\t\t\t\t\t<div class=\"elementor-container elementor-column-gap-default\">\n\t\t\t\t\t<div class=\"elementor-column elementor-col-100 elementor-top-column elementor-element elementor-element-3164545\" data-id=\"3164545\" data-element_type=\"column\">\n\t\t\t<div class=\"elementor-widget-wrap elementor-element-populated\">\n\t\t\t\t\t\t<div class=\"elementor-element elementor-element-f221126 elementor-widget-divider--view-line_icon elementor-widget-divider--separator-type-pattern elementor-view-default elementor-widget-divider--element-align-center elementor-widget elementor-widget-divider\" data-id=\"f221126\" data-element_type=\"widget\" data-widget_type=\"divider.default\">\n\t\t\t\t<div class=\"elementor-widget-container\">\n\t\t\t\t\t<div class=\"elementor-divider\" style=\"--divider-pattern-url: url(&quot;data:image\/svg+xml,%3Csvg xmlns=&#039;http:\/\/www.w3.org\/2000\/svg&#039; preserveAspectRatio=&#039;none&#039; overflow=&#039;visible&#039; height=&#039;100%&#039; viewBox=&#039;0 0 24 24&#039; fill=&#039;none&#039; stroke=&#039;black&#039; stroke-width=&#039;1&#039; stroke-linecap=&#039;square&#039; stroke-miterlimit=&#039;10&#039;%3E%3Cpath d=&#039;M0,6c6,0,0.9,11.1,6.9,11.1S18,6,24,6&#039;\/%3E%3C\/svg%3E&quot;);\">\n\t\t\t<span class=\"elementor-divider-separator\">\n\t\t\t\t\t\t\t<div class=\"elementor-icon elementor-divider__element\">\n\t\t\t\t\t<i aria-hidden=\"true\" class=\"fas fa-star\"><\/i><\/div>\n\t\t\t\t\t\t<\/span>\n\t\t<\/div>\n\t\t\t\t<\/div>\n\t\t\t\t<\/div>\n\t\t\t\t\t<\/div>\n\t\t<\/div>\n\t\t\t\t\t<\/div>\n\t\t<\/section>\n\t\t\t\t<section class=\"elementor-section elementor-top-section elementor-element elementor-element-cb346d7 elementor-section-boxed elementor-section-height-default elementor-section-height-default\" data-id=\"cb346d7\" data-element_type=\"section\" data-settings=\"{&quot;background_background&quot;:&quot;gradient&quot;}\">\n\t\t\t\t\t\t<div class=\"elementor-container elementor-column-gap-default\">\n\t\t\t\t\t<div class=\"elementor-column elementor-col-100 elementor-top-column elementor-element elementor-element-8085e04\" data-id=\"8085e04\" data-element_type=\"column\" data-settings=\"{&quot;background_background&quot;:&quot;classic&quot;}\">\n\t\t\t<div class=\"elementor-widget-wrap elementor-element-populated\">\n\t\t\t\t\t\t<div class=\"elementor-element elementor-element-68d7adc elementor-widget elementor-widget-testimonial\" data-id=\"68d7adc\" data-element_type=\"widget\" data-widget_type=\"testimonial.default\">\n\t\t\t\t<div class=\"elementor-widget-container\">\n\t\t\t\t\t<div class=\"elementor-testimonial-wrapper\">\n\t\t\t\n\t\t\t\t\t\t<div class=\"elementor-testimonial-meta elementor-has-image elementor-testimonial-image-position-aside\">\n\t\t\t\t<div class=\"elementor-testimonial-meta-inner\">\n\t\t\t\t\t\t\t\t\t\t\t<div class=\"elementor-testimonial-image\">\n\t\t\t\t\t\t\t<a href=\"https:\/\/www.ufsm.br\/unidades-universitarias\/ce\/calendario-de-eventos\"><img loading=\"lazy\" decoding=\"async\" width=\"150\" height=\"136\" src=\"https:\/\/www.ufsm.br\/app\/uploads\/sites\/373\/2023\/11\/ead-150x136.png\" class=\"attachment-thumbnail size-thumbnail wp-image-8945\" alt=\"\" \/><\/a>\t\t\t\t\t\t<\/div>\n\t\t\t\t\t\n\t\t\t\t\t\t\t\t\t\t<div class=\"elementor-testimonial-details\">\n\t\t\t\t\t\t\t\t\t\t\t\t\t\t<a class=\"elementor-testimonial-name\" href=\"https:\/\/www.ufsm.br\/unidades-universitarias\/ce\/calendario-de-eventos\">EAD<\/a>\n\t\t\t\t\t\t\t\t\t\t\t\t\t\t\t\t\t\t\t<\/div>\n\t\t\t\t\t\t\t\t\t<\/div>\n\t\t\t<\/div>\n\t\t\t\t\t<\/div>\n\t\t\t\t<\/div>\n\t\t\t\t<\/div>\n\t\t\t\t\t<\/div>\n\t\t<\/div>\n\t\t\t\t\t<\/div>\n\t\t<\/section>\n\t\t\t\t<section class=\"elementor-section elementor-top-section elementor-element elementor-element-09b9105 elementor-section-boxed elementor-section-height-default elementor-section-height-default\" data-id=\"09b9105\" data-element_type=\"section\" data-settings=\"{&quot;background_background&quot;:&quot;gradient&quot;}\">\n\t\t\t\t\t\t<div class=\"elementor-container elementor-column-gap-default\">\n\t\t\t\t\t<div class=\"elementor-column elementor-col-25 elementor-top-column elementor-element elementor-element-4aa6ab8\" data-id=\"4aa6ab8\" data-element_type=\"column\">\n\t\t\t<div class=\"elementor-widget-wrap elementor-element-populated\">\n\t\t\t\t\t\t<div class=\"elementor-element elementor-element-5af545a elementor-position-top elementor-widget elementor-widget-image-box\" data-id=\"5af545a\" data-element_type=\"widget\" data-widget_type=\"image-box.default\">\n\t\t\t\t<div class=\"elementor-widget-container\">\n\t\t\t<div class=\"elementor-image-box-wrapper\"><figure class=\"elementor-image-box-img\"><a href=\"https:\/\/www.ufsm.br\/cursos\/graduacao\/educacao-a-distancia\/ciencias-da-religiao\" tabindex=\"-1\"><img loading=\"lazy\" decoding=\"async\" width=\"747\" height=\"724\" src=\"https:\/\/www.ufsm.br\/app\/uploads\/sites\/373\/2023\/12\/CR-1.png\" class=\"elementor-animation-hang attachment-full size-full wp-image-9183\" alt=\"\" srcset=\"https:\/\/www.ufsm.br\/app\/uploads\/sites\/373\/2023\/12\/CR-1.png 747w, https:\/\/www.ufsm.br\/app\/uploads\/sites\/373\/2023\/12\/CR-1-300x291.png 300w\" sizes=\"(max-width: 747px) 100vw, 747px\" \/><\/a><\/figure><div class=\"elementor-image-box-content\"><p class=\"elementor-image-box-description\">Ci\u00eancias da Religi\u00e3o<\/p><\/div><\/div>\t\t<\/div>\n\t\t\t\t<\/div>\n\t\t\t\t\t<\/div>\n\t\t<\/div>\n\t\t\t\t<div class=\"elementor-column elementor-col-25 elementor-top-column elementor-element elementor-element-711ebcd\" data-id=\"711ebcd\" data-element_type=\"column\">\n\t\t\t<div class=\"elementor-widget-wrap elementor-element-populated\">\n\t\t\t\t\t\t<div class=\"elementor-element elementor-element-569df22 elementor-position-top elementor-widget elementor-widget-image-box\" data-id=\"569df22\" data-element_type=\"widget\" data-widget_type=\"image-box.default\">\n\t\t\t\t<div class=\"elementor-widget-container\">\n\t\t\t<div class=\"elementor-image-box-wrapper\"><figure class=\"elementor-image-box-img\"><a href=\"https:\/\/www.ufsm.br\/cursos\/graduacao\/educacao-a-distancia\/educacao-especial\" tabindex=\"-1\"><img loading=\"lazy\" decoding=\"async\" width=\"747\" height=\"724\" src=\"https:\/\/www.ufsm.br\/app\/uploads\/sites\/373\/2023\/12\/EE.png\" class=\"elementor-animation-hang attachment-full size-full wp-image-9179\" alt=\"\" srcset=\"https:\/\/www.ufsm.br\/app\/uploads\/sites\/373\/2023\/12\/EE.png 747w, https:\/\/www.ufsm.br\/app\/uploads\/sites\/373\/2023\/12\/EE-300x291.png 300w\" sizes=\"(max-width: 747px) 100vw, 747px\" \/><\/a><\/figure><div class=\"elementor-image-box-content\"><p class=\"elementor-image-box-description\">Educa\u00e7\u00e3o Especial<\/p><\/div><\/div>\t\t<\/div>\n\t\t\t\t<\/div>\n\t\t\t\t\t<\/div>\n\t\t<\/div>\n\t\t\t\t<div class=\"elementor-column elementor-col-25 elementor-top-column elementor-element elementor-element-eb4fdbf\" data-id=\"eb4fdbf\" data-element_type=\"column\">\n\t\t\t<div class=\"elementor-widget-wrap elementor-element-populated\">\n\t\t\t\t\t\t<div class=\"elementor-element elementor-element-6348028 elementor-position-top elementor-widget elementor-widget-image-box\" data-id=\"6348028\" data-element_type=\"widget\" data-widget_type=\"image-box.default\">\n\t\t\t\t<div class=\"elementor-widget-container\">\n\t\t\t<div class=\"elementor-image-box-wrapper\"><figure class=\"elementor-image-box-img\"><a href=\"https:\/\/www.ufsm.br\/cursos\/graduacao\/educacao-a-distancia\/pedagogia\" tabindex=\"-1\"><img loading=\"lazy\" decoding=\"async\" width=\"747\" height=\"724\" src=\"https:\/\/www.ufsm.br\/app\/uploads\/sites\/373\/2023\/12\/Ped.png\" class=\"elementor-animation-hang attachment-full size-full wp-image-9180\" alt=\"\" srcset=\"https:\/\/www.ufsm.br\/app\/uploads\/sites\/373\/2023\/12\/Ped.png 747w, https:\/\/www.ufsm.br\/app\/uploads\/sites\/373\/2023\/12\/Ped-300x291.png 300w\" sizes=\"(max-width: 747px) 100vw, 747px\" \/><\/a><\/figure><div class=\"elementor-image-box-content\"><p class=\"elementor-image-box-description\">Pedagogia<\/p><\/div><\/div>\t\t<\/div>\n\t\t\t\t<\/div>\n\t\t\t\t\t<\/div>\n\t\t<\/div>\n\t\t\t\t<div class=\"elementor-column elementor-col-25 elementor-top-column elementor-element elementor-element-5cbba0c\" data-id=\"5cbba0c\" data-element_type=\"column\">\n\t\t\t<div class=\"elementor-widget-wrap elementor-element-populated\">\n\t\t\t\t\t\t<div class=\"elementor-element elementor-element-14004e3 elementor-position-top elementor-widget elementor-widget-image-box\" data-id=\"14004e3\" data-element_type=\"widget\" data-widget_type=\"image-box.default\">\n\t\t\t\t<div class=\"elementor-widget-container\">\n\t\t\t<div class=\"elementor-image-box-wrapper\"><figure class=\"elementor-image-box-img\"><a href=\"https:\/\/www.ufsm.br\/cursos\/graduacao\/educacao-a-distancia\/formacao-de-professores-para-educacao-profissional\" tabindex=\"-1\"><img loading=\"lazy\" decoding=\"async\" width=\"747\" height=\"724\" src=\"https:\/\/www.ufsm.br\/app\/uploads\/sites\/373\/2023\/12\/PEG.png\" class=\"elementor-animation-hang attachment-full size-full wp-image-9181\" alt=\"\" srcset=\"https:\/\/www.ufsm.br\/app\/uploads\/sites\/373\/2023\/12\/PEG.png 747w, https:\/\/www.ufsm.br\/app\/uploads\/sites\/373\/2023\/12\/PEG-300x291.png 300w\" sizes=\"(max-width: 747px) 100vw, 747px\" \/><\/a><\/figure><div class=\"elementor-image-box-content\"><p class=\"elementor-image-box-description\"><span style=\"font-size: 16px\">Programa Especial de Gradua\u00e7\u00e3o<\/span><\/p><\/div><\/div>\t\t<\/div>\n\t\t\t\t<\/div>\n\t\t\t\t\t<\/div>\n\t\t<\/div>\n\t\t\t\t\t<\/div>\n\t\t<\/section>\n\t\t\t\t<\/div>\n\t\t","protected":false},"excerpt":{"rendered":"<p>Presencial Educa\u00e7\u00e3o Especial Educa\u00e7\u00e3o Especial Inclusiva Pedagogia Programa Especial de Gradua\u00e7\u00e3o EAD Ci\u00eancias da Religi\u00e3o Educa\u00e7\u00e3o Especial Pedagogia Programa Especial de Gradua\u00e7\u00e3o<\/p>\n","protected":false},"author":46,"featured_media":0,"parent":0,"menu_order":0,"comment_status":"closed","ping_status":"closed","template":"","meta":{"footnotes":""},"categories":[],"tags":[],"class_list":["post-669","page","type-page","status-publish","hentry"],"acf":[],"_links":{"self":[{"href":"https:\/\/www.ufsm.br\/unidades-universitarias\/ce\/wp-json\/wp\/v2\/pages\/669","targetHints":{"allow":["GET"]}}],"collection":[{"href":"https:\/\/www.ufsm.br\/unidades-universitarias\/ce\/wp-json\/wp\/v2\/pages"}],"about":[{"href":"https:\/\/www.ufsm.br\/unidades-universitarias\/ce\/wp-json\/wp\/v2\/types\/page"}],"author":[{"embeddable":true,"href":"https:\/\/www.ufsm.br\/unidades-universitarias\/ce\/wp-json\/wp\/v2\/users\/46"}],"replies":[{"embeddable":true,"href":"https:\/\/www.ufsm.br\/unidades-universitarias\/ce\/wp-json\/wp\/v2\/comments?post=669"}],"version-history":[{"count":0,"href":"https:\/\/www.ufsm.br\/unidades-universitarias\/ce\/wp-json\/wp\/v2\/pages\/669\/revisions"}],"wp:attachment":[{"href":"https:\/\/www.ufsm.br\/unidades-universitarias\/ce\/wp-json\/wp\/v2\/media?parent=669"}],"wp:term":[{"taxonomy":"category","embeddable":true,"href":"https:\/\/www.ufsm.br\/unidades-universitarias\/ce\/wp-json\/wp\/v2\/categories?post=669"},{"taxonomy":"post_tag","embeddable":true,"href":"https:\/\/www.ufsm.br\/unidades-universitarias\/ce\/wp-json\/wp\/v2\/tags?post=669"}],"curies":[{"name":"wp","href":"https:\/\/api.w.org\/{rel}","templated":true}]}}