{"id":673,"date":"2018-06-25T14:15:32","date_gmt":"2018-06-25T17:15:32","guid":{"rendered":"https:\/\/www.ufsm.br\/unidades-universitarias\/ce\/?page_id=673"},"modified":"2023-11-10T18:58:35","modified_gmt":"2023-11-10T21:58:35","slug":"revistas","status":"publish","type":"page","link":"https:\/\/www.ufsm.br\/unidades-universitarias\/ce\/revistas","title":{"rendered":"Revistas do CE"},"content":{"rendered":"<h2><a href=\"https:\/\/periodicos.ufsm.br\/index.php\/revislav\" target=\"_blank\" rel=\"noopener\"><img fetchpriority=\"high\" decoding=\"async\" class=\"wp-image-6953 aligncenter\" src=\"https:\/\/www.ufsm.br\/app\/uploads\/sites\/373\/2023\/05\/pageHeaderLogoImage_pt_BR.png\" alt=\"\" width=\"551\" height=\"112\" srcset=\"https:\/\/www.ufsm.br\/app\/uploads\/sites\/373\/2023\/05\/pageHeaderLogoImage_pt_BR.png 924w, https:\/\/www.ufsm.br\/app\/uploads\/sites\/373\/2023\/05\/pageHeaderLogoImage_pt_BR-300x61.png 300w, https:\/\/www.ufsm.br\/app\/uploads\/sites\/373\/2023\/05\/pageHeaderLogoImage_pt_BR-768x156.png 768w\" sizes=\"(max-width: 551px) 100vw, 551px\" \/><\/a><\/h2>\n<h2><a>Revista Digital do LAV<\/a><\/h2>\n<p>A\u00a0<strong>Revista Digital do Laborat\u00f3rio de Artes Visuais (UFSM)<\/strong>\u00a0destina-se \u00e0 publica\u00e7\u00e3o de trabalhos in\u00e9ditos e originais na \u00e1rea de Educa\u00e7\u00e3o e Artes, resultantes de pesquisas e pr\u00e1ticas educativas refletidas teoricamente. A Revista \u00e9 organizada em sess\u00f5es de\u00a0<strong>Dossi\u00ea, Demanda Cont\u00ednua e Resenha<\/strong>. A revista tem o\u00a0<strong>Portugu\u00eas (Brasil)<\/strong>\u00a0como idioma principal e o\u00a0<strong>Espanhol e o ingl\u00eas<\/strong>\u00a0como idiomas secund\u00e1rio.<\/p>\n<p><strong>Site:<\/strong>\u00a0<a href=\"http:\/\/cascavel.ufsm.br\/revistas\/ojs-2.2.2\/index.php\/revislav\" target=\"_blank\" rel=\"noopener\">http:\/\/cascavel.ufsm.br\/revistas\/ojs-2.2.2\/index.php\/revislav<\/a><\/p>\n<p><strong>E-mail:<\/strong>\u00a0<a href=\"mailto:revistadigitaldolav@ufsm.br\" target=\"_blank\" rel=\"noopener\">revistadigitaldolav@ufsm.br<\/a><\/p>\n<p><a href=\"mailto:revistadigitaldolav@gmail.com\">revistadigitaldolav@gmail.com<\/a><\/p>\n<p><strong>Telefone (MEN):<\/strong> (55) 55 3220.8197<\/p>\n<p><span style=\"background-color: #ffffff;color: #ffffff\">..<\/span><\/p>\n<p><a href=\"https:\/\/periodicos.ufsm.br\/regae\/index\" target=\"_blank\" rel=\"noopener\"><img decoding=\"async\" class=\"wp-image-6563  aligncenter\" src=\"https:\/\/www.ufsm.br\/app\/uploads\/sites\/373\/2023\/01\/pageHeaderLogoImage_pt_BR.jpg\" alt=\"\" width=\"457\" height=\"122\" srcset=\"https:\/\/www.ufsm.br\/app\/uploads\/sites\/373\/2023\/01\/pageHeaderLogoImage_pt_BR.jpg 1920w, https:\/\/www.ufsm.br\/app\/uploads\/sites\/373\/2023\/01\/pageHeaderLogoImage_pt_BR-300x80.jpg 300w, https:\/\/www.ufsm.br\/app\/uploads\/sites\/373\/2023\/01\/pageHeaderLogoImage_pt_BR-1024x273.jpg 1024w, https:\/\/www.ufsm.br\/app\/uploads\/sites\/373\/2023\/01\/pageHeaderLogoImage_pt_BR-768x205.jpg 768w, https:\/\/www.ufsm.br\/app\/uploads\/sites\/373\/2023\/01\/pageHeaderLogoImage_pt_BR-1536x410.jpg 1536w\" sizes=\"(max-width: 457px) 100vw, 457px\" \/><\/a><\/p>\n<h2><a>Regae: Revista de Gest\u00e3o e Avalia\u00e7\u00e3o Educacional<\/a><\/h2>\n<p>A\u00a0<em>Regae:\u00a0Revista de Gest\u00e3o e Avalia\u00e7\u00e3o Educacional<\/em>\u00a0\u00e9 publicada no Brasil desde 2009 e apresenta-se no formato de publica\u00e7\u00e3o cont\u00ednua. Tem como cobertura tem\u00e1tica as \u00e1reas de\u00a0\u00a0administra\u00e7\u00e3o escolar, gest\u00e3o escolar, pol\u00edticas educacionais, avalia\u00e7\u00e3o educacional, avalia\u00e7\u00e3o institucional, inova\u00e7\u00e3o em administra\u00e7\u00e3o escolar,\u00a0\u00a0e por miss\u00e3o constituir-se num ve\u00edculo de divulga\u00e7\u00e3o de estudos do campo da educa\u00e7\u00e3o. Tem como p\u00fablico-alvo professores, estudantes, pesquisadores e dirigentes de institui\u00e7\u00f5es escolares.<\/p>\n<p><strong>E-mail:<\/strong>\u00a0<a href=\"mailto:revistaregae@gmail.com\" target=\"_blank\" rel=\"noopener\">revistaregae@gmail.com<\/a><\/p>\n<p><strong>Site:<\/strong> <a href=\"https:\/\/periodicos.ufsm.br\/regae\" target=\"_blank\" rel=\"noopener\">https:\/\/periodicos.ufsm.br\/regae\/index<\/a><\/p>\n<p><strong>Telefone:<\/strong> 55-55-99977-6371 (Claudemir de Quadros)<\/p>\n<p><span style=\"color: #ffffff\">..<\/span><\/p>\n<h2><a href=\"https:\/\/periodicos.ufsm.br\/educacaoespecial\" target=\"_blank\" rel=\"noopener\"><img decoding=\"async\" class=\"wp-image-6565  aligncenter\" src=\"https:\/\/www.ufsm.br\/app\/uploads\/sites\/373\/2023\/01\/Picture1.png\" alt=\"\" width=\"579\" height=\"101\" srcset=\"https:\/\/www.ufsm.br\/app\/uploads\/sites\/373\/2023\/01\/Picture1.png 596w, https:\/\/www.ufsm.br\/app\/uploads\/sites\/373\/2023\/01\/Picture1-300x52.png 300w\" sizes=\"(max-width: 579px) 100vw, 579px\" \/><\/a><br \/>\n<a>Revista Educa\u00e7\u00e3o Especial<\/a><\/h2>\n<p>A Revista Educa\u00e7\u00e3o Especial tem como finalidade veicular somente artigos in\u00e9ditos na \u00e1rea de Educa\u00e7\u00e3o Especial, provenientes de pesquisas e pr\u00e1ticas articuladas no campo. Consulte no site da Revista os textos publicados e as normas completas para submeter um artigo para avalia\u00e7\u00e3o.<\/p>\n<p><b>E-mail:<\/b> <a href=\"mailto:revistaeducacaoespecial@ufsm.br\" target=\"_blank\" rel=\"noopener\">revistaeducacaoespecial@ufsm.br<\/a><\/p>\n<p><b>Site:<\/b> <a href=\"https:\/\/periodicos.ufsm.br\/educacaoespecial\" target=\"_blank\" rel=\"noopener\">https:\/\/periodicos.ufsm.br\/educacaoespecial<\/a><\/p>\n<p><b>P\u00e1gina no Facebook:<\/b> <a href=\"https:\/\/www.facebook.com\/revistaeducacaoespecial\/\">https:\/\/www.facebook.com\/revistaeducacaoespecial\/<\/a><\/p>\n<p><strong>Telefone:<\/strong> (55) 55-3220-8795<\/p>\n<p><span style=\"color: #ffffff\">..<\/span><\/p>\n<h2><a href=\"https:\/\/periodicos.ufsm.br\/reveducacao\" target=\"_blank\" rel=\"noopener\"><img loading=\"lazy\" decoding=\"async\" class=\"wp-image-6566 size-full aligncenter\" src=\"https:\/\/www.ufsm.br\/app\/uploads\/sites\/373\/2023\/01\/Picture2.png\" alt=\"\" width=\"592\" height=\"104\" srcset=\"https:\/\/www.ufsm.br\/app\/uploads\/sites\/373\/2023\/01\/Picture2.png 592w, https:\/\/www.ufsm.br\/app\/uploads\/sites\/373\/2023\/01\/Picture2-300x53.png 300w\" sizes=\"(max-width: 592px) 100vw, 592px\" \/><\/a><br \/>\n<a>Revista Educa\u00e7\u00e3o (Santa Maria. Online)<\/a><\/h2>\n<p>A Revista Educa\u00e7\u00e3o (UFSM) tem como escopo a publica\u00e7\u00e3o de trabalhos in\u00e9ditos e originais na \u00e1rea de Educa\u00e7\u00e3o, resultantes de pesquisas cient\u00edficas e reflex\u00f5es te\u00f3ricas sobre pr\u00e1ticas e pol\u00edticas educacionais. Consulte no site da Revista os textos publicados e as normas completas para submeter um artigo para avalia\u00e7\u00e3o.<\/p>\n<p><b>E-mail:<\/b>\u00a0<a href=\"mailto:revista.educacao@ufsm.br\" target=\"_blank\" rel=\"noopener\">revista.educacao@ufsm.br<\/a><\/p>\n<p><b>Site:<\/b> <a href=\"https:\/\/periodicos.ufsm.br\/reveducacao\" target=\"_blank\" rel=\"noopener\">https:\/\/periodicos.ufsm.br\/reveducacao<\/a><\/p>\n<p><b>P\u00e1gina no Facebook:<\/b> <a href=\"https:\/\/www.facebook.com\/educacaoufsm\">https:\/\/www.facebook.com\/educacaoufsm<\/a><\/p>\n<p><strong>Telefone:<\/strong> (55) 3220-8795<\/p>\n<p><span style=\"color: #ffffff\">..<\/span><\/p>\n<p><a href=\"https:\/\/periodicos.ufsm.br\/refilo\" target=\"_blank\" rel=\"noopener\"><img loading=\"lazy\" decoding=\"async\" class=\"wp-image-6567  aligncenter\" src=\"https:\/\/www.ufsm.br\/app\/uploads\/sites\/373\/2023\/01\/pageHeaderLogoImage_pt_BR-3.jpg\" alt=\"\" width=\"670\" height=\"96\" srcset=\"https:\/\/www.ufsm.br\/app\/uploads\/sites\/373\/2023\/01\/pageHeaderLogoImage_pt_BR-3.jpg 712w, https:\/\/www.ufsm.br\/app\/uploads\/sites\/373\/2023\/01\/pageHeaderLogoImage_pt_BR-3-300x43.jpg 300w\" sizes=\"(max-width: 670px) 100vw, 670px\" \/><\/a><\/p>\n<h2><a>Revista Digital de Ensino de Filosofia \u2013 REFilo<\/a><\/h2>\n<p style=\"text-align: left\">A Revista Digital de Ensino de Filosofia \u2013 REFilo tem como objetivo publicar produ\u00e7\u00f5es cient\u00edficas sobre Ensino e Aprendizagem de Filosofia, em diferentes perspectivas te\u00f3ricas. A REFilo publica apenas textos originais, com relev\u00e2ncia cient\u00edfica, abrang\u00eancia do tema, inova\u00e7\u00e3o, boa estrutura te\u00f3rica e metodol\u00f3gica e contribui\u00e7\u00e3o para a \u00e1rea. Os textos publicados apresentam resultados de experi\u00eancias escolares e\/ou n\u00e3o escolares, de pesquisas de mestrado e doutorado, assim como relatos de experi\u00eancia com interlocu\u00e7\u00e3o com obras e autores de refer\u00eancia da \u00e1rea, projetos de ensino e extens\u00e3o e trabalhos de conclus\u00e3o de curso. A Revista tamb\u00e9m publica dossi\u00eas, resenhas bibliogr\u00e1ficas, entrevistas e tradu\u00e7\u00f5es, com<br \/>\ntem\u00e1ticas vinculadas aos objetivos da Revista.<\/p>\n<p><strong>E-mail:<\/strong> <a href=\"mailto:refilo@ufsm.br\" target=\"_blank\" rel=\"noopener\">refilo@ufsm.br<\/a><\/p>\n<p><strong>Site:<\/strong> <a href=\"https:\/\/periodicos.ufsm.br\/refilo\" target=\"_blank\" rel=\"noopener\">https:\/\/periodicos.ufsm.br\/refilo<\/a><\/p>\n<p><strong>P\u00e1gina no Facebook:<\/strong> <a href=\"https:\/\/www.facebook.com\/revistarefilo\">https:\/\/www.facebook.com\/revistarefilo<\/a><\/p>\n<p><strong>Telefone:<\/strong> (55) 3220.8795<\/p>\n<p><span style=\"color: #ffffff\">..<\/span><\/p>\n<p><a href=\"https:\/\/periodicos.ufsm.br\/reter\/\" target=\"_blank\" rel=\"noopener\"><img loading=\"lazy\" decoding=\"async\" class=\"wp-image-6568 size-full aligncenter\" src=\"https:\/\/www.ufsm.br\/app\/uploads\/sites\/373\/2023\/01\/reter.png\" alt=\"\" width=\"440\" height=\"148\" srcset=\"https:\/\/www.ufsm.br\/app\/uploads\/sites\/373\/2023\/01\/reter.png 440w, https:\/\/www.ufsm.br\/app\/uploads\/sites\/373\/2023\/01\/reter-300x101.png 300w\" sizes=\"(max-width: 440px) 100vw, 440px\" \/><\/a><\/p>\n<h2><a>Revista Tecnologias Educacionais em Rede \u2013 ReTER<\/a><\/h2>\n<p>A\u00a0<strong>ReTER<\/strong>\u00a0<strong>\u2013<\/strong>\u00a0<strong>Revista Tecnologias Educacionais em Rede\u00a0<\/strong>(ISSN:2675-9950), \u00e9 uma publica\u00e7\u00e3o com o objetivo de democratizar a divulga\u00e7\u00e3o do conhecimento gerado a partir de pesquisas, experi\u00eancias e an\u00e1lises na \u00e1rea interdisciplinar com \u00eanfase no uso, desenvolvimento e gest\u00e3o educacional mediadas por tecnologias. Busca publicar trabalhos oriundos das mais diversas \u00e1reas do conhecimento, desde que abordem pesquisas consolidadas sobre a proposta de desenvolvimento, uso e gest\u00e3o envolvendo tecnologias educacionais em rede. A ReTER recebe artigos em fluxo cont\u00ednuo em portugu\u00eas, ingl\u00eas e espanhol.<\/p>\n<p><strong>E-mail:<\/strong>\u00a0\u00a0<a style=\"font-family: Arial, Helvetica, sans-serif;font-size: small\" href=\"mailto:reter@ufsm.br\" target=\"_blank\" rel=\"noopener\">reter@ufsm.br<\/a><\/p>\n<p><strong>Site:<\/strong> <a href=\"https:\/\/periodicos.ufsm.br\/reter\/\" target=\"_blank\" rel=\"noopener\">https:\/\/periodicos.ufsm.br\/reter\/<\/a><\/p>\n<p><strong>Telefone: <\/strong>55 3220-8795<\/p>\n<p><a role=\"button\" href=\"https:\/\/periodicos.ufsm.br\/\" target=\"_blank\" rel=\"noopener\"><br \/>\nOutras revistas da UFSM<br \/>\n<\/a><\/p>\n","protected":false},"excerpt":{"rendered":"<p>Revista Digital do LAV A\u00a0Revista Digital do Laborat\u00f3rio de Artes Visuais (UFSM)\u00a0destina-se \u00e0 publica\u00e7\u00e3o de trabalhos in\u00e9ditos e originais na \u00e1rea de Educa\u00e7\u00e3o e Artes, resultantes de pesquisas e pr\u00e1ticas educativas refletidas teoricamente. A Revista \u00e9 organizada em sess\u00f5es de\u00a0Dossi\u00ea, Demanda Cont\u00ednua e Resenha. A revista tem o\u00a0Portugu\u00eas (Brasil)\u00a0como idioma principal e o\u00a0Espanhol e o [&hellip;]<\/p>\n","protected":false},"author":46,"featured_media":0,"parent":0,"menu_order":0,"comment_status":"closed","ping_status":"closed","template":"","meta":{"footnotes":""},"categories":[],"tags":[],"class_list":["post-673","page","type-page","status-publish","hentry"],"acf":[],"_links":{"self":[{"href":"https:\/\/www.ufsm.br\/unidades-universitarias\/ce\/wp-json\/wp\/v2\/pages\/673","targetHints":{"allow":["GET"]}}],"collection":[{"href":"https:\/\/www.ufsm.br\/unidades-universitarias\/ce\/wp-json\/wp\/v2\/pages"}],"about":[{"href":"https:\/\/www.ufsm.br\/unidades-universitarias\/ce\/wp-json\/wp\/v2\/types\/page"}],"author":[{"embeddable":true,"href":"https:\/\/www.ufsm.br\/unidades-universitarias\/ce\/wp-json\/wp\/v2\/users\/46"}],"replies":[{"embeddable":true,"href":"https:\/\/www.ufsm.br\/unidades-universitarias\/ce\/wp-json\/wp\/v2\/comments?post=673"}],"version-history":[{"count":0,"href":"https:\/\/www.ufsm.br\/unidades-universitarias\/ce\/wp-json\/wp\/v2\/pages\/673\/revisions"}],"wp:attachment":[{"href":"https:\/\/www.ufsm.br\/unidades-universitarias\/ce\/wp-json\/wp\/v2\/media?parent=673"}],"wp:term":[{"taxonomy":"category","embeddable":true,"href":"https:\/\/www.ufsm.br\/unidades-universitarias\/ce\/wp-json\/wp\/v2\/categories?post=673"},{"taxonomy":"post_tag","embeddable":true,"href":"https:\/\/www.ufsm.br\/unidades-universitarias\/ce\/wp-json\/wp\/v2\/tags?post=673"}],"curies":[{"name":"wp","href":"https:\/\/api.w.org\/{rel}","templated":true}]}}