{"id":674,"date":"2018-06-25T14:18:49","date_gmt":"2018-06-25T17:18:49","guid":{"rendered":"https:\/\/www.ufsm.br\/unidades-universitarias\/ce\/?page_id=674"},"modified":"2026-03-10T12:40:22","modified_gmt":"2026-03-10T15:40:22","slug":"transparencia","status":"publish","type":"page","link":"https:\/\/www.ufsm.br\/unidades-universitarias\/ce\/transparencia","title":{"rendered":"Transpar\u00eancia"},"content":{"rendered":"\t\t<div data-elementor-type=\"wp-post\" data-elementor-id=\"674\" class=\"elementor elementor-674\">\n\t\t\t\t\t\t<section class=\"elementor-section elementor-top-section elementor-element elementor-element-fe82244 elementor-section-boxed elementor-section-height-default elementor-section-height-default\" data-id=\"fe82244\" data-element_type=\"section\">\n\t\t\t\t\t\t<div class=\"elementor-container elementor-column-gap-default\">\n\t\t\t\t\t<div class=\"elementor-column elementor-col-100 elementor-top-column elementor-element elementor-element-ecd3da6\" data-id=\"ecd3da6\" data-element_type=\"column\">\n\t\t\t<div class=\"elementor-widget-wrap elementor-element-populated\">\n\t\t\t\t\t\t<div class=\"elementor-element elementor-element-a486c51 elementor-widget elementor-widget-testimonial\" data-id=\"a486c51\" data-element_type=\"widget\" data-widget_type=\"testimonial.default\">\n\t\t\t\t<div class=\"elementor-widget-container\">\n\t\t\t\t\t<div class=\"elementor-testimonial-wrapper\">\n\t\t\t\n\t\t\t\t\t\t<div class=\"elementor-testimonial-meta\">\n\t\t\t\t<div class=\"elementor-testimonial-meta-inner\">\n\t\t\t\t\t\n\t\t\t\t\t\t\t\t\t\t<div class=\"elementor-testimonial-details\">\n\t\t\t\t\t\t\t\t\t\t\t\t\t\t<div class=\"elementor-testimonial-name\">ANOS ANTERIORES<\/div>\n\t\t\t\t\t\t\t\t\t\t\t\t\t\t\t\t\t\t\t<\/div>\n\t\t\t\t\t\t\t\t\t<\/div>\n\t\t\t<\/div>\n\t\t\t\t\t<\/div>\n\t\t\t\t<\/div>\n\t\t\t\t<\/div>\n\t\t\t\t\t<\/div>\n\t\t<\/div>\n\t\t\t\t\t<\/div>\n\t\t<\/section>\n\t\t\t\t<section class=\"elementor-section elementor-top-section elementor-element elementor-element-0e25446 elementor-section-boxed elementor-section-height-default elementor-section-height-default\" data-id=\"0e25446\" data-element_type=\"section\">\n\t\t\t\t\t\t<div class=\"elementor-container elementor-column-gap-default\">\n\t\t\t\t\t<div class=\"elementor-column elementor-col-50 elementor-top-column elementor-element elementor-element-e84ea07\" data-id=\"e84ea07\" data-element_type=\"column\">\n\t\t\t<div class=\"elementor-widget-wrap elementor-element-populated\">\n\t\t\t\t\t\t<div class=\"elementor-element elementor-element-8c3db9d elementor-widget elementor-widget-testimonial\" data-id=\"8c3db9d\" data-element_type=\"widget\" data-widget_type=\"testimonial.default\">\n\t\t\t\t<div class=\"elementor-widget-container\">\n\t\t\t\t\t<div class=\"elementor-testimonial-wrapper\">\n\t\t\t\t\t\t\t<div class=\"elementor-testimonial-content\"><br><\/div>\n\t\t\t\n\t\t\t\t\t\t<div class=\"elementor-testimonial-meta\">\n\t\t\t\t<div class=\"elementor-testimonial-meta-inner\">\n\t\t\t\t\t\n\t\t\t\t\t\t\t\t\t\t<div class=\"elementor-testimonial-details\">\n\t\t\t\t\t\t\t\t\t\t\t\t\t\t<a class=\"elementor-testimonial-name\" href=\"https:\/\/docs.google.com\/document\/d\/1WKZlQd11WSmF4qzVYlMc1WyfnM8awcG5t7n7yMZNNcU\/edit\" target=\"_blank\">Anos Anteriores<\/a>\n\t\t\t\t\t\t\t\t\t\t\t\t\t\t\t\t\t\t\t\t\t\t<a class=\"elementor-testimonial-job\" href=\"https:\/\/docs.google.com\/document\/d\/1WKZlQd11WSmF4qzVYlMc1WyfnM8awcG5t7n7yMZNNcU\/edit\" target=\"_blank\">Anteriores a 2021<\/a>\n\t\t\t\t\t\t\t\t\t\t\t\t\t<\/div>\n\t\t\t\t\t\t\t\t\t<\/div>\n\t\t\t<\/div>\n\t\t\t\t\t<\/div>\n\t\t\t\t<\/div>\n\t\t\t\t<\/div>\n\t\t\t\t\t<\/div>\n\t\t<\/div>\n\t\t\t\t<div class=\"elementor-column elementor-col-50 elementor-top-column elementor-element elementor-element-c425cdc\" data-id=\"c425cdc\" data-element_type=\"column\">\n\t\t\t<div class=\"elementor-widget-wrap elementor-element-populated\">\n\t\t\t\t\t\t<div class=\"elementor-element elementor-element-024557b elementor-widget elementor-widget-testimonial\" data-id=\"024557b\" data-element_type=\"widget\" data-widget_type=\"testimonial.default\">\n\t\t\t\t<div class=\"elementor-widget-container\">\n\t\t\t\t\t<div class=\"elementor-testimonial-wrapper\">\n\t\t\t\t\t\t\t<div class=\"elementor-testimonial-content\"><br><\/div>\n\t\t\t\n\t\t\t\t\t\t<div class=\"elementor-testimonial-meta\">\n\t\t\t\t<div class=\"elementor-testimonial-meta-inner\">\n\t\t\t\t\t\n\t\t\t\t\t\t\t\t\t\t<div class=\"elementor-testimonial-details\">\n\t\t\t\t\t\t\t\t\t\t\t\t\t\t<a class=\"elementor-testimonial-name\" href=\"https:\/\/www.ufsm.br\/unidades-universitarias\/ce\/transparencia-departamentos-2021\">2022 <\/a>\n\t\t\t\t\t\t\t\t\t\t\t\t\t\t\t\t\t\t\t\t\t\t<a class=\"elementor-testimonial-job\" href=\"https:\/\/www.ufsm.br\/unidades-universitarias\/ce\/transparencia-departamentos-2021\"><br><\/a>\n\t\t\t\t\t\t\t\t\t\t\t\t\t<\/div>\n\t\t\t\t\t\t\t\t\t<\/div>\n\t\t\t<\/div>\n\t\t\t\t\t<\/div>\n\t\t\t\t<\/div>\n\t\t\t\t<\/div>\n\t\t\t\t\t<\/div>\n\t\t<\/div>\n\t\t\t\t\t<\/div>\n\t\t<\/section>\n\t\t\t\t<section class=\"elementor-section elementor-top-section elementor-element elementor-element-f4b29cb elementor-section-boxed elementor-section-height-default elementor-section-height-default\" data-id=\"f4b29cb\" data-element_type=\"section\">\n\t\t\t\t\t\t<div class=\"elementor-container elementor-column-gap-default\">\n\t\t\t\t\t<div class=\"elementor-column elementor-col-50 elementor-top-column elementor-element elementor-element-ef94b2d\" data-id=\"ef94b2d\" data-element_type=\"column\">\n\t\t\t<div class=\"elementor-widget-wrap elementor-element-populated\">\n\t\t\t\t\t\t<div class=\"elementor-element elementor-element-ee33a12 elementor-widget elementor-widget-testimonial\" data-id=\"ee33a12\" data-element_type=\"widget\" data-widget_type=\"testimonial.default\">\n\t\t\t\t<div class=\"elementor-widget-container\">\n\t\t\t\t\t<div class=\"elementor-testimonial-wrapper\">\n\t\t\t\t\t\t\t<div class=\"elementor-testimonial-content\"><br><\/div>\n\t\t\t\n\t\t\t\t\t\t<div class=\"elementor-testimonial-meta\">\n\t\t\t\t<div class=\"elementor-testimonial-meta-inner\">\n\t\t\t\t\t\n\t\t\t\t\t\t\t\t\t\t<div class=\"elementor-testimonial-details\">\n\t\t\t\t\t\t\t\t\t\t\t\t\t\t<a class=\"elementor-testimonial-name\" href=\"https:\/\/www.ufsm.br\/unidades-universitarias\/ce\/transparencia-departamentos-2023\">2023<\/a>\n\t\t\t\t\t\t\t\t\t\t\t\t\t\t\t\t\t\t\t\t\t\t<a class=\"elementor-testimonial-job\" href=\"https:\/\/www.ufsm.br\/unidades-universitarias\/ce\/transparencia-departamentos-2023\"><br><\/a>\n\t\t\t\t\t\t\t\t\t\t\t\t\t<\/div>\n\t\t\t\t\t\t\t\t\t<\/div>\n\t\t\t<\/div>\n\t\t\t\t\t<\/div>\n\t\t\t\t<\/div>\n\t\t\t\t<\/div>\n\t\t\t\t\t<\/div>\n\t\t<\/div>\n\t\t\t\t<div class=\"elementor-column elementor-col-50 elementor-top-column elementor-element elementor-element-b620f1b\" data-id=\"b620f1b\" data-element_type=\"column\">\n\t\t\t<div class=\"elementor-widget-wrap elementor-element-populated\">\n\t\t\t\t\t\t<div class=\"elementor-element elementor-element-2623f4e elementor-widget elementor-widget-testimonial\" data-id=\"2623f4e\" data-element_type=\"widget\" data-widget_type=\"testimonial.default\">\n\t\t\t\t<div class=\"elementor-widget-container\">\n\t\t\t\t\t<div class=\"elementor-testimonial-wrapper\">\n\t\t\t\t\t\t\t<div class=\"elementor-testimonial-content\"><br><\/div>\n\t\t\t\n\t\t\t\t\t\t<div class=\"elementor-testimonial-meta\">\n\t\t\t\t<div class=\"elementor-testimonial-meta-inner\">\n\t\t\t\t\t\n\t\t\t\t\t\t\t\t\t\t<div class=\"elementor-testimonial-details\">\n\t\t\t\t\t\t\t\t\t\t\t\t\t\t<a class=\"elementor-testimonial-name\" href=\"https:\/\/www.ufsm.br\/unidades-universitarias\/ce\/transparencia-departamentos-2024\">2024<\/a>\n\t\t\t\t\t\t\t\t\t\t\t\t\t\t\t\t\t\t\t\t\t\t<a class=\"elementor-testimonial-job\" href=\"https:\/\/www.ufsm.br\/unidades-universitarias\/ce\/transparencia-departamentos-2024\"><br><\/a>\n\t\t\t\t\t\t\t\t\t\t\t\t\t<\/div>\n\t\t\t\t\t\t\t\t\t<\/div>\n\t\t\t<\/div>\n\t\t\t\t\t<\/div>\n\t\t\t\t<\/div>\n\t\t\t\t<\/div>\n\t\t\t\t\t<\/div>\n\t\t<\/div>\n\t\t\t\t\t<\/div>\n\t\t<\/section>\n\t\t\t\t<section class=\"elementor-section elementor-top-section elementor-element elementor-element-0f38587 elementor-section-boxed elementor-section-height-default elementor-section-height-default\" data-id=\"0f38587\" data-element_type=\"section\">\n\t\t\t\t\t\t<div class=\"elementor-container elementor-column-gap-default\">\n\t\t\t\t\t<div class=\"elementor-column elementor-col-100 elementor-top-column elementor-element elementor-element-2c72b66\" data-id=\"2c72b66\" data-element_type=\"column\">\n\t\t\t<div class=\"elementor-widget-wrap elementor-element-populated\">\n\t\t\t\t\t\t<div class=\"elementor-element elementor-element-2136040 elementor-widget__width-initial elementor-widget elementor-widget-testimonial\" data-id=\"2136040\" data-element_type=\"widget\" data-widget_type=\"testimonial.default\">\n\t\t\t\t<div class=\"elementor-widget-container\">\n\t\t\t\t\t<div class=\"elementor-testimonial-wrapper\">\n\t\t\t\t\t\t\t<div class=\"elementor-testimonial-content\"><br><\/div>\n\t\t\t\n\t\t\t\t\t\t<div class=\"elementor-testimonial-meta\">\n\t\t\t\t<div class=\"elementor-testimonial-meta-inner\">\n\t\t\t\t\t\n\t\t\t\t\t\t\t\t\t\t<div class=\"elementor-testimonial-details\">\n\t\t\t\t\t\t\t\t\t\t\t\t\t\t<a class=\"elementor-testimonial-name\" href=\"https:\/\/drive.google.com\/drive\/folders\/1kmKR_Fe6lVRHyvOiTFTjRTE7k7uM7tJ5?usp=sharing\">2025<\/a>\n\t\t\t\t\t\t\t\t\t\t\t\t\t\t\t\t\t\t\t\t\t\t<a class=\"elementor-testimonial-job\" href=\"https:\/\/drive.google.com\/drive\/folders\/1kmKR_Fe6lVRHyvOiTFTjRTE7k7uM7tJ5?usp=sharing\"><br><\/a>\n\t\t\t\t\t\t\t\t\t\t\t\t\t<\/div>\n\t\t\t\t\t\t\t\t\t<\/div>\n\t\t\t<\/div>\n\t\t\t\t\t<\/div>\n\t\t\t\t<\/div>\n\t\t\t\t<\/div>\n\t\t\t\t<div class=\"elementor-element elementor-element-85046f1 elementor-widget__width-initial elementor-widget elementor-widget-text-path\" data-id=\"85046f1\" data-element_type=\"widget\" data-settings=\"{&quot;text&quot;:&quot;Atos  Normativos &quot;,&quot;link&quot;:{&quot;url&quot;:&quot;https:\\\/\\\/docs.google.com\\\/document\\\/d\\\/1Tm-m2-ccNRSDHNatqLQLf60CKhnFsNZvXfM76zaPJbQ\\\/edit&quot;,&quot;is_external&quot;:&quot;on&quot;,&quot;nofollow&quot;:&quot;&quot;,&quot;custom_attributes&quot;:&quot;&quot;},&quot;align&quot;:&quot;right&quot;,&quot;text_path_direction&quot;:&quot;rtl&quot;,&quot;start_point&quot;:{&quot;unit&quot;:&quot;%&quot;,&quot;size&quot;:0,&quot;sizes&quot;:[]}}\" data-widget_type=\"text-path.default\">\n\t\t\t\t<div class=\"elementor-widget-container\">\n\t\t\t\t\t<div class=\"e-text-path\" data-text=\"Atos  Normativos \" data-url=\"\/\/www.ufsm.br\/app\/plugins\/elementor\/assets\/svg-paths\/line.svg\" data-link-url=\"https:\/\/docs.google.com\/document\/d\/1Tm-m2-ccNRSDHNatqLQLf60CKhnFsNZvXfM76zaPJbQ\/edit\"><\/div>\n\t\t\t\t<\/div>\n\t\t\t\t<\/div>\n\t\t\t\t\t<\/div>\n\t\t<\/div>\n\t\t\t\t\t<\/div>\n\t\t<\/section>\n\t\t\t\t<section class=\"elementor-section elementor-top-section elementor-element elementor-element-6d252f08 elementor-section-boxed elementor-section-height-default elementor-section-height-default\" data-id=\"6d252f08\" data-element_type=\"section\">\n\t\t\t\t\t\t<div class=\"elementor-container elementor-column-gap-default\">\n\t\t\t\t\t<div class=\"elementor-column elementor-col-100 elementor-top-column elementor-element elementor-element-5febdc89\" data-id=\"5febdc89\" data-element_type=\"column\">\n\t\t\t<div class=\"elementor-widget-wrap elementor-element-populated\">\n\t\t\t\t\t\t<div class=\"elementor-element elementor-element-31451fc2 elementor-hidden-widescreen elementor-hidden-desktop elementor-hidden-laptop elementor-hidden-tablet_extra elementor-hidden-tablet elementor-hidden-mobile elementor-widget elementor-widget-text-editor\" data-id=\"31451fc2\" data-element_type=\"widget\" data-widget_type=\"text-editor.default\">\n\t\t\t\t<div class=\"elementor-widget-container\">\n\t\t\t\t\t\t\t<table style=\"width: 100%;border-collapse: collapse;border-color: #9374f4;border-style: double\" border=\"0\"><tbody><tr><td style=\"width: 100%;border-color: #9374f4\"><p dir=\"ltr\" style=\"line-height: 1.2;margin-top: 0pt;margin-bottom: 0pt;padding: 0pt 0pt 14pt\"><span style=\"font-size: 12pt;font-family: Arial;color: #1c1c1c;background-color: transparent;font-weight: bold;vertical-align: baseline\">Controle Or\u00e7ament\u00e1rio<\/span><\/p><p dir=\"ltr\" style=\"line-height: 1.2;margin-top: 0pt;margin-bottom: 0pt;padding: 0pt 0pt 14pt\"><span style=\"font-size: 12pt;font-family: Arial;color: #1c1c1c;background-color: transparent;vertical-align: baseline\">O Controle Or\u00e7ament\u00e1rio serve para\u00a0divulgar de forma ampla e democr\u00e1tica os relat\u00f3rios financeiros do Centro de Educa\u00e7\u00e3o.<\/span><\/p><p dir=\"ltr\" style=\"line-height: 1.2;margin-top: 0pt;margin-bottom: 0pt;padding: 0pt 0pt 14pt\"><span style=\"text-decoration: underline\"><span style=\"font-size: 12pt;font-family: Arial;background-color: transparent;vertical-align: baseline;color: #9819c0\"><a style=\"color: #9819c0;text-decoration: underline\" href=\"https:\/\/docs.google.com\/document\/d\/1WKZlQd11WSmF4qzVYlMc1WyfnM8awcG5t7n7yMZNNcU\/edit\" data-wplink-edit=\"true\">Sistema de Gest\u00e3o e Controle Financeiro Compartilhado do Centro de Educa\u00e7\u00e3o<\/a><\/span><\/span><\/p><\/td><\/tr><tr><td style=\"width: 100%;border-color: #9374F4\"><p dir=\"ltr\" style=\"line-height: 1.2;background-color: #ffffff;margin-top: 0pt;margin-bottom: 0pt;padding: 0pt 0pt 14pt 0pt\"><span style=\"font-size: 12pt;font-family: Arial;color: #1c1c1c;background-color: transparent;font-weight: bold;font-style: normal;font-variant: normal;text-decoration: none;vertical-align: baseline\">Planejamento Financeiro\u00a0\u00a0<\/span><\/p><p dir=\"ltr\" style=\"line-height: 1.2;background-color: #ffffff;margin-top: 0pt;margin-bottom: 0pt;padding: 0pt 0pt 14pt 0pt\"><span style=\"font-size: 12pt;font-family: Arial;color: #1c1c1c;background-color: transparent;font-weight: 400;font-style: normal;font-variant: normal;text-decoration: none;vertical-align: baseline\">O Planejamento Financeiro projeta as receitas e despesas do Centro de Educa\u00e7\u00e3o.<\/span><\/p><p dir=\"ltr\"><a href=\"https:\/\/docs.google.com\/spreadsheets\/d\/1Rjkf2uPwRSrHY2aRmpKzxX2hZeYEMtK5m5L8XBBLUi4\/edit#gid=0\">Planejamento Financeiro 2023<\/a><br \/><span style=\"text-decoration: underline\"><a href=\"https:\/\/www.ufsm.br\/unidades-universitarias\/ce\/planejamento-2022\" target=\"_blank\" rel=\"noopener\">Planejamento Financeiro de 2022<\/a><\/span><\/p><p dir=\"ltr\" style=\"line-height: 1.2;background-color: #ffffff;margin-top: 0pt;margin-bottom: 0pt;padding: 0pt 0pt 14pt 0pt\"><span style=\"text-decoration: underline;font-size: 12pt;font-family: Arial;background-color: transparent;font-weight: 400;font-style: normal;font-variant: normal;vertical-align: baseline\"><a href=\"https:\/\/docs.google.com\/document\/d\/1MzKdk1lP2DoBQBsdD__OPQgYqlnNlC2MAYhKE9KzHKE\/edit\">Planejamento Financeiro das Subunidades do CE<\/a><\/span><\/p><\/td><\/tr><tr><td style=\"width: 100%;border-color: #9374F4\"><p dir=\"ltr\" style=\"line-height: 1.2;background-color: #ffffff;margin-top: 0pt;margin-bottom: 0pt;padding: 0pt 0pt 14pt 0pt\"><span style=\"font-size: 12pt;font-family: Arial;color: #1c1c1c;background-color: transparent;font-weight: bold;font-style: normal;font-variant: normal;text-decoration: none;vertical-align: baseline\">Painel de Liquida\u00e7\u00e3o de Despesas de Fornecedores<\/span><\/p><p dir=\"ltr\" style=\"line-height: 1.2;background-color: #ffffff;margin-top: 0pt;margin-bottom: 0pt;padding: 0pt 0pt 14pt 0pt\"><span style=\"font-size: 12pt;font-family: Arial;color: #1c1c1c;background-color: transparent;font-weight: 400;font-style: normal;font-variant: normal;text-decoration: none;vertical-align: baseline\">O Painel de Liquida\u00e7\u00e3o de Despesas de Fornecedores disponibiliza o status de pagamento das notas fiscais emitidas por fornecedores e prestadores de servi\u00e7os do Centro de Educa\u00e7\u00e3o.\u00a0<\/span><\/p><p dir=\"ltr\" style=\"line-height: 1.2;background-color: #ffffff;margin-top: 0pt;margin-bottom: 0pt;padding: 0pt 0pt 14pt 0pt\"><a href=\"https:\/\/docs.google.com\/spreadsheets\/d\/1LaPZmrVAvwd2FEr0T_PnN3cHrdwlqsLquIgDURK0908\/edit?usp=sharing\"><span style=\"text-decoration: underline;font-size: 12pt;font-family: Arial;font-weight: 400;font-style: normal;font-variant: normal;vertical-align: baseline\">Painel de Liquida\u00e7\u00e3o de Despesas de\u00a0<\/span><span style=\"text-decoration: underline;font-size: 12pt;font-family: Arial;background-color: transparent;font-weight: 400;font-style: normal;font-variant: normal;vertical-align: baseline\">Fornecedores<\/span><\/a><\/p><\/td><\/tr><tr><td style=\"width: 100%;border-color: #9374F4\"><p dir=\"ltr\" style=\"line-height: 1.2;background-color: #ffffff;margin-top: 0pt;margin-bottom: 0pt;padding: 0pt 0pt 14pt 0pt\"><span style=\"font-size: 12pt;font-family: Arial;color: #1c1c1c;background-color: transparent;font-weight: bold;font-style: normal;font-variant: normal;text-decoration: none;vertical-align: baseline\">Planilha de Gastos\u00a0<\/span><\/p><p dir=\"ltr\" style=\"line-height: 1.2;background-color: #ffffff;margin-top: 0pt;margin-bottom: 0pt;padding: 0pt 0pt 14pt 0pt\"><span style=\"font-size: 12pt;font-family: Arial;color: #1c1c1c;background-color: transparent;font-weight: 400;font-style: normal;font-variant: normal;text-decoration: none;vertical-align: baseline\">A\u00a0Planilha de Gastos em material de consumo das subunidades do CE propicia a transpar\u00eancia de gastos entre os setores.<\/span><\/p><p dir=\"ltr\" style=\"line-height: 1.2;background-color: #ffffff;margin-top: 0pt;margin-bottom: 0pt;padding: 0pt 0pt 14pt 0pt\"><span style=\"text-decoration: underline;font-size: 12pt;font-family: Arial;background-color: transparent;font-weight: 400;font-style: normal;font-variant: normal;vertical-align: baseline\"><a href=\"https:\/\/docs.google.com\/spreadsheets\/d\/1_7zLg65_Hmie26ZFFh8bsJeS4LUUZ0zUSuN-T67O7y0\/edit#gid=0\">Gastos em material de consumo das subunidades<\/a><\/span><\/p><\/td><\/tr><tr><td style=\"width: 100%;border-color: #ffffff\"><p dir=\"ltr\" style=\"line-height: 1.2;background-color: #ffffff;margin-top: 0pt;margin-bottom: 0pt;padding: 0pt 0pt 14pt 0pt\"><span style=\"font-size: 12pt;font-family: Arial;color: #1c1c1c;background-color: transparent;font-weight: bold;font-style: normal;font-variant: normal;text-decoration: none;vertical-align: baseline\">Licita\u00e7\u00f5es do Centro de Educa\u00e7\u00e3o<\/span><\/p><p dir=\"ltr\" style=\"line-height: 1.2;background-color: #ffffff;margin-top: 0pt;margin-bottom: 0pt;padding: 0pt 0pt 14pt 0pt\"><span style=\"font-size: 12pt;font-family: Arial;color: #1c1c1c;background-color: transparent;font-weight: 400;font-style: normal;font-variant: normal;text-decoration: none;vertical-align: baseline\">Disponibiliza a lista com as licita\u00e7\u00f5es exclusivas solicitadas pelo Centro de Educa\u00e7\u00e3o\u00a0<\/span><\/p><p dir=\"ltr\" style=\"line-height: 1.2;background-color: #ffffff;margin-top: 0pt;margin-bottom: 0pt;padding: 0pt 0pt 14pt 0pt\"><span style=\"font-size: 12pt;font-family: Arial;color: #1c1c1c;background-color: transparent;font-weight: 400;font-style: normal;font-variant: normal;text-decoration: none;vertical-align: baseline\">\u00a0<\/span><span style=\"text-decoration: underline;font-size: 12pt;font-family: Arial;background-color: transparent;font-weight: 400;font-style: normal;font-variant: normal;vertical-align: baseline\"><a href=\"https:\/\/docs.google.com\/spreadsheets\/d\/1pRRoBQsCMJObywg1e8QNHnLRalPdwXi1aw6eB_93RQU\/edit#gid=1434711519\">Licita\u00e7\u00f5es do CE<\/a><\/span><\/p><\/td><\/tr><\/tbody><\/table><table style=\"width: 100%;border-collapse: collapse;border-color: #9374F4\" border=\"0\"><tbody><tr><td style=\"width: 100%;border-color: #9374F4\"><p dir=\"ltr\" style=\"line-height: 1.2;background-color: #ffffff;margin-top: 0pt;margin-bottom: 0pt;padding: 0pt 0pt 14pt 0pt\"><span style=\"font-size: 12pt;font-family: Arial;color: #1c1c1c;background-color: transparent;font-weight: bold;font-style: normal;font-variant: normal;text-decoration: none;vertical-align: baseline\">Atos Normativos<\/span><\/p><p dir=\"ltr\" style=\"line-height: 1.2;background-color: #ffffff;margin-top: 0pt;margin-bottom: 0pt;padding: 0pt 0pt 14pt 0pt\"><span style=\"font-size: 12pt;font-family: Arial;color: #1c1c1c;background-color: transparent;font-weight: 400;font-style: normal;font-variant: normal;text-decoration: none;vertical-align: baseline\">Os Atos Normativos s\u00e3o ferramentas de divulga\u00e7\u00e3o a fim de tornar p\u00fablico decis\u00f5es que envolvam o Centro de Educa\u00e7\u00e3o.<\/span><\/p><p dir=\"ltr\" style=\"line-height: 1.3800000000000001;margin-top: 0pt;margin-bottom: 10pt\"><span style=\"text-decoration: underline;font-size: 12pt;font-family: Arial;background-color: transparent;font-weight: 400;font-style: normal;font-variant: normal;vertical-align: baseline\"><a href=\"https:\/\/docs.google.com\/document\/d\/1Tm-m2-ccNRSDHNatqLQLf60CKhnFsNZvXfM76zaPJbQ\/edit\" data-wplink-edit=\"true\">Atos Normativos do CE<\/a><\/span><\/p><\/td><\/tr><\/tbody><\/table><p dir=\"ltr\" style=\"line-height: 1.3800000000000001;margin-top: 0pt;margin-bottom: 10pt\">\u00a0<\/p>\t\t\t\t\t\t<\/div>\n\t\t\t\t<\/div>\n\t\t\t\t\t<\/div>\n\t\t<\/div>\n\t\t\t\t\t<\/div>\n\t\t<\/section>\n\t\t\t\t<section class=\"elementor-section elementor-top-section elementor-element elementor-element-cf28d24 elementor-section-boxed elementor-section-height-default elementor-section-height-default\" data-id=\"cf28d24\" data-element_type=\"section\">\n\t\t\t\t\t\t<div class=\"elementor-container elementor-column-gap-default\">\n\t\t\t\t\t<div class=\"elementor-column elementor-col-20 elementor-top-column elementor-element elementor-element-01bb57f\" data-id=\"01bb57f\" data-element_type=\"column\">\n\t\t\t<div class=\"elementor-widget-wrap\">\n\t\t\t\t\t\t\t<\/div>\n\t\t<\/div>\n\t\t\t\t<div class=\"elementor-column elementor-col-20 elementor-top-column elementor-element elementor-element-ca1af8b\" data-id=\"ca1af8b\" data-element_type=\"column\">\n\t\t\t<div class=\"elementor-widget-wrap\">\n\t\t\t\t\t\t\t<\/div>\n\t\t<\/div>\n\t\t\t\t<div class=\"elementor-column elementor-col-20 elementor-top-column elementor-element elementor-element-1ee154f\" data-id=\"1ee154f\" data-element_type=\"column\">\n\t\t\t<div class=\"elementor-widget-wrap elementor-element-populated\">\n\t\t\t\t\t\t<div class=\"elementor-element elementor-element-68d0e2f elementor-widget elementor-widget-image\" data-id=\"68d0e2f\" data-element_type=\"widget\" data-widget_type=\"image.default\">\n\t\t\t\t<div class=\"elementor-widget-container\">\n\t\t\t\t\t\t\t\t\t\t\t\t\t\t<a href=\"https:\/\/www.ufsm.br\/unidades-universitarias\/ce\/nucleos\/necor\/orcamento-do-ce\">\n\t\t\t\t\t\t\t<img fetchpriority=\"high\" decoding=\"async\" width=\"300\" height=\"270\" src=\"https:\/\/www.ufsm.br\/app\/uploads\/sites\/373\/2023\/09\/voltareeeeeee-300x270.png\" class=\"attachment-medium size-medium wp-image-8316\" alt=\"\" srcset=\"https:\/\/www.ufsm.br\/app\/uploads\/sites\/373\/2023\/09\/voltareeeeeee-300x270.png 300w, https:\/\/www.ufsm.br\/app\/uploads\/sites\/373\/2023\/09\/voltareeeeeee.png 374w\" sizes=\"(max-width: 300px) 100vw, 300px\" \/>\t\t\t\t\t\t\t\t<\/a>\n\t\t\t\t\t\t\t\t\t\t\t\t\t<\/div>\n\t\t\t\t<\/div>\n\t\t\t\t\t<\/div>\n\t\t<\/div>\n\t\t\t\t<div class=\"elementor-column elementor-col-20 elementor-top-column elementor-element elementor-element-208f457\" data-id=\"208f457\" data-element_type=\"column\">\n\t\t\t<div class=\"elementor-widget-wrap\">\n\t\t\t\t\t\t\t<\/div>\n\t\t<\/div>\n\t\t\t\t<div class=\"elementor-column elementor-col-20 elementor-top-column elementor-element elementor-element-6e1f088\" data-id=\"6e1f088\" data-element_type=\"column\">\n\t\t\t<div class=\"elementor-widget-wrap\">\n\t\t\t\t\t\t\t<\/div>\n\t\t<\/div>\n\t\t\t\t\t<\/div>\n\t\t<\/section>\n\t\t\t\t<\/div>\n\t\t","protected":false},"excerpt":{"rendered":"<p>ANOS ANTERIORES Anos Anteriores Anteriores a 2021 2022 2023 2024 2025 Controle Or\u00e7ament\u00e1rio O Controle Or\u00e7ament\u00e1rio serve para\u00a0divulgar de forma ampla e democr\u00e1tica os relat\u00f3rios financeiros do Centro de Educa\u00e7\u00e3o. Sistema de Gest\u00e3o e Controle Financeiro Compartilhado do Centro de Educa\u00e7\u00e3o Planejamento Financeiro\u00a0\u00a0 O Planejamento Financeiro projeta as receitas e despesas do Centro de Educa\u00e7\u00e3o. [&hellip;]<\/p>\n","protected":false},"author":46,"featured_media":0,"parent":0,"menu_order":0,"comment_status":"closed","ping_status":"closed","template":"","meta":{"footnotes":""},"categories":[],"tags":[],"class_list":["post-674","page","type-page","status-publish","hentry"],"acf":[],"_links":{"self":[{"href":"https:\/\/www.ufsm.br\/unidades-universitarias\/ce\/wp-json\/wp\/v2\/pages\/674","targetHints":{"allow":["GET"]}}],"collection":[{"href":"https:\/\/www.ufsm.br\/unidades-universitarias\/ce\/wp-json\/wp\/v2\/pages"}],"about":[{"href":"https:\/\/www.ufsm.br\/unidades-universitarias\/ce\/wp-json\/wp\/v2\/types\/page"}],"author":[{"embeddable":true,"href":"https:\/\/www.ufsm.br\/unidades-universitarias\/ce\/wp-json\/wp\/v2\/users\/46"}],"replies":[{"embeddable":true,"href":"https:\/\/www.ufsm.br\/unidades-universitarias\/ce\/wp-json\/wp\/v2\/comments?post=674"}],"version-history":[{"count":0,"href":"https:\/\/www.ufsm.br\/unidades-universitarias\/ce\/wp-json\/wp\/v2\/pages\/674\/revisions"}],"wp:attachment":[{"href":"https:\/\/www.ufsm.br\/unidades-universitarias\/ce\/wp-json\/wp\/v2\/media?parent=674"}],"wp:term":[{"taxonomy":"category","embeddable":true,"href":"https:\/\/www.ufsm.br\/unidades-universitarias\/ce\/wp-json\/wp\/v2\/categories?post=674"},{"taxonomy":"post_tag","embeddable":true,"href":"https:\/\/www.ufsm.br\/unidades-universitarias\/ce\/wp-json\/wp\/v2\/tags?post=674"}],"curies":[{"name":"wp","href":"https:\/\/api.w.org\/{rel}","templated":true}]}}