{"id":769,"date":"2018-09-03T15:19:46","date_gmt":"2018-09-03T18:19:46","guid":{"rendered":"https:\/\/www.ufsm.br\/unidades-universitarias\/ce\/?page_id=769"},"modified":"2023-10-18T08:24:28","modified_gmt":"2023-10-18T11:24:28","slug":"departamento-de-administracao-escolar-ade","status":"publish","type":"page","link":"https:\/\/www.ufsm.br\/unidades-universitarias\/ce\/departamento-de-administracao-escolar-ade","title":{"rendered":"Departamento de Administra\u00e7\u00e3o Escolar &#8211; ADE"},"content":{"rendered":"\t\t<div data-elementor-type=\"wp-page\" data-elementor-id=\"769\" class=\"elementor elementor-769\">\n\t\t\t\t\t\t<section class=\"elementor-section elementor-top-section elementor-element elementor-element-6245ddb7 elementor-section-boxed elementor-section-height-default elementor-section-height-default\" data-id=\"6245ddb7\" data-element_type=\"section\">\n\t\t\t\t\t\t<div class=\"elementor-container elementor-column-gap-default\">\n\t\t\t\t\t<div class=\"elementor-column elementor-col-100 elementor-top-column elementor-element elementor-element-54740bec\" data-id=\"54740bec\" data-element_type=\"column\">\n\t\t\t<div class=\"elementor-widget-wrap elementor-element-populated\">\n\t\t\t\t\t\t<div class=\"elementor-element elementor-element-76457f2d elementor-widget elementor-widget-text-editor\" data-id=\"76457f2d\" data-element_type=\"widget\" data-widget_type=\"text-editor.default\">\n\t\t\t\t<div class=\"elementor-widget-container\">\n\t\t\t\t\t\t\t<span style=\"font-family: verdana, geneva, sans-serif;color: #000000\">O Departamento de Administra\u00e7\u00e3o Escolar \u00e9 uma sub-unidade do Centro de Educa\u00e7\u00e3o na estrutura da UFSM. A administra\u00e7\u00e3o das atividades do Departamento \u00e9 exercida pelo Colegiado Departamental e pela Chefia do Departamento.<\/span>\n\n<span style=\"font-family: verdana, geneva, sans-serif;color: #000000\">O Departamento para efeito de organiza\u00e7\u00e3o administrativa, did\u00e1tico-cient\u00edfica e de distribui\u00e7\u00e3o de pessoal, compreender\u00e1 disciplinas afins das \u00e1reas de Pol\u00edticas P\u00fablicas e Gest\u00e3o da Educa\u00e7\u00e3o B\u00e1sica; e de Processos Investigativos em Educa\u00e7\u00e3o, voltadas para atender o Ensino, a Pesquisa e a Extens\u00e3o.<\/span>\n\n<span style=\"font-family: verdana, geneva, sans-serif;color: #000000\">O Colegiado Departamental \u00e9 um \u00f3rg\u00e3o de delibera\u00e7\u00e3o coletivo, composto por todos os seus Docentes, um TAE e um representante discente, cabendo-lhe a aprecia\u00e7\u00e3o de assuntos de natureza did\u00e1tica, cient\u00edfica e administrativas, com suas atribui\u00e7\u00f5es previstas no Regimento Interno do CE.<\/span>\n\n<span style=\"font-family: verdana, geneva, sans-serif;color: #000000\">O quadro de pessoal do Departamento, atualmente \u00e9 constitu\u00eddo por vinte Professores, destes 17 tem doutorado e 3 Mestrado e um T\u00e9cnico Administrativo.<\/span>\n\n<span style=\"font-family: verdana, geneva, sans-serif;color: #000000\"><strong>Departamento de Administra\u00e7\u00e3o Escolar<\/strong><\/span>\n\n<span style=\"font-family: verdana, geneva, sans-serif;color: #000000\"><strong>Chefe de departamento<\/strong><\/span>\n\n<span style=\"font-family: verdana, geneva, sans-serif;color: #000000\">\u00a0 \u00a0 \u00a0 Prof. Cl\u00e1udio Emelson Dutra<\/span>\n\n<span style=\"font-family: verdana, geneva, sans-serif;color: #000000\"><strong>Chefe de departamento substituto<\/strong><\/span>\n\n<span style=\"font-family: verdana, geneva, sans-serif;color: #000000\">\u00a0 \u00a0 \u00a0 Prof. Paulo de Tarso Andrade Aukar<\/span>\n\n<span style=\"font-family: verdana, geneva, sans-serif;color: #000000\"><strong>Secret\u00e1rio<\/strong><\/span>\n\n<span style=\"font-family: verdana, geneva, sans-serif;color: #000000\">\u00a0 \u00a0 \u00a0 Denisardi Dalsasso de Barros<\/span>\n\n<span style=\"font-family: verdana, geneva, sans-serif;color: #000000\"><strong>Sala:<\/strong> 3150<\/span>\n\n<span style=\"font-family: verdana, geneva, sans-serif;color: #000000\"><strong>Telefone:<\/strong> (55) 3220 8411<\/span>\n\n<strong>E-mail:<\/strong> adece@gmail.com\t\t\t\t\t\t<\/div>\n\t\t\t\t<\/div>\n\t\t\t\t\t<\/div>\n\t\t<\/div>\n\t\t\t\t\t<\/div>\n\t\t<\/section>\n\t\t\t\t<\/div>\n\t\t","protected":false},"excerpt":{"rendered":"<p>O Departamento de Administra\u00e7\u00e3o Escolar \u00e9 uma sub-unidade do Centro de Educa\u00e7\u00e3o na estrutura da UFSM. A administra\u00e7\u00e3o das atividades do Departamento \u00e9 exercida pelo Colegiado Departamental e pela Chefia do Departamento. O Departamento para efeito de organiza\u00e7\u00e3o administrativa, did\u00e1tico-cient\u00edfica e de distribui\u00e7\u00e3o de pessoal, compreender\u00e1 disciplinas afins das \u00e1reas de Pol\u00edticas P\u00fablicas e Gest\u00e3o [&hellip;]<\/p>\n","protected":false},"author":117,"featured_media":0,"parent":0,"menu_order":0,"comment_status":"closed","ping_status":"closed","template":"","meta":{"footnotes":""},"categories":[],"tags":[],"class_list":["post-769","page","type-page","status-publish","hentry"],"acf":[],"_links":{"self":[{"href":"https:\/\/www.ufsm.br\/unidades-universitarias\/ce\/wp-json\/wp\/v2\/pages\/769","targetHints":{"allow":["GET"]}}],"collection":[{"href":"https:\/\/www.ufsm.br\/unidades-universitarias\/ce\/wp-json\/wp\/v2\/pages"}],"about":[{"href":"https:\/\/www.ufsm.br\/unidades-universitarias\/ce\/wp-json\/wp\/v2\/types\/page"}],"author":[{"embeddable":true,"href":"https:\/\/www.ufsm.br\/unidades-universitarias\/ce\/wp-json\/wp\/v2\/users\/117"}],"replies":[{"embeddable":true,"href":"https:\/\/www.ufsm.br\/unidades-universitarias\/ce\/wp-json\/wp\/v2\/comments?post=769"}],"version-history":[{"count":0,"href":"https:\/\/www.ufsm.br\/unidades-universitarias\/ce\/wp-json\/wp\/v2\/pages\/769\/revisions"}],"wp:attachment":[{"href":"https:\/\/www.ufsm.br\/unidades-universitarias\/ce\/wp-json\/wp\/v2\/media?parent=769"}],"wp:term":[{"taxonomy":"category","embeddable":true,"href":"https:\/\/www.ufsm.br\/unidades-universitarias\/ce\/wp-json\/wp\/v2\/categories?post=769"},{"taxonomy":"post_tag","embeddable":true,"href":"https:\/\/www.ufsm.br\/unidades-universitarias\/ce\/wp-json\/wp\/v2\/tags?post=769"}],"curies":[{"name":"wp","href":"https:\/\/api.w.org\/{rel}","templated":true}]}}