{"id":787,"date":"2018-09-03T16:02:33","date_gmt":"2018-09-03T19:02:33","guid":{"rendered":"https:\/\/www.ufsm.br\/unidades-universitarias\/ce\/?page_id=787"},"modified":"2018-09-03T16:02:33","modified_gmt":"2018-09-03T19:02:33","slug":"rede-geu","status":"publish","type":"page","link":"https:\/\/www.ufsm.br\/unidades-universitarias\/ce\/rede-geu","title":{"rendered":"Rede GEU"},"content":{"rendered":"<div class=\"entry-content\">\n<div class=\"elementor elementor-672\">\n<div class=\"elementor-inner\">\n<div class=\"elementor-section-wrap\">\n<section class=\"elementor-element elementor-element-7b03261 elementor-section-boxed elementor-section-height-default elementor-section-height-default elementor-section elementor-top-section\">\n<div class=\"elementor-container elementor-column-gap-default\">\n<div class=\"elementor-row\">\n<div class=\"elementor-element elementor-element-dcb7d1f elementor-column elementor-col-100 elementor-top-column\">\n<div class=\"elementor-column-wrap elementor-element-populated\">\n<div class=\"elementor-widget-wrap\">\n<div class=\"elementor-element elementor-element-0cea88d elementor-widget elementor-widget-toggle\">\n<div class=\"elementor-widget-container\">\n<div class=\"elementor-toggle\" role=\"tablist\">\n<div class=\"elementor-toggle-item\">\n<div id=\"elementor-tab-content-1357\" class=\"elementor-tab-content elementor-clearfix elementor-active\" role=\"tabpanel\">\n<p><span style=\"font-family: verdana, geneva, sans-serif;font-size: 12pt;color: #000000\">A Rede Grupo de Estudos sobre Universidades\/UFSM surge do convite da Rede GEU\/UFRGS que desempenha atividades relacionadas \u00e0 pesquisa em eixos que contemplam a Educa\u00e7\u00e3o Superior.\u00a0A ideia da implanta\u00e7\u00e3o e da implementa\u00e7\u00e3o da Rede na Universidade Federal de Santa Maria impinge novos cen\u00e1rios determinantes nesta modalidade de ensino vislumbrando as rela\u00e7\u00f5es entre ensino, pesquisa e extens\u00e3o.<\/span><\/p>\n<p><span style=\"font-family: verdana, geneva, sans-serif;font-size: 12pt;color: #000000\"><strong>Coordena\u00e7\u00e3o:\u00a0<\/strong><\/span><\/p>\n<p><span style=\"font-family: verdana, geneva, sans-serif;font-size: 12pt;color: #000000\">\u00a0 \u00a0 \u00a0 \u00a0Adriana Moreira Rocha<\/span><\/p>\n<p><span style=\"font-family: verdana, geneva, sans-serif;font-size: 12pt;color: #000000\"><strong>Sala:<\/strong>\u00a03175<\/span><\/p>\n<p><span style=\"font-family: verdana, geneva, sans-serif;font-size: 12pt;color: #000000\"><strong>E-mail:\u00a0<\/strong><span id=\"cloak87164\"><a style=\"color: #000000\" href=\"mailto:geu@ufsm.br\">geu@ufsm.br<\/a><\/span><\/span><\/p>\n<p><span style=\"font-family: verdana, geneva, sans-serif;font-size: 12pt;color: #000000\"><strong>Telefone:<\/strong>\u00a0(55) 3220 9685<\/span><\/p>\n<p><span style=\"font-family: verdana, geneva, sans-serif;font-size: 12pt;color: #000000\"><strong>Site:\u00a0<\/strong><a style=\"color: #000000\" href=\"http:\/\/w3.ufsm.br\/geu\/index.php\/pt-br\/\">http:\/\/w3.ufsm.br\/geu\/index.php\/pt-br\/<\/a><a style=\"color: #000000\" href=\"http:\/\/200.18.32.173\/geu\/\" target=\"_blank\" rel=\"noopener\"><br \/>\n<\/a><\/span><\/p>\n<p><span style=\"font-family: verdana, geneva, sans-serif;font-size: 12pt;color: #000000\">\u00a0 \u00a0 \u00a0 \u00a0 \u00a0<a style=\"color: #000000\" href=\"http:\/\/w3.ufsm.br\/geu\/index.php\/en\/\" target=\"_blank\" rel=\"noopener\">http:\/\/W3.ufsm.br\/geu\/index.php\/en\/<\/a><\/span><\/p>\n<\/div>\n<\/div>\n<\/div>\n<\/div>\n<\/div>\n<\/div>\n<\/div>\n<\/div>\n<\/div>\n<\/div>\n<\/section>\n<\/div>\n<\/div>\n<\/div>\n<\/div>\n","protected":false},"excerpt":{"rendered":"<p>A Rede Grupo de Estudos sobre Universidades\/UFSM surge do convite da Rede GEU\/UFRGS que desempenha atividades relacionadas \u00e0 pesquisa em eixos que contemplam a Educa\u00e7\u00e3o Superior.\u00a0A ideia da implanta\u00e7\u00e3o e da implementa\u00e7\u00e3o da Rede na Universidade Federal de Santa Maria impinge novos cen\u00e1rios determinantes nesta modalidade de ensino vislumbrando as rela\u00e7\u00f5es entre ensino, pesquisa e [&hellip;]<\/p>\n","protected":false},"author":117,"featured_media":0,"parent":0,"menu_order":0,"comment_status":"closed","ping_status":"closed","template":"","meta":{"footnotes":""},"categories":[],"tags":[],"class_list":["post-787","page","type-page","status-publish","hentry"],"acf":[],"_links":{"self":[{"href":"https:\/\/www.ufsm.br\/unidades-universitarias\/ce\/wp-json\/wp\/v2\/pages\/787","targetHints":{"allow":["GET"]}}],"collection":[{"href":"https:\/\/www.ufsm.br\/unidades-universitarias\/ce\/wp-json\/wp\/v2\/pages"}],"about":[{"href":"https:\/\/www.ufsm.br\/unidades-universitarias\/ce\/wp-json\/wp\/v2\/types\/page"}],"author":[{"embeddable":true,"href":"https:\/\/www.ufsm.br\/unidades-universitarias\/ce\/wp-json\/wp\/v2\/users\/117"}],"replies":[{"embeddable":true,"href":"https:\/\/www.ufsm.br\/unidades-universitarias\/ce\/wp-json\/wp\/v2\/comments?post=787"}],"version-history":[{"count":0,"href":"https:\/\/www.ufsm.br\/unidades-universitarias\/ce\/wp-json\/wp\/v2\/pages\/787\/revisions"}],"wp:attachment":[{"href":"https:\/\/www.ufsm.br\/unidades-universitarias\/ce\/wp-json\/wp\/v2\/media?parent=787"}],"wp:term":[{"taxonomy":"category","embeddable":true,"href":"https:\/\/www.ufsm.br\/unidades-universitarias\/ce\/wp-json\/wp\/v2\/categories?post=787"},{"taxonomy":"post_tag","embeddable":true,"href":"https:\/\/www.ufsm.br\/unidades-universitarias\/ce\/wp-json\/wp\/v2\/tags?post=787"}],"curies":[{"name":"wp","href":"https:\/\/api.w.org\/{rel}","templated":true}]}}