{"id":795,"date":"2018-09-05T08:28:14","date_gmt":"2018-09-05T11:28:14","guid":{"rendered":"https:\/\/www.ufsm.br\/unidades-universitarias\/ce\/?page_id=795"},"modified":"2022-06-20T16:39:34","modified_gmt":"2022-06-20T19:39:34","slug":"grupo-de-estudos-e-pesquisas-em-arte-educacao-e-cultura-gepaec","status":"publish","type":"page","link":"https:\/\/www.ufsm.br\/unidades-universitarias\/ce\/grupos-de-pesquisa-ce\/grupo-de-estudos-e-pesquisas-em-arte-educacao-e-cultura-gepaec","title":{"rendered":"Grupo de estudos e pesquisas em Arte, Educa\u00e7\u00e3o e Cultura &#8211; GEPAEC"},"content":{"rendered":"\t\t<div data-elementor-type=\"wp-post\" data-elementor-id=\"795\" class=\"elementor elementor-795 elementor-bc-flex-widget\">\n\t\t\t\t\t\t<section class=\"elementor-section elementor-top-section elementor-element elementor-element-1800ae5a elementor-section-boxed elementor-section-height-default elementor-section-height-default\" data-id=\"1800ae5a\" data-element_type=\"section\">\n\t\t\t\t\t\t<div class=\"elementor-container elementor-column-gap-default\">\n\t\t\t\t\t<div class=\"elementor-column elementor-col-100 elementor-top-column elementor-element elementor-element-eeac289\" data-id=\"eeac289\" data-element_type=\"column\">\n\t\t\t<div class=\"elementor-widget-wrap elementor-element-populated\">\n\t\t\t\t\t\t<div class=\"elementor-element elementor-element-463c0c92 elementor-widget elementor-widget-text-editor\" data-id=\"463c0c92\" data-element_type=\"widget\" data-widget_type=\"text-editor.default\">\n\t\t\t\t<div class=\"elementor-widget-container\">\n\t\t\t\t\t\t\t<p dir=\"ltr\"><span style=\"font-family: verdana, geneva, sans-serif;color: #000000\">L\u00edder: Marilda Oliveira de Oliveira<\/span><\/p>\r\n<p dir=\"ltr\"><span style=\"font-family: verdana, geneva, sans-serif;color: #000000\">Vice-l\u00edder: Alice Copetti Dalmaso<\/span><\/p>\r\n&nbsp;\r\n<p dir=\"ltr\"><span style=\"font-family: verdana, geneva, sans-serif;color: #000000\">NUCOM \u2013 QUAIS OS TEMAS QUE S\u00c3O ESTUDADOS PELO GRUPO?<\/span><\/p>\r\n&nbsp;\r\n<p dir=\"ltr\"><span style=\"font-family: verdana, geneva, sans-serif;color: #000000\">MARILDA OLIVEIRA: O grupo tem pensado em temas como essa educa\u00e7\u00e3o menor, em pequenas a\u00e7\u00f5es que n\u00f3s podemos fazer enquanto grupo de pesquisadores. N\u00f3s somos um grupo que j\u00e1 tem 11 anos e que vem se encontrando para pensar junto, estudar e produzir a\u00e7\u00f5es dentro deste campo da educa\u00e7\u00e3o e da arte.<\/span><\/p>\r\n<p dir=\"ltr\"><\/p>\r\n<p dir=\"ltr\"><\/p>\r\n<p dir=\"ltr\"><span style=\"font-family: verdana, geneva, sans-serif;color: #000000\">NUCOM \u2013 QUAL O OBJETIVO DO GRUPO?<\/span><\/p>\r\n&nbsp;\r\n<p dir=\"ltr\"><span style=\"font-family: verdana, geneva, sans-serif;color: #000000\">MARILDA OLIVEIRA: Esse grupo \u00e9 de 2006 e surgiu pela necessidade que os participantes sentiam de estudar os temas da educa\u00e7\u00e3o e da arte. Eu sou uma professora que trabalha no programa de p\u00f3s- gradua\u00e7\u00e3o na LP4, que \u00e9 uma linha de educa\u00e7\u00e3o e artes, ent\u00e3o o principal objetivo \u00e9 estudar essas quest\u00f5es da educa\u00e7\u00e3o e da arte atravessadas pela cultura.<\/span><\/p>\r\n&nbsp;\r\n<p dir=\"ltr\"><span style=\"font-family: verdana, geneva, sans-serif;color: #000000\">NUCOM \u2013 QUEM S\u00c3O OS COMPONENTES DO GRUPO?<\/span><\/p>\r\n&nbsp;\r\n<p dir=\"ltr\"><span style=\"font-family: verdana, geneva, sans-serif;color: #000000\">MARILDA OLIVEIRA: \u00c9 um grupo bem amplo, uma parte \u00e9 virtual e outra \u00e9 presencial. A parte presencial \u00e9 formada por pesquisadores, professores em artes visuais, dan\u00e7a, m\u00fasica, teatro, psicologia e outros, totalizando aproximadamente 25 pessoas. J\u00e1 a parte do grupo que \u00e9 virtual, que s\u00e3o pessoas que participam do f\u00f3rum de discuss\u00f5es, que mandam pelo e-mail indica\u00e7\u00f5es de eventos e pesquisas que est\u00e3o realizando, s\u00e3o professores de outras institui\u00e7\u00f5es ou ent\u00e3o pessoas que passaram pelo grupo presencial e hoje est\u00e3o em outras universidades. Alunos da gradua\u00e7\u00e3o e da p\u00f3s-gradua\u00e7\u00e3o tamb\u00e9m fazem parte do grupo presencial. O n\u00famero total de pessoas \u00e9 em torno de 53.<\/span><\/p>\r\n&nbsp;\r\n<p dir=\"ltr\"><span style=\"font-family: verdana, geneva, sans-serif;color: #000000\">NUCOM \u2013 H\u00c1 PREFER\u00caNCIA POR UMA GRADUA\u00c7\u00c3O?<\/span><\/p>\r\n&nbsp;\r\n<p dir=\"ltr\"><span style=\"font-family: verdana, geneva, sans-serif;color: #000000\">MARILDA OLIVEIRA: N\u00e3o h\u00e1 prefer\u00eancia por uma gradua\u00e7\u00e3o, temos pessoas das mais diversas \u00e1reas \u2013 \u00e9 um grupo bem heterog\u00eaneo, o que contribui para as discuss\u00f5es. Pessoas que pesquisam a tem\u00e1tica da educa\u00e7\u00e3o e da arte podem participar do grupo.<\/span><\/p>\r\n&nbsp;\r\n<p dir=\"ltr\"><span style=\"font-family: verdana, geneva, sans-serif;color: #000000\">NUCOM \u2013 QUAL A PERIODICIDADE DOS ENCONTROS?<\/span><\/p>\r\n&nbsp;\r\n<p dir=\"ltr\"><span style=\"font-family: verdana, geneva, sans-serif;color: #000000\">MARILDA OLIVEIRA: Os encontros s\u00e3o quinzenais, na sexta-feira \u00e0 tarde, das 14h \u00e0s 17h. Desde que o grupo nasceu, em 2006, as reuni\u00f5es acontecem neste dia. Nos encontramos no LAV \u2013 Laborat\u00f3rio de Artes Visuais \u2013 3366 \u2013 Pr\u00e9dio 16 do Centro de Educa\u00e7\u00e3o.<\/span><\/p>\r\n&nbsp;\r\n<p dir=\"ltr\"><span style=\"font-family: verdana, geneva, sans-serif;color: #000000\">NUCOM \u2013 COMO FA\u00c7O PARA PARTICIPAR?<\/span><\/p>\r\n&nbsp;\r\n<p dir=\"ltr\"><span style=\"font-family: verdana, geneva, sans-serif;color: #000000\">MARILDA OLIVEIRA: A indica\u00e7\u00e3o \u00e9 que seja enviado para o grupo uma carta de inten\u00e7\u00e3o dizendo porque quer fazer parte do grupo e o curr\u00edculo. N\u00f3s apresentamos nas reuni\u00f5es de grupo quem tem interesse em fazer parte, para ser decidido. Mas normalmente a gente aceita porque a ideia \u00e9 sempre acolher as pessoas que tem interesse em participar.<\/span><\/p>\r\n<p dir=\"ltr\"><\/p>\r\n<p dir=\"ltr\"><\/p>\r\n<p dir=\"ltr\"><span style=\"font-family: verdana, geneva, sans-serif;color: #000000\">NUCOM \u2013 COMO \u00c9 A DIN\u00c2MICA DOS ENCONTROS?<\/span><\/p>\r\n&nbsp;\r\n<p dir=\"ltr\"><span style=\"font-family: verdana, geneva, sans-serif;color: #000000\">MARILDA OLIVEIRA: S\u00e3o prioritariamente encontros de estudo, \u00e9 um grupo de pesquisa mas tem se configurado muito como um grupo que se re\u00fane para estudar junto. Como n\u00f3s somos um grupo antigo, n\u00f3s j\u00e1 experimentamos diversas din\u00e2micas \u2013 apresentamos nossas pesquisas, fizemos estudos de autores, em alguns momentos escolhemos um autor e estudamos toda a obra dele, entre outras. Inclusive, tamb\u00e9m convid\u00e1vamos colegas aqui no Centro de Educa\u00e7\u00e3o que sab\u00edamos que pesquisavam esses autores para virem estudar conosco e apresentarem suas pesquisas. J\u00e1 estudamos por exemplo: Roland Barthes, Walter Benjamin, Gilles Deleuze, F\u00e9lix Guattari e alguns outros. Atualmente o que n\u00f3s temos estudado \u00e9 a perspectiva do P\u00f3s-Estruturalismo, ent\u00e3o estamos lendo um livro do James Williams que se chama \u201cP\u00f3s estruturalismo\u201d. A cada encontro estudamos um cap\u00edtulo e tr\u00eas a quatro colegas ficam respons\u00e1veis pela discuss\u00e3o e media\u00e7\u00e3o. Porque o p\u00f3s-estruturalismo? Ano passado quando fizemos a avalia\u00e7\u00e3o do trabalho que v\u00ednhamos fazendo foi un\u00e2nime pelos membros do grupo apontar a necessidade de aprofundarmos essa linha, porque tem muitas pesquisas que est\u00e3o imbricadas com essa quest\u00e3o.<\/span><\/p>\r\n&nbsp;\r\n<p dir=\"ltr\"><span style=\"font-family: verdana, geneva, sans-serif;color: #000000\">CONTATOS:<\/span><\/p>\r\n<p dir=\"ltr\"><span style=\"font-family: verdana, geneva, sans-serif;color: #000000\">E-mail do grupo:\u00a0<span id=\"cloak72895\"><a style=\"color: #000000\" href=\"mailto:gepaec@gmail.com\">\u00a0<\/a><\/span><strong><span id=\"cloak53258\"><a style=\"color: #000000\" href=\"mailto:gepaec@gmail.com\">gepaec@gmail.com<\/a><\/span><\/strong><\/span><\/p>\r\n<p dir=\"ltr\"><span style=\"font-family: verdana, geneva, sans-serif;color: #000000\">E-mail Marilda:\u00a0<span id=\"cloak29651\"><a style=\"color: #000000\" href=\"mailto:marildaoliveira27@gmail.com\">\u00a0<\/a><\/span><span id=\"cloak86858\"><a style=\"color: #000000\" href=\"mailto:marildaoliveira27@gmail.com\">marildaoliveira27@gmail.com<\/a><\/span><\/span><\/p>\r\n<p dir=\"ltr\"><span style=\"font-family: verdana, geneva, sans-serif;color: #000000\">Local dos encontros: LAV \u2013 Laborat\u00f3rio de Artes Visuais \u2013 3366 \u2013 16<\/span><\/p>\r\n<p dir=\"ltr\"><span style=\"font-family: verdana, geneva, sans-serif;color: #000000\">Telefone: 3220 \u2013 8197<\/span><\/p>\t\t\t\t\t\t<\/div>\n\t\t\t\t<\/div>\n\t\t\t\t\t<\/div>\n\t\t<\/div>\n\t\t\t\t\t<\/div>\n\t\t<\/section>\n\t\t\t\t<section class=\"elementor-section elementor-top-section elementor-element elementor-element-cc6c540 elementor-section-boxed elementor-section-height-default elementor-section-height-default\" data-id=\"cc6c540\" data-element_type=\"section\">\n\t\t\t\t\t\t<div class=\"elementor-container elementor-column-gap-default\">\n\t\t\t\t\t<div class=\"elementor-column elementor-col-100 elementor-top-column elementor-element elementor-element-3fadd3f\" data-id=\"3fadd3f\" data-element_type=\"column\">\n\t\t\t<div class=\"elementor-widget-wrap elementor-element-populated\">\n\t\t\t\t\t\t<div class=\"elementor-element elementor-element-039b22f elementor-widget elementor-widget-video\" data-id=\"039b22f\" data-element_type=\"widget\" data-settings=\"{&quot;youtube_url&quot;:&quot;https:\\\/\\\/www.youtube.com\\\/watch?v=x_6mI9kOBAs&quot;,&quot;video_type&quot;:&quot;youtube&quot;,&quot;controls&quot;:&quot;yes&quot;}\" data-widget_type=\"video.default\">\n\t\t\t\t<div class=\"elementor-widget-container\">\n\t\t\t\t\t<div class=\"elementor-wrapper elementor-open-inline\">\n\t\t\t<div class=\"elementor-video\"><\/div>\t\t<\/div>\n\t\t\t\t<\/div>\n\t\t\t\t<\/div>\n\t\t\t\t\t<\/div>\n\t\t<\/div>\n\t\t\t\t\t<\/div>\n\t\t<\/section>\n\t\t\t\t<\/div>\n\t\t","protected":false},"excerpt":{"rendered":"<p>L\u00edder: Marilda Oliveira de Oliveira Vice-l\u00edder: Alice Copetti Dalmaso &nbsp; NUCOM \u2013 QUAIS OS TEMAS QUE S\u00c3O ESTUDADOS PELO GRUPO? &nbsp; MARILDA OLIVEIRA: O grupo tem pensado em temas como essa educa\u00e7\u00e3o menor, em pequenas a\u00e7\u00f5es que n\u00f3s podemos fazer enquanto grupo de pesquisadores. N\u00f3s somos um grupo que j\u00e1 tem 11 anos e que [&hellip;]<\/p>\n","protected":false},"author":117,"featured_media":0,"parent":3060,"menu_order":0,"comment_status":"closed","ping_status":"closed","template":"","meta":{"footnotes":""},"categories":[],"tags":[],"class_list":["post-795","page","type-page","status-publish","hentry"],"acf":[],"_links":{"self":[{"href":"https:\/\/www.ufsm.br\/unidades-universitarias\/ce\/wp-json\/wp\/v2\/pages\/795","targetHints":{"allow":["GET"]}}],"collection":[{"href":"https:\/\/www.ufsm.br\/unidades-universitarias\/ce\/wp-json\/wp\/v2\/pages"}],"about":[{"href":"https:\/\/www.ufsm.br\/unidades-universitarias\/ce\/wp-json\/wp\/v2\/types\/page"}],"author":[{"embeddable":true,"href":"https:\/\/www.ufsm.br\/unidades-universitarias\/ce\/wp-json\/wp\/v2\/users\/117"}],"replies":[{"embeddable":true,"href":"https:\/\/www.ufsm.br\/unidades-universitarias\/ce\/wp-json\/wp\/v2\/comments?post=795"}],"version-history":[{"count":0,"href":"https:\/\/www.ufsm.br\/unidades-universitarias\/ce\/wp-json\/wp\/v2\/pages\/795\/revisions"}],"up":[{"embeddable":true,"href":"https:\/\/www.ufsm.br\/unidades-universitarias\/ce\/wp-json\/wp\/v2\/pages\/3060"}],"wp:attachment":[{"href":"https:\/\/www.ufsm.br\/unidades-universitarias\/ce\/wp-json\/wp\/v2\/media?parent=795"}],"wp:term":[{"taxonomy":"category","embeddable":true,"href":"https:\/\/www.ufsm.br\/unidades-universitarias\/ce\/wp-json\/wp\/v2\/categories?post=795"},{"taxonomy":"post_tag","embeddable":true,"href":"https:\/\/www.ufsm.br\/unidades-universitarias\/ce\/wp-json\/wp\/v2\/tags?post=795"}],"curies":[{"name":"wp","href":"https:\/\/api.w.org\/{rel}","templated":true}]}}