{"id":796,"date":"2018-09-05T08:29:30","date_gmt":"2018-09-05T11:29:30","guid":{"rendered":"https:\/\/www.ufsm.br\/unidades-universitarias\/ce\/?page_id=796"},"modified":"2022-06-20T16:37:49","modified_gmt":"2022-06-20T19:37:49","slug":"grupo-avaliacao-no-ensino-superior","status":"publish","type":"page","link":"https:\/\/www.ufsm.br\/unidades-universitarias\/ce\/grupos-de-pesquisa-ce\/grupo-avaliacao-no-ensino-superior","title":{"rendered":"Grupo de Estudos e Pesquisas Avalia\u00e7\u00e3o no Ensino Superior"},"content":{"rendered":"\t\t<div data-elementor-type=\"wp-post\" data-elementor-id=\"796\" class=\"elementor elementor-796\">\n\t\t\t\t\t\t<section class=\"elementor-section elementor-top-section elementor-element elementor-element-637f71a0 elementor-section-boxed elementor-section-height-default elementor-section-height-default\" data-id=\"637f71a0\" data-element_type=\"section\">\n\t\t\t\t\t\t<div class=\"elementor-container elementor-column-gap-default\">\n\t\t\t\t\t<div class=\"elementor-column elementor-col-100 elementor-top-column elementor-element elementor-element-3583b805\" data-id=\"3583b805\" data-element_type=\"column\">\n\t\t\t<div class=\"elementor-widget-wrap elementor-element-populated\">\n\t\t\t\t\t\t<div class=\"elementor-element elementor-element-4bc1be4d elementor-widget elementor-widget-text-editor\" data-id=\"4bc1be4d\" data-element_type=\"widget\" data-widget_type=\"text-editor.default\">\n\t\t\t\t<div class=\"elementor-widget-container\">\n\t\t\t\t\t\t\t<p><span style=\"font-family: verdana, geneva, sans-serif;color: #000000\">L\u00edder: Glades F\u00e9lix<\/span><\/p><p><span style=\"color: #000000;font-family: verdana, geneva, sans-serif;background-color: var(--bs-body-bg);text-align: var(--bs-body-text-align)\">Vice-l\u00edder: Fabiane Costa<\/span><\/p><p>\u00a0<b style=\"color: #000000;font-family: verdana, geneva, sans-serif;background-color: var(--bs-body-bg);text-align: var(--bs-body-text-align)\">NUCOM \u2013 QUAIS OS TEMAS QUE S\u00c3O ESTUDADOS PELO GRUPO?<\/b><\/p><p><span style=\"font-family: verdana, geneva, sans-serif;color: #000000\"><b>GLADES F\u00c9LIX:\u00a0<\/b>S\u00e3o temas que dizem respeito a avalia\u00e7\u00e3o educacional, partindo especialmente da avalia\u00e7\u00e3o institucional, da avalia\u00e7\u00e3o participativa, indicadores de educa\u00e7\u00e3o, que dizem respeito hoje ao IDEB, ao SAEB, a prova Brasil, o PISA, entre outros. S\u00e3o espectros largos do sistema de avalia\u00e7\u00e3o implementados hoje pelo Brasil. Trabalhamos tamb\u00e9m com projetos de avalia\u00e7\u00e3o institucional tanto no \u00e2mbito p\u00fablico como no \u00e2mbito de escolas privadas, no sentido de alavancar o estudo e a cultura da avalia\u00e7\u00e3o, incentivando cada vez mais entre os jovens, os futuros pesquisadores o tema da avalia\u00e7\u00e3o institucional.<\/span><\/p><p><span style=\"font-family: verdana, geneva, sans-serif;color: #000000\"><b>NUCOM \u2013 QUAL O OBJETIVO DO GRUPO?<\/b><\/span><\/p><p><span style=\"font-family: verdana, geneva, sans-serif;color: #000000\"><b>GLADES F\u00c9LIX:\u00a0<\/b>O objetivo que temos \u00e9 fomentar o debate sobre a avalia\u00e7\u00e3o na universidade. \u00c9 um tema antigo mas com pouca participa\u00e7\u00e3o, tanto de professores quanto de alunos nos processos recorrentes que a universidade tem implementado. Basicamente o objetivo \u00e9 fomentar e impulsionar o gosto e uma cultura de avalia\u00e7\u00e3o no Centro de Educa\u00e7\u00e3o e na universidade.<\/span><\/p><p><span style=\"font-family: verdana, geneva, sans-serif;color: #000000\"><b>NUCOM \u2013 QUEM S\u00c3O OS COMPONENTES DO GRUPO?<\/b><\/span><\/p><p><span style=\"font-family: verdana, geneva, sans-serif;color: #000000\"><b>GLADES F\u00c9LIX:\u00a0<\/b>\u00c9 um grupo de 2000, logo que o CNPQ come\u00e7ou a organizar os grupos de pesquisa a gente j\u00e1 trabalhava com a avalia\u00e7\u00e3o institucional na universidade, ent\u00e3o a gente constituiu um grupo inicial, que foi alunos, professores e funcion\u00e1rios. Hoje diversificou-se, temos pesquisadores externos inclusive, junto com estudantes, professores e TAES do nosso Centro. Temos contato com pesquisadores na \u00e1rea da avalia\u00e7\u00e3o em Angola, Chile, Portugal, Argentina e outras \u00e1reas do Brasil. Tentamos fazer um mix, para diversificar os estudos de como ocorre nesses diferentes pa\u00edses os processos de avalia\u00e7\u00e3o institucional. \u00c9 composto basicamente de professores, TAES e estudantes.<\/span><\/p><p><span style=\"font-family: verdana, geneva, sans-serif;color: #000000\"><b>NUCOM \u2013 H\u00c1 PREFER\u00caNCIA POR UMA GRADUA\u00c7\u00c3O? SOMENTE ALUNOS DO CENTRO DE EDUCA\u00c7\u00c3O PODEM PARTICIPAR?<\/b><\/span><\/p><p><span style=\"font-family: verdana, geneva, sans-serif;color: #000000\"><b>GLADES F\u00c9LIX:<\/b>\u00a0N\u00e3o, a afinidade \u00e9 com o tema. Pessoas que tenham interesse e que gostem do tema da avalia\u00e7\u00e3o. Somos procurados por alunos que sabem que tem a comiss\u00e3o no centro ou que pesquisam no diret\u00f3rio do grupo. Os alunos que s\u00e3o interessados com a tem\u00e1tica vem nos procurar. N\u00e3o participam s\u00f3 alunos do centro de educa\u00e7\u00e3o, porque \u00e9 uma tem\u00e1tica importante para qualquer \u00e1rea, temos alunos da comunica\u00e7\u00e3o, matem\u00e1tica, estat\u00edstica.<\/span><\/p><p><span style=\"font-family: verdana, geneva, sans-serif;color: #000000\"><b>NUCOM \u2013 COMO FA\u00c7O PARA PARTICIPAR?<\/b><\/span><\/p><p><span style=\"font-family: verdana, geneva, sans-serif;color: #000000\"><b>GLADES F\u00c9LIX:<\/b>\u00a0\u00c9 s\u00f3 nos comunicar, saber os dias, e aparecer para as reuni\u00f5es com as leituras prontas. Os encontros s\u00e3o na sala 2152. N\u00e3o tem um processo seletivo, \u00e9 de livre ades\u00e3o, de circula\u00e7\u00e3o aberta.<\/span><\/p><p><span style=\"font-family: verdana, geneva, sans-serif;color: #000000\"><b>NUCOM \u2013 COMO \u00c9 A DIN\u00c2MICA DOS ENCONTROS?<\/b><\/span><\/p><p><span style=\"font-family: verdana, geneva, sans-serif;color: #000000\"><b>GLADES F\u00c9LIX:<\/b>\u00a0S\u00e3o separados textos para o semestre, que s\u00e3o divulgados antes. S\u00e3o textos onlines, ent\u00e3o os participantes vem com suas leituras prontas e \u00a0reflex\u00f5es e fazemos o debates. Al\u00e9m disso, tamb\u00e9m trazemos a tona os projetos que estamos desenvolvendo. Apresentamos os resultados pra ver no conjunto como eles est\u00e3o percebendo, j\u00e1 que eles tamb\u00e9m ajudam a gente a desenvolver e implementar esses processos avaliativos. N\u00e3o ficamos s\u00f3 no debate, vamos para a a\u00e7\u00e3o tamb\u00e9m. Ao mesmo tempo que teorizamos, praticamos a avalia\u00e7\u00e3o aqui no centro. Implementamos a avalia\u00e7\u00e3o, do \u00ednicio ao fim, e depois com os resultados fazemos a meta avalia\u00e7\u00e3o, que \u00e9 avaliar a avalia\u00e7\u00e3o daquilo que foi feito. Ap\u00f3s cada processo de avalia\u00e7\u00e3o fazemos folders para distribuir pelo CE.<\/span><\/p><p><span style=\"font-family: verdana, geneva, sans-serif;color: #000000\">Ent\u00e3o esse grupo levanta essas tem\u00e1ticas, quest\u00f5es que s\u00e3o envolventes para todos os gestores do centro, porque sabem que a gente estuda o conte\u00fado do nosso projeto pedag\u00f3gico, realizando avalia\u00e7\u00e3o dos gestores, dos taes, dos setores privados, dos docentes, dos estudantes, dos egressos, dos est\u00e1gios, entre outros.<\/span><\/p><p><span style=\"font-family: verdana, geneva, sans-serif;color: #000000\"><b>CONTATOS:<\/b><\/span><\/p><p><span style=\"font-family: verdana, geneva, sans-serif;color: #000000\">P\u00e1gina do grupo:<a style=\"color: #000000\" href=\"http:\/\/w3.ufsm.br\/elos\/\">\u00a0<\/a><a style=\"color: #000000\" href=\"http:\/\/www.caice.ufsm.br\/\">http:\/\/www.caice.ufsm.br\/<\/a><\/span><\/p><p><span style=\"font-family: verdana, geneva, sans-serif;color: #000000\">E-mail:\u00a0<b><a style=\"color: #000000\" href=\"mailto:caiceufsm@gmail.com\">caiceufsm@gmail.com<\/a><\/b><\/span><\/p><p><span style=\"font-family: verdana, geneva, sans-serif;color: #000000\">E-mail Glades F\u00e9lix:\u00a0<a style=\"color: #000000\" href=\"mailto:gladesfelix@hotmail.com\">gladesfelix@hotmail.com<\/a><\/span><\/p><p><span style=\"font-family: verdana, geneva, sans-serif;color: #000000\">Telefone: 3220 \u2013 8435<\/span><\/p>\t\t\t\t\t\t<\/div>\n\t\t\t\t<\/div>\n\t\t\t\t\t<\/div>\n\t\t<\/div>\n\t\t\t\t\t<\/div>\n\t\t<\/section>\n\t\t\t\t<section class=\"elementor-section elementor-top-section elementor-element elementor-element-f4d2bc8 elementor-section-boxed elementor-section-height-default elementor-section-height-default\" data-id=\"f4d2bc8\" data-element_type=\"section\">\n\t\t\t\t\t\t<div class=\"elementor-container elementor-column-gap-default\">\n\t\t\t\t\t<div class=\"elementor-column elementor-col-100 elementor-top-column elementor-element elementor-element-0dfc41f\" data-id=\"0dfc41f\" data-element_type=\"column\">\n\t\t\t<div class=\"elementor-widget-wrap elementor-element-populated\">\n\t\t\t\t\t\t<div class=\"elementor-element elementor-element-fc59ac1 elementor-widget elementor-widget-video\" data-id=\"fc59ac1\" data-element_type=\"widget\" data-settings=\"{&quot;youtube_url&quot;:&quot;https:\\\/\\\/www.youtube.com\\\/watch?v=MgjVxCkJk1I&quot;,&quot;video_type&quot;:&quot;youtube&quot;,&quot;controls&quot;:&quot;yes&quot;}\" data-widget_type=\"video.default\">\n\t\t\t\t<div class=\"elementor-widget-container\">\n\t\t\t\t\t<div class=\"elementor-wrapper elementor-open-inline\">\n\t\t\t<div class=\"elementor-video\"><\/div>\t\t<\/div>\n\t\t\t\t<\/div>\n\t\t\t\t<\/div>\n\t\t\t\t\t<\/div>\n\t\t<\/div>\n\t\t\t\t\t<\/div>\n\t\t<\/section>\n\t\t\t\t<\/div>\n\t\t","protected":false},"excerpt":{"rendered":"<p>L\u00edder: Glades F\u00e9lix Vice-l\u00edder: Fabiane Costa \u00a0NUCOM \u2013 QUAIS OS TEMAS QUE S\u00c3O ESTUDADOS PELO GRUPO? GLADES F\u00c9LIX:\u00a0S\u00e3o temas que dizem respeito a avalia\u00e7\u00e3o educacional, partindo especialmente da avalia\u00e7\u00e3o institucional, da avalia\u00e7\u00e3o participativa, indicadores de educa\u00e7\u00e3o, que dizem respeito hoje ao IDEB, ao SAEB, a prova Brasil, o PISA, entre outros. S\u00e3o espectros largos do [&hellip;]<\/p>\n","protected":false},"author":117,"featured_media":0,"parent":3060,"menu_order":0,"comment_status":"closed","ping_status":"closed","template":"","meta":{"footnotes":""},"categories":[],"tags":[],"class_list":["post-796","page","type-page","status-publish","hentry"],"acf":[],"_links":{"self":[{"href":"https:\/\/www.ufsm.br\/unidades-universitarias\/ce\/wp-json\/wp\/v2\/pages\/796","targetHints":{"allow":["GET"]}}],"collection":[{"href":"https:\/\/www.ufsm.br\/unidades-universitarias\/ce\/wp-json\/wp\/v2\/pages"}],"about":[{"href":"https:\/\/www.ufsm.br\/unidades-universitarias\/ce\/wp-json\/wp\/v2\/types\/page"}],"author":[{"embeddable":true,"href":"https:\/\/www.ufsm.br\/unidades-universitarias\/ce\/wp-json\/wp\/v2\/users\/117"}],"replies":[{"embeddable":true,"href":"https:\/\/www.ufsm.br\/unidades-universitarias\/ce\/wp-json\/wp\/v2\/comments?post=796"}],"version-history":[{"count":0,"href":"https:\/\/www.ufsm.br\/unidades-universitarias\/ce\/wp-json\/wp\/v2\/pages\/796\/revisions"}],"up":[{"embeddable":true,"href":"https:\/\/www.ufsm.br\/unidades-universitarias\/ce\/wp-json\/wp\/v2\/pages\/3060"}],"wp:attachment":[{"href":"https:\/\/www.ufsm.br\/unidades-universitarias\/ce\/wp-json\/wp\/v2\/media?parent=796"}],"wp:term":[{"taxonomy":"category","embeddable":true,"href":"https:\/\/www.ufsm.br\/unidades-universitarias\/ce\/wp-json\/wp\/v2\/categories?post=796"},{"taxonomy":"post_tag","embeddable":true,"href":"https:\/\/www.ufsm.br\/unidades-universitarias\/ce\/wp-json\/wp\/v2\/tags?post=796"}],"curies":[{"name":"wp","href":"https:\/\/api.w.org\/{rel}","templated":true}]}}