{"id":798,"date":"2018-09-05T08:31:19","date_gmt":"2018-09-05T11:31:19","guid":{"rendered":"https:\/\/www.ufsm.br\/unidades-universitarias\/ce\/?page_id=798"},"modified":"2022-06-20T16:26:48","modified_gmt":"2022-06-20T19:26:48","slug":"gepfica","status":"publish","type":"page","link":"https:\/\/www.ufsm.br\/unidades-universitarias\/ce\/grupos-de-pesquisa-ce\/gepfica","title":{"rendered":"Grupo de Estudos e Pesquisas sobre Forma\u00e7\u00e3o Inicial, Continuada e Alfabetiza\u00e7\u00e3o &#8211; GEPFICA"},"content":{"rendered":"\t\t<div data-elementor-type=\"wp-post\" data-elementor-id=\"798\" class=\"elementor elementor-798 elementor-bc-flex-widget\">\n\t\t\t\t\t\t<section class=\"elementor-section elementor-top-section elementor-element elementor-element-7c5296a5 elementor-section-boxed elementor-section-height-default elementor-section-height-default\" data-id=\"7c5296a5\" data-element_type=\"section\">\n\t\t\t\t\t\t<div class=\"elementor-container elementor-column-gap-default\">\n\t\t\t\t\t<div class=\"elementor-column elementor-col-100 elementor-top-column elementor-element elementor-element-2c512d1f\" data-id=\"2c512d1f\" data-element_type=\"column\">\n\t\t\t<div class=\"elementor-widget-wrap elementor-element-populated\">\n\t\t\t\t\t\t<div class=\"elementor-element elementor-element-bc72f3 elementor-widget elementor-widget-text-editor\" data-id=\"bc72f3\" data-element_type=\"widget\" data-widget_type=\"text-editor.default\">\n\t\t\t\t<div class=\"elementor-widget-container\">\n\t\t\t\t\t\t\t<span style=\"font-family: verdana, geneva, sans-serif;color: #000000\">L\u00edder: Helenise Sangoi Antunes<\/span>\r\n\r\n<span style=\"font-family: verdana, geneva, sans-serif;color: #000000\"><b><strong>\u00a0<\/strong><\/b><\/span>\r\n\r\n<span style=\"font-family: verdana, geneva, sans-serif;color: #000000\"><b>NUCOM \u2013 QUAIS OS TEMAS QUE S\u00c3O ESTUDADOS PELO GRUPO?<\/b><\/span>\r\n\r\n&nbsp;\r\n\r\n<span style=\"font-family: verdana, geneva, sans-serif;color: #000000\"><b>HELENISE:\u00a0<\/b>O grupo GEPFICA existe no Centro de Educa\u00e7\u00e3o a praticamente 15 anos. \u00c9 um grupo que trabalha sobre Forma\u00e7\u00e3o Inicial e Continuada de professores e tem produ\u00e7\u00e3o na \u00e1rea de alfabetiza\u00e7\u00e3o. Trabalhamos tamb\u00e9m sobre o ciclo de vida dos professores ao longo da carreira docente, sobre classes multisseriadas, fizemos cartografias eletr\u00f4nicas, no que se refere a todas as escolas mapeadas (escolas do campo e no campo) e escolas multisseriadas. Temos uma produ\u00e7\u00e3o significativa no campo das hist\u00f3rias de vida, de professores alfabetizadores, participando ativamente de conv\u00eanios nacionais e internacionais. Tamb\u00e9m temos um trabalho na forma\u00e7\u00e3o continuada de professores alfabetizadores, com o projeto Pr\u00f3-letramento e o Pacto Nacional pela Alfabetiza\u00e7\u00e3o na Idade Certa.<\/span>\r\n\r\n&nbsp;\r\n\r\n<span style=\"font-family: verdana, geneva, sans-serif;color: #000000\"><b>NUCOM \u2013 QUAIS OS PRINCIPAIS OBJETIVOS DO GRUPO?<\/b><\/span>\r\n\r\n&nbsp;\r\n\r\n<span style=\"font-family: verdana, geneva, sans-serif;color: #000000\"><b>HELENISE:\u00a0<\/b>Os principais objetivos do grupo s\u00e3o trabalhar investigando a forma\u00e7\u00e3o inicial e continuada de professores, discutir a quest\u00e3o das escolas do campo e no campo e escolas multisseriadas. Tamb\u00e9m todo esse processo de desvaloriza\u00e7\u00e3o que est\u00e1 acontecendo com os professores alfabetizadores em situa\u00e7\u00e3o rural, quanto ao fechamento das escolas. Discutimos tamb\u00e9m sobre o ciclo de vida dos professores ao longo da carreira docente. Temos um trabalho significativo na \u00e1rea extensionista, trabalhando a discuss\u00e3o do Pacto Nacional pela Alfebetiza\u00e7\u00e3o na Idade Certa e as pol\u00edticas que s\u00e3o direito do professor alfabetizador, na forma\u00e7\u00e3o em servi\u00e7o.<\/span>\r\n\r\n&nbsp;\r\n\r\n<span style=\"font-family: verdana, geneva, sans-serif;color: #000000\"><b>NUCOM \u2013 QUEM S\u00c3O OS COMPONENTES DO GRUPO?<\/b>\u00a0<\/span>\r\n\r\n&nbsp;\r\n\r\n<span style=\"font-family: verdana, geneva, sans-serif;color: #000000\"><b>HELENISE:\u00a0<\/b>N\u00f3s temos professores doutores e mestres, estudantes de gradua\u00e7\u00e3o, mestrandos, doutorandos e bolsistas de inicia\u00e7\u00e3o cient\u00edfica. Tamb\u00e9m temos pessoas da comunidade que vem aqui, discutem, trabalham e se organizam pra poder fazer seu processo de forma\u00e7\u00e3o continuada.<\/span>\r\n\r\n&nbsp;\r\n\r\n<span style=\"font-family: verdana, geneva, sans-serif;color: #000000\"><b>NUCOM \u2013 H\u00c1 PREFER\u00caNCIA POR UMA GRADUA\u00c7\u00c3O? SOMENTE ALUNOS DO CENTRO DE EDUCA\u00c7\u00c3O PODEM PARTICIPAR?<\/b><\/span>\r\n\r\n&nbsp;\r\n\r\n<span style=\"font-family: verdana, geneva, sans-serif;color: #000000\"><b>HELENISE:\u00a0<\/b>N\u00e3o, est\u00e1 aberto para todos, mas pelo vi\u00e9s do grupo, que trabalha mais no enfoque da alfabetiza\u00e7\u00e3o, forma\u00e7\u00e3o inicial e forma\u00e7\u00e3o continuada, temos mais licenciados em Pedagogia e Educa\u00e7\u00e3o Especial no grupo.<\/span>\r\n\r\n&nbsp;\r\n\r\n<span style=\"font-family: verdana, geneva, sans-serif;color: #000000\"><b>NUCOM \u2013 QUAL A PERIODICIDADE OS ENCONTROS?<\/b><\/span>\r\n\r\n&nbsp;\r\n\r\n<span style=\"font-family: verdana, geneva, sans-serif;color: #000000\"><b>HELENISE:\u00a0<\/b>S\u00e3o semanais, sempre nas sextas-feiras de manh\u00e3, das 9h \u00e0s 12h na sala 3377 do pr\u00e9dio 16 do Centro de Educa\u00e7\u00e3o. O dia dos encontros\u00a0<b>n\u00e3o<\/b>\u00a0se altera conforme o semestre.<\/span>\r\n\r\n&nbsp;\r\n\r\n<span style=\"font-family: verdana, geneva, sans-serif;color: #000000\"><b>NUCOM \u2013 COMO FA\u00c7O PARA PARTICIPAR?<\/b><\/span>\r\n\r\n&nbsp;\r\n\r\n<span style=\"font-family: verdana, geneva, sans-serif;color: #000000\"><b>HELENISE:<\/b>\u00a0\u00c9 s\u00f3 vir nas sextas-feiras nos encontros do grupo, ou entrando em contato comigo pelo e-mail. N\u00e3o h\u00e1 um processo de sele\u00e7\u00e3o, a participa\u00e7\u00e3o \u00e9 ampla e vai do comprometimento de cada um. No final todos ganham certificado de participa\u00e7\u00e3o conforme o tempo no grupo.<\/span>\r\n\r\n&nbsp;\r\n\r\n<span style=\"font-family: verdana, geneva, sans-serif;color: #000000\"><b>NUCOM \u2013 COMO \u00c9 A DIN\u00c2MICA DOS ENCONTROS?<\/b><\/span>\r\n\r\n&nbsp;\r\n\r\n<span style=\"font-family: verdana, geneva, sans-serif;color: #000000\"><b>HELENISE:<\/b>\u00a0Temos um cronograma de leituras para fazer que s\u00e3o selecionadas a partir dos projetos que estamos desenvolvendo. Nos reunimos, discutimos essas leituras, fazemos rela\u00e7\u00f5es com os projetos de mestrado e doutorado dos integrantes e das pesquisas coletivas do grupo. Dependendo do tema \u00e9 pedido uma resenha para os integrantes e depois no final do semestre pedimos um artigo, para que as pessoas possam escrever sobre um tema e encaminharmos para publica\u00e7\u00e3o.<\/span>\r\n\r\n&nbsp;\r\n\r\n<span style=\"font-family: verdana, geneva, sans-serif;color: #000000\"><b>CONTATOS:<\/b><\/span>\r\n\r\n<span style=\"font-family: verdana, geneva, sans-serif;color: #000000\"><b>\u00a0<\/b><\/span>\r\n\r\n<span style=\"font-family: verdana, geneva, sans-serif;color: #000000\">P\u00e1gina do grupo:\u00a0<a style=\"color: #000000\" href=\"http:\/\/w3.ufsm.br\/gepfica\/\">http:\/\/w3.ufsm.br\/gepfica\/<\/a><\/span>\r\n\r\n<span style=\"font-family: verdana, geneva, sans-serif;color: #000000\">E-mail Helenise:\u00a0<a style=\"color: #000000\" href=\"mailto:professora@helenise.com.br\">professora@helenise.com.br<\/a><a style=\"color: #000000\" href=\"mailto:professora@helenise.com.br\">\u00a0<\/a><\/span>\t\t\t\t\t\t<\/div>\n\t\t\t\t<\/div>\n\t\t\t\t\t<\/div>\n\t\t<\/div>\n\t\t\t\t\t<\/div>\n\t\t<\/section>\n\t\t\t\t<section class=\"elementor-section elementor-top-section elementor-element elementor-element-aadafca elementor-section-boxed elementor-section-height-default elementor-section-height-default\" data-id=\"aadafca\" data-element_type=\"section\">\n\t\t\t\t\t\t<div class=\"elementor-container elementor-column-gap-default\">\n\t\t\t\t\t<div class=\"elementor-column elementor-col-100 elementor-top-column elementor-element elementor-element-9cd7360\" data-id=\"9cd7360\" data-element_type=\"column\">\n\t\t\t<div class=\"elementor-widget-wrap elementor-element-populated\">\n\t\t\t\t\t\t<div class=\"elementor-element elementor-element-7b477c5 elementor-widget elementor-widget-video\" data-id=\"7b477c5\" data-element_type=\"widget\" data-settings=\"{&quot;youtube_url&quot;:&quot;https:\\\/\\\/www.youtube.com\\\/watch?v=IXLOqJaBymY&quot;,&quot;video_type&quot;:&quot;youtube&quot;,&quot;controls&quot;:&quot;yes&quot;}\" data-widget_type=\"video.default\">\n\t\t\t\t<div class=\"elementor-widget-container\">\n\t\t\t\t\t<div class=\"elementor-wrapper elementor-open-inline\">\n\t\t\t<div class=\"elementor-video\"><\/div>\t\t<\/div>\n\t\t\t\t<\/div>\n\t\t\t\t<\/div>\n\t\t\t\t\t<\/div>\n\t\t<\/div>\n\t\t\t\t\t<\/div>\n\t\t<\/section>\n\t\t\t\t<\/div>\n\t\t","protected":false},"excerpt":{"rendered":"<p>L\u00edder: Helenise Sangoi Antunes \u00a0 NUCOM \u2013 QUAIS OS TEMAS QUE S\u00c3O ESTUDADOS PELO GRUPO? &nbsp; HELENISE:\u00a0O grupo GEPFICA existe no Centro de Educa\u00e7\u00e3o a praticamente 15 anos. \u00c9 um grupo que trabalha sobre Forma\u00e7\u00e3o Inicial e Continuada de professores e tem produ\u00e7\u00e3o na \u00e1rea de alfabetiza\u00e7\u00e3o. Trabalhamos tamb\u00e9m sobre o ciclo de vida dos [&hellip;]<\/p>\n","protected":false},"author":117,"featured_media":0,"parent":3060,"menu_order":0,"comment_status":"closed","ping_status":"closed","template":"","meta":{"footnotes":""},"categories":[],"tags":[],"class_list":["post-798","page","type-page","status-publish","hentry"],"acf":[],"_links":{"self":[{"href":"https:\/\/www.ufsm.br\/unidades-universitarias\/ce\/wp-json\/wp\/v2\/pages\/798","targetHints":{"allow":["GET"]}}],"collection":[{"href":"https:\/\/www.ufsm.br\/unidades-universitarias\/ce\/wp-json\/wp\/v2\/pages"}],"about":[{"href":"https:\/\/www.ufsm.br\/unidades-universitarias\/ce\/wp-json\/wp\/v2\/types\/page"}],"author":[{"embeddable":true,"href":"https:\/\/www.ufsm.br\/unidades-universitarias\/ce\/wp-json\/wp\/v2\/users\/117"}],"replies":[{"embeddable":true,"href":"https:\/\/www.ufsm.br\/unidades-universitarias\/ce\/wp-json\/wp\/v2\/comments?post=798"}],"version-history":[{"count":0,"href":"https:\/\/www.ufsm.br\/unidades-universitarias\/ce\/wp-json\/wp\/v2\/pages\/798\/revisions"}],"up":[{"embeddable":true,"href":"https:\/\/www.ufsm.br\/unidades-universitarias\/ce\/wp-json\/wp\/v2\/pages\/3060"}],"wp:attachment":[{"href":"https:\/\/www.ufsm.br\/unidades-universitarias\/ce\/wp-json\/wp\/v2\/media?parent=798"}],"wp:term":[{"taxonomy":"category","embeddable":true,"href":"https:\/\/www.ufsm.br\/unidades-universitarias\/ce\/wp-json\/wp\/v2\/categories?post=798"},{"taxonomy":"post_tag","embeddable":true,"href":"https:\/\/www.ufsm.br\/unidades-universitarias\/ce\/wp-json\/wp\/v2\/tags?post=798"}],"curies":[{"name":"wp","href":"https:\/\/api.w.org\/{rel}","templated":true}]}}