{"id":813,"date":"2018-09-10T10:21:42","date_gmt":"2018-09-10T13:21:42","guid":{"rendered":"https:\/\/www.ufsm.br\/unidades-universitarias\/ce\/?page_id=813"},"modified":"2018-09-10T10:22:17","modified_gmt":"2018-09-10T13:22:17","slug":"mestrado-profissional-em-tecnologias-educacionais-em-rede-mpter","status":"publish","type":"page","link":"https:\/\/www.ufsm.br\/unidades-universitarias\/ce\/mestrado-profissional-em-tecnologias-educacionais-em-rede-mpter","title":{"rendered":"Mestrado Profissional em Tecnologias Educacionais em Rede \u2013 MPTER"},"content":{"rendered":"\t\t<div data-elementor-type=\"wp-post\" data-elementor-id=\"813\" class=\"elementor elementor-813 elementor-bc-flex-widget\">\n\t\t\t\t\t\t<section class=\"elementor-section elementor-top-section elementor-element elementor-element-4e1c48b elementor-section-boxed elementor-section-height-default elementor-section-height-default\" data-id=\"4e1c48b\" data-element_type=\"section\">\n\t\t\t\t\t\t<div class=\"elementor-container elementor-column-gap-default\">\n\t\t\t\t\t<div class=\"elementor-column elementor-col-100 elementor-top-column elementor-element elementor-element-de6eef7\" data-id=\"de6eef7\" data-element_type=\"column\">\n\t\t\t<div class=\"elementor-widget-wrap elementor-element-populated\">\n\t\t\t\t\t\t<div class=\"elementor-element elementor-element-c2d6e59 elementor-widget elementor-widget-text-editor\" data-id=\"c2d6e59\" data-element_type=\"widget\" data-widget_type=\"text-editor.default\">\n\t\t\t\t<div class=\"elementor-widget-container\">\n\t\t\t\t\t\t\t<p><span style=\"font-family: verdana, geneva, sans-serif;\">O Programa de P\u00f3s-Gradua\u00e7\u00e3o em Tecnologias Educacionais em Rede \u2013 PPGTER &#8211; est\u00e1 inserido na \u00e1rea interdisciplinar.<\/span><br \/><span style=\"font-family: verdana, geneva, sans-serif;\">\u00a0\u00a0\u00a0\u00a0\u00a0\u00a0\u00a0O PPGTER tem por objetivo a qualifica\u00e7\u00e3o cient\u00edfico-profissional em tecnologias educacionais em rede para atua\u00e7\u00e3o em institui\u00e7\u00f5es educativas, formais e n\u00e3o formais, capacitando docentes e outros profissionais envolvidos com a Educa\u00e7\u00e3o. Adicionalmente, tem o escopo de propiciar um ambiente favor\u00e1vel para o desenvolvimento da inova\u00e7\u00e3o e democratiza\u00e7\u00e3o da educa\u00e7\u00e3o livre e aberta.<\/span><br \/><span style=\"font-family: verdana, geneva, sans-serif;\">\u00a0\u00a0\u00a0\u00a0\u00a0\u00a0\u00a0 \u00a0O curso de Mestrado Profissional em Tecnologias Educacionais em Rede \u2013 MPTER &#8211; \u00e9 oferecido na modalidade presencial e tem uma periodicidade anual de ingresso, sendo as aulas ministradas semanalmente. Prev\u00ea-se a abertura de trinta (30) vagas a cada ano.<\/span><\/p><p>\u00a0<\/p><p><span style=\"font-family: verdana, geneva, sans-serif;\"><strong>\u00c1rea de Concentra\u00e7\u00e3o:<\/strong><\/span><\/p><p><span style=\"font-family: verdana, geneva, sans-serif;\">Tecnologias Educacionais em Rede para Inova\u00e7\u00e3o e Democratiza\u00e7\u00e3o da Educa\u00e7\u00e3o.<\/span><\/p><p><span style=\"font-family: verdana, geneva, sans-serif;\"><strong>Linhas de Pesquisa:<\/strong><\/span><\/p><p><span style=\"font-family: verdana, geneva, sans-serif;\">1 Desenvolvimento de Tecnologias Educacionais em Rede<\/span><\/p><p><span style=\"font-family: verdana, geneva, sans-serif;\">2 Gest\u00e3o de Tecnologias Educacionais em Rede<\/span><\/p><p>\u00a0<\/p><p><span style=\"font-family: verdana, geneva, sans-serif;\"><strong>Coordenadora:<\/strong><\/span><\/p><p><span style=\"font-family: verdana, geneva, sans-serif;\">Prof.\u00aa\u00a0Karla Marques da Rocha<\/span><\/p><p><span style=\"font-family: verdana, geneva, sans-serif;\"><strong>Coordenadora Substituta:<\/strong><\/span><\/p><p><span style=\"font-family: verdana, geneva, sans-serif;\">Prof.\u00aa Giliane Bernardi<\/span><\/p><p><span style=\"font-family: verdana, geneva, sans-serif;\"><strong>Secret\u00e1ria:<\/strong><\/span><\/p><p><span style=\"font-family: verdana, geneva, sans-serif;\">Sandra Mara Venturini<\/span><\/p><p><span style=\"font-family: verdana, geneva, sans-serif;\"><strong>T\u00e9cnico-Administrativo em Educa\u00e7\u00e3o:<\/strong><\/span><\/p><p><span style=\"font-family: verdana, geneva, sans-serif;\">Angelita Zimmermann<\/span><\/p><p>\u00a0<\/p><p><span style=\"font-family: verdana, geneva, sans-serif;\"><strong>Sala:\u00a0<\/strong>3146<\/span><\/p><p><span style=\"font-family: verdana, geneva, sans-serif;\"><strong>Telefone:<\/strong>\u00a03220-9414<\/span><\/p><p><span style=\"font-family: verdana, geneva, sans-serif;\"><strong>E-mail:<\/strong>\u00a0<span id=\"cloak12417\"><a href=\"mailto:ppgter@ufsm.br\">ppgter@ufsm.br<\/a><\/span><\/span><\/p><p><span style=\"font-family: verdana, geneva, sans-serif;\"><strong>Site:<\/strong>\u00a0<a href=\"http:\/\/www.ufsm.br\/ppgter\">www.ufsm.br\/ppgter<\/a><\/span><\/p><p>\u00a0<\/p><p><span style=\"font-family: verdana, geneva, sans-serif;\"><strong>Endere\u00e7o Postal<\/strong><\/span><\/p><p><span style=\"font-family: verdana, geneva, sans-serif;\">Programa de Mestrado Profissional em Tecnologias Educacionais em Rede<\/span><\/p><p><span style=\"font-family: verdana, geneva, sans-serif;\">Universidade Federal de Santa Maria \u2013 UFSM<\/span><\/p><p><span style=\"font-family: verdana, geneva, sans-serif;\">Centro de Educa\u00e7\u00e3o, pr\u00e9dio 16 \u2013 1\u00ba andar, sala 3146<\/span><\/p><p><span style=\"font-family: verdana, geneva, sans-serif;\">Av. Roraima 1000 &#8211; Camobi<\/span><\/p><p><span style=\"font-family: verdana, geneva, sans-serif;\">Santa Maria (RS) \u2013 Brasil<\/span><\/p>\t\t\t\t\t\t<\/div>\n\t\t\t\t<\/div>\n\t\t\t\t\t<\/div>\n\t\t<\/div>\n\t\t\t\t\t<\/div>\n\t\t<\/section>\n\t\t\t\t<\/div>\n\t\t","protected":false},"excerpt":{"rendered":"<p>O Programa de P\u00f3s-Gradua\u00e7\u00e3o em Tecnologias Educacionais em Rede \u2013 PPGTER &#8211; est\u00e1 inserido na \u00e1rea interdisciplinar.\u00a0\u00a0\u00a0\u00a0\u00a0\u00a0\u00a0O PPGTER tem por objetivo a qualifica\u00e7\u00e3o cient\u00edfico-profissional em tecnologias educacionais em rede para atua\u00e7\u00e3o em institui\u00e7\u00f5es educativas, formais e n\u00e3o formais, capacitando docentes e outros profissionais envolvidos com a Educa\u00e7\u00e3o. Adicionalmente, tem o escopo de propiciar um ambiente [&hellip;]<\/p>\n","protected":false},"author":201,"featured_media":0,"parent":0,"menu_order":0,"comment_status":"closed","ping_status":"closed","template":"","meta":{"footnotes":""},"categories":[],"tags":[],"class_list":["post-813","page","type-page","status-publish","hentry"],"acf":[],"_links":{"self":[{"href":"https:\/\/www.ufsm.br\/unidades-universitarias\/ce\/wp-json\/wp\/v2\/pages\/813","targetHints":{"allow":["GET"]}}],"collection":[{"href":"https:\/\/www.ufsm.br\/unidades-universitarias\/ce\/wp-json\/wp\/v2\/pages"}],"about":[{"href":"https:\/\/www.ufsm.br\/unidades-universitarias\/ce\/wp-json\/wp\/v2\/types\/page"}],"author":[{"embeddable":true,"href":"https:\/\/www.ufsm.br\/unidades-universitarias\/ce\/wp-json\/wp\/v2\/users\/201"}],"replies":[{"embeddable":true,"href":"https:\/\/www.ufsm.br\/unidades-universitarias\/ce\/wp-json\/wp\/v2\/comments?post=813"}],"version-history":[{"count":0,"href":"https:\/\/www.ufsm.br\/unidades-universitarias\/ce\/wp-json\/wp\/v2\/pages\/813\/revisions"}],"wp:attachment":[{"href":"https:\/\/www.ufsm.br\/unidades-universitarias\/ce\/wp-json\/wp\/v2\/media?parent=813"}],"wp:term":[{"taxonomy":"category","embeddable":true,"href":"https:\/\/www.ufsm.br\/unidades-universitarias\/ce\/wp-json\/wp\/v2\/categories?post=813"},{"taxonomy":"post_tag","embeddable":true,"href":"https:\/\/www.ufsm.br\/unidades-universitarias\/ce\/wp-json\/wp\/v2\/tags?post=813"}],"curies":[{"name":"wp","href":"https:\/\/api.w.org\/{rel}","templated":true}]}}