{"id":817,"date":"2018-09-10T10:26:55","date_gmt":"2018-09-10T13:26:55","guid":{"rendered":"https:\/\/www.ufsm.br\/unidades-universitarias\/ce\/?page_id=817"},"modified":"2022-06-27T14:55:56","modified_gmt":"2022-06-27T17:55:56","slug":"programa-de-pos-graduacao-em-educacao-ppge-mestrado-e-doutorado","status":"publish","type":"page","link":"https:\/\/www.ufsm.br\/unidades-universitarias\/ce\/pos-graduacao-2\/programa-de-pos-graduacao-em-educacao-ppge-mestrado-e-doutorado","title":{"rendered":"Programa de P\u00f3s-Gradua\u00e7\u00e3o em Educa\u00e7\u00e3o &#8211; PPGE (Mestrado e Doutorado)"},"content":{"rendered":"\t\t<div data-elementor-type=\"wp-post\" data-elementor-id=\"817\" class=\"elementor elementor-817\">\n\t\t\t\t\t\t<section class=\"elementor-section elementor-top-section elementor-element elementor-element-ba36bf2 elementor-section-boxed elementor-section-height-default elementor-section-height-default\" data-id=\"ba36bf2\" data-element_type=\"section\">\n\t\t\t\t\t\t<div class=\"elementor-container elementor-column-gap-default\">\n\t\t\t\t\t<div class=\"elementor-column elementor-col-100 elementor-top-column elementor-element elementor-element-9e28f14\" data-id=\"9e28f14\" data-element_type=\"column\">\n\t\t\t<div class=\"elementor-widget-wrap elementor-element-populated\">\n\t\t\t\t\t\t<div class=\"elementor-element elementor-element-2f99fee elementor-widget elementor-widget-text-editor\" data-id=\"2f99fee\" data-element_type=\"widget\" data-widget_type=\"text-editor.default\">\n\t\t\t\t<div class=\"elementor-widget-container\">\n\t\t\t\t\t\t\t<p><span style=\"font-family: verdana, geneva, sans-serif\"><strong>O Programa de P\u00f3s-Gradua\u00e7\u00e3o em Tecnologias Educacionais em Rede<\/strong><\/span><\/p><p><span style=\"font-family: verdana, geneva, sans-serif\">\u2013 PPGTER est\u00e1 inserido na \u00e1rea interdisciplinar.<\/span><\/p><p><span style=\"font-family: verdana, geneva, sans-serif\">\u00a0 \u00a0 \u00a0 \u00a0O PPGTER tem por objetivo a qualifica\u00e7\u00e3o cient\u00edfico-profissional em\u00a0tecnologias educacionais em rede para atuar em institui\u00e7\u00f5es educativas,\u00a0formais e n\u00e3o formais, capacitando docentes e outros profissionais envolvidos\u00a0com a Educa\u00e7\u00e3o. Adicionalmente, tem o escopo de propiciar um ambiente\u00a0favor\u00e1vel para o desenvolvimento da inova\u00e7\u00e3o e democratiza\u00e7\u00e3o da educa\u00e7\u00e3o\u00a0livre e aberta.O curso \u00e9 oferecido na modalidade presencial e tem uma periodicidade\u00a0anual de ingresso, sendo as aulas ministradas semanalmente.<\/span><\/p><p><span style=\"font-family: verdana, geneva, sans-serif\"><strong>Prev\u00ea-se a\u00a0abertura de trinta (30) vagas a cada ano<\/strong>.<\/span><\/p><p><span style=\"font-family: verdana, geneva, sans-serif\"><strong>Coordenadora:<\/strong><\/span><br \/><span style=\"font-family: verdana, geneva, sans-serif\">Prof.\u00aa Rosane Carneiro Sarturi<\/span><\/p><p><span style=\"font-family: verdana, geneva, sans-serif\"><strong>Coordenadora Substituta:<\/strong><\/span><\/p><p><span style=\"font-family: verdana, geneva, sans-serif\">Prof.\u00aa Adriana Moreira da Rocha Veiga<\/span><\/p><p><span style=\"font-family: verdana, geneva, sans-serif\"><strong>Secret\u00e1rio:<\/strong><\/span><\/p><p><span style=\"font-family: verdana, geneva, sans-serif\">\u00a0Manoel Sichonany Jr.<\/span><\/p><p><span style=\"font-family: verdana, geneva, sans-serif\"><strong>T\u00e9cnico-Administrativos em Educa\u00e7\u00e3o:<\/strong><\/span><\/p><p><span style=\"font-family: verdana, geneva, sans-serif\">Liliane Gontan Timm Dellamea<\/span><\/p><p><span style=\"font-family: verdana, geneva, sans-serif\">Ricardo Mateus Klein Cargnin<\/span><\/p><p><span style=\"font-family: verdana, geneva, sans-serif\"><strong>Contato:<\/strong><\/span><\/p><p><span style=\"font-family: verdana, geneva, sans-serif\"><strong>Sala:<\/strong>\u00a03170<\/span><\/p><p><span style=\"font-family: verdana, geneva, sans-serif\"><strong>E-mail:<\/strong>\u00a0<span id=\"cloak4853\"><a href=\"mailto:ppgeducacao@ufsm.br\">ppgeducacao@ufsm.br<\/a><\/span><\/span><\/p><p><span style=\"font-family: verdana, geneva, sans-serif\"><strong>Site:<\/strong>\u00a0<a href=\"http:\/\/www.ufsm.br\/ppge\">www.ufsm.br\/ppge<\/a><\/span><\/p><p><span style=\"font-family: verdana, geneva, sans-serif\"><strong>Telefone:<\/strong>\u00a0(55) 3220 8023<\/span><\/p><p><span style=\"font-family: verdana, geneva, sans-serif\"><strong>Endere\u00e7o Postal:<\/strong><\/span><\/p><p><span style=\"font-family: verdana, geneva, sans-serif\">Programa de P\u00f3s Gradua\u00e7\u00e3o em Educa\u00e7\u00e3o &#8211; PPGE (Mestrado e Doutorado)<\/span><\/p><p><span style=\"font-family: verdana, geneva, sans-serif\">Universidade Federal de Santa Maria &#8211; UFSM<\/span><\/p><p><span style=\"font-family: verdana, geneva, sans-serif\">Centro de Educa\u00e7\u00e3o &#8211; Pr\u00e9dio 16, sala 3170 (1\u00ba andar)<\/span><\/p><p><span style=\"font-family: verdana, geneva, sans-serif\">Av. Roraima 1000 &#8211; Camobi<\/span><\/p><p><span style=\"font-family: verdana, geneva, sans-serif\">Santa Maria- RS &#8211; Brasil<\/span><\/p>\t\t\t\t\t\t<\/div>\n\t\t\t\t<\/div>\n\t\t\t\t\t<\/div>\n\t\t<\/div>\n\t\t\t\t\t<\/div>\n\t\t<\/section>\n\t\t\t\t<\/div>\n\t\t","protected":false},"excerpt":{"rendered":"<p>O Programa de P\u00f3s-Gradua\u00e7\u00e3o em Tecnologias Educacionais em Rede \u2013 PPGTER est\u00e1 inserido na \u00e1rea interdisciplinar. \u00a0 \u00a0 \u00a0 \u00a0O PPGTER tem por objetivo a qualifica\u00e7\u00e3o cient\u00edfico-profissional em\u00a0tecnologias educacionais em rede para atuar em institui\u00e7\u00f5es educativas,\u00a0formais e n\u00e3o formais, capacitando docentes e outros profissionais envolvidos\u00a0com a Educa\u00e7\u00e3o. Adicionalmente, tem o escopo de propiciar um ambiente\u00a0favor\u00e1vel [&hellip;]<\/p>\n","protected":false},"author":201,"featured_media":0,"parent":5415,"menu_order":0,"comment_status":"closed","ping_status":"closed","template":"","meta":{"footnotes":""},"categories":[],"tags":[],"class_list":["post-817","page","type-page","status-publish","hentry"],"acf":[],"_links":{"self":[{"href":"https:\/\/www.ufsm.br\/unidades-universitarias\/ce\/wp-json\/wp\/v2\/pages\/817","targetHints":{"allow":["GET"]}}],"collection":[{"href":"https:\/\/www.ufsm.br\/unidades-universitarias\/ce\/wp-json\/wp\/v2\/pages"}],"about":[{"href":"https:\/\/www.ufsm.br\/unidades-universitarias\/ce\/wp-json\/wp\/v2\/types\/page"}],"author":[{"embeddable":true,"href":"https:\/\/www.ufsm.br\/unidades-universitarias\/ce\/wp-json\/wp\/v2\/users\/201"}],"replies":[{"embeddable":true,"href":"https:\/\/www.ufsm.br\/unidades-universitarias\/ce\/wp-json\/wp\/v2\/comments?post=817"}],"version-history":[{"count":0,"href":"https:\/\/www.ufsm.br\/unidades-universitarias\/ce\/wp-json\/wp\/v2\/pages\/817\/revisions"}],"up":[{"embeddable":true,"href":"https:\/\/www.ufsm.br\/unidades-universitarias\/ce\/wp-json\/wp\/v2\/pages\/5415"}],"wp:attachment":[{"href":"https:\/\/www.ufsm.br\/unidades-universitarias\/ce\/wp-json\/wp\/v2\/media?parent=817"}],"wp:term":[{"taxonomy":"category","embeddable":true,"href":"https:\/\/www.ufsm.br\/unidades-universitarias\/ce\/wp-json\/wp\/v2\/categories?post=817"},{"taxonomy":"post_tag","embeddable":true,"href":"https:\/\/www.ufsm.br\/unidades-universitarias\/ce\/wp-json\/wp\/v2\/tags?post=817"}],"curies":[{"name":"wp","href":"https:\/\/api.w.org\/{rel}","templated":true}]}}