{"id":827,"date":"2018-09-10T10:52:35","date_gmt":"2018-09-10T13:52:35","guid":{"rendered":"https:\/\/www.ufsm.br\/unidades-universitarias\/ce\/?page_id=827"},"modified":"2018-09-10T10:53:04","modified_gmt":"2018-09-10T13:53:04","slug":"pedagogia-licenciatura-plena-diurno","status":"publish","type":"page","link":"https:\/\/www.ufsm.br\/unidades-universitarias\/ce\/pedagogia-licenciatura-plena-diurno","title":{"rendered":"Pedagogia Licenciatura Plena Diurno"},"content":{"rendered":"\t\t<div data-elementor-type=\"wp-post\" data-elementor-id=\"827\" class=\"elementor elementor-827 elementor-bc-flex-widget\">\n\t\t\t\t\t\t<section class=\"elementor-section elementor-top-section elementor-element elementor-element-c5c4146 elementor-section-boxed elementor-section-height-default elementor-section-height-default\" data-id=\"c5c4146\" data-element_type=\"section\">\n\t\t\t\t\t\t<div class=\"elementor-container elementor-column-gap-default\">\n\t\t\t\t\t<div class=\"elementor-column elementor-col-100 elementor-top-column elementor-element elementor-element-81178a6\" data-id=\"81178a6\" data-element_type=\"column\">\n\t\t\t<div class=\"elementor-widget-wrap elementor-element-populated\">\n\t\t\t\t\t\t<div class=\"elementor-element elementor-element-d6e379c elementor-widget elementor-widget-text-editor\" data-id=\"d6e379c\" data-element_type=\"widget\" data-widget_type=\"text-editor.default\">\n\t\t\t\t<div class=\"elementor-widget-container\">\n\t\t\t\t\t\t\t<p><span style=\"font-family: verdana, geneva, sans-serif;\">O curso tem como objetivo geral formar professores\/profissionais em n\u00edvel superior para a doc\u00eancia na Educa\u00e7\u00e3o Infantil e nos Anos Iniciais do Ensino Fundamental. Os alunos s\u00e3o capacitados para atuar nas diferentes modalidades de ensino e\/ou nas demais \u00e1reas nas quais sejam previstos conhecimentos pedag\u00f3gicos.<\/span><\/p><p>\u00a0<\/p><p><span style=\"font-family: verdana, geneva, sans-serif;\"><strong>Coordenadora:<\/strong><\/span><\/p><p><span style=\"font-family: verdana, geneva, sans-serif;\"><strong>\u00a0 \u00a0 \u00a0 \u00a0\u00a0<\/strong>Prof.\u00aa\u00a0D\u00e9bora Ortiz de Le\u00e3o<\/span><\/p><p><span style=\"font-family: verdana, geneva, sans-serif;\"><strong>Coordenadora Substituta:<\/strong><\/span><\/p><p><span style=\"font-family: verdana, geneva, sans-serif;\"><strong>\u00a0 \u00a0 \u00a0 \u00a0<\/strong>\u00a0Prof.\u00aa\u00a0Simone\u00a0Freitas da Silva Gallina\u00a0<\/span><br \/><span style=\"font-family: verdana, geneva, sans-serif;\">\u00a0<\/span><\/p><p><span style=\"font-family: verdana, geneva, sans-serif;\"><strong>Secret\u00e1ria:<\/strong><\/span><\/p><p><span style=\"font-family: verdana, geneva, sans-serif;\">Gessiane Rehbein<\/span><\/p><p>\u00a0<\/p><p><span style=\"font-family: verdana, geneva, sans-serif;\"><strong>Sala<\/strong>: 3151 B<\/span><\/p><p><span style=\"font-family: verdana, geneva, sans-serif;\"><strong>Telefone<\/strong>: (55) 3220-8208<\/span><\/p><p><span style=\"font-family: verdana, geneva, sans-serif;\"><strong>E-mail<\/strong>:\u00a0<span id=\"cloak26313\"><a href=\"mailto:cpedagogiadiurno@ufsm.br\">cpedagogiadiurno@ufsm.br<\/a><\/span><span id=\"cloak86192\"><a href=\"mailto:cpedagogiadiurno@ufsm.br\">\u00a0<\/a><\/span><\/span><\/p><p><span style=\"font-family: verdana, geneva, sans-serif;\"><strong>Facebook:\u00a0<a href=\"https:\/\/www.facebook.com\/Pedagogia-Diurno-UFSM-101661503807826\/\" target=\"_blank\" rel=\"noopener\">https:\/\/www.facebook.com\/Pedagogia-Diurno-UFSM-101661503807826\/<\/a><\/strong><\/span><\/p><p><span style=\"font-family: verdana, geneva, sans-serif;\"><strong>Site:\u00a0<a href=\"http:\/\/www.pedagogia.diurno.ufsm.br\/index.php\" target=\"_blank\" rel=\"noopener\">http:\/\/www.pedagogia.diurno.ufsm.br\/index.php<\/a><\/strong><\/span><\/p><p><strong>\u00a0<\/strong><\/p>\t\t\t\t\t\t<\/div>\n\t\t\t\t<\/div>\n\t\t\t\t\t<\/div>\n\t\t<\/div>\n\t\t\t\t\t<\/div>\n\t\t<\/section>\n\t\t\t\t<\/div>\n\t\t","protected":false},"excerpt":{"rendered":"<p>O curso tem como objetivo geral formar professores\/profissionais em n\u00edvel superior para a doc\u00eancia na Educa\u00e7\u00e3o Infantil e nos Anos Iniciais do Ensino Fundamental. Os alunos s\u00e3o capacitados para atuar nas diferentes modalidades de ensino e\/ou nas demais \u00e1reas nas quais sejam previstos conhecimentos pedag\u00f3gicos. \u00a0 Coordenadora: \u00a0 \u00a0 \u00a0 \u00a0\u00a0Prof.\u00aa\u00a0D\u00e9bora Ortiz de Le\u00e3o Coordenadora [&hellip;]<\/p>\n","protected":false},"author":201,"featured_media":0,"parent":0,"menu_order":0,"comment_status":"closed","ping_status":"closed","template":"","meta":{"footnotes":""},"categories":[],"tags":[],"class_list":["post-827","page","type-page","status-publish","hentry"],"acf":[],"_links":{"self":[{"href":"https:\/\/www.ufsm.br\/unidades-universitarias\/ce\/wp-json\/wp\/v2\/pages\/827","targetHints":{"allow":["GET"]}}],"collection":[{"href":"https:\/\/www.ufsm.br\/unidades-universitarias\/ce\/wp-json\/wp\/v2\/pages"}],"about":[{"href":"https:\/\/www.ufsm.br\/unidades-universitarias\/ce\/wp-json\/wp\/v2\/types\/page"}],"author":[{"embeddable":true,"href":"https:\/\/www.ufsm.br\/unidades-universitarias\/ce\/wp-json\/wp\/v2\/users\/201"}],"replies":[{"embeddable":true,"href":"https:\/\/www.ufsm.br\/unidades-universitarias\/ce\/wp-json\/wp\/v2\/comments?post=827"}],"version-history":[{"count":0,"href":"https:\/\/www.ufsm.br\/unidades-universitarias\/ce\/wp-json\/wp\/v2\/pages\/827\/revisions"}],"wp:attachment":[{"href":"https:\/\/www.ufsm.br\/unidades-universitarias\/ce\/wp-json\/wp\/v2\/media?parent=827"}],"wp:term":[{"taxonomy":"category","embeddable":true,"href":"https:\/\/www.ufsm.br\/unidades-universitarias\/ce\/wp-json\/wp\/v2\/categories?post=827"},{"taxonomy":"post_tag","embeddable":true,"href":"https:\/\/www.ufsm.br\/unidades-universitarias\/ce\/wp-json\/wp\/v2\/tags?post=827"}],"curies":[{"name":"wp","href":"https:\/\/api.w.org\/{rel}","templated":true}]}}