{"id":828,"date":"2018-09-10T10:53:36","date_gmt":"2018-09-10T13:53:36","guid":{"rendered":"https:\/\/www.ufsm.br\/unidades-universitarias\/ce\/?page_id=828"},"modified":"2020-06-16T15:11:27","modified_gmt":"2020-06-16T18:11:27","slug":"pedagogia-licenciatura-plena-noturno","status":"publish","type":"page","link":"https:\/\/www.ufsm.br\/unidades-universitarias\/ce\/pedagogia-licenciatura-plena-noturno","title":{"rendered":"Pedagogia Licenciatura Plena Noturno"},"content":{"rendered":"\t\t<div data-elementor-type=\"wp-post\" data-elementor-id=\"828\" class=\"elementor elementor-828\">\n\t\t\t\t\t\t<section class=\"elementor-section elementor-top-section elementor-element elementor-element-4977e22 elementor-section-boxed elementor-section-height-default elementor-section-height-default\" data-id=\"4977e22\" data-element_type=\"section\">\n\t\t\t\t\t\t<div class=\"elementor-container elementor-column-gap-default\">\n\t\t\t\t\t<div class=\"elementor-column elementor-col-100 elementor-top-column elementor-element elementor-element-483dc55\" data-id=\"483dc55\" data-element_type=\"column\">\n\t\t\t<div class=\"elementor-widget-wrap elementor-element-populated\">\n\t\t\t\t\t\t<div class=\"elementor-element elementor-element-05616a0 elementor-widget elementor-widget-text-editor\" data-id=\"05616a0\" data-element_type=\"widget\" data-widget_type=\"text-editor.default\">\n\t\t\t\t<div class=\"elementor-widget-container\">\n\t\t\t\t\t\t\t<p><span style=\"font-family: verdana, geneva, sans-serif\">O curso tem como objetivo geral formar professores\/profissionais em n\u00edvel superior para a doc\u00eancia na Educa\u00e7\u00e3o Infantil e nos Anos Iniciais do Ensino Fundamental. Os alunos s\u00e3o capacitados para atuar nas diferentes modalidades de ensino e\/ou nas demais \u00e1reas nas quais sejam previstos conhecimentos pedag\u00f3gicos.<\/span><\/p>\n<p><\/p>\n<p><span style=\"font-family: verdana, geneva, sans-serif\"><strong>Coordenadora:<\/strong><\/span><\/p>\n<p><span style=\"font-family: verdana, geneva, sans-serif\">&nbsp; &nbsp; &nbsp; &nbsp;Prof.\u00aa Lucia de Fatima Royes Nunes<\/span><\/p>\n<p><\/p>\n<p><span style=\"font-family: verdana, geneva, sans-serif\"><strong>Secret\u00e1ria:<\/strong><\/span><\/p>\n<p><span style=\"font-family: verdana, geneva, sans-serif\">&nbsp;Juvelina Freitas P\u00f4rto&nbsp; &nbsp;<\/span><\/p>\n<p><span style=\"font-family: verdana, geneva, sans-serif\">&nbsp; &nbsp; &nbsp; &nbsp;<\/span><\/p>\n<p><span style=\"font-family: verdana, geneva, sans-serif\"><strong>Sala<\/strong>: 3236<\/span><\/p>\n<p><span style=\"font-family: verdana, geneva, sans-serif\"><strong>Telefone<\/strong>: (55) 3220-9480<\/span><\/p>\n<p><span style=\"font-family: verdana, geneva, sans-serif\"><strong>E-mail<\/strong>:&nbsp;<span id=\"cloak69977\"><a href=\"mailto:pedagogianoturno@ufsm.br\" target=\"_blank\" rel=\"noopener\">&nbsp;<\/a><\/span><span id=\"cloak62583\"><a href=\"mailto:pedagogianoturno@ufsm.br\">pedagogianoturno@ufsm.br<\/a><\/span><span id=\"cloak90341\"><a href=\"mailto:pedagogianoturno@ufsm.br\">&nbsp;<\/a><\/span><\/span><\/p>\n<p><span style=\"font-family: verdana, geneva, sans-serif\"><strong>Site:&nbsp;<a href=\"http:\/\/pedagogia.noturno.ufsm.br\/index.php\" target=\"_blank\" rel=\"noopener\">&nbsp;pedagogia.noturno.ufsm.br &nbsp;<\/a>&nbsp;&nbsp; &nbsp; &nbsp; &nbsp; &nbsp; &nbsp; &nbsp;&nbsp;<\/strong><\/span><\/p>\n<p><span style=\"font-family: verdana, geneva, sans-serif\"><strong>Facebook:<\/strong>&nbsp;<span id=\"cloak64057\"><a href=\"mailto:pedagogianoturno@ufsm.br\">pedagogianoturno@ufsm.b<\/a><\/span><\/span><\/p>\t\t\t\t\t\t<\/div>\n\t\t\t\t<\/div>\n\t\t\t\t\t<\/div>\n\t\t<\/div>\n\t\t\t\t\t<\/div>\n\t\t<\/section>\n\t\t\t\t<\/div>\n\t\t","protected":false},"excerpt":{"rendered":"<p>O curso tem como objetivo geral formar professores\/profissionais em n\u00edvel superior para a doc\u00eancia na Educa\u00e7\u00e3o Infantil e nos Anos Iniciais do Ensino Fundamental. Os alunos s\u00e3o capacitados para atuar nas diferentes modalidades de ensino e\/ou nas demais \u00e1reas nas quais sejam previstos conhecimentos pedag\u00f3gicos. Coordenadora: &nbsp; &nbsp; &nbsp; &nbsp;Prof.\u00aa Lucia de Fatima Royes Nunes [&hellip;]<\/p>\n","protected":false},"author":201,"featured_media":0,"parent":0,"menu_order":0,"comment_status":"closed","ping_status":"closed","template":"","meta":{"footnotes":""},"categories":[],"tags":[],"class_list":["post-828","page","type-page","status-publish","hentry"],"acf":[],"_links":{"self":[{"href":"https:\/\/www.ufsm.br\/unidades-universitarias\/ce\/wp-json\/wp\/v2\/pages\/828","targetHints":{"allow":["GET"]}}],"collection":[{"href":"https:\/\/www.ufsm.br\/unidades-universitarias\/ce\/wp-json\/wp\/v2\/pages"}],"about":[{"href":"https:\/\/www.ufsm.br\/unidades-universitarias\/ce\/wp-json\/wp\/v2\/types\/page"}],"author":[{"embeddable":true,"href":"https:\/\/www.ufsm.br\/unidades-universitarias\/ce\/wp-json\/wp\/v2\/users\/201"}],"replies":[{"embeddable":true,"href":"https:\/\/www.ufsm.br\/unidades-universitarias\/ce\/wp-json\/wp\/v2\/comments?post=828"}],"version-history":[{"count":0,"href":"https:\/\/www.ufsm.br\/unidades-universitarias\/ce\/wp-json\/wp\/v2\/pages\/828\/revisions"}],"wp:attachment":[{"href":"https:\/\/www.ufsm.br\/unidades-universitarias\/ce\/wp-json\/wp\/v2\/media?parent=828"}],"wp:term":[{"taxonomy":"category","embeddable":true,"href":"https:\/\/www.ufsm.br\/unidades-universitarias\/ce\/wp-json\/wp\/v2\/categories?post=828"},{"taxonomy":"post_tag","embeddable":true,"href":"https:\/\/www.ufsm.br\/unidades-universitarias\/ce\/wp-json\/wp\/v2\/tags?post=828"}],"curies":[{"name":"wp","href":"https:\/\/api.w.org\/{rel}","templated":true}]}}