{"id":1143,"date":"2019-10-17T10:22:54","date_gmt":"2019-10-17T13:22:54","guid":{"rendered":"https:\/\/www.ufsm.br\/unidades-universitarias\/cefd\/?page_id=1143"},"modified":"2025-03-13T11:48:53","modified_gmt":"2025-03-13T14:48:53","slug":"secretaria-administrativa","status":"publish","type":"page","link":"https:\/\/www.ufsm.br\/unidades-universitarias\/cefd\/secretaria-administrativa","title":{"rendered":"Secretaria Administrativa"},"content":{"rendered":"\t\t<div data-elementor-type=\"wp-page\" data-elementor-id=\"1143\" class=\"elementor elementor-1143\">\n\t\t\t\t\t\t<section class=\"elementor-section elementor-top-section elementor-element elementor-element-343b947 elementor-section-boxed elementor-section-height-default elementor-section-height-default\" data-id=\"343b947\" data-element_type=\"section\">\n\t\t\t\t\t\t<div class=\"elementor-container elementor-column-gap-default\">\n\t\t\t\t\t<div class=\"elementor-column elementor-col-100 elementor-top-column elementor-element elementor-element-b3e1b93\" data-id=\"b3e1b93\" data-element_type=\"column\">\n\t\t\t<div class=\"elementor-widget-wrap elementor-element-populated\">\n\t\t\t\t\t\t<div class=\"elementor-element elementor-element-c563297 elementor-widget elementor-widget-text-editor\" data-id=\"c563297\" data-element_type=\"widget\" data-widget_type=\"text-editor.default\">\n\t\t\t\t<div class=\"elementor-widget-container\">\n\t\t\t\t\t\t\t<p>A Secretaria Administrativa do CEFD, al\u00e9m de suas compet\u00eancias gerais correspondentes constantes no Regimento Geral, a Secretaria tem como compet\u00eancias:<\/p><ul><li>elaborar e\/ou executar atos determinados ou autorizados pelo Diretor(a) e\/ou Vice-Diretor(a) da Unidade de Ensino;<\/li><li>controlar o recebimento, movimenta\u00e7\u00e3o e expedi\u00e7\u00e3o de documentos e correspond\u00eancias;<\/li><li>tornar p\u00fablico os editais, ordens de servi\u00e7o, avisos e determina\u00e7\u00f5es que devem ser divulgadas; e,<\/li><li>executar outras atividades inerentes a sua \u00e1rea de compet\u00eancia.<\/li><\/ul>\t\t\t\t\t\t<\/div>\n\t\t\t\t<\/div>\n\t\t\t\t\t<\/div>\n\t\t<\/div>\n\t\t\t\t\t<\/div>\n\t\t<\/section>\n\t\t\t\t<section class=\"elementor-section elementor-top-section elementor-element elementor-element-bb2eecf elementor-section-boxed elementor-section-height-default elementor-section-height-default\" data-id=\"bb2eecf\" data-element_type=\"section\">\n\t\t\t\t\t\t<div class=\"elementor-container elementor-column-gap-default\">\n\t\t\t\t\t<div class=\"elementor-column elementor-col-100 elementor-top-column elementor-element elementor-element-1e8543a\" data-id=\"1e8543a\" data-element_type=\"column\">\n\t\t\t<div class=\"elementor-widget-wrap elementor-element-populated\">\n\t\t\t\t\t\t<div class=\"elementor-element elementor-element-fab4311 elementor-widget elementor-widget-text-editor\" data-id=\"fab4311\" data-element_type=\"widget\" data-widget_type=\"text-editor.default\">\n\t\t\t\t<div class=\"elementor-widget-container\">\n\t\t\t\t\t\t\t<div class=\"elementor-element elementor-element-95bb1fe elementor-widget elementor-widget-heading\" data-id=\"95bb1fe\" data-element_type=\"widget\" data-widget_type=\"heading.default\"><div class=\"elementor-widget-container\"><h5 class=\"elementor-heading-title elementor-size-default\">Contatos\/funcionamento<\/h5><\/div><\/div><div class=\"elementor-element elementor-element-a4012c7 elementor-widget elementor-widget-text-editor\" data-id=\"a4012c7\" data-element_type=\"widget\" data-widget_type=\"text-editor.default\"><div class=\"elementor-widget-container\"><pre><strong>Respons\u00e1vel:<\/strong> Secret\u00e1rio Executivo Wiliam de Moura Celestino<br \/><strong>E-mail:<\/strong> cefd@ufsm.br\n<strong>Telefone\/WhatsApp: <\/strong>(55) 3220-8246; (55) 3220-8027 \/ <a href=\"https:\/\/wa.me\/5532208027\">(55) 3220-8027<\/a> (somente hor\u00e1rio comercial)<br \/>Pr\u00e9dio 51 - Sala 2019<\/pre><\/div><\/div><p>.<\/p>\t\t\t\t\t\t<\/div>\n\t\t\t\t<\/div>\n\t\t\t\t\t<\/div>\n\t\t<\/div>\n\t\t\t\t\t<\/div>\n\t\t<\/section>\n\t\t\t\t<\/div>\n\t\t","protected":false},"excerpt":{"rendered":"<p>A Secretaria Administrativa do CEFD, al\u00e9m de suas compet\u00eancias gerais correspondentes constantes no Regimento Geral, a Secretaria tem como compet\u00eancias: elaborar e\/ou executar atos determinados ou autorizados pelo Diretor(a) e\/ou Vice-Diretor(a) da Unidade de Ensino; controlar o recebimento, movimenta\u00e7\u00e3o e expedi\u00e7\u00e3o de documentos e correspond\u00eancias; tornar p\u00fablico os editais, ordens de servi\u00e7o, avisos e determina\u00e7\u00f5es [&hellip;]<\/p>\n","protected":false},"author":291,"featured_media":0,"parent":0,"menu_order":0,"comment_status":"closed","ping_status":"closed","template":"","meta":{"footnotes":""},"categories":[],"tags":[],"class_list":["post-1143","page","type-page","status-publish","hentry"],"acf":[],"_links":{"self":[{"href":"https:\/\/www.ufsm.br\/unidades-universitarias\/cefd\/wp-json\/wp\/v2\/pages\/1143","targetHints":{"allow":["GET"]}}],"collection":[{"href":"https:\/\/www.ufsm.br\/unidades-universitarias\/cefd\/wp-json\/wp\/v2\/pages"}],"about":[{"href":"https:\/\/www.ufsm.br\/unidades-universitarias\/cefd\/wp-json\/wp\/v2\/types\/page"}],"author":[{"embeddable":true,"href":"https:\/\/www.ufsm.br\/unidades-universitarias\/cefd\/wp-json\/wp\/v2\/users\/291"}],"replies":[{"embeddable":true,"href":"https:\/\/www.ufsm.br\/unidades-universitarias\/cefd\/wp-json\/wp\/v2\/comments?post=1143"}],"version-history":[{"count":0,"href":"https:\/\/www.ufsm.br\/unidades-universitarias\/cefd\/wp-json\/wp\/v2\/pages\/1143\/revisions"}],"wp:attachment":[{"href":"https:\/\/www.ufsm.br\/unidades-universitarias\/cefd\/wp-json\/wp\/v2\/media?parent=1143"}],"wp:term":[{"taxonomy":"category","embeddable":true,"href":"https:\/\/www.ufsm.br\/unidades-universitarias\/cefd\/wp-json\/wp\/v2\/categories?post=1143"},{"taxonomy":"post_tag","embeddable":true,"href":"https:\/\/www.ufsm.br\/unidades-universitarias\/cefd\/wp-json\/wp\/v2\/tags?post=1143"}],"curies":[{"name":"wp","href":"https:\/\/api.w.org\/{rel}","templated":true}]}}