{"id":1453,"date":"2020-03-24T10:10:44","date_gmt":"2020-03-24T13:10:44","guid":{"rendered":"https:\/\/www.ufsm.br\/unidades-universitarias\/cefd\/?page_id=1453"},"modified":"2022-02-11T14:46:23","modified_gmt":"2022-02-11T17:46:23","slug":"sobre-o-cefd","status":"publish","type":"page","link":"https:\/\/www.ufsm.br\/unidades-universitarias\/cefd\/sobre-o-cefd","title":{"rendered":"Sobre o CEFD"},"content":{"rendered":"\n<p><span style=\"font-weight: 400\">O Centro de Educa\u00e7\u00e3o F\u00edsica e Desportos foi criado em 14 de maio de 1970. Atualmente possui cursos de bacharelado e licenciatura em Educa\u00e7\u00e3o F\u00edsica e a licenciatura em Dan\u00e7a, al\u00e9m de dois mestrados acad\u00eamicos: Educa\u00e7\u00e3o F\u00edsica e Gerontologia.<\/span><\/p>\n<p><span style=\"font-weight: 400\">Dezenas de projetos de pesquisa e extens\u00e3o complementam a forma\u00e7\u00e3o acad\u00eamica dos estudantes e fomentam o desenvolvimento cient\u00edfico, por meio do corpo docente altamente qualificado.<\/span><\/p>\n<p><span style=\"font-weight: 400\">O diferencial do Centro, historicamente, s\u00e3o os N\u00facleos de Estudos, fortemente atuantes na extens\u00e3o \u00e0 comunidade, desenvolvendo atividades nas \u00e1reas da sa\u00fade, ludicidade, esporte e qualidade de vida.\u00a0<\/span><\/p>\n<p><span style=\"font-weight: 400\">Diversos laborat\u00f3rios de pesquisa desenvolvem relevantes investiga\u00e7\u00f5es cient\u00edficas, em parceria com outras institui\u00e7\u00f5es nacionais e internacionais. A Revista Kinesis contribui para a divulga\u00e7\u00e3o de conhecimento produzido na academia, mantendo a tradi\u00e7\u00e3o do CEFD como um dos mais importantes centros de forma\u00e7\u00e3o em Educa\u00e7\u00e3o F\u00edsica e, recentemente, em Dan\u00e7a.<\/span><\/p>\n","protected":false},"excerpt":{"rendered":"<p>O Centro de Educa\u00e7\u00e3o F\u00edsica e Desportos foi criado em 14 de maio de 1970. Atualmente possui cursos de bacharelado e licenciatura em Educa\u00e7\u00e3o F\u00edsica e a licenciatura em Dan\u00e7a, al\u00e9m de dois mestrados acad\u00eamicos: Educa\u00e7\u00e3o F\u00edsica e Gerontologia. Dezenas de projetos de pesquisa e extens\u00e3o complementam a forma\u00e7\u00e3o acad\u00eamica dos estudantes e fomentam o [&hellip;]<\/p>\n","protected":false},"author":291,"featured_media":1876,"parent":0,"menu_order":0,"comment_status":"closed","ping_status":"closed","template":"","meta":{"footnotes":""},"categories":[86],"tags":[],"class_list":["post-1453","page","type-page","status-publish","has-post-thumbnail","hentry","category-banner"],"acf":[],"_links":{"self":[{"href":"https:\/\/www.ufsm.br\/unidades-universitarias\/cefd\/wp-json\/wp\/v2\/pages\/1453","targetHints":{"allow":["GET"]}}],"collection":[{"href":"https:\/\/www.ufsm.br\/unidades-universitarias\/cefd\/wp-json\/wp\/v2\/pages"}],"about":[{"href":"https:\/\/www.ufsm.br\/unidades-universitarias\/cefd\/wp-json\/wp\/v2\/types\/page"}],"author":[{"embeddable":true,"href":"https:\/\/www.ufsm.br\/unidades-universitarias\/cefd\/wp-json\/wp\/v2\/users\/291"}],"replies":[{"embeddable":true,"href":"https:\/\/www.ufsm.br\/unidades-universitarias\/cefd\/wp-json\/wp\/v2\/comments?post=1453"}],"version-history":[{"count":0,"href":"https:\/\/www.ufsm.br\/unidades-universitarias\/cefd\/wp-json\/wp\/v2\/pages\/1453\/revisions"}],"wp:featuredmedia":[{"embeddable":true,"href":"https:\/\/www.ufsm.br\/unidades-universitarias\/cefd\/wp-json\/wp\/v2\/media\/1876"}],"wp:attachment":[{"href":"https:\/\/www.ufsm.br\/unidades-universitarias\/cefd\/wp-json\/wp\/v2\/media?parent=1453"}],"wp:term":[{"taxonomy":"category","embeddable":true,"href":"https:\/\/www.ufsm.br\/unidades-universitarias\/cefd\/wp-json\/wp\/v2\/categories?post=1453"},{"taxonomy":"post_tag","embeddable":true,"href":"https:\/\/www.ufsm.br\/unidades-universitarias\/cefd\/wp-json\/wp\/v2\/tags?post=1453"}],"curies":[{"name":"wp","href":"https:\/\/api.w.org\/{rel}","templated":true}]}}