{"id":1535,"date":"2021-03-30T12:09:02","date_gmt":"2021-03-30T15:09:02","guid":{"rendered":"https:\/\/www.ufsm.br\/unidades-universitarias\/cefd\/?page_id=1535"},"modified":"2026-01-08T12:55:19","modified_gmt":"2026-01-08T15:55:19","slug":"atas-e-portarias-de-pessoal","status":"publish","type":"page","link":"https:\/\/www.ufsm.br\/unidades-universitarias\/cefd\/atas-e-portarias-de-pessoal","title":{"rendered":"Atas e portarias de pessoal"},"content":{"rendered":"\t\t<div data-elementor-type=\"wp-page\" data-elementor-id=\"1535\" class=\"elementor elementor-1535\">\n\t\t\t\t\t\t<section class=\"elementor-section elementor-top-section elementor-element elementor-element-0a7f17d elementor-section-boxed elementor-section-height-default elementor-section-height-default\" data-id=\"0a7f17d\" data-element_type=\"section\">\n\t\t\t\t\t\t<div class=\"elementor-container elementor-column-gap-default\">\n\t\t\t\t\t<div class=\"elementor-column elementor-col-100 elementor-top-column elementor-element elementor-element-badd7e8\" data-id=\"badd7e8\" data-element_type=\"column\">\n\t\t\t<div class=\"elementor-widget-wrap elementor-element-populated\">\n\t\t\t\t\t\t<div class=\"elementor-element elementor-element-9070504 elementor-widget elementor-widget-accordion\" data-id=\"9070504\" data-element_type=\"widget\" data-widget_type=\"accordion.default\">\n\t\t\t\t<div class=\"elementor-widget-container\">\n\t\t\t\t\t<div class=\"elementor-accordion\">\n\t\t\t\t\t\t\t<div class=\"elementor-accordion-item\">\n\t\t\t\t\t<div id=\"elementor-tab-title-1511\" class=\"elementor-tab-title\" data-tab=\"1\" role=\"button\" aria-controls=\"elementor-tab-content-1511\" aria-expanded=\"false\">\n\t\t\t\t\t\t\t\t\t\t\t\t<a class=\"elementor-accordion-title\" tabindex=\"0\">Atas<\/a>\n\t\t\t\t\t<\/div>\n\t\t\t\t\t<div id=\"elementor-tab-content-1511\" class=\"elementor-tab-content elementor-clearfix\" data-tab=\"1\" role=\"region\" aria-labelledby=\"elementor-tab-title-1511\"><p>2026<br \/><a href=\"https:\/\/drive.google.com\/drive\/folders\/189atUClw8B91IJviN97cQZFXNvhIykUT\" target=\"_blank\" rel=\"noopener\">2025<\/a><br \/><a href=\"https:\/\/drive.google.com\/drive\/folders\/1dv35g3ExRB6pnHdy6NHEP-Q8M1Et6vpk?usp=drive_link\">2024<\/a><br \/><a href=\"https:\/\/drive.google.com\/drive\/folders\/1iFJ7dNw8SvMpN5tF09fzEaPnjfPmE9sX?usp=drive_link\">2023<\/a><br \/><a href=\"https:\/\/drive.google.com\/drive\/folders\/11ScrZI5oJCCCxP_ZYkc_szdMw3ezk6Fz?usp=drive_link\">2022<\/a><br \/><a href=\"https:\/\/drive.google.com\/drive\/folders\/1mBdPuT8PZLd8rGJ_oseZwcwUcxbAu2I2?usp=drive_link\">2021<\/a><br \/><a href=\"https:\/\/drive.google.com\/drive\/folders\/1hz0qlVMK0VDxADwjTWk0wfARyRQNC8mW?usp=drive_link\">2020<\/a><br \/><a href=\"https:\/\/drive.google.com\/drive\/folders\/1MUM20UBBt0eKsIrTrYESWTWfGq7MqnFN?usp=drive_link\">2019<\/a><\/p><\/div>\n\t\t\t\t<\/div>\n\t\t\t\t\t\t\t<div class=\"elementor-accordion-item\">\n\t\t\t\t\t<div id=\"elementor-tab-title-1512\" class=\"elementor-tab-title\" data-tab=\"2\" role=\"button\" aria-controls=\"elementor-tab-content-1512\" aria-expanded=\"false\">\n\t\t\t\t\t\t\t\t\t\t\t\t<a class=\"elementor-accordion-title\" tabindex=\"0\">Portarias<\/a>\n\t\t\t\t\t<\/div>\n\t\t\t\t\t<div id=\"elementor-tab-content-1512\" class=\"elementor-tab-content elementor-clearfix\" data-tab=\"2\" role=\"region\" aria-labelledby=\"elementor-tab-title-1512\"><p><b>2026<\/b><br><a href=\"https:\/\/drive.google.com\/drive\/folders\/1Os7yLj96pbMscT9HmSMZ7AQcHOCCm3Us\" target=\"_blank\">&#8211; Chefias e Substitui\u00e7\u00f5es<\/a><br><a href=\"https:\/\/drive.google.com\/drive\/folders\/1zZiKPLz8Zy_andxI-TAsBAKqIymporzR\" target=\"_blank\">&#8211; Conselho e Colegiados<\/a><br><a href=\"https:\/\/drive.google.com\/drive\/folders\/1DuKWTxvPVmQ0y29pfj1s23cy9woFT6XA\" target=\"_blank\">&#8211; Outras Portarias<\/a><\/p>\n<p><b>2025<\/b><br><a href=\"https:\/\/drive.google.com\/drive\/folders\/1G6NLk0qVxpHe-zSsIIqGaMF3am65dyCQ\" target=\"_blank\" rel=\"noopener\">&#8211; Chefias e Substitui\u00e7\u00f5es<\/a><br><a href=\"https:\/\/drive.google.com\/drive\/folders\/1k7rCt70Tr8HUzFiK2hpnDn1ADa19w3ok\" target=\"_blank\" rel=\"noopener\">&#8211; Conselho e Colegiados<\/a><br><a href=\"https:\/\/drive.google.com\/drive\/folders\/1MfYvdELxr3v4gstXSB1gC6cVvcYmMsJS\" target=\"_blank\" rel=\"noopener\">&#8211; Outras Portarias<\/a><\/p>\n<p><strong>2024<br><\/strong><a href=\"https:\/\/drive.google.com\/drive\/folders\/1Mi41I-uqd3T881t9ThwSMptP2nXtKCeS?usp=drive_link\">&#8211; Chefias e Substitui\u00e7\u00f5es<\/a><br><a href=\"https:\/\/drive.google.com\/drive\/folders\/1s5Cg-EOWvCm2r3azwz5D3oysIP4SHpv0?usp=drive_link\">&#8211; Conselho e Colegiados<\/a><br><a href=\"https:\/\/drive.google.com\/drive\/folders\/16DjC_L1QXnDvVruE-Z8DGjhJ6pBP-nGA?usp=drive_link\">&#8211; Outras Portarias<\/a><strong><br><\/strong><\/p>\n<p><strong>2023<\/strong><br><a href=\"https:\/\/drive.google.com\/drive\/folders\/1_zIsB6DlBEZYfN6UH9rI4kynoemEB5bB?usp=drive_link\">&#8211; Chefias e Substitui\u00e7\u00f5es<\/a><br><a href=\"https:\/\/drive.google.com\/drive\/folders\/1MvPr0AKxe9eDYcJwd-FV5328D00jpcre?usp=drive_link\">&#8211; Conselho e Colegiados<\/a><br><a href=\"https:\/\/drive.google.com\/drive\/folders\/1SUH-Hy8Xrqhq0T3ztgUvZHBylcEFr45h?usp=drive_link\">&#8211; Outras Portarias<\/a><\/p>\n<p><strong>2022<br><\/strong>&#8211; <a href=\"https:\/\/drive.google.com\/drive\/folders\/1e7z2tfDRGuFMqSpBGbHxfL0RhTzAZEb6?usp=drive_link\">Chefias e Substitui\u00e7\u00f5es<\/a><br>&#8211; <a href=\"https:\/\/drive.google.com\/drive\/folders\/1Jjv_bN1-gtSdyDQSfWktAhUIvY_0AEKU?usp=drive_link\">Conselho e Colegiados<\/a><br>&#8211; <a href=\"https:\/\/drive.google.com\/drive\/folders\/1B7ETYSiJ4iY1oGqkz1L2BrK2XZshYgqr?usp=drive_link\">Outras Portarias<\/a><\/p>\n<p><strong>2021<br><\/strong>&#8211; <a href=\"https:\/\/drive.google.com\/drive\/folders\/1YJUJaaZqWnWA8lqmKChT8qu5b6I08kiO?usp=drive_link\">Chefias e Substitui\u00e7\u00f5es<\/a><br>&#8211; <a href=\"https:\/\/drive.google.com\/drive\/folders\/1rjHhZ0dGiXo7mGhxDcooxCEEReFbqQxA?usp=drive_link\">Conselho e Colegiados<\/a><br>&#8211; <a href=\"https:\/\/drive.google.com\/drive\/folders\/1DRI7sa02c6e3UVXRtVUUhWmXi2rqzquX?usp=drive_link\">Outras Portarias<\/a><\/p>\n<p><strong>2020<br><\/strong>&#8211; <a href=\"https:\/\/drive.google.com\/drive\/folders\/1bQ0SzCHi-wKr4_ORu13nlzfYZ-Ou_eNj?usp=drive_link\">Chefias e Substitui\u00e7\u00f5es<\/a><br>&#8211; <a href=\"https:\/\/drive.google.com\/drive\/folders\/1GuLaZDSZERDuUJeSBcsIL8cFlbCx0zsA?usp=drive_link\">Conselho e Colegiados<\/a><br>&#8211; <a href=\"https:\/\/drive.google.com\/drive\/folders\/1vcjWPy7hyPMkBlDg6bLjBtK1EESXWeza?usp=drive_link\">Outras Portarias<\/a><\/p>\n<p><strong>2019<br><\/strong>&#8211; <a href=\"https:\/\/drive.google.com\/drive\/folders\/11E0iGOcXGsrLeJ3RZBvslnl4xW0wwSo-?usp=drive_link\">Chefias e Substitui\u00e7\u00f5es<\/a><br>&#8211; <a href=\"https:\/\/drive.google.com\/drive\/folders\/1WSw9MvamVSrqU9FM6T1QrVP1ZQvBSZRS?usp=drive_link\">Conselho e Colegiados<\/a><br>&#8211; <a href=\"https:\/\/drive.google.com\/drive\/folders\/14xIKtKHcpLRG98cg5cZCc-VakJ4Fa47C?usp=drive_link\">Outras Portarias<\/a><\/p>\n<p><strong>2018<br><\/strong>&#8211; <a href=\"https:\/\/drive.google.com\/drive\/folders\/1sRb0xKQWjGdMKcFbxpZFgB1R5KbAWlqa?usp=drive_link\">Chefias e Substitui\u00e7\u00f5es<\/a><br>&#8211; <a href=\"https:\/\/drive.google.com\/drive\/folders\/1IJXX29l9B052gcCO32SuM4MlSZfajI3K?usp=drive_link\">Conselho e Colegiados<\/a><br>&#8211; <a href=\"https:\/\/drive.google.com\/drive\/folders\/1ioBxGfFEaCP4m_t6-cEuQzG8uFwNCV-d?usp=drive_link\">Outras Portarias<\/a><\/p><\/div>\n\t\t\t\t<\/div>\n\t\t\t\t\t\t\t\t<\/div>\n\t\t\t\t<\/div>\n\t\t\t\t<\/div>\n\t\t\t\t\t<\/div>\n\t\t<\/div>\n\t\t\t\t\t<\/div>\n\t\t<\/section>\n\t\t\t\t<\/div>\n\t\t","protected":false},"excerpt":{"rendered":"<p>Atas 20262025202420232022202120202019 Portarias 2026&#8211; Chefias e Substitui\u00e7\u00f5es&#8211; Conselho e Colegiados&#8211; Outras Portarias 2025&#8211; Chefias e Substitui\u00e7\u00f5es&#8211; Conselho e Colegiados&#8211; Outras Portarias 2024&#8211; Chefias e Substitui\u00e7\u00f5es&#8211; Conselho e Colegiados&#8211; Outras Portarias 2023&#8211; Chefias e Substitui\u00e7\u00f5es&#8211; Conselho e Colegiados&#8211; Outras Portarias 2022&#8211; Chefias e Substitui\u00e7\u00f5es&#8211; Conselho e Colegiados&#8211; Outras Portarias 2021&#8211; Chefias e Substitui\u00e7\u00f5es&#8211; Conselho e Colegiados&#8211; [&hellip;]<\/p>\n","protected":false},"author":291,"featured_media":0,"parent":0,"menu_order":0,"comment_status":"closed","ping_status":"closed","template":"","meta":{"footnotes":""},"categories":[],"tags":[],"class_list":["post-1535","page","type-page","status-publish","hentry"],"acf":[],"_links":{"self":[{"href":"https:\/\/www.ufsm.br\/unidades-universitarias\/cefd\/wp-json\/wp\/v2\/pages\/1535","targetHints":{"allow":["GET"]}}],"collection":[{"href":"https:\/\/www.ufsm.br\/unidades-universitarias\/cefd\/wp-json\/wp\/v2\/pages"}],"about":[{"href":"https:\/\/www.ufsm.br\/unidades-universitarias\/cefd\/wp-json\/wp\/v2\/types\/page"}],"author":[{"embeddable":true,"href":"https:\/\/www.ufsm.br\/unidades-universitarias\/cefd\/wp-json\/wp\/v2\/users\/291"}],"replies":[{"embeddable":true,"href":"https:\/\/www.ufsm.br\/unidades-universitarias\/cefd\/wp-json\/wp\/v2\/comments?post=1535"}],"version-history":[{"count":0,"href":"https:\/\/www.ufsm.br\/unidades-universitarias\/cefd\/wp-json\/wp\/v2\/pages\/1535\/revisions"}],"wp:attachment":[{"href":"https:\/\/www.ufsm.br\/unidades-universitarias\/cefd\/wp-json\/wp\/v2\/media?parent=1535"}],"wp:term":[{"taxonomy":"category","embeddable":true,"href":"https:\/\/www.ufsm.br\/unidades-universitarias\/cefd\/wp-json\/wp\/v2\/categories?post=1535"},{"taxonomy":"post_tag","embeddable":true,"href":"https:\/\/www.ufsm.br\/unidades-universitarias\/cefd\/wp-json\/wp\/v2\/tags?post=1535"}],"curies":[{"name":"wp","href":"https:\/\/api.w.org\/{rel}","templated":true}]}}