{"id":2120,"date":"2023-02-08T10:41:05","date_gmt":"2023-02-08T13:41:05","guid":{"rendered":"https:\/\/www.ufsm.br\/unidades-universitarias\/cefd\/?page_id=2120"},"modified":"2026-02-05T11:31:25","modified_gmt":"2026-02-05T14:31:25","slug":"subdivisao-de-apoio-as-atividades-academico-cientificas","status":"publish","type":"page","link":"https:\/\/www.ufsm.br\/unidades-universitarias\/cefd\/subdivisao-de-apoio-as-atividades-academico-cientificas","title":{"rendered":"Subdivis\u00e3o de Apoio \u00e0s Atividades Acad\u00eamico-Cient\u00edficas"},"content":{"rendered":"\t\t<div data-elementor-type=\"wp-page\" data-elementor-id=\"2120\" class=\"elementor elementor-2120\">\n\t\t\t\t\t\t<section class=\"elementor-section elementor-top-section elementor-element elementor-element-727af1ad elementor-section-boxed elementor-section-height-default elementor-section-height-default\" data-id=\"727af1ad\" data-element_type=\"section\">\n\t\t\t\t\t\t<div class=\"elementor-container elementor-column-gap-default\">\n\t\t\t\t\t<div class=\"elementor-column elementor-col-100 elementor-top-column elementor-element elementor-element-463271b\" data-id=\"463271b\" data-element_type=\"column\">\n\t\t\t<div class=\"elementor-widget-wrap elementor-element-populated\">\n\t\t\t\t\t\t<div class=\"elementor-element elementor-element-5e6f718b elementor-widget elementor-widget-text-editor\" data-id=\"5e6f718b\" data-element_type=\"widget\" data-widget_type=\"text-editor.default\">\n\t\t\t\t<div class=\"elementor-widget-container\">\n\t\t\t\t\t\t\t<div><span style=\"font-family: arial, sans-serif\">A Subdivis\u00e3o de apoio \u00e0s Atividades Acad\u00eamico-Cient\u00edficas do CEFD \u00e9 vinculada \u00e0 dire\u00e7\u00e3o do Centro e foi criada com o objetivo de dar suporte \u00e0s atividades complementares dos cursos deste Centro. Al\u00e9m das compet\u00eancias gerais correspondentes constantes no Regimento Geral, compete:<\/span><\/div>\n<div>\n<p><span style=\"font-family: arial, sans-serif\"><span style=\"color: #1e1e1e\">I &#8211; Prestar assessoria e suporte \u00e0 dire\u00e7\u00e3o, coordena\u00e7\u00f5es, laborat\u00f3rios, eventos;<\/span><br \/><\/span><\/p>\n<p><span style=\"font-family: arial, sans-serif\"><span style=\"color: #1e1e1e\">II &#8211;\u00a0 Prestar assessoria e suporte aos<\/span><span style=\"color: #1e1e1e\">\u00a0projetos de\u00a0<\/span><span style=\"color: #1e1e1e\">pesquisa e de<\/span><span style=\"color: #1e1e1e\">\u00a0extens\u00e3o;<\/span><\/span><\/p>\n<p><span style=\"font-family: arial, sans-serif\"><span style=\"color: #1e1e1e\">III &#8211;\u00a0\u00a0<\/span><span style=\"color: #0d0d0d\">Oferecer suporte t\u00e9cnico especializado nas atividades pr\u00e1ticas\u00a0<\/span><span style=\"color: #0d0d0d\">relacionadas ao CEFD<\/span><span style=\"color: #0d0d0d\">;<\/span><\/span><\/p>\n<p><span style=\"font-family: arial, sans-serif\"><span style=\"color: #1e1e1e\">IV &#8211;<\/span><span style=\"color: #0d0d0d\">Planejar e executar a divulga\u00e7\u00e3o dos servi\u00e7os, eventos e projetos\u00a0<\/span><span style=\"color: #0d0d0d\">integralmente coordenados<\/span><span style=\"color: #0d0d0d\">\u00a0pela<\/span><span style=\"color: #0d0d0d\">\u00a0SAAC,\u00a0<\/span><span style=\"color: #0d0d0d\">atrav\u00e9s<\/span><span style=\"color: #0d0d0d\">d<\/span><span style=\"color: #0d0d0d\">os canais de comunica\u00e7\u00e3o institucionais\u00a0<\/span><span style=\"color: #0d0d0d\">do CEFD;<\/span><\/span><\/p>\n<p><span style=\"font-family: arial, sans-serif\"><span style=\"color: #0d0d0d\">V &#8211;\u00a0<\/span><span style=\"color: #0d0d0d\">Elaborar relat\u00f3rios gerenciais\u00a0<\/span><span style=\"color: #0d0d0d\">e<\/span><span style=\"color: #0d0d0d\">\u00a0indicadores de desempenho dos projetos e atividades\u00a0<\/span><span style=\"color: #0d0d0d\">integralmente\u00a0<\/span><span style=\"color: #0d0d0d\">coordena<\/span><span style=\"color: #0d0d0d\">dos pela<\/span><span style=\"color: #0d0d0d\">\u00a0SAAC;<\/span><\/span><\/p>\n<p><span style=\"font-family: arial, sans-serif\"><span style=\"color: #0d0d0d\">VI &#8211;<\/span><span style=\"color: #0d0d0d\">Desenvolver\u00a0<\/span><span style=\"color: #0d0d0d\">estrat\u00e9gias de<\/span><span style=\"color: #0d0d0d\">\u00a0aprimoramento e\u00a0<\/span><span style=\"color: #0d0d0d\">de\u00a0<\/span><span style=\"color: #0d0d0d\">expans\u00e3o dos servi\u00e7os\u00a0<\/span><span style=\"color: #0d0d0d\">assessorados pela SAAC;<\/span><\/span><\/p>\n<p><span style=\"color: #0d0d0d\"><span style=\"font-family: arial, sans-serif\">VII &#8211; Conduzir pesquisas de satisfa\u00e7\u00e3o para coletar feedback de participantes, visando a melhoria cont\u00ednua das atividades e projetos assessorados pela SAAC;<\/span><\/span><\/p>\n<p><span style=\"font-family: arial, sans-serif\"><span style=\"color: #0d0d0d\">VIII &#8211;\u00a0<\/span><span style=\"color: #0d0d0d\">Auxiliar na aquisi\u00e7\u00e3o de materiais de consumo e de materiais permanentes dos projetos\u00a0<\/span><span style=\"color: #0d0d0d\">de pesquisa e de extens\u00e3o<\/span><span style=\"color: #0d0d0d\">\u00a0relacionados \u00e0 SAAC.<\/span><\/span><\/p>\n<\/div>\n<div><span style=\"font-family: arial, sans-serif\"><b>Equipe:<\/b><\/span><\/div>\n<div><span style=\"font-family: arial, sans-serif\">Coordenador: Andr\u00e9 Lucas Bezerra Pacheco &#8211; T\u00e9cnico de Laborat\u00f3rio\/Qu\u00edmica<\/span><\/div>\n<div><span style=\"font-size: 16px\">Bianca Spode Beltrame &#8211; Administradora<\/span><\/div>\n<div><span style=\"font-family: arial, sans-serif\">Carla Emilia Rossato &#8211; T\u00e9cnica Desportiva<\/span><\/div>\n<div><span style=\"font-family: arial, sans-serif\">Elizandra Lopes Richter &#8211; Fisioterapeuta<\/span><\/div>\n<div><span style=\"font-family: arial, sans-serif\">Vanessa Oliveira Domingues &#8211; Farmac\u00eautica Bioqu\u00edmica<\/span><\/div>\n<div><span style=\"font-family: arial, sans-serif\">\u00a0<\/span><\/div>\n<div><span style=\"font-family: arial, sans-serif\"><b>Hor\u00e1rio de Funcionamento externo:<\/b>\u00a008:00 &#8211; 11:30 | 13:30 &#8211; 17:00<\/span><\/div>\n<div>\n<div><span style=\"font-family: arial, sans-serif\"><b>Telefone<\/b>: (55) 3220-9514<\/span><\/div>\n<div><span style=\"font-family: arial, sans-serif\"><b>Email<\/b>:\u00a0<a href=\"mailto:saac.cefd@ufsm.br\" target=\"_blank\" rel=\"noopener\">saac.cefd@ufsm.br<\/a><\/span><\/div>\n<div><span style=\"font-family: arial, sans-serif\"><b>Local:<\/b>\u00a0Pr\u00e9dio 51 &#8211; Centro de Educa\u00e7\u00e3o F\u00edsica e Desportos (CEFD) \/ Sala 1033 (t\u00e9rreo)<\/span><\/div>\n<\/div>\n<p><!-- \/wp:tadv\/classic-paragraph --><!-- wp:tadv\/classic-paragraph \/--><\/p>\t\t\t\t\t\t<\/div>\n\t\t\t\t<\/div>\n\t\t\t\t<div class=\"elementor-element elementor-element-ae9b6d3 e-grid-align-left elementor-shape-rounded elementor-grid-0 elementor-widget elementor-widget-social-icons\" data-id=\"ae9b6d3\" data-element_type=\"widget\" data-widget_type=\"social-icons.default\">\n\t\t\t\t<div class=\"elementor-widget-container\">\n\t\t\t\t\t<div class=\"elementor-social-icons-wrapper elementor-grid\">\n\t\t\t\t\t\t\t<span class=\"elementor-grid-item\">\n\t\t\t\t\t<a class=\"elementor-icon elementor-social-icon elementor-social-icon-instagram elementor-repeater-item-2fbe9c2\" href=\"http:\/\/instagram.com\/glass.ufsm\" target=\"_blank\">\n\t\t\t\t\t\t<span class=\"elementor-screen-only\">Instagram<\/span>\n\t\t\t\t\t\t<i class=\"fab fa-instagram\"><\/i>\t\t\t\t\t<\/a>\n\t\t\t\t<\/span>\n\t\t\t\t\t<\/div>\n\t\t\t\t<\/div>\n\t\t\t\t<\/div>\n\t\t\t\t\t<\/div>\n\t\t<\/div>\n\t\t\t\t\t<\/div>\n\t\t<\/section>\n\t\t\t\t<\/div>\n\t\t","protected":false},"excerpt":{"rendered":"<p>A Subdivis\u00e3o de apoio \u00e0s Atividades Acad\u00eamico-Cient\u00edficas do CEFD \u00e9 vinculada \u00e0 dire\u00e7\u00e3o do Centro e foi criada com o objetivo de dar suporte \u00e0s atividades complementares dos cursos deste Centro. Al\u00e9m das compet\u00eancias gerais correspondentes constantes no Regimento Geral, compete: I &#8211; Prestar assessoria e suporte \u00e0 dire\u00e7\u00e3o, coordena\u00e7\u00f5es, laborat\u00f3rios, eventos; II &#8211;\u00a0 Prestar [&hellip;]<\/p>\n","protected":false},"author":291,"featured_media":0,"parent":0,"menu_order":0,"comment_status":"closed","ping_status":"closed","template":"","meta":{"footnotes":""},"categories":[],"tags":[],"class_list":["post-2120","page","type-page","status-publish","hentry"],"acf":[],"_links":{"self":[{"href":"https:\/\/www.ufsm.br\/unidades-universitarias\/cefd\/wp-json\/wp\/v2\/pages\/2120","targetHints":{"allow":["GET"]}}],"collection":[{"href":"https:\/\/www.ufsm.br\/unidades-universitarias\/cefd\/wp-json\/wp\/v2\/pages"}],"about":[{"href":"https:\/\/www.ufsm.br\/unidades-universitarias\/cefd\/wp-json\/wp\/v2\/types\/page"}],"author":[{"embeddable":true,"href":"https:\/\/www.ufsm.br\/unidades-universitarias\/cefd\/wp-json\/wp\/v2\/users\/291"}],"replies":[{"embeddable":true,"href":"https:\/\/www.ufsm.br\/unidades-universitarias\/cefd\/wp-json\/wp\/v2\/comments?post=2120"}],"version-history":[{"count":0,"href":"https:\/\/www.ufsm.br\/unidades-universitarias\/cefd\/wp-json\/wp\/v2\/pages\/2120\/revisions"}],"wp:attachment":[{"href":"https:\/\/www.ufsm.br\/unidades-universitarias\/cefd\/wp-json\/wp\/v2\/media?parent=2120"}],"wp:term":[{"taxonomy":"category","embeddable":true,"href":"https:\/\/www.ufsm.br\/unidades-universitarias\/cefd\/wp-json\/wp\/v2\/categories?post=2120"},{"taxonomy":"post_tag","embeddable":true,"href":"https:\/\/www.ufsm.br\/unidades-universitarias\/cefd\/wp-json\/wp\/v2\/tags?post=2120"}],"curies":[{"name":"wp","href":"https:\/\/api.w.org\/{rel}","templated":true}]}}