{"id":2126,"date":"2023-02-08T11:00:47","date_gmt":"2023-02-08T14:00:47","guid":{"rendered":"https:\/\/www.ufsm.br\/unidades-universitarias\/cefd\/?page_id=2126"},"modified":"2024-04-02T13:34:53","modified_gmt":"2024-04-02T16:34:53","slug":"subdivisao-de-patrimonio","status":"publish","type":"page","link":"https:\/\/www.ufsm.br\/unidades-universitarias\/cefd\/subdivisao-de-patrimonio","title":{"rendered":"Subdivis\u00e3o de Patrim\u00f4nio"},"content":{"rendered":"\t\t<div data-elementor-type=\"wp-page\" data-elementor-id=\"2126\" class=\"elementor elementor-2126\">\n\t\t\t\t\t\t<section class=\"elementor-section elementor-top-section elementor-element elementor-element-7af1ec6 elementor-section-boxed elementor-section-height-default elementor-section-height-default\" data-id=\"7af1ec6\" data-element_type=\"section\">\n\t\t\t\t\t\t<div class=\"elementor-container elementor-column-gap-default\">\n\t\t\t\t\t<div class=\"elementor-column elementor-col-100 elementor-top-column elementor-element elementor-element-3e9b2168\" data-id=\"3e9b2168\" data-element_type=\"column\">\n\t\t\t<div class=\"elementor-widget-wrap elementor-element-populated\">\n\t\t\t\t\t\t<div class=\"elementor-element elementor-element-720ecebb elementor-widget elementor-widget-text-editor\" data-id=\"720ecebb\" data-element_type=\"widget\" data-widget_type=\"text-editor.default\">\n\t\t\t\t<div class=\"elementor-widget-container\">\n\t\t\t\t\t\t\t<p><!-- wp:tadv\/classic-paragraph --><\/p>\n<p>\u00c0 Subdivis\u00e3o de Patrim\u00f4nio do CEFD, al\u00e9m das compet\u00eancias gerais correspondentes constantes no Regimento Geral, compete:<br \/><br \/>I &#8211; realizar a confer\u00eancia e o controle das transfer\u00eancias da carga patrimonial da Unidade de Ensino, exceto dos Departamentos;<br \/>II &#8211; orientar quanto \u00e0 retirada e devolu\u00e7\u00e3o dos bens patrimoniais das subunidades e orientar quanto \u00e0s sindic\u00e2ncias patrimoniais;<br \/>III &#8211; orientar quanto \u00e0 transfer\u00eancia dos bens, para carga patrimonial da UFSM, adquiridos junto aos projetos de pesquisa e a projetos via funda\u00e7\u00e3o de apoio;<br \/>IV &#8211; gerenciar as doa\u00e7\u00f5es e baixas de bens patrimoniais no \u00e2mbito da Unidade de Ensino;<br \/>V &#8211; verificar a necessidade de compras de bens patrimoniais para a Unidade de Ensino;<br \/>VI &#8211; orientar \u00e0s subunidades no que se refere ao controle patrimonial;<br \/>VII &#8211; desenvolver pol\u00edticas de uso racional dos bens do CEFD; e,<br \/>VIII &#8211; realizar o controle sobre transfer\u00eancia e baixa de material em desuso vinculado \u00e0 Unidade de<br \/>Ensino.<\/p>\n<p><strong>Servidora Respons\u00e1vel:<\/strong> Claudia Simone da Cunha Teixeira<br \/><strong>Localiza\u00e7\u00e3o:<\/strong> Pr\u00e9dio 51, sala 2027 &#8211; UFSM<br \/><strong>E-mail:<\/strong> patrimonio.cefd@ufsm.br<br \/><strong>Telefone:<\/strong> (55) 3220-8879<\/p>\n<p><strong>Classificados:<\/strong> https:\/\/www.ufsm.br\/orgaos-executivos\/demapa\/classificados<br \/><strong>Orienta\u00e7\u00f5es:<\/strong> https:\/\/www.ufsm.br\/orgaos-executivos\/demapa\/orientacoes<\/p>\n<p><!-- \/wp:tadv\/classic-paragraph --><\/p>\t\t\t\t\t\t<\/div>\n\t\t\t\t<\/div>\n\t\t\t\t\t<\/div>\n\t\t<\/div>\n\t\t\t\t\t<\/div>\n\t\t<\/section>\n\t\t\t\t<\/div>\n\t\t","protected":false},"excerpt":{"rendered":"<p>\u00c0 Subdivis\u00e3o de Patrim\u00f4nio do CEFD, al\u00e9m das compet\u00eancias gerais correspondentes constantes no Regimento Geral, compete: I &#8211; realizar a confer\u00eancia e o controle das transfer\u00eancias da carga patrimonial da Unidade de Ensino, exceto dos Departamentos;II &#8211; orientar quanto \u00e0 retirada e devolu\u00e7\u00e3o dos bens patrimoniais das subunidades e orientar quanto \u00e0s sindic\u00e2ncias patrimoniais;III &#8211; [&hellip;]<\/p>\n","protected":false},"author":291,"featured_media":0,"parent":0,"menu_order":0,"comment_status":"closed","ping_status":"closed","template":"","meta":{"footnotes":""},"categories":[],"tags":[],"class_list":["post-2126","page","type-page","status-publish","hentry"],"acf":[],"_links":{"self":[{"href":"https:\/\/www.ufsm.br\/unidades-universitarias\/cefd\/wp-json\/wp\/v2\/pages\/2126","targetHints":{"allow":["GET"]}}],"collection":[{"href":"https:\/\/www.ufsm.br\/unidades-universitarias\/cefd\/wp-json\/wp\/v2\/pages"}],"about":[{"href":"https:\/\/www.ufsm.br\/unidades-universitarias\/cefd\/wp-json\/wp\/v2\/types\/page"}],"author":[{"embeddable":true,"href":"https:\/\/www.ufsm.br\/unidades-universitarias\/cefd\/wp-json\/wp\/v2\/users\/291"}],"replies":[{"embeddable":true,"href":"https:\/\/www.ufsm.br\/unidades-universitarias\/cefd\/wp-json\/wp\/v2\/comments?post=2126"}],"version-history":[{"count":0,"href":"https:\/\/www.ufsm.br\/unidades-universitarias\/cefd\/wp-json\/wp\/v2\/pages\/2126\/revisions"}],"wp:attachment":[{"href":"https:\/\/www.ufsm.br\/unidades-universitarias\/cefd\/wp-json\/wp\/v2\/media?parent=2126"}],"wp:term":[{"taxonomy":"category","embeddable":true,"href":"https:\/\/www.ufsm.br\/unidades-universitarias\/cefd\/wp-json\/wp\/v2\/categories?post=2126"},{"taxonomy":"post_tag","embeddable":true,"href":"https:\/\/www.ufsm.br\/unidades-universitarias\/cefd\/wp-json\/wp\/v2\/tags?post=2126"}],"curies":[{"name":"wp","href":"https:\/\/api.w.org\/{rel}","templated":true}]}}