{"id":27,"date":"2018-06-21T10:07:44","date_gmt":"2018-06-21T13:07:44","guid":{"rendered":"https:\/\/www.ufsm.br\/unidades-universitarias\/cefd\/?page_id=27"},"modified":"2025-03-25T19:49:28","modified_gmt":"2025-03-25T22:49:28","slug":"gabinete-de-projetos","status":"publish","type":"page","link":"https:\/\/www.ufsm.br\/unidades-universitarias\/cefd\/gabinete-de-projetos","title":{"rendered":"Subdivis\u00e3o de Projetos"},"content":{"rendered":"\t\t<div data-elementor-type=\"wp-post\" data-elementor-id=\"27\" class=\"elementor elementor-27\">\n\t\t\t\t\t\t<section class=\"elementor-section elementor-top-section elementor-element elementor-element-dca0041 elementor-section-boxed elementor-section-height-default elementor-section-height-default\" data-id=\"dca0041\" data-element_type=\"section\">\n\t\t\t\t\t\t<div class=\"elementor-container elementor-column-gap-default\">\n\t\t\t\t\t<div class=\"elementor-column elementor-col-100 elementor-top-column elementor-element elementor-element-a825494\" data-id=\"a825494\" data-element_type=\"column\">\n\t\t\t<div class=\"elementor-widget-wrap elementor-element-populated\">\n\t\t\t\t\t\t<div class=\"elementor-element elementor-element-07f4e27 elementor-widget elementor-widget-text-editor\" data-id=\"07f4e27\" data-element_type=\"widget\" data-widget_type=\"text-editor.default\">\n\t\t\t\t<div class=\"elementor-widget-container\">\n\t\t\t\t\t\t\t<p><strong>Diretor: Assistente em Administra\u00e7\u00e3o Rafael Dias Mortari<\/strong><\/p><p>Contatos:<\/p><p>E-mail: projetoscefd@ufsm.br<\/p><p>Telefone\/ramal: (55) 3220-8414<\/p><p>Sala: 2021 (junto \u00e0 Dire\u00e7\u00e3o) &#8211; Pr\u00e9dio 51 &#8211; CEFD<\/p>\t\t\t\t\t\t<\/div>\n\t\t\t\t<\/div>\n\t\t\t\t\t<\/div>\n\t\t<\/div>\n\t\t\t\t\t<\/div>\n\t\t<\/section>\n\t\t\t\t<section class=\"elementor-section elementor-top-section elementor-element elementor-element-f7aa331 elementor-section-boxed elementor-section-height-default elementor-section-height-default\" data-id=\"f7aa331\" data-element_type=\"section\">\n\t\t\t\t\t\t<div class=\"elementor-container elementor-column-gap-default\">\n\t\t\t\t\t<div class=\"elementor-column elementor-col-50 elementor-top-column elementor-element elementor-element-ac84251\" data-id=\"ac84251\" data-element_type=\"column\">\n\t\t\t<div class=\"elementor-widget-wrap elementor-element-populated\">\n\t\t\t\t\t\t<div class=\"elementor-element elementor-element-3b33f89 elementor-alert-warning elementor-widget elementor-widget-alert\" data-id=\"3b33f89\" data-element_type=\"widget\" data-widget_type=\"alert.default\">\n\t\t\t\t<div class=\"elementor-widget-container\">\n\t\t\t\t\t<div class=\"elementor-alert\" role=\"alert\">\n\n\t\t\t\t\t\t<span class=\"elementor-alert-title\">ATEN\u00c7\u00c3O<\/span>\n\t\t\t\n\t\t\t\t\t\t<span class=\"elementor-alert-description\">Se voc\u00ea \u00e9 candidato(a) a uma vaga de bolsa em projeto registrado no GAP\/CEFD, preencha a FICHA ao lado, conforme as instru\u00e7\u00f5es do edital.<\/span>\n\t\t\t\n\t\t\t\n\t\t<\/div>\n\t\t\t\t<\/div>\n\t\t\t\t<\/div>\n\t\t\t\t\t<\/div>\n\t\t<\/div>\n\t\t\t\t<div class=\"elementor-column elementor-col-50 elementor-top-column elementor-element elementor-element-b10791d\" data-id=\"b10791d\" data-element_type=\"column\">\n\t\t\t<div class=\"elementor-widget-wrap elementor-element-populated\">\n\t\t\t\t\t\t<section class=\"elementor-section elementor-inner-section elementor-element elementor-element-b059eef elementor-section-boxed elementor-section-height-default elementor-section-height-default\" data-id=\"b059eef\" data-element_type=\"section\">\n\t\t\t\t\t\t<div class=\"elementor-container elementor-column-gap-default\">\n\t\t\t\t\t<div class=\"elementor-column elementor-col-50 elementor-inner-column elementor-element elementor-element-99c89a2\" data-id=\"99c89a2\" data-element_type=\"column\">\n\t\t\t<div class=\"elementor-widget-wrap elementor-element-populated\">\n\t\t\t\t\t\t<div class=\"elementor-element elementor-element-ea03a83 elementor-button-info elementor-widget elementor-widget-button\" data-id=\"ea03a83\" data-element_type=\"widget\" data-widget_type=\"button.default\">\n\t\t\t\t<div class=\"elementor-widget-container\">\n\t\t\t\t\t\t\t<div class=\"elementor-button-wrapper\">\n\t\t\t\t\t<a class=\"elementor-button elementor-button-link elementor-size-sm\" href=\"https:\/\/drive.google.com\/open?id=1YYBF8SacaVwL0fVpvC5su3qDtpxx1KIG\">\n\t\t\t\t\t\t<span class=\"elementor-button-content-wrapper\">\n\t\t\t\t\t\t\t\t\t<span class=\"elementor-button-text\">Ficha para cadastro de bolsista<\/span>\n\t\t\t\t\t<\/span>\n\t\t\t\t\t<\/a>\n\t\t\t\t<\/div>\n\t\t\t\t\t\t<\/div>\n\t\t\t\t<\/div>\n\t\t\t\t\t<\/div>\n\t\t<\/div>\n\t\t\t\t<div class=\"elementor-column elementor-col-50 elementor-inner-column elementor-element elementor-element-ea0bdd8\" data-id=\"ea0bdd8\" data-element_type=\"column\">\n\t\t\t<div class=\"elementor-widget-wrap\">\n\t\t\t\t\t\t\t<\/div>\n\t\t<\/div>\n\t\t\t\t\t<\/div>\n\t\t<\/section>\n\t\t\t\t\t<\/div>\n\t\t<\/div>\n\t\t\t\t\t<\/div>\n\t\t<\/section>\n\t\t\t\t<section class=\"elementor-section elementor-top-section elementor-element elementor-element-7194de4 elementor-section-boxed elementor-section-height-default elementor-section-height-default\" data-id=\"7194de4\" data-element_type=\"section\">\n\t\t\t\t\t\t<div class=\"elementor-container elementor-column-gap-default\">\n\t\t\t\t\t<div class=\"elementor-column elementor-col-100 elementor-top-column elementor-element elementor-element-c912e83\" data-id=\"c912e83\" data-element_type=\"column\">\n\t\t\t<div class=\"elementor-widget-wrap elementor-element-populated\">\n\t\t\t\t\t\t<div class=\"elementor-element elementor-element-a9a1502 elementor-widget elementor-widget-wp-widget-ufsm_noticias_widget\" data-id=\"a9a1502\" data-element_type=\"widget\" data-widget_type=\"wp-widget-ufsm_noticias_widget.default\">\n\t\t\t\t<div class=\"elementor-widget-container\">\n\t\t\t<h5 class='titulo-conteudos'>Not\u00edcias<\/h5><div class='widget-noticias-inside'>\n                        <div class=\"row\">\n                                    <div class=\"col-12 col-lg-6 pb-4\">\n                                        \n                                        \n                    \n                    <a class=\"noticias-widget-title d-block \"  title=\"Resultado FIEX CEFD 2\u00aa chamada\" href=\"https:\/\/www.ufsm.br\/unidades-universitarias\/cefd\/2021\/06\/23\/resultado-fiex-cefd-2a-chamada\">\n                                                Resultado FIEX CEFD 2\u00aa chamada                    <\/a>\n                    \n                    \n                                        \n                                        \n                                            \n                                                    <div title=\"Publicado em 23\/06\/2021 - 14:50\" class=\"data-publicacao-widget\">\n                                <i  class=\"far fa-clock\"><\/i>\n                                23\/06\/2021 - 14:50                            <\/div>\n                                                                <\/div>\n                                    <div class=\"col-12 col-lg-6 pb-4\">\n                                        \n                                        \n                    \n                    <a class=\"noticias-widget-title d-block \"  title=\"NIEEMS seleciona alunos volunt\u00e1rios para atuar em a\u00e7\u00f5es de ensino, pesquisa e extens\u00e3o\" href=\"https:\/\/www.ufsm.br\/unidades-universitarias\/cefd\/2021\/06\/11\/nieems-seleciona-voluntarios-para-acoes-de-ensino-pesquisa-e-extensao\">\n                                                NIEEMS seleciona alunos volunt\u00e1rios para atuar em a\u00e7\u00f5es de ensino, pesquisa e extens\u00e3o                    <\/a>\n                    \n                    \n                                        \n                                        \n                                            \n                                                    <div title=\"Publicado em 11\/06\/2021 - 09:28\" class=\"data-publicacao-widget\">\n                                <i  class=\"far fa-clock\"><\/i>\n                                11\/06\/2021 - 09:28                            <\/div>\n                                                                <\/div>\n                            <\/div>\n                    <div class=\"row\">\n                                    <div class=\"col-12 col-lg-6 pb-4\">\n                                        \n                                        \n                    \n                    <a class=\"noticias-widget-title d-block \"  title=\"GEEEMS seleciona bolsista FIPE\" href=\"https:\/\/www.ufsm.br\/unidades-universitarias\/cefd\/2021\/06\/10\/geems-seleciona-bolsista-fipe\">\n                                                GEEEMS seleciona bolsista FIPE                    <\/a>\n                    \n                    \n                                        \n                                        \n                                            \n                                                    <div title=\"Publicado em 10\/06\/2021 - 17:18\" class=\"data-publicacao-widget\">\n                                <i  class=\"far fa-clock\"><\/i>\n                                10\/06\/2021 - 17:18                            <\/div>\n                                                                <\/div>\n                                    <div class=\"col-12 col-lg-6 pb-4\">\n                                        \n                                        \n                    \n                    <a class=\"noticias-widget-title d-block \"  title=\"Projeto de pesquisa seleciona bolsista\" href=\"https:\/\/www.ufsm.br\/unidades-universitarias\/cefd\/2021\/06\/07\/projeto-de-pesquisa-seleciona-bolsista\">\n                                                Projeto de pesquisa seleciona bolsista                    <\/a>\n                    \n                    \n                                        \n                                        \n                                            \n                                                    <div title=\"Publicado em 07\/06\/2021 - 08:03\" class=\"data-publicacao-widget\">\n                                <i  class=\"far fa-clock\"><\/i>\n                                07\/06\/2021 - 08:03                            <\/div>\n                                                                <\/div>\n                            <\/div>\n                    <div class=\"row\">\n                                    <div class=\"col-12 col-lg-6 pb-4\">\n                                        \n                                        \n                    \n                    <a class=\"noticias-widget-title d-block \"  title=\"Projetos contemplados FIPE s\u00e3o divulgados\" href=\"https:\/\/www.ufsm.br\/unidades-universitarias\/cefd\/2021\/05\/28\/projetos-contemplados-fipe-sao-divulgados\">\n                                                Projetos contemplados FIPE s\u00e3o divulgados                    <\/a>\n                    \n                    \n                                        \n                                        \n                                            \n                                                    <div title=\"Publicado em 28\/05\/2021 - 16:39\" class=\"data-publicacao-widget\">\n                                <i  class=\"far fa-clock\"><\/i>\n                                28\/05\/2021 - 16:39                            <\/div>\n                                                                <\/div>\n                                    <div class=\"col-12 col-lg-6 pb-4\">\n                                        \n                                        \n                    \n                    <a class=\"noticias-widget-title d-block \"  title=\"Oportunidades de bolsas: monitoria em Atletismo e extens\u00e3o pelo NIEEMS\" href=\"https:\/\/www.ufsm.br\/unidades-universitarias\/cefd\/2021\/05\/25\/oportunidades-de-bolsas-monitoria-em-atletismo-e-extensao-pelo-nieems\">\n                                                Oportunidades de bolsas: monitoria em Atletismo e extens\u00e3o pelo NIEEMS                    <\/a>\n                    \n                    \n                                        \n                                        \n                                            \n                                                    <div title=\"Publicado em 25\/05\/2021 - 16:02\" class=\"data-publicacao-widget\">\n                                <i  class=\"far fa-clock\"><\/i>\n                                25\/05\/2021 - 16:02                            <\/div>\n                                                                <\/div>\n                            <\/div>\n            <\/div>\n<div class=\"leia-mais p-1\">\n                <a href=\"https:\/\/www.ufsm.br\/unidades-universitarias\/cefd\/busca\/?q=&area=post&orderby=date&sites%5B%5D=374&tags=gap\">\n            LEIA MAIS            <span class=\"icon-box\">\n                <span class=\"bg-ufsm-widget-icon\">\n                    <i class=\"fas fa-chevron-right\" aria-hidden=\"true\"><\/i>\n                <\/span>\n            <\/span>\n        <\/a>\n    <\/div>\n\t\t<\/div>\n\t\t\t\t<\/div>\n\t\t\t\t\t<\/div>\n\t\t<\/div>\n\t\t\t\t\t<\/div>\n\t\t<\/section>\n\t\t\t\t<\/div>\n\t\t","protected":false},"excerpt":{"rendered":"<p>Diretor: Assistente em Administra\u00e7\u00e3o Rafael Dias Mortari Contatos: E-mail: projetoscefd@ufsm.br Telefone\/ramal: (55) 3220-8414 Sala: 2021 (junto \u00e0 Dire\u00e7\u00e3o) &#8211; Pr\u00e9dio 51 &#8211; CEFD ATEN\u00c7\u00c3O Se voc\u00ea \u00e9 candidato(a) a uma vaga de bolsa em projeto registrado no GAP\/CEFD, preencha a FICHA ao lado, conforme as instru\u00e7\u00f5es do edital. Ficha para cadastro de bolsista<\/p>\n","protected":false},"author":46,"featured_media":0,"parent":0,"menu_order":0,"comment_status":"closed","ping_status":"closed","template":"","meta":{"footnotes":""},"categories":[],"tags":[],"class_list":["post-27","page","type-page","status-publish","hentry"],"acf":[],"_links":{"self":[{"href":"https:\/\/www.ufsm.br\/unidades-universitarias\/cefd\/wp-json\/wp\/v2\/pages\/27","targetHints":{"allow":["GET"]}}],"collection":[{"href":"https:\/\/www.ufsm.br\/unidades-universitarias\/cefd\/wp-json\/wp\/v2\/pages"}],"about":[{"href":"https:\/\/www.ufsm.br\/unidades-universitarias\/cefd\/wp-json\/wp\/v2\/types\/page"}],"author":[{"embeddable":true,"href":"https:\/\/www.ufsm.br\/unidades-universitarias\/cefd\/wp-json\/wp\/v2\/users\/46"}],"replies":[{"embeddable":true,"href":"https:\/\/www.ufsm.br\/unidades-universitarias\/cefd\/wp-json\/wp\/v2\/comments?post=27"}],"version-history":[{"count":0,"href":"https:\/\/www.ufsm.br\/unidades-universitarias\/cefd\/wp-json\/wp\/v2\/pages\/27\/revisions"}],"wp:attachment":[{"href":"https:\/\/www.ufsm.br\/unidades-universitarias\/cefd\/wp-json\/wp\/v2\/media?parent=27"}],"wp:term":[{"taxonomy":"category","embeddable":true,"href":"https:\/\/www.ufsm.br\/unidades-universitarias\/cefd\/wp-json\/wp\/v2\/categories?post=27"},{"taxonomy":"post_tag","embeddable":true,"href":"https:\/\/www.ufsm.br\/unidades-universitarias\/cefd\/wp-json\/wp\/v2\/tags?post=27"}],"curies":[{"name":"wp","href":"https:\/\/api.w.org\/{rel}","templated":true}]}}