{"id":29,"date":"2018-06-21T10:09:54","date_gmt":"2018-06-21T13:09:54","guid":{"rendered":"https:\/\/www.ufsm.br\/unidades-universitarias\/cefd\/?page_id=29"},"modified":"2025-03-25T19:32:53","modified_gmt":"2025-03-25T22:32:53","slug":"unidade-de-apoio-pedagogico","status":"publish","type":"page","link":"https:\/\/www.ufsm.br\/unidades-universitarias\/cefd\/unidade-de-apoio-pedagogico","title":{"rendered":"Setor de Apoio Pedag\u00f3gico"},"content":{"rendered":"\t\t<div data-elementor-type=\"wp-post\" data-elementor-id=\"29\" class=\"elementor elementor-29\">\n\t\t\t\t\t\t<section class=\"elementor-section elementor-top-section elementor-element elementor-element-349766d7 elementor-section-boxed elementor-section-height-default elementor-section-height-default\" data-id=\"349766d7\" data-element_type=\"section\">\n\t\t\t\t\t\t<div class=\"elementor-container elementor-column-gap-default\">\n\t\t\t\t\t<div class=\"elementor-column elementor-col-100 elementor-top-column elementor-element elementor-element-12ea224a\" data-id=\"12ea224a\" data-element_type=\"column\">\n\t\t\t<div class=\"elementor-widget-wrap elementor-element-populated\">\n\t\t\t\t\t\t<div class=\"elementor-element elementor-element-25e4120 elementor-widget elementor-widget-heading\" data-id=\"25e4120\" data-element_type=\"widget\" data-widget_type=\"heading.default\">\n\t\t\t\t<div class=\"elementor-widget-container\">\n\t\t\t<h5 class=\"elementor-heading-title elementor-size-default\">Respons\u00e1vel<\/h5>\t\t<\/div>\n\t\t\t\t<\/div>\n\t\t\t\t<div class=\"elementor-element elementor-element-2ac032f1 elementor-widget__width-initial elementor-widget elementor-widget-text-editor\" data-id=\"2ac032f1\" data-element_type=\"widget\" data-widget_type=\"text-editor.default\">\n\t\t\t\t<div class=\"elementor-widget-container\">\n\t\t\t\t\t\t\t<p><span style=\"font-family: arial, helvetica, sans-serif;font-size: 10pt\">Respons\u00e1vel: T\u00e9cnico em Assuntos Educacionais Gisandro Cunha Ilha<\/span><\/p><p><span style=\"font-family: arial, helvetica, sans-serif;font-size: 10pt\">E-mail: apoiopedagogico.cefd@ufsm.br<\/span><\/p><p>Contato: (55) 3220-6154<\/p><p>WhatsApp Business:\u00a0<span style=\"color: #222222;font-family: Arial, Helvetica, sans-serif;font-size: small;font-weight: var( --e-global-typography-text-font-weight );text-align: var(--bs-body-text-align)\">(55) 3220-6154<\/span><\/p><p><span style=\"font-family: arial, helvetica, sans-serif;font-size: 10pt\">Sala: 2026 &#8211; pr\u00e9dio 51<\/span><\/p>\t\t\t\t\t\t<\/div>\n\t\t\t\t<\/div>\n\t\t\t\t\t<\/div>\n\t\t<\/div>\n\t\t\t\t\t<\/div>\n\t\t<\/section>\n\t\t\t\t<section class=\"elementor-section elementor-top-section elementor-element elementor-element-4272fe2 elementor-section-boxed elementor-section-height-default elementor-section-height-default\" data-id=\"4272fe2\" data-element_type=\"section\">\n\t\t\t\t\t\t<div class=\"elementor-container elementor-column-gap-default\">\n\t\t\t\t\t<div class=\"elementor-column elementor-col-100 elementor-top-column elementor-element elementor-element-3b03194\" data-id=\"3b03194\" data-element_type=\"column\">\n\t\t\t<div class=\"elementor-widget-wrap elementor-element-populated\">\n\t\t\t\t\t\t<div class=\"elementor-element elementor-element-78dee23 elementor-widget elementor-widget-heading\" data-id=\"78dee23\" data-element_type=\"widget\" data-widget_type=\"heading.default\">\n\t\t\t\t<div class=\"elementor-widget-container\">\n\t\t\t<h5 class=\"elementor-heading-title elementor-size-default\">Quem somos?<\/h5>\t\t<\/div>\n\t\t\t\t<\/div>\n\t\t\t\t<div class=\"elementor-element elementor-element-59b78f2 elementor-widget elementor-widget-text-editor\" data-id=\"59b78f2\" data-element_type=\"widget\" data-widget_type=\"text-editor.default\">\n\t\t\t\t<div class=\"elementor-widget-container\">\n\t\t\t\t\t\t\t<p>O Setor de Apoio Pedag\u00f3gico do Centro de Educa\u00e7\u00e3o F\u00edsica e Desportos (SAP-CEFD) \u00e9 um\u00a0<span style=\"color: #000000;font-size: 1rem;font-weight: var( --e-global-typography-text-font-weight );text-align: var(--bs-body-text-align)\">\u00f3rg\u00e3o setorial do CEFD que desenvolve suas atividades conjuntamente \u00e0 dire\u00e7\u00e3o do centro; \u00e0s\u00a0<\/span><span style=\"color: #000000;font-size: 1rem;font-weight: var( --e-global-typography-text-font-weight );text-align: var(--bs-body-text-align)\">coordena\u00e7\u00f5es de cursos; \u00e0s secretarias integradas de gradua\u00e7\u00e3o, p\u00f3s-gradua\u00e7\u00e3o e\u00a0<\/span><span style=\"color: #000000;font-size: 1rem;font-weight: var( --e-global-typography-text-font-weight );text-align: var(--bs-body-text-align)\">departamentos e demais entes da estrutura organizacional do CEFD no intuito de colaborar,\u00a0<\/span><span style=\"color: #000000;font-size: 1rem;font-weight: var( --e-global-typography-text-font-weight );text-align: var(--bs-body-text-align)\">precipuamente, com estudantes, professores e t\u00e9cnicos administrativos em educa\u00e7\u00e3o nas\u00a0<\/span><span style=\"color: #000000;font-size: 1rem;font-weight: var( --e-global-typography-text-font-weight );text-align: var(--bs-body-text-align)\">quest\u00f5es did\u00e1tico-pedag\u00f3gicas.<\/span><\/p>\t\t\t\t\t\t<\/div>\n\t\t\t\t<\/div>\n\t\t\t\t\t<\/div>\n\t\t<\/div>\n\t\t\t\t\t<\/div>\n\t\t<\/section>\n\t\t\t\t<section class=\"elementor-section elementor-top-section elementor-element elementor-element-f519c71 elementor-section-boxed elementor-section-height-default elementor-section-height-default\" data-id=\"f519c71\" data-element_type=\"section\">\n\t\t\t\t\t\t<div class=\"elementor-container elementor-column-gap-default\">\n\t\t\t\t\t<div class=\"elementor-column elementor-col-100 elementor-top-column elementor-element elementor-element-dd6ad81\" data-id=\"dd6ad81\" data-element_type=\"column\">\n\t\t\t<div class=\"elementor-widget-wrap elementor-element-populated\">\n\t\t\t\t\t\t<div class=\"elementor-element elementor-element-2059e3f elementor-widget elementor-widget-heading\" data-id=\"2059e3f\" data-element_type=\"widget\" data-widget_type=\"heading.default\">\n\t\t\t\t<div class=\"elementor-widget-container\">\n\t\t\t<h5 class=\"elementor-heading-title elementor-size-default\">Atribui\u00e7\u00f5es<\/h5>\t\t<\/div>\n\t\t\t\t<\/div>\n\t\t\t\t<div class=\"elementor-element elementor-element-a282da9 elementor-widget elementor-widget-text-editor\" data-id=\"a282da9\" data-element_type=\"widget\" data-widget_type=\"text-editor.default\">\n\t\t\t\t<div class=\"elementor-widget-container\">\n\t\t\t\t\t\t\t<p>Especificamente, s\u00e3o atribui\u00e7\u00f5es do SAP-CEFD:<\/p><p>I &#8211; assessorar, no \u00e2mbito do ensino de gradua\u00e7\u00e3o, os processos de cria\u00e7\u00e3o e altera\u00e7\u00e3o dos\u00a0<span style=\"color: #000000;font-size: 1rem;font-weight: var( --e-global-typography-text-font-weight );text-align: var(--bs-body-text-align)\">Projetos Pedag\u00f3gicos de Cursos da Unidade, de acordo com as orienta\u00e7\u00f5es da Pr\u00f3-Reitoria de\u00a0<\/span><span style=\"color: #000000;font-size: 1rem;font-weight: var( --e-global-typography-text-font-weight );text-align: var(--bs-body-text-align)\">Gradua\u00e7\u00e3o (PROGRAD);<\/span><\/p><p>II &#8211; apoiar a implanta\u00e7\u00e3o e a avalia\u00e7\u00e3o das matrizes curriculares dos Cursos;<\/p><p>III &#8211; colaborar no desenvolvimento dos projetos de ensino, pesquisa e extens\u00e3o implementados\u00a0<span style=\"color: #000000;font-size: 1rem;font-weight: var( --e-global-typography-text-font-weight );text-align: var(--bs-body-text-align)\">nos Cursos da Unidade;<\/span><\/p><p>IV &#8211; contribuir para a integra\u00e7\u00e3o, acolhimento e media\u00e7\u00e3o entre estudantes e docentes dos\u00a0<span style=\"color: #000000;font-size: 1rem;font-weight: var( --e-global-typography-text-font-weight );text-align: var(--bs-body-text-align)\">Cursos de Gradua\u00e7\u00e3o e P\u00f3s-Gradua\u00e7\u00e3o no \u00e2mbito da Unidade;<\/span><\/p><p>V &#8211; implementar orienta\u00e7\u00e3o e a\u00e7\u00f5es de forma\u00e7\u00e3o did\u00e1tico-pedag\u00f3gica aos docentes, aos t\u00e9cnico-administrativos e aos discentes, articuladas com as Pol\u00edticas Institucionais;<\/p><p>VI &#8211; fomentar a interdisciplinaridade nas a\u00e7\u00f5es de forma\u00e7\u00e3o acad\u00eamica e profissional desenvolvidas na Unidade;<\/p><p>VII &#8211; orientar os docentes na utiliza\u00e7\u00e3o de metodologias, estrat\u00e9gias, t\u00e9cnicas e recursos nos processos de ensino-aprendizagem;<\/p><p>VIII &#8211; apoiar, acolher e orientar as diferentes demandas pedag\u00f3gicas dos discentes no uso das diversas ferramentas pedag\u00f3gicas;<\/p><p>IX &#8211; auxiliar nas orienta\u00e7\u00f5es dos procedimentos de avalia\u00e7\u00e3o da aprendizagem, avalia\u00e7\u00e3o interna e externa dos cursos; e,<\/p><p>X &#8211; participar dos processos de avalia\u00e7\u00e3o interna e acompanhar, quando necess\u00e1rio, a<\/p><p>avalia\u00e7\u00e3o externa dos cursos.<\/p>\t\t\t\t\t\t<\/div>\n\t\t\t\t<\/div>\n\t\t\t\t\t<\/div>\n\t\t<\/div>\n\t\t\t\t\t<\/div>\n\t\t<\/section>\n\t\t\t\t<section class=\"elementor-section elementor-top-section elementor-element elementor-element-db8d772 elementor-section-boxed elementor-section-height-default elementor-section-height-default\" data-id=\"db8d772\" data-element_type=\"section\">\n\t\t\t\t\t\t<div class=\"elementor-container elementor-column-gap-default\">\n\t\t\t\t\t<div class=\"elementor-column elementor-col-100 elementor-top-column elementor-element elementor-element-4923dc0\" data-id=\"4923dc0\" data-element_type=\"column\">\n\t\t\t<div class=\"elementor-widget-wrap elementor-element-populated\">\n\t\t\t\t\t\t<div class=\"elementor-element elementor-element-3fd24a9 elementor-tabs-alignment-stretch elementor-widget__width-initial e-transform e-transform elementor-tabs-view-horizontal elementor-widget elementor-widget-tabs\" data-id=\"3fd24a9\" data-element_type=\"widget\" data-settings=\"{&quot;_transform_translateX_effect&quot;:{&quot;unit&quot;:&quot;px&quot;,&quot;size&quot;:&quot;0&quot;,&quot;sizes&quot;:[]},&quot;_transform_translateY_effect&quot;:{&quot;unit&quot;:&quot;px&quot;,&quot;size&quot;:&quot;0&quot;,&quot;sizes&quot;:[]},&quot;_transform_translateX_effect_tablet&quot;:{&quot;unit&quot;:&quot;px&quot;,&quot;size&quot;:&quot;&quot;,&quot;sizes&quot;:[]},&quot;_transform_translateX_effect_mobile&quot;:{&quot;unit&quot;:&quot;px&quot;,&quot;size&quot;:&quot;&quot;,&quot;sizes&quot;:[]},&quot;_transform_translateY_effect_tablet&quot;:{&quot;unit&quot;:&quot;px&quot;,&quot;size&quot;:&quot;&quot;,&quot;sizes&quot;:[]},&quot;_transform_translateY_effect_mobile&quot;:{&quot;unit&quot;:&quot;px&quot;,&quot;size&quot;:&quot;&quot;,&quot;sizes&quot;:[]},&quot;_transform_scaleX_effect_hover&quot;:{&quot;unit&quot;:&quot;px&quot;,&quot;size&quot;:&quot;&quot;,&quot;sizes&quot;:[]},&quot;_transform_scaleX_effect_hover_tablet&quot;:{&quot;unit&quot;:&quot;px&quot;,&quot;size&quot;:&quot;&quot;,&quot;sizes&quot;:[]},&quot;_transform_scaleX_effect_hover_mobile&quot;:{&quot;unit&quot;:&quot;px&quot;,&quot;size&quot;:&quot;&quot;,&quot;sizes&quot;:[]},&quot;_transform_scaleY_effect_hover&quot;:{&quot;unit&quot;:&quot;px&quot;,&quot;size&quot;:&quot;&quot;,&quot;sizes&quot;:[]},&quot;_transform_scaleY_effect_hover_tablet&quot;:{&quot;unit&quot;:&quot;px&quot;,&quot;size&quot;:&quot;&quot;,&quot;sizes&quot;:[]},&quot;_transform_scaleY_effect_hover_mobile&quot;:{&quot;unit&quot;:&quot;px&quot;,&quot;size&quot;:&quot;&quot;,&quot;sizes&quot;:[]}}\" data-widget_type=\"tabs.default\">\n\t\t\t\t<div class=\"elementor-widget-container\">\n\t\t\t\t\t<div class=\"elementor-tabs\">\n\t\t\t<div class=\"elementor-tabs-wrapper\" role=\"tablist\" >\n\t\t\t\t\t\t\t\t\t<div id=\"elementor-tab-title-6691\" class=\"elementor-tab-title elementor-tab-desktop-title\" aria-selected=\"true\" data-tab=\"1\" role=\"tab\" tabindex=\"0\" aria-controls=\"elementor-tab-content-6691\" aria-expanded=\"false\">Formul\u00e1rio de Atendimento                                            <\/div>\n\t\t\t\t\t\t\t<\/div>\n\t\t\t<div class=\"elementor-tabs-content-wrapper\" role=\"tablist\" aria-orientation=\"vertical\">\n\t\t\t\t\t\t\t\t\t<div class=\"elementor-tab-title elementor-tab-mobile-title\" aria-selected=\"true\" data-tab=\"1\" role=\"tab\" tabindex=\"0\" aria-controls=\"elementor-tab-content-6691\" aria-expanded=\"false\">Formul\u00e1rio de Atendimento                                            <\/div>\n\t\t\t\t\t<div id=\"elementor-tab-content-6691\" class=\"elementor-tab-content elementor-clearfix\" data-tab=\"1\" role=\"tabpanel\" aria-labelledby=\"elementor-tab-title-6691\" tabindex=\"0\" hidden=\"false\"><p>Agendamentos atrav\u00e9s do link ou QR Code:\u00a0<\/p><p><a style=\"font-family: Arial, Helvetica, sans-serif;font-size: small\" href=\"https:\/\/docs.google.com\/forms\/d\/e\/1FAIpQLScO7ME7_2mJ6wIIdpMYdoK5Pu0JJQrfi0iXIVqqbcQ8QsOzhA\/viewform?usp=sf_link\" target=\"_blank\" rel=\"noopener\" data-saferedirecturl=\"https:\/\/www.google.com\/url?q=https:\/\/docs.google.com\/forms\/d\/e\/1FAIpQLScO7ME7_2mJ6wIIdpMYdoK5Pu0JJQrfi0iXIVqqbcQ8QsOzhA\/viewform?usp%3Dsf_link&amp;source=gmail&amp;ust=1700240786730000&amp;usg=AOvVaw3hdWgzzhuHmYKe62T1Edus\">https:\/\/docs.google.com\/forms\/d\/e\/1FAIpQLScO7ME7_2mJ6wIIdpMYdoK5Pu0JJQrfi0iXIVqqbcQ8QsOzhA\/viewform?usp=sf_link<\/a><\/p><p>\u00a0<\/p><\/div>\n\t\t\t\t\t\t\t<\/div>\n\t\t<\/div>\n\t\t\t\t<\/div>\n\t\t\t\t<\/div>\n\t\t\t\t<div class=\"elementor-element elementor-element-309a5c5 elementor-widget__width-initial elementor-widget elementor-widget-image\" data-id=\"309a5c5\" data-element_type=\"widget\" data-widget_type=\"image.default\">\n\t\t\t\t<div class=\"elementor-widget-container\">\n\t\t\t\t\t\t\t\t\t\t\t\t\t<img fetchpriority=\"high\" decoding=\"async\" width=\"984\" height=\"984\" src=\"https:\/\/www.ufsm.br\/app\/uploads\/sites\/374\/2023\/11\/QR-Code.jpg\" class=\"attachment-large size-large wp-image-2405\" alt=\"\" srcset=\"https:\/\/www.ufsm.br\/app\/uploads\/sites\/374\/2023\/11\/QR-Code.jpg 984w, https:\/\/www.ufsm.br\/app\/uploads\/sites\/374\/2023\/11\/QR-Code-300x300.jpg 300w, https:\/\/www.ufsm.br\/app\/uploads\/sites\/374\/2023\/11\/QR-Code-150x150.jpg 150w, https:\/\/www.ufsm.br\/app\/uploads\/sites\/374\/2023\/11\/QR-Code-768x768.jpg 768w\" sizes=\"(max-width: 984px) 100vw, 984px\" \/>\t\t\t\t\t\t\t\t\t\t\t\t\t<\/div>\n\t\t\t\t<\/div>\n\t\t\t\t\t<\/div>\n\t\t<\/div>\n\t\t\t\t\t<\/div>\n\t\t<\/section>\n\t\t\t\t<\/div>\n\t\t","protected":false},"excerpt":{"rendered":"<p>Respons\u00e1vel Respons\u00e1vel: T\u00e9cnico em Assuntos Educacionais Gisandro Cunha Ilha E-mail: apoiopedagogico.cefd@ufsm.br Contato: (55) 3220-6154 WhatsApp Business:\u00a0(55) 3220-6154 Sala: 2026 &#8211; pr\u00e9dio 51 Quem somos? O Setor de Apoio Pedag\u00f3gico do Centro de Educa\u00e7\u00e3o F\u00edsica e Desportos (SAP-CEFD) \u00e9 um\u00a0\u00f3rg\u00e3o setorial do CEFD que desenvolve suas atividades conjuntamente \u00e0 dire\u00e7\u00e3o do centro; \u00e0s\u00a0coordena\u00e7\u00f5es de cursos; \u00e0s [&hellip;]<\/p>\n","protected":false},"author":46,"featured_media":0,"parent":0,"menu_order":0,"comment_status":"closed","ping_status":"closed","template":"","meta":{"footnotes":""},"categories":[],"tags":[],"class_list":["post-29","page","type-page","status-publish","hentry"],"acf":[],"_links":{"self":[{"href":"https:\/\/www.ufsm.br\/unidades-universitarias\/cefd\/wp-json\/wp\/v2\/pages\/29","targetHints":{"allow":["GET"]}}],"collection":[{"href":"https:\/\/www.ufsm.br\/unidades-universitarias\/cefd\/wp-json\/wp\/v2\/pages"}],"about":[{"href":"https:\/\/www.ufsm.br\/unidades-universitarias\/cefd\/wp-json\/wp\/v2\/types\/page"}],"author":[{"embeddable":true,"href":"https:\/\/www.ufsm.br\/unidades-universitarias\/cefd\/wp-json\/wp\/v2\/users\/46"}],"replies":[{"embeddable":true,"href":"https:\/\/www.ufsm.br\/unidades-universitarias\/cefd\/wp-json\/wp\/v2\/comments?post=29"}],"version-history":[{"count":0,"href":"https:\/\/www.ufsm.br\/unidades-universitarias\/cefd\/wp-json\/wp\/v2\/pages\/29\/revisions"}],"wp:attachment":[{"href":"https:\/\/www.ufsm.br\/unidades-universitarias\/cefd\/wp-json\/wp\/v2\/media?parent=29"}],"wp:term":[{"taxonomy":"category","embeddable":true,"href":"https:\/\/www.ufsm.br\/unidades-universitarias\/cefd\/wp-json\/wp\/v2\/categories?post=29"},{"taxonomy":"post_tag","embeddable":true,"href":"https:\/\/www.ufsm.br\/unidades-universitarias\/cefd\/wp-json\/wp\/v2\/tags?post=29"}],"curies":[{"name":"wp","href":"https:\/\/api.w.org\/{rel}","templated":true}]}}