{"id":30,"date":"2018-06-21T10:10:39","date_gmt":"2018-06-21T13:10:39","guid":{"rendered":"https:\/\/www.ufsm.br\/unidades-universitarias\/cefd\/?page_id=30"},"modified":"2021-08-09T11:41:02","modified_gmt":"2021-08-09T14:41:02","slug":"revistas-kinesis","status":"publish","type":"page","link":"https:\/\/www.ufsm.br\/unidades-universitarias\/cefd\/revistas-kinesis","title":{"rendered":"Revista Kinesis"},"content":{"rendered":"\t\t<div data-elementor-type=\"wp-page\" data-elementor-id=\"30\" class=\"elementor elementor-30\">\n\t\t\t\t\t\t<section class=\"elementor-section elementor-top-section elementor-element elementor-element-1580228 elementor-section-boxed elementor-section-height-default elementor-section-height-default\" data-id=\"1580228\" data-element_type=\"section\">\n\t\t\t\t\t\t<div class=\"elementor-container elementor-column-gap-default\">\n\t\t\t\t\t<div class=\"elementor-column elementor-col-33 elementor-top-column elementor-element elementor-element-828ae7f\" data-id=\"828ae7f\" data-element_type=\"column\">\n\t\t\t<div class=\"elementor-widget-wrap elementor-element-populated\">\n\t\t\t\t\t\t<div class=\"elementor-element elementor-element-02aba09 elementor-widget elementor-widget-text-editor\" data-id=\"02aba09\" data-element_type=\"widget\" data-widget_type=\"text-editor.default\">\n\t\t\t\t<div class=\"elementor-widget-container\">\n\t\t\t\t\t\t\t<p style=\"text-align: justify\">A Revista Kinesis \u00e9 um peri\u00f3dico de publica\u00e7\u00e3o quadrimensal do Centro de Educa\u00e7\u00e3o F\u00edsica e Desportos da Universidade Federal de Santa Maria que tem por objetivo publicar pesquisas cient\u00edficas sobre temas que comp\u00f5em a \u00e1rea de Educa\u00e7\u00e3o F\u00edsica, em interface com as Ci\u00eancias Biol\u00f3gicas e Humanas, e contribuir com a discuss\u00e3o e o desenvolvimento do conhecimento.<\/p>\t\t\t\t\t\t<\/div>\n\t\t\t\t<\/div>\n\t\t\t\t\t<\/div>\n\t\t<\/div>\n\t\t\t\t<div class=\"elementor-column elementor-col-33 elementor-top-column elementor-element elementor-element-4a7909b\" data-id=\"4a7909b\" data-element_type=\"column\">\n\t\t\t<div class=\"elementor-widget-wrap elementor-element-populated\">\n\t\t\t\t\t\t<div class=\"elementor-element elementor-element-de15c5e elementor-widget elementor-widget-image\" data-id=\"de15c5e\" data-element_type=\"widget\" data-widget_type=\"image.default\">\n\t\t\t\t<div class=\"elementor-widget-container\">\n\t\t\t\t\t\t\t\t\t\t\t\t\t\t<a href=\"https:\/\/periodicos.ufsm.br\/kinesis\/index\">\n\t\t\t\t\t\t\t<img decoding=\"async\" src=\"https:\/\/www.ufsm.br\/app\/uploads\/sites\/374\/elementor\/thumbs\/image-pb0ze4umgc9i04vxvh0xtym5fcnunp7ztflwqnj56o.jpg\" title=\"image\" alt=\"image\" loading=\"lazy\" \/>\t\t\t\t\t\t\t\t<\/a>\n\t\t\t\t\t\t\t\t\t\t\t\t\t<\/div>\n\t\t\t\t<\/div>\n\t\t\t\t<div class=\"elementor-element elementor-element-59ab66c elementor-widget elementor-widget-text-editor\" data-id=\"59ab66c\" data-element_type=\"widget\" data-widget_type=\"text-editor.default\">\n\t\t\t\t<div class=\"elementor-widget-container\">\n\t\t\t\t\t\t\t<p style=\"text-align: center\">Acesse a Revista<\/p>\t\t\t\t\t\t<\/div>\n\t\t\t\t<\/div>\n\t\t\t\t\t<\/div>\n\t\t<\/div>\n\t\t\t\t<div class=\"elementor-column elementor-col-33 elementor-top-column elementor-element elementor-element-677d215\" data-id=\"677d215\" data-element_type=\"column\">\n\t\t\t<div class=\"elementor-widget-wrap elementor-element-populated\">\n\t\t\t\t\t\t<div class=\"elementor-element elementor-element-83a18ad elementor-view-default elementor-position-top elementor-mobile-position-top elementor-widget elementor-widget-icon-box\" data-id=\"83a18ad\" data-element_type=\"widget\" data-widget_type=\"icon-box.default\">\n\t\t\t\t<div class=\"elementor-widget-container\">\n\t\t\t\t\t<div class=\"elementor-icon-box-wrapper\">\n\n\t\t\t\t\t\t<div class=\"elementor-icon-box-icon\">\n\t\t\t\t<a href=\"https:\/\/periodicos.ufsm.br\/index.php\" class=\"elementor-icon elementor-animation-\" tabindex=\"-1\">\n\t\t\t\t<i aria-hidden=\"true\" class=\"far fa-newspaper\"><\/i>\t\t\t\t<\/a>\n\t\t\t<\/div>\n\t\t\t\n\t\t\t\t\t\t<div class=\"elementor-icon-box-content\">\n\n\t\t\t\t\n\t\t\t\t\t\t\t\t\t<p class=\"elementor-icon-box-description\">\n\t\t\t\t\t\tPortal de peri\u00f3dicos eletr\u00f4nicos da UFSM\t\t\t\t\t<\/p>\n\t\t\t\t\n\t\t\t<\/div>\n\t\t\t\n\t\t<\/div>\n\t\t\t\t<\/div>\n\t\t\t\t<\/div>\n\t\t\t\t\t<\/div>\n\t\t<\/div>\n\t\t\t\t\t<\/div>\n\t\t<\/section>\n\t\t\t\t<section class=\"elementor-section elementor-top-section elementor-element elementor-element-e5e01f7 elementor-section-boxed elementor-section-height-default elementor-section-height-default\" data-id=\"e5e01f7\" data-element_type=\"section\">\n\t\t\t\t\t\t<div class=\"elementor-container elementor-column-gap-default\">\n\t\t\t\t\t<div class=\"elementor-column elementor-col-50 elementor-top-column elementor-element elementor-element-2f6027b\" data-id=\"2f6027b\" data-element_type=\"column\">\n\t\t\t<div class=\"elementor-widget-wrap elementor-element-populated\">\n\t\t\t\t\t\t<div class=\"elementor-element elementor-element-1f798d4 elementor-button-info elementor-align-left elementor-widget elementor-widget-button\" data-id=\"1f798d4\" data-element_type=\"widget\" data-widget_type=\"button.default\">\n\t\t\t\t<div class=\"elementor-widget-container\">\n\t\t\t\t\t\t\t<div class=\"elementor-button-wrapper\">\n\t\t\t\t\t<a class=\"elementor-button elementor-button-link elementor-size-sm\" href=\"https:\/\/www.ufsm.br\/unidades-universitarias\/cefd\/novas-diretrizes-e-o-dossie-comemorativo-dos-50-anos-do-cefd-ufsm\/\" target=\"_blank\">\n\t\t\t\t\t\t<span class=\"elementor-button-content-wrapper\">\n\t\t\t\t\t\t\t\t\t<span class=\"elementor-button-text\">Novas diretrizes  e o Dossi\u00ea comemorativo aos 50 anos do CEFD\/UFSM<\/span>\n\t\t\t\t\t<\/span>\n\t\t\t\t\t<\/a>\n\t\t\t\t<\/div>\n\t\t\t\t\t\t<\/div>\n\t\t\t\t<\/div>\n\t\t\t\t\t<\/div>\n\t\t<\/div>\n\t\t\t\t<div class=\"elementor-column elementor-col-50 elementor-top-column elementor-element elementor-element-9424e4b\" data-id=\"9424e4b\" data-element_type=\"column\">\n\t\t\t<div class=\"elementor-widget-wrap\">\n\t\t\t\t\t\t\t<\/div>\n\t\t<\/div>\n\t\t\t\t\t<\/div>\n\t\t<\/section>\n\t\t\t\t<section class=\"elementor-section elementor-top-section elementor-element elementor-element-752527b elementor-section-boxed elementor-section-height-default elementor-section-height-default\" data-id=\"752527b\" data-element_type=\"section\">\n\t\t\t\t\t\t<div class=\"elementor-container elementor-column-gap-default\">\n\t\t\t\t\t<div class=\"elementor-column elementor-col-100 elementor-top-column elementor-element elementor-element-9e29936\" data-id=\"9e29936\" data-element_type=\"column\">\n\t\t\t<div class=\"elementor-widget-wrap elementor-element-populated\">\n\t\t\t\t\t\t<div class=\"elementor-element elementor-element-5090092 elementor-widget elementor-widget-spacer\" data-id=\"5090092\" data-element_type=\"widget\" data-widget_type=\"spacer.default\">\n\t\t\t\t<div class=\"elementor-widget-container\">\n\t\t\t\t\t<div class=\"elementor-spacer\">\n\t\t\t<div class=\"elementor-spacer-inner\"><\/div>\n\t\t<\/div>\n\t\t\t\t<\/div>\n\t\t\t\t<\/div>\n\t\t\t\t<div class=\"elementor-element elementor-element-6b93910 elementor-widget elementor-widget-wp-widget-ufsm_noticias_widget\" data-id=\"6b93910\" data-element_type=\"widget\" data-widget_type=\"wp-widget-ufsm_noticias_widget.default\">\n\t\t\t\t<div class=\"elementor-widget-container\">\n\t\t\t<h5 class='titulo-conteudos'>Not\u00edcias<\/h5><div class='widget-noticias-inside'>\n                        <div class=\"row\">\n                                    <div class=\"col-12 col-lg-12 pb-4\">\n                                        \n                                        \n                    \n                    <a class=\"noticias-widget-title d-block \"  title=\"Revista Kinesis publica sete novos artigos\" href=\"https:\/\/www.ufsm.br\/unidades-universitarias\/cefd\/2021\/07\/28\/revista-kinesis-publica-sete-novos-artigos\">\n                                                Revista Kinesis publica sete novos artigos                    <\/a>\n                    \n                                            <div class=\"noticias-widget-introtext\">\n                            Estimadas\/os Leitoras e Leitores da Kinesis, \u00a0 A revista Kinesis informa a publica\u00e7\u00e3o de sete novos artigos do volume 39 de 2021: \u00a0 \u00a0 \u00a0 \u00a0 \u00a0 \u00a0 \u00a0 \u00a0 \u00a0 \u00a0 \u00a0 \u00a0 \u00a0 \u00a0 &#8220;Da ociosidade ao \u00f3cio&hellip;                        <\/div>\n                    \n                                        \n                                        \n                                            \n                                                    <div title=\"Publicado em 28\/07\/2021 \" class=\"data-publicacao-widget\">\n                                <i  class=\"far fa-clock\"><\/i>\n                                28\/07\/2021                             <\/div>\n                                                                <\/div>\n                            <\/div>\n                    <div class=\"row\">\n                                    <div class=\"col-12 col-lg-12 pb-4\">\n                                        \n                                        \n                    \n                    <a class=\"noticias-widget-title d-block \"  title=\"Revista Kinesis passa a aceitar submiss\u00f5es em outros idiomas\" href=\"https:\/\/www.ufsm.br\/unidades-universitarias\/cefd\/2021\/07\/06\/revista-kinesis-passa-a-aceitar-submissoes-em-outros-idiomas\">\n                                                Revista Kinesis passa a aceitar submiss\u00f5es em outros idiomas                    <\/a>\n                    \n                                            <div class=\"noticias-widget-introtext\">\n                            A partir do m\u00eas de julho\/2021, a revista Kinesis passar\u00e1 a receber submiss\u00f5es de manuscritos em espanhol e ingl\u00eas. Com isso, o peri\u00f3dico pretende ampliar as fronteiras e aprofundar o debate acad\u00eamico, considerando as pol\u00edticas de internacionaliza\u00e7\u00e3o dos peri\u00f3dicos cient\u00edficos.&hellip;                        <\/div>\n                    \n                                        \n                                        \n                                            \n                                                    <div title=\"Publicado em 06\/07\/2021 \" class=\"data-publicacao-widget\">\n                                <i  class=\"far fa-clock\"><\/i>\n                                06\/07\/2021                             <\/div>\n                                                                <\/div>\n                            <\/div>\n                    <div class=\"row\">\n                                    <div class=\"col-12 col-lg-12 pb-4\">\n                                        \n                                        \n                    \n                    <a class=\"noticias-widget-title d-block \"  title=\"Dossi\u00ea CEFD 50 anos\" href=\"https:\/\/www.ufsm.br\/unidades-universitarias\/cefd\/2020\/12\/23\/dossie-cefd-50-anos\">\n                                                Dossi\u00ea CEFD 50 anos                    <\/a>\n                    \n                                            <div class=\"noticias-widget-introtext\">\n                            Revista Kinesis lan\u00e7a a edi\u00e7\u00e3o que homenageia o cinquenten\u00e1rio do Centro de Educa\u00e7\u00e3o F\u00edsica e Desportos A&nbsp;&nbsp;Kinesis, revista cient\u00edfica do Centro de Educa\u00e7\u00e3o F\u00edsica e Desportos. acaba de publicar seu Dossi\u00ea CEFD 50 anos. A edi\u00e7\u00e3o pode ser acessada aqui.&hellip;                        <\/div>\n                    \n                                        \n                                        \n                                            \n                                                    <div title=\"Publicado em 23\/12\/2020 \" class=\"data-publicacao-widget\">\n                                <i  class=\"far fa-clock\"><\/i>\n                                23\/12\/2020                             <\/div>\n                                                                <\/div>\n                            <\/div>\n                    <div class=\"row\">\n                                    <div class=\"col-12 col-lg-12 pb-4\">\n                                        \n                                        \n                    \n                    <a class=\"noticias-widget-title d-block \"  title=\"Revista Kinesis: novas diretrizes e o Dossi\u00ea comemorativo dos 50 anos do CEFD\/UFSM\" href=\"https:\/\/www.ufsm.br\/unidades-universitarias\/cefd\/2020\/05\/25\/revista-kinesis-novas-diretrizes-e-o-dossie-comemorativo-dos-50-anos-do-cefd-ufsm\">\n                                                Revista Kinesis: novas diretrizes e o Dossi\u00ea comemorativo dos 50 anos do CEFD\/UFSM                    <\/a>\n                    \n                                            <div class=\"noticias-widget-introtext\">\n                            Este ano o CEFD\/UFSM completa meio s\u00e9culo de hist\u00f3ria na Educa\u00e7\u00e3o F\u00edsica Brasileira. Uma Unidade da UFSM que foi criada h\u00e1 exatos nove anos e sete meses ap\u00f3s a funda\u00e7\u00e3o da primeira Universidade Federal, localizada fora dos eixos das capitais&hellip;                        <\/div>\n                    \n                                        \n                                        \n                                            \n                                                    <div title=\"Publicado em 25\/05\/2020 \" class=\"data-publicacao-widget\">\n                                <i  class=\"far fa-clock\"><\/i>\n                                25\/05\/2020                             <\/div>\n                                                                <\/div>\n                            <\/div>\n                    <div class=\"row\">\n                                    <div class=\"col-12 col-lg-12 pb-4\">\n                                        \n                                        \n                    \n                    <a class=\"noticias-widget-title d-block \"  title=\"Revista Kinesis completa 35 anos\" href=\"https:\/\/www.ufsm.br\/unidades-universitarias\/cefd\/2019\/06\/03\/revista-kinesis-completa-35-anos\">\n                                                Revista Kinesis completa 35 anos                    <\/a>\n                    \n                                            <div class=\"noticias-widget-introtext\">\n                            A Revista Kinesis, do Centro de Educa\u00e7\u00e3o F\u00edsica e Desportos (CEFD) da UFSM, completa 35 anos de circula\u00e7\u00e3o no meio acad\u00eamico em 2019. A Revista tem por objetivo publicar pesquisas cient\u00edficas sobre temas que comp\u00f5em a \u00e1rea de Educa\u00e7\u00e3o F\u00edsica,&hellip;                        <\/div>\n                    \n                                        \n                                        \n                                            \n                                                    <div title=\"Publicado em 03\/06\/2019 \" class=\"data-publicacao-widget\">\n                                <i  class=\"far fa-clock\"><\/i>\n                                03\/06\/2019                             <\/div>\n                                                                <\/div>\n                            <\/div>\n            <\/div>\n\t\t<\/div>\n\t\t\t\t<\/div>\n\t\t\t\t\t<\/div>\n\t\t<\/div>\n\t\t\t\t\t<\/div>\n\t\t<\/section>\n\t\t\t\t<section class=\"elementor-section elementor-top-section elementor-element elementor-element-de488c1 elementor-section-boxed elementor-section-height-default elementor-section-height-default\" data-id=\"de488c1\" data-element_type=\"section\">\n\t\t\t\t\t\t<div class=\"elementor-container elementor-column-gap-default\">\n\t\t\t\t\t<div class=\"elementor-column elementor-col-100 elementor-top-column elementor-element elementor-element-2c5a779\" data-id=\"2c5a779\" data-element_type=\"column\">\n\t\t\t<div class=\"elementor-widget-wrap elementor-element-populated\">\n\t\t\t\t\t\t\t<\/div>\n\t\t<\/div>\n\t\t\t\t\t<\/div>\n\t\t<\/section>\n\t\t\t\t<\/div>\n\t\t","protected":false},"excerpt":{"rendered":"<p>A Revista Kinesis \u00e9 um peri\u00f3dico de publica\u00e7\u00e3o quadrimensal do Centro de Educa\u00e7\u00e3o F\u00edsica e Desportos da Universidade Federal de Santa Maria que tem por objetivo publicar pesquisas cient\u00edficas sobre temas que comp\u00f5em a \u00e1rea de Educa\u00e7\u00e3o F\u00edsica, em interface com as Ci\u00eancias Biol\u00f3gicas e Humanas, e contribuir com a discuss\u00e3o e o desenvolvimento do [&hellip;]<\/p>\n","protected":false},"author":46,"featured_media":0,"parent":0,"menu_order":0,"comment_status":"closed","ping_status":"closed","template":"","meta":{"footnotes":""},"categories":[],"tags":[],"class_list":["post-30","page","type-page","status-publish","hentry"],"acf":[],"_links":{"self":[{"href":"https:\/\/www.ufsm.br\/unidades-universitarias\/cefd\/wp-json\/wp\/v2\/pages\/30","targetHints":{"allow":["GET"]}}],"collection":[{"href":"https:\/\/www.ufsm.br\/unidades-universitarias\/cefd\/wp-json\/wp\/v2\/pages"}],"about":[{"href":"https:\/\/www.ufsm.br\/unidades-universitarias\/cefd\/wp-json\/wp\/v2\/types\/page"}],"author":[{"embeddable":true,"href":"https:\/\/www.ufsm.br\/unidades-universitarias\/cefd\/wp-json\/wp\/v2\/users\/46"}],"replies":[{"embeddable":true,"href":"https:\/\/www.ufsm.br\/unidades-universitarias\/cefd\/wp-json\/wp\/v2\/comments?post=30"}],"version-history":[{"count":0,"href":"https:\/\/www.ufsm.br\/unidades-universitarias\/cefd\/wp-json\/wp\/v2\/pages\/30\/revisions"}],"wp:attachment":[{"href":"https:\/\/www.ufsm.br\/unidades-universitarias\/cefd\/wp-json\/wp\/v2\/media?parent=30"}],"wp:term":[{"taxonomy":"category","embeddable":true,"href":"https:\/\/www.ufsm.br\/unidades-universitarias\/cefd\/wp-json\/wp\/v2\/categories?post=30"},{"taxonomy":"post_tag","embeddable":true,"href":"https:\/\/www.ufsm.br\/unidades-universitarias\/cefd\/wp-json\/wp\/v2\/tags?post=30"}],"curies":[{"name":"wp","href":"https:\/\/api.w.org\/{rel}","templated":true}]}}