{"id":464,"date":"2018-10-16T15:31:42","date_gmt":"2018-10-16T18:31:42","guid":{"rendered":"https:\/\/www.ufsm.br\/unidades-universitarias\/cefd\/?page_id=464"},"modified":"2025-10-01T14:30:21","modified_gmt":"2025-10-01T17:30:21","slug":"esporte-universitario","status":"publish","type":"page","link":"https:\/\/www.ufsm.br\/unidades-universitarias\/cefd\/esporte-universitario","title":{"rendered":"Esporte Universit\u00e1rio"},"content":{"rendered":"\t\t<div data-elementor-type=\"wp-post\" data-elementor-id=\"464\" class=\"elementor elementor-464\">\n\t\t\t\t\t\t<section class=\"elementor-section elementor-top-section elementor-element elementor-element-b220937 elementor-section-boxed elementor-section-height-default elementor-section-height-default\" data-id=\"b220937\" data-element_type=\"section\">\n\t\t\t\t\t\t<div class=\"elementor-container elementor-column-gap-default\">\n\t\t\t\t\t<div class=\"elementor-column elementor-col-50 elementor-top-column elementor-element elementor-element-03bd6fd\" data-id=\"03bd6fd\" data-element_type=\"column\">\n\t\t\t<div class=\"elementor-widget-wrap elementor-element-populated\">\n\t\t\t\t\t\t<div class=\"elementor-element elementor-element-53ede28 elementor-widget elementor-widget-image\" data-id=\"53ede28\" data-element_type=\"widget\" data-widget_type=\"image.default\">\n\t\t\t\t<div class=\"elementor-widget-container\">\n\t\t\t\t\t\t\t\t\t\t\t\t\t<img fetchpriority=\"high\" decoding=\"async\" width=\"300\" height=\"300\" src=\"https:\/\/www.ufsm.br\/app\/uploads\/sites\/374\/2025\/10\/ESPORTE-UNIVERSITARIO-2025-JPG-300x300.jpg\" class=\"attachment-medium size-medium wp-image-3176\" alt=\"\" srcset=\"https:\/\/www.ufsm.br\/app\/uploads\/sites\/374\/2025\/10\/ESPORTE-UNIVERSITARIO-2025-JPG-300x300.jpg 300w, https:\/\/www.ufsm.br\/app\/uploads\/sites\/374\/2025\/10\/ESPORTE-UNIVERSITARIO-2025-JPG-150x150.jpg 150w, https:\/\/www.ufsm.br\/app\/uploads\/sites\/374\/2025\/10\/ESPORTE-UNIVERSITARIO-2025-JPG.jpg 500w\" sizes=\"(max-width: 300px) 100vw, 300px\" \/>\t\t\t\t\t\t\t\t\t\t\t\t\t<\/div>\n\t\t\t\t<\/div>\n\t\t\t\t\t<\/div>\n\t\t<\/div>\n\t\t\t\t<div class=\"elementor-column elementor-col-50 elementor-top-column elementor-element elementor-element-a39a322\" data-id=\"a39a322\" data-element_type=\"column\">\n\t\t\t<div class=\"elementor-widget-wrap elementor-element-populated\">\n\t\t\t\t\t\t<div class=\"elementor-element elementor-element-507822c elementor-widget elementor-widget-text-editor\" data-id=\"507822c\" data-element_type=\"widget\" data-widget_type=\"text-editor.default\">\n\t\t\t\t<div class=\"elementor-widget-container\">\n\t\t\t\t\t\t\t<div style=\"color: #222222;font-family: Arial, Helvetica, sans-serif;font-size: small;text-align: left\"><span style=\"font-family: arial, helvetica, sans-serif;font-size: 10pt\">O Esporte Universit\u00e1rio \u00e9 um Programa de Desenvolvimento\u00a0<span style=\"text-align: justify\">institucional, promovido pelo Centro de Educa\u00e7\u00e3o F\u00edsica e Desportos e apoio\/colabora\u00e7\u00e3o financeira da PRAE. T<\/span><span style=\"text-align: justify\">em como objetivo promover pr\u00e1ticas esportivas e de lazer aos discentes\u00a0<\/span><span style=\"text-align: justify\">da UFSM, com o prop\u00f3sito de atender finalidades educativas, esportiva, sa\u00fade, lazer e integra\u00e7\u00e3o universit\u00e1ria.\u00a0<\/span><\/span><\/div>\n<div style=\"color: #222222;font-family: Arial, Helvetica, sans-serif;font-size: small\"><span style=\"text-align: justify;font-family: arial, helvetica, sans-serif;font-size: 10pt\">\u00a0<\/span><\/div>\n<div style=\"color: #222222;font-family: Arial, Helvetica, sans-serif;font-size: small;text-align: justify\"><span style=\"font-family: arial, helvetica, sans-serif;font-size: 10pt\">Contate-nos por nosso <a href=\"https:\/\/www.instagram.com\/esporteuniversitarioufsm\/\">perfil<\/a>, pelo e-<\/span><span style=\"font-family: arial, helvetica, sans-serif;font-size: 10pt\">mail esporteuniversitarioufsm@gmail.com ou diretamente com a Prof\u00aa. Luciane Sanchotene Etchepare, atual coordenadora do Projeto<\/span><span style=\"font-family: arial, helvetica, sans-serif;font-size: 10pt\"><span class=\"il\">.<\/span><\/span><\/div>\t\t\t\t\t\t<\/div>\n\t\t\t\t<\/div>\n\t\t\t\t\t<\/div>\n\t\t<\/div>\n\t\t\t\t\t<\/div>\n\t\t<\/section>\n\t\t\t\t<section class=\"elementor-section elementor-top-section elementor-element elementor-element-88e0727 elementor-section-boxed elementor-section-height-default elementor-section-height-default\" data-id=\"88e0727\" data-element_type=\"section\">\n\t\t\t\t\t\t<div class=\"elementor-container elementor-column-gap-default\">\n\t\t\t\t\t<div class=\"elementor-column elementor-col-100 elementor-top-column elementor-element elementor-element-350e24b\" data-id=\"350e24b\" data-element_type=\"column\">\n\t\t\t<div class=\"elementor-widget-wrap elementor-element-populated\">\n\t\t\t\t\t\t<div class=\"elementor-element elementor-element-edd4eaa elementor-widget elementor-widget-text-editor\" data-id=\"edd4eaa\" data-element_type=\"widget\" data-widget_type=\"text-editor.default\">\n\t\t\t\t<div class=\"elementor-widget-container\">\n\t\t\t\t\t\t\t<div style=\"color: #222222;font-family: Arial, Helvetica, sans-serif;font-size: small;text-align: justify\"><span style=\"font-size: 10pt;font-family: arial, helvetica, sans-serif\">Para saber mais, assista as reportagens da TV Campus:<\/span><span style=\"font-family: arial, helvetica, sans-serif;font-size: 10pt\">\u00a0<\/span><span style=\"font-family: arial, helvetica, sans-serif;font-size: 10pt\">\u00a0<\/span><\/div>\n<div style=\"color: #222222;font-family: Arial, Helvetica, sans-serif;font-size: small;text-align: justify\"><a href=\"https:\/\/www.facebook.com\/tvcampus\/videos\/315646172558421\/UzpfSTM4NDg1NzA2NTM0OTg4OTo0ODkwNTYwMzQ5Mjk5OTE\/\"><span style=\"font-family: arial, helvetica, sans-serif;font-size: 10pt\">Epis\u00f3dio 1: Esportes coletivos\u00a0<\/span><\/a><span style=\"color: #222222;font-family: arial, helvetica, sans-serif;font-size: 10pt\">\u00a0<\/span><span style=\"color: #222222;font-family: arial, helvetica, sans-serif;font-size: 10pt\">\u00a0<\/span><\/div>\n<div style=\"color: #222222;font-family: Arial, Helvetica, sans-serif;font-size: small;text-align: justify\"><a href=\"https:\/\/www.facebook.com\/tvcampus\/videos\/186456855631576\/UzpfSTM4NDg1NzA2NTM0OTg4OTo1MDMxNjk5NjM1MTg1OTg\/\"><span style=\"font-family: arial, helvetica, sans-serif;font-size: 10pt\">Epis\u00f3dio 2: Yoga, Medita\u00e7\u00e3o e Arte Circense<\/span><\/a><span style=\"color: #222222;font-family: Arial, Helvetica, sans-serif;font-size: small\">\u00a0<\/span><span style=\"color: #222222;font-family: arial, helvetica, sans-serif;font-size: 10pt\">\u00a0<\/span><\/div>\n<div style=\"color: #222222;font-family: Arial, Helvetica, sans-serif;font-size: small;text-align: justify\"><a href=\"https:\/\/www.facebook.com\/tvcampus\/videos\/2197256006965900\/UzpfSTM4NDg1NzA2NTM0OTg4OTo1MTA3NzEwNzI3NTg0ODc\/\"><span style=\"font-family: arial, helvetica, sans-serif;font-size: 10pt\">Epis\u00f3dio 3: Esporte de academia<\/span><\/a><span style=\"color: #222222;font-family: arial, helvetica, sans-serif;font-size: 10pt\">\u00a0<\/span><span style=\"color: #222222;font-family: arial, helvetica, sans-serif;font-size: 10pt\">\u00a0<\/span><\/div>\n<div style=\"color: #222222;font-family: Arial, Helvetica, sans-serif;font-size: small;text-align: justify\"><a href=\"https:\/\/www.facebook.com\/tvcampus\/videos\/2231378800414178\/UzpfSTM4NDg1NzA2NTM0OTg4OTo1MTQ4MzMxNTU2ODU2MTI\/\"><span style=\"font-family: arial, helvetica, sans-serif;font-size: 10pt\">Epis\u00f3dio 4: Dan\u00e7a de Sal\u00e3o e Fitness<\/span><\/a><span style=\"font-family: arial, helvetica, sans-serif;font-size: 10pt\">\u00a0<\/span><\/div>\n<div style=\"color: #222222;font-family: Arial, Helvetica, sans-serif;font-size: small;text-align: justify\"><span style=\"font-family: arial, helvetica, sans-serif;font-size: 10pt\">Ou leia a reportagem no Portal UFSM: <a href=\"https:\/\/www.ufsm.br\/2018\/09\/18\/esporte-universitario-incentivo-a-pratica-esportiva-no-ambito-academico\/\">&#8220;Esporte Universit\u00e1rio: incentivo \u00e0 pr\u00e1tica esportiva no \u00e2mbito acad\u00eamico&#8221;<\/a><\/span><span style=\"font-family: arial, helvetica, sans-serif;font-size: 10pt\">\u00a0<\/span><span style=\"color: #222222;font-family: Arial, Helvetica, sans-serif;font-size: small\">\u00a0<\/span><\/div>\t\t\t\t\t\t<\/div>\n\t\t\t\t<\/div>\n\t\t\t\t\t<\/div>\n\t\t<\/div>\n\t\t\t\t\t<\/div>\n\t\t<\/section>\n\t\t\t\t<section class=\"elementor-section elementor-top-section elementor-element elementor-element-0b80b9a elementor-section-boxed elementor-section-height-default elementor-section-height-default\" data-id=\"0b80b9a\" data-element_type=\"section\">\n\t\t\t\t\t\t<div class=\"elementor-container elementor-column-gap-default\">\n\t\t\t\t\t<div class=\"elementor-column elementor-col-100 elementor-top-column elementor-element elementor-element-12a945e\" data-id=\"12a945e\" data-element_type=\"column\">\n\t\t\t<div class=\"elementor-widget-wrap elementor-element-populated\">\n\t\t\t\t\t\t<div class=\"elementor-element elementor-element-df9d118 elementor-widget elementor-widget-spacer\" data-id=\"df9d118\" data-element_type=\"widget\" data-widget_type=\"spacer.default\">\n\t\t\t\t<div class=\"elementor-widget-container\">\n\t\t\t\t\t<div class=\"elementor-spacer\">\n\t\t\t<div class=\"elementor-spacer-inner\"><\/div>\n\t\t<\/div>\n\t\t\t\t<\/div>\n\t\t\t\t<\/div>\n\t\t\t\t\t<\/div>\n\t\t<\/div>\n\t\t\t\t\t<\/div>\n\t\t<\/section>\n\t\t\t\t<section class=\"elementor-section elementor-top-section elementor-element elementor-element-62c433e elementor-section-boxed elementor-section-height-default elementor-section-height-default\" data-id=\"62c433e\" data-element_type=\"section\">\n\t\t\t\t\t\t<div class=\"elementor-container elementor-column-gap-default\">\n\t\t\t\t\t<div class=\"elementor-column elementor-col-100 elementor-top-column elementor-element elementor-element-57483f1\" data-id=\"57483f1\" data-element_type=\"column\">\n\t\t\t<div class=\"elementor-widget-wrap elementor-element-populated\">\n\t\t\t\t\t\t<div class=\"elementor-element elementor-element-5bacf4d elementor-widget elementor-widget-wp-widget-ufsm_noticias_widget\" data-id=\"5bacf4d\" data-element_type=\"widget\" data-widget_type=\"wp-widget-ufsm_noticias_widget.default\">\n\t\t\t\t<div class=\"elementor-widget-container\">\n\t\t\t<h5 class='titulo-conteudos'>Not\u00edcias<\/h5><div class='widget-noticias-inside'>\n                        <div class=\"row\">\n                                    <div class=\"col-12 col-lg-6 pb-4\">\n                                        \n                                        \n                    \n                    <a class=\"noticias-widget-title d-block \"  title=\"Esporte Universit\u00e1rio abre inscri\u00e7\u00f5es para cinco modalidades on-line\" href=\"https:\/\/www.ufsm.br\/unidades-universitarias\/cefd\/2021\/05\/11\/esporte-universitario-abre-inscricoes-para-cinco-modalidades\">\n                                                Esporte Universit\u00e1rio abre inscri\u00e7\u00f5es para cinco modalidades on-line                    <\/a>\n                    \n                    \n                                        \n                                        \n                                            \n                                                    <div title=\"Publicado em 11\/05\/2021 \" class=\"data-publicacao-widget\">\n                                <i  class=\"far fa-clock\"><\/i>\n                                11\/05\/2021                             <\/div>\n                                                                <\/div>\n                                    <div class=\"col-12 col-lg-6 pb-4\">\n                                        \n                                        \n                    \n                    <a class=\"noticias-widget-title d-block \"  title=\"Esporte Universit\u00e1rio oferta atividades online\" href=\"https:\/\/www.ufsm.br\/unidades-universitarias\/cefd\/2020\/07\/30\/esporte-universitario-oferta-atividades-online\">\n                                                Esporte Universit\u00e1rio oferta atividades online                    <\/a>\n                    \n                    \n                                        \n                                        \n                                            \n                                                    <div title=\"Publicado em 30\/07\/2020 \" class=\"data-publicacao-widget\">\n                                <i  class=\"far fa-clock\"><\/i>\n                                30\/07\/2020                             <\/div>\n                                                                <\/div>\n                            <\/div>\n                    <div class=\"row\">\n                                    <div class=\"col-12 col-lg-6 pb-4\">\n                                        \n                                        \n                    \n                    <a class=\"noticias-widget-title d-block \"  title=\"Esporte Universit\u00e1rio divulga inscri\u00e7\u00f5es homologadas para sele\u00e7\u00e3o de bolsistas\" href=\"https:\/\/www.ufsm.br\/unidades-universitarias\/cefd\/2020\/03\/13\/esporte-universitario-divulga-inscricoes-homologadas-para-selecao-de-bolsistas\">\n                                                Esporte Universit\u00e1rio divulga inscri\u00e7\u00f5es homologadas para sele\u00e7\u00e3o de bolsistas                    <\/a>\n                    \n                    \n                                        \n                                        \n                                            \n                                                    <div title=\"Publicado em 13\/03\/2020 \" class=\"data-publicacao-widget\">\n                                <i  class=\"far fa-clock\"><\/i>\n                                13\/03\/2020                             <\/div>\n                                                                <\/div>\n                                    <div class=\"col-12 col-lg-6 pb-4\">\n                                        \n                                        \n                    \n                    <a class=\"noticias-widget-title d-block \"  title=\"Esporte Universit\u00e1rio seleciona bolsistas para 2020\" href=\"https:\/\/www.ufsm.br\/unidades-universitarias\/cefd\/2020\/03\/03\/esporte-universitario-seleciona-bolsistas-para-2020\">\n                                                Esporte Universit\u00e1rio seleciona bolsistas para 2020                    <\/a>\n                    \n                    \n                                        \n                                        \n                                            \n                                                    <div title=\"Publicado em 03\/03\/2020 \" class=\"data-publicacao-widget\">\n                                <i  class=\"far fa-clock\"><\/i>\n                                03\/03\/2020                             <\/div>\n                                                                <\/div>\n                            <\/div>\n                    <div class=\"row\">\n                                    <div class=\"col-12 col-lg-6 pb-4\">\n                                        \n                                        \n                    \n                    <a class=\"noticias-widget-title d-block \"  title=\"Esporte Universit\u00e1rio oferta vagas para 37 modalidades aos estudantes da UFSM\" href=\"https:\/\/www.ufsm.br\/unidades-universitarias\/cefd\/2019\/08\/12\/esporte-universitario-abre-vagas-para-37-modalidades\">\n                                                Esporte Universit\u00e1rio oferta vagas para 37 modalidades aos estudantes da UFSM                    <\/a>\n                    \n                    \n                                        \n                                        \n                                            \n                                                    <div title=\"Publicado em 12\/08\/2019 \" class=\"data-publicacao-widget\">\n                                <i  class=\"far fa-clock\"><\/i>\n                                12\/08\/2019                             <\/div>\n                                                                <\/div>\n                                    <div class=\"col-12 col-lg-6 pb-4\">\n                                        \n                                        \n                    \n                    <a class=\"noticias-widget-title d-block \"  title=\"Esporte Universit\u00e1rio seleciona bolsistas\" href=\"https:\/\/www.ufsm.br\/unidades-universitarias\/cefd\/2019\/08\/01\/esporte-universitario-seleciona-bolsistas\">\n                                                Esporte Universit\u00e1rio seleciona bolsistas                    <\/a>\n                    \n                    \n                                        \n                                        \n                                            \n                                                    <div title=\"Publicado em 01\/08\/2019 \" class=\"data-publicacao-widget\">\n                                <i  class=\"far fa-clock\"><\/i>\n                                01\/08\/2019                             <\/div>\n                                                                <\/div>\n                            <\/div>\n            <\/div>\n\t\t<\/div>\n\t\t\t\t<\/div>\n\t\t\t\t\t<\/div>\n\t\t<\/div>\n\t\t\t\t\t<\/div>\n\t\t<\/section>\n\t\t\t\t<\/div>\n\t\t","protected":false},"excerpt":{"rendered":"<p>O Esporte Universit\u00e1rio \u00e9 um Programa de Desenvolvimento\u00a0institucional, promovido pelo Centro de Educa\u00e7\u00e3o F\u00edsica e Desportos e apoio\/colabora\u00e7\u00e3o financeira da PRAE. Tem como objetivo promover pr\u00e1ticas esportivas e de lazer aos discentes\u00a0da UFSM, com o prop\u00f3sito de atender finalidades educativas, esportiva, sa\u00fade, lazer e integra\u00e7\u00e3o universit\u00e1ria.\u00a0 \u00a0 Contate-nos por nosso perfil, pelo e-mail esporteuniversitarioufsm@gmail.com ou [&hellip;]<\/p>\n","protected":false},"author":115,"featured_media":0,"parent":0,"menu_order":0,"comment_status":"closed","ping_status":"closed","template":"","meta":{"footnotes":""},"categories":[],"tags":[],"class_list":["post-464","page","type-page","status-publish","hentry"],"acf":[],"_links":{"self":[{"href":"https:\/\/www.ufsm.br\/unidades-universitarias\/cefd\/wp-json\/wp\/v2\/pages\/464","targetHints":{"allow":["GET"]}}],"collection":[{"href":"https:\/\/www.ufsm.br\/unidades-universitarias\/cefd\/wp-json\/wp\/v2\/pages"}],"about":[{"href":"https:\/\/www.ufsm.br\/unidades-universitarias\/cefd\/wp-json\/wp\/v2\/types\/page"}],"author":[{"embeddable":true,"href":"https:\/\/www.ufsm.br\/unidades-universitarias\/cefd\/wp-json\/wp\/v2\/users\/115"}],"replies":[{"embeddable":true,"href":"https:\/\/www.ufsm.br\/unidades-universitarias\/cefd\/wp-json\/wp\/v2\/comments?post=464"}],"version-history":[{"count":0,"href":"https:\/\/www.ufsm.br\/unidades-universitarias\/cefd\/wp-json\/wp\/v2\/pages\/464\/revisions"}],"wp:attachment":[{"href":"https:\/\/www.ufsm.br\/unidades-universitarias\/cefd\/wp-json\/wp\/v2\/media?parent=464"}],"wp:term":[{"taxonomy":"category","embeddable":true,"href":"https:\/\/www.ufsm.br\/unidades-universitarias\/cefd\/wp-json\/wp\/v2\/categories?post=464"},{"taxonomy":"post_tag","embeddable":true,"href":"https:\/\/www.ufsm.br\/unidades-universitarias\/cefd\/wp-json\/wp\/v2\/tags?post=464"}],"curies":[{"name":"wp","href":"https:\/\/api.w.org\/{rel}","templated":true}]}}