{"id":512,"date":"2019-01-31T09:06:24","date_gmt":"2019-01-31T11:06:24","guid":{"rendered":"https:\/\/www.ufsm.br\/unidades-universitarias\/cefd\/?page_id=512"},"modified":"2025-03-25T19:32:37","modified_gmt":"2025-03-25T22:32:37","slug":"nucleo-de-divulgacao-institucional-ndi-cefd","status":"publish","type":"page","link":"https:\/\/www.ufsm.br\/unidades-universitarias\/cefd\/nucleo-de-divulgacao-institucional-ndi-cefd","title":{"rendered":"Subdivis\u00e3o de Comunica\u00e7\u00e3o"},"content":{"rendered":"\t\t<div data-elementor-type=\"wp-post\" data-elementor-id=\"512\" class=\"elementor elementor-512\">\n\t\t\t\t\t\t<section class=\"elementor-section elementor-top-section elementor-element elementor-element-2eedf28 elementor-section-boxed elementor-section-height-default elementor-section-height-default\" data-id=\"2eedf28\" data-element_type=\"section\">\n\t\t\t\t\t\t<div class=\"elementor-container elementor-column-gap-default\">\n\t\t\t\t\t<div class=\"elementor-column elementor-col-100 elementor-top-column elementor-element elementor-element-ef43e81\" data-id=\"ef43e81\" data-element_type=\"column\">\n\t\t\t<div class=\"elementor-widget-wrap elementor-element-populated\">\n\t\t\t\t\t\t<div class=\"elementor-element elementor-element-231132d elementor-widget elementor-widget-heading\" data-id=\"231132d\" data-element_type=\"widget\" data-widget_type=\"heading.default\">\n\t\t\t\t<div class=\"elementor-widget-container\">\n\t\t\t<h5 class=\"elementor-heading-title elementor-size-default\">Atribui\u00e7\u00f5es<\/h5>\t\t<\/div>\n\t\t\t\t<\/div>\n\t\t\t\t<div class=\"elementor-element elementor-element-7cde005 elementor-widget elementor-widget-text-editor\" data-id=\"7cde005\" data-element_type=\"widget\" data-widget_type=\"text-editor.default\">\n\t\t\t\t<div class=\"elementor-widget-container\">\n\t\t\t\t\t\t\t<p>&#8211; Produzir material informativo sobre o Centro;<br \/>&#8211; Gerenciar o website do Centro;<br \/>&#8211; Gerenciar p\u00e1ginas para divulga\u00e7\u00e3o das a\u00e7\u00f5es do Centro nas redes sociais;<br \/>&#8211; Auxiliar os docentes e subunidades na organiza\u00e7\u00e3o e divulga\u00e7\u00e3o de eventos;<br \/>&#8211; Produzir e divulgar not\u00edcias sobre as atividades do Centro aos p\u00fablicos de interesse;<br \/>&#8211; Promover campanhas institucionais para a comunidade interna;<br \/>&#8211; Gerenciar os murais do Centro;<br \/>&#8211; Gerenciar o contato com a m\u00eddia interna da UFSM;<br \/>&#8211; Produzir e divulgar o calend\u00e1rio anual de eventos do Centro;<br \/>&#8211; Auxiliar a Dire\u00e7\u00e3o, Cursos, Departamentos e comiss\u00f5es do Centro na formata\u00e7\u00e3o e publica\u00e7\u00e3o (nos meios de comunica\u00e7\u00e3o utilizados pelo CEFD) de normativas, campanhas e materiais comemorativos.<\/p>\t\t\t\t\t\t<\/div>\n\t\t\t\t<\/div>\n\t\t\t\t\t<\/div>\n\t\t<\/div>\n\t\t\t\t\t<\/div>\n\t\t<\/section>\n\t\t\t\t<section class=\"elementor-section elementor-top-section elementor-element elementor-element-adc90f2 elementor-section-boxed elementor-section-height-default elementor-section-height-default\" data-id=\"adc90f2\" data-element_type=\"section\">\n\t\t\t\t\t\t<div class=\"elementor-container elementor-column-gap-default\">\n\t\t\t\t\t<div class=\"elementor-column elementor-col-100 elementor-top-column elementor-element elementor-element-fa7e925\" data-id=\"fa7e925\" data-element_type=\"column\">\n\t\t\t<div class=\"elementor-widget-wrap elementor-element-populated\">\n\t\t\t\t\t\t<div class=\"elementor-element elementor-element-95bb1fe elementor-widget elementor-widget-heading\" data-id=\"95bb1fe\" data-element_type=\"widget\" data-widget_type=\"heading.default\">\n\t\t\t\t<div class=\"elementor-widget-container\">\n\t\t\t<h5 class=\"elementor-heading-title elementor-size-default\">Contatos\/funcionamento<\/h5>\t\t<\/div>\n\t\t\t\t<\/div>\n\t\t\t\t<div class=\"elementor-element elementor-element-a4012c7 elementor-widget elementor-widget-text-editor\" data-id=\"a4012c7\" data-element_type=\"widget\" data-widget_type=\"text-editor.default\">\n\t\t\t\t<div class=\"elementor-widget-container\">\n\t\t\t\t\t\t\t<pre><span style=\"color: #000000;font-size: 16px\"><strong>Respons\u00e1vel:<\/strong> Assist. Adm. R\u00e9gis Augusto Albanese Diniz<br \/><\/span><strong>E-mail:<\/strong> comunicacao.cefd@ufsm.br\n<strong>Instagram:<\/strong> <a href=\"https:\/\/www.instagram.com\/cefdufsm\">@cefdufsm<\/a><br \/><strong>WhatsApp:<\/strong> <a href=\"https:\/\/wa.me\/55991822420\">(55) 9 9182-2420<\/a> (somente hor\u00e1rio comercial)<br \/>Pr\u00e9dio 51 - Sala 2024<\/pre>\t\t\t\t\t\t<\/div>\n\t\t\t\t<\/div>\n\t\t\t\t\t<\/div>\n\t\t<\/div>\n\t\t\t\t\t<\/div>\n\t\t<\/section>\n\t\t\t\t<section class=\"elementor-section elementor-top-section elementor-element elementor-element-a0db1e6 elementor-section-boxed elementor-section-height-default elementor-section-height-default\" data-id=\"a0db1e6\" data-element_type=\"section\">\n\t\t\t\t\t\t<div class=\"elementor-container elementor-column-gap-default\">\n\t\t\t\t\t<div class=\"elementor-column elementor-col-100 elementor-top-column elementor-element elementor-element-8867d25\" data-id=\"8867d25\" data-element_type=\"column\">\n\t\t\t<div class=\"elementor-widget-wrap elementor-element-populated\">\n\t\t\t\t\t\t<div class=\"elementor-element elementor-element-d222eff elementor-button-info elementor-widget elementor-widget-button\" data-id=\"d222eff\" data-element_type=\"widget\" data-widget_type=\"button.default\">\n\t\t\t\t<div class=\"elementor-widget-container\">\n\t\t\t\t\t\t\t<div class=\"elementor-button-wrapper\">\n\t\t\t\t\t<a class=\"elementor-button elementor-button-link elementor-size-sm\" href=\"https:\/\/docs.google.com\/forms\/d\/1H1kTw1_A0mnBMtNQUyK9dbos9fqSqTdKbDuMK_dgYxE\/edit?usp=sharing\">\n\t\t\t\t\t\t<span class=\"elementor-button-content-wrapper\">\n\t\t\t\t\t\t\t\t\t<span class=\"elementor-button-text\">Formul\u00e1rio para solicita\u00e7\u00e3o de divulga\u00e7\u00e3o<\/span>\n\t\t\t\t\t<\/span>\n\t\t\t\t\t<\/a>\n\t\t\t\t<\/div>\n\t\t\t\t\t\t<\/div>\n\t\t\t\t<\/div>\n\t\t\t\t\t<\/div>\n\t\t<\/div>\n\t\t\t\t\t<\/div>\n\t\t<\/section>\n\t\t\t\t<\/div>\n\t\t","protected":false},"excerpt":{"rendered":"<p>Atribui\u00e7\u00f5es &#8211; Produzir material informativo sobre o Centro;&#8211; Gerenciar o website do Centro;&#8211; Gerenciar p\u00e1ginas para divulga\u00e7\u00e3o das a\u00e7\u00f5es do Centro nas redes sociais;&#8211; Auxiliar os docentes e subunidades na organiza\u00e7\u00e3o e divulga\u00e7\u00e3o de eventos;&#8211; Produzir e divulgar not\u00edcias sobre as atividades do Centro aos p\u00fablicos de interesse;&#8211; Promover campanhas institucionais para a comunidade interna;&#8211; [&hellip;]<\/p>\n","protected":false},"author":291,"featured_media":0,"parent":0,"menu_order":0,"comment_status":"closed","ping_status":"closed","template":"","meta":{"footnotes":""},"categories":[],"tags":[],"class_list":["post-512","page","type-page","status-publish","hentry"],"acf":[],"_links":{"self":[{"href":"https:\/\/www.ufsm.br\/unidades-universitarias\/cefd\/wp-json\/wp\/v2\/pages\/512","targetHints":{"allow":["GET"]}}],"collection":[{"href":"https:\/\/www.ufsm.br\/unidades-universitarias\/cefd\/wp-json\/wp\/v2\/pages"}],"about":[{"href":"https:\/\/www.ufsm.br\/unidades-universitarias\/cefd\/wp-json\/wp\/v2\/types\/page"}],"author":[{"embeddable":true,"href":"https:\/\/www.ufsm.br\/unidades-universitarias\/cefd\/wp-json\/wp\/v2\/users\/291"}],"replies":[{"embeddable":true,"href":"https:\/\/www.ufsm.br\/unidades-universitarias\/cefd\/wp-json\/wp\/v2\/comments?post=512"}],"version-history":[{"count":0,"href":"https:\/\/www.ufsm.br\/unidades-universitarias\/cefd\/wp-json\/wp\/v2\/pages\/512\/revisions"}],"wp:attachment":[{"href":"https:\/\/www.ufsm.br\/unidades-universitarias\/cefd\/wp-json\/wp\/v2\/media?parent=512"}],"wp:term":[{"taxonomy":"category","embeddable":true,"href":"https:\/\/www.ufsm.br\/unidades-universitarias\/cefd\/wp-json\/wp\/v2\/categories?post=512"},{"taxonomy":"post_tag","embeddable":true,"href":"https:\/\/www.ufsm.br\/unidades-universitarias\/cefd\/wp-json\/wp\/v2\/tags?post=512"}],"curies":[{"name":"wp","href":"https:\/\/api.w.org\/{rel}","templated":true}]}}