{"id":535,"date":"2019-01-31T10:46:33","date_gmt":"2019-01-31T12:46:33","guid":{"rendered":"https:\/\/www.ufsm.br\/unidades-universitarias\/cefd\/?page_id=535"},"modified":"2025-08-04T13:45:56","modified_gmt":"2025-08-04T16:45:56","slug":"nucleo-de-tecnologia-da-informacao","status":"publish","type":"page","link":"https:\/\/www.ufsm.br\/unidades-universitarias\/cefd\/nucleo-de-tecnologia-da-informacao","title":{"rendered":"Subdivis\u00e3o de Tecnologia da Informa\u00e7\u00e3o"},"content":{"rendered":"\t\t<div data-elementor-type=\"wp-post\" data-elementor-id=\"535\" class=\"elementor elementor-535\">\n\t\t\t\t\t\t<section class=\"elementor-section elementor-top-section elementor-element elementor-element-14806d8 elementor-section-boxed elementor-section-height-default elementor-section-height-default\" data-id=\"14806d8\" data-element_type=\"section\">\n\t\t\t\t\t\t<div class=\"elementor-container elementor-column-gap-default\">\n\t\t\t\t\t<div class=\"elementor-column elementor-col-100 elementor-top-column elementor-element elementor-element-e34aab0\" data-id=\"e34aab0\" data-element_type=\"column\">\n\t\t\t<div class=\"elementor-widget-wrap elementor-element-populated\">\n\t\t\t\t\t\t<div class=\"elementor-element elementor-element-94fbd0c elementor-widget elementor-widget-text-editor\" data-id=\"94fbd0c\" data-element_type=\"widget\" data-widget_type=\"text-editor.default\">\n\t\t\t\t<div class=\"elementor-widget-container\">\n\t\t\t\t\t\t\t<p><strong><span style=\"font-family: arial, helvetica, sans-serif;font-size: 10pt\">Respons\u00e1vel: T\u00e9cn. TI Rafael Silveira da Silveira<br \/><\/span><\/strong><\/p><p><span style=\"font-family: arial, helvetica, sans-serif;font-size: 10pt\">E-mail: ticefd@ufsm.br<\/span><\/p><p><span style=\"font-family: arial, helvetica, sans-serif;font-size: 10pt\">Telefone\/ramal: (55) 3220 &#8211; 8879<\/span><\/p>\t\t\t\t\t\t<\/div>\n\t\t\t\t<\/div>\n\t\t\t\t\t<\/div>\n\t\t<\/div>\n\t\t\t\t\t<\/div>\n\t\t<\/section>\n\t\t\t\t<\/div>\n\t\t","protected":false},"excerpt":{"rendered":"<p>Respons\u00e1vel: T\u00e9cn. TI Rafael Silveira da Silveira E-mail: ticefd@ufsm.br Telefone\/ramal: (55) 3220 &#8211; 8879<\/p>\n","protected":false},"author":291,"featured_media":0,"parent":0,"menu_order":0,"comment_status":"closed","ping_status":"closed","template":"","meta":{"footnotes":""},"categories":[],"tags":[],"class_list":["post-535","page","type-page","status-publish","hentry"],"acf":[],"_links":{"self":[{"href":"https:\/\/www.ufsm.br\/unidades-universitarias\/cefd\/wp-json\/wp\/v2\/pages\/535","targetHints":{"allow":["GET"]}}],"collection":[{"href":"https:\/\/www.ufsm.br\/unidades-universitarias\/cefd\/wp-json\/wp\/v2\/pages"}],"about":[{"href":"https:\/\/www.ufsm.br\/unidades-universitarias\/cefd\/wp-json\/wp\/v2\/types\/page"}],"author":[{"embeddable":true,"href":"https:\/\/www.ufsm.br\/unidades-universitarias\/cefd\/wp-json\/wp\/v2\/users\/291"}],"replies":[{"embeddable":true,"href":"https:\/\/www.ufsm.br\/unidades-universitarias\/cefd\/wp-json\/wp\/v2\/comments?post=535"}],"version-history":[{"count":0,"href":"https:\/\/www.ufsm.br\/unidades-universitarias\/cefd\/wp-json\/wp\/v2\/pages\/535\/revisions"}],"wp:attachment":[{"href":"https:\/\/www.ufsm.br\/unidades-universitarias\/cefd\/wp-json\/wp\/v2\/media?parent=535"}],"wp:term":[{"taxonomy":"category","embeddable":true,"href":"https:\/\/www.ufsm.br\/unidades-universitarias\/cefd\/wp-json\/wp\/v2\/categories?post=535"},{"taxonomy":"post_tag","embeddable":true,"href":"https:\/\/www.ufsm.br\/unidades-universitarias\/cefd\/wp-json\/wp\/v2\/tags?post=535"}],"curies":[{"name":"wp","href":"https:\/\/api.w.org\/{rel}","templated":true}]}}