{"id":1154,"date":"2018-08-30T16:44:09","date_gmt":"2018-08-30T19:44:09","guid":{"rendered":"https:\/\/www.ufsm.br\/unidades-universitarias\/ct\/?page_id=1154"},"modified":"2025-12-08T11:37:14","modified_gmt":"2025-12-08T14:37:14","slug":"laboratorio-de-materiais-de-construcao-civil-lmcc","status":"publish","type":"page","link":"https:\/\/www.ufsm.br\/unidades-universitarias\/ct\/laboratorio-de-materiais-de-construcao-civil-lmcc","title":{"rendered":"Laborat\u00f3rio de Materiais de Constru\u00e7\u00e3o Civil (LMCC)"},"content":{"rendered":"<p>O Laborat\u00f3rio de Materiais de Constru\u00e7\u00e3o Civil \u2013 LMCC atende o curso de gradua\u00e7\u00e3o de engenharia civil da UFSM, dando suporte nas disciplinas de: Materiais de Constru\u00e7\u00e3o I e II, Resist\u00eancia dos Materiais I e II, Mec\u00e2nica dos Solos, Materiais de Pavimenta\u00e7\u00e3o I e II e Geologia de Engenharia, atendendo aproximadamente 200 alunos em m\u00e9dia por semestre.<\/p>\n<p>Dos equipamentos instalados no laborat\u00f3rio, aqueles mais utilizados no atendimento das disciplinas de gradua\u00e7\u00e3o do curso de engenharia civil, podem ser relacionados: Prensa Hidr\u00e1ulica ZD100, Prensa Hidr\u00e1ulica 300t, Prensa Hidr\u00e1ulica Amsler 20t, Betoneiras, Peneiras, Balan\u00e7as, Prensa CBR, Moldes de Corpos de Prova, Misturador de argamassa, Frasco Lechatelier, Estufas, Equipamento Rotarex, Viscos\u00edmetro, Dispersor, Tronco de Cone, Mesa Vibrat\u00f3ria, Escler\u00f4metro, Ultra-som.<\/p>\n<p>Com a utiliza\u00e7\u00e3o destes equipamentos \u00e9 poss\u00edvel a realiza\u00e7\u00e3o dos seguintes ensaios\/testes\/experi\u00eancias: Resist\u00eancia \u00e0 Compress\u00e3o do Concreto, Tra\u00e7\u00e3o e Dobramento de Barras de A\u00e7o, Ensaios F\u00edsicos de Agregados Gra\u00fados e Mi\u00fados (Massa Espec\u00edfica, An\u00e1lise Granulom\u00e9trica, Massa Unit\u00e1ria), Ensaios F\u00edsicos de Cimento (Finura, Tempo de Pega, Compress\u00e3o de CPs, Massa Espec\u00edfica), Ensaios de Caracteriza\u00e7\u00e3o de Solo (Compacta\u00e7\u00e3o, CBR, Limites de Consist\u00eancia, Granulometria), Ensaio Marshall, Ruptura de CPs de asfalto.<\/p>\n<p><strong>Chefe:<\/strong> Mauro Linchtenecker Just<\/p>\n<p><strong>Contato:<\/strong> 55 3220 8313 | 55 991272159<\/p>\n<p><strong>E-mail:<\/strong> lmcc.ufsm@gmail.com<\/p>\n<p>O Laborat\u00f3rio de Materiais de Constru\u00e7\u00e3o Civil \u2013 LMCC atende o curso de gradua\u00e7\u00e3o de engenharia civil da UFSM, dando suporte nas disciplinas de: Materiais de Constru\u00e7\u00e3o I e II, Resist\u00eancia dos Materiais I e II, Mec\u00e2nica dos Solos, Materiais de Pavimenta\u00e7\u00e3o I e II e Geologia de Engenharia, atendendo aproximadamente 200 alunos em m\u00e9dia por semestre.<\/p>\n<p>Dos equipamentos instalados no laborat\u00f3rio, aqueles mais utilizados no atendimento das disciplinas de gradua\u00e7\u00e3o do curso de engenharia civil, podem ser relacionados: Prensa Hidr\u00e1ulica ZD100, Prensa Hidr\u00e1ulica 300t, Prensa Hidr\u00e1ulica Amsler 20t, Betoneiras, Peneiras, Balan\u00e7as, Prensa CBR, Moldes de Corpos de Prova, Misturador de argamassa, Frasco Lechatelier, Estufas, Equipamento Rotarex, Viscos\u00edmetro, Dispersor, Tronco de Cone, Mesa Vibrat\u00f3ria, Escler\u00f4metro, Ultra-som.<\/p>\n<p>Com a utiliza\u00e7\u00e3o destes equipamentos \u00e9 poss\u00edvel a realiza\u00e7\u00e3o dos seguintes ensaios\/testes\/experi\u00eancias: Resist\u00eancia \u00e0 Compress\u00e3o do Concreto, Tra\u00e7\u00e3o e Dobramento de Barras de A\u00e7o, Ensaios F\u00edsicos de Agregados Gra\u00fados e Mi\u00fados (Massa Espec\u00edfica, An\u00e1lise Granulom\u00e9trica, Massa Unit\u00e1ria), Ensaios F\u00edsicos de Cimento (Finura, Tempo de Pega, Compress\u00e3o de CPs, Massa Espec\u00edfica), Ensaios de Caracteriza\u00e7\u00e3o de Solo (Compacta\u00e7\u00e3o, CBR, Limites de Consist\u00eancia, Granulometria), Ensaio Marshall, Ruptura de CPs de asfalto.<\/p>\n<hr \/>\n<p><strong>Chefe:<\/strong> T\u00e9c. Adm. Mauro Just<\/p>\n<p><strong>Contato<\/strong>: 55 3220 8313 | 55 3220-8461 | 55 991272159<\/p>\n<p><strong>E-mail:<\/strong> lmcc.ufsm@gmail.com<\/p>\n<p><span id=\"cloak88573\"><\/span><strong>Localiza\u00e7\u00e3o<\/strong>: Sala 418 &#8211; Pr\u00e9dio 10<\/p>\n","protected":false},"excerpt":{"rendered":"<p>O Laborat\u00f3rio de Materiais de Constru\u00e7\u00e3o Civil \u2013 LMCC atende o curso de gradua\u00e7\u00e3o de engenharia civil da UFSM, dando suporte nas disciplinas de: Materiais de Constru\u00e7\u00e3o I e II, Resist\u00eancia dos Materiais I e II, Mec\u00e2nica dos Solos, Materiais de Pavimenta\u00e7\u00e3o I e II e Geologia de Engenharia, atendendo aproximadamente 200 alunos em m\u00e9dia [&hellip;]<\/p>\n","protected":false},"author":115,"featured_media":0,"parent":0,"menu_order":0,"comment_status":"closed","ping_status":"closed","template":"","meta":{"footnotes":""},"categories":[],"tags":[],"class_list":["post-1154","page","type-page","status-publish","hentry"],"acf":[],"_links":{"self":[{"href":"https:\/\/www.ufsm.br\/unidades-universitarias\/ct\/wp-json\/wp\/v2\/pages\/1154","targetHints":{"allow":["GET"]}}],"collection":[{"href":"https:\/\/www.ufsm.br\/unidades-universitarias\/ct\/wp-json\/wp\/v2\/pages"}],"about":[{"href":"https:\/\/www.ufsm.br\/unidades-universitarias\/ct\/wp-json\/wp\/v2\/types\/page"}],"author":[{"embeddable":true,"href":"https:\/\/www.ufsm.br\/unidades-universitarias\/ct\/wp-json\/wp\/v2\/users\/115"}],"replies":[{"embeddable":true,"href":"https:\/\/www.ufsm.br\/unidades-universitarias\/ct\/wp-json\/wp\/v2\/comments?post=1154"}],"version-history":[{"count":0,"href":"https:\/\/www.ufsm.br\/unidades-universitarias\/ct\/wp-json\/wp\/v2\/pages\/1154\/revisions"}],"wp:attachment":[{"href":"https:\/\/www.ufsm.br\/unidades-universitarias\/ct\/wp-json\/wp\/v2\/media?parent=1154"}],"wp:term":[{"taxonomy":"category","embeddable":true,"href":"https:\/\/www.ufsm.br\/unidades-universitarias\/ct\/wp-json\/wp\/v2\/categories?post=1154"},{"taxonomy":"post_tag","embeddable":true,"href":"https:\/\/www.ufsm.br\/unidades-universitarias\/ct\/wp-json\/wp\/v2\/tags?post=1154"}],"curies":[{"name":"wp","href":"https:\/\/api.w.org\/{rel}","templated":true}]}}