{"id":1157,"date":"2018-08-30T16:49:04","date_gmt":"2018-08-30T19:49:04","guid":{"rendered":"https:\/\/www.ufsm.br\/unidades-universitarias\/ct\/?page_id=1157"},"modified":"2022-07-30T18:37:59","modified_gmt":"2022-07-30T21:37:59","slug":"laboratorio-de-ciencias-espaciais-de-santa-maria-lacesm","status":"publish","type":"page","link":"https:\/\/www.ufsm.br\/unidades-universitarias\/ct\/laboratorio-de-ciencias-espaciais-de-santa-maria-lacesm","title":{"rendered":"Laborat\u00f3rio de Ci\u00eancias Espaciais (LACESM)"},"content":{"rendered":"\t\t<div data-elementor-type=\"wp-page\" data-elementor-id=\"1157\" class=\"elementor elementor-1157\">\n\t\t\t\t\t\t<section class=\"elementor-section elementor-top-section elementor-element elementor-element-2be7e12e elementor-section-boxed elementor-section-height-default elementor-section-height-default\" data-id=\"2be7e12e\" data-element_type=\"section\">\n\t\t\t\t\t\t<div class=\"elementor-container elementor-column-gap-default\">\n\t\t\t\t\t<div class=\"elementor-column elementor-col-100 elementor-top-column elementor-element elementor-element-2a17297e\" data-id=\"2a17297e\" data-element_type=\"column\">\n\t\t\t<div class=\"elementor-widget-wrap elementor-element-populated\">\n\t\t\t\t\t\t<div class=\"elementor-element elementor-element-31668900 elementor-widget elementor-widget-text-editor\" data-id=\"31668900\" data-element_type=\"widget\" data-widget_type=\"text-editor.default\">\n\t\t\t\t<div class=\"elementor-widget-container\">\n\t\t\t\t\t\t\t<p><strong><span style=\"font-family: verdana, geneva, sans-serif;font-size: 10pt\">Chefe:<\/span><\/strong><span style=\"font-family: verdana, geneva, sans-serif;font-size: 10pt\"> Prof. Andrei Legg<\/span><\/p><p><strong><span style=\"font-family: verdana, geneva, sans-serif;font-size: 10pt\">Contato:\u00a0<\/span><\/strong><span style=\"font-family: verdana, geneva, sans-serif;font-size: 10pt\">55 3220 8830<\/span><\/p><p><b>Localiza\u00e7\u00e3o:\u00a0<\/b><span style=\"background-color: var(--bs-body-bg);text-align: var(--bs-body-text-align)\">Sala 1000 &#8211; Pr\u00e9dio Inpe<\/span><\/p>\t\t\t\t\t\t<\/div>\n\t\t\t\t<\/div>\n\t\t\t\t\t<\/div>\n\t\t<\/div>\n\t\t\t\t\t<\/div>\n\t\t<\/section>\n\t\t\t\t<\/div>\n\t\t","protected":false},"excerpt":{"rendered":"<p>Chefe: Prof. Andrei Legg Contato:&nbsp;55 3220 8830 Localiza\u00e7\u00e3o:&nbsp;Sala 1000 &#8211; Pr\u00e9dio Inpe<\/p>\n","protected":false},"author":115,"featured_media":0,"parent":0,"menu_order":0,"comment_status":"closed","ping_status":"closed","template":"","meta":{"footnotes":""},"categories":[],"tags":[],"class_list":["post-1157","page","type-page","status-publish","hentry"],"acf":[],"_links":{"self":[{"href":"https:\/\/www.ufsm.br\/unidades-universitarias\/ct\/wp-json\/wp\/v2\/pages\/1157","targetHints":{"allow":["GET"]}}],"collection":[{"href":"https:\/\/www.ufsm.br\/unidades-universitarias\/ct\/wp-json\/wp\/v2\/pages"}],"about":[{"href":"https:\/\/www.ufsm.br\/unidades-universitarias\/ct\/wp-json\/wp\/v2\/types\/page"}],"author":[{"embeddable":true,"href":"https:\/\/www.ufsm.br\/unidades-universitarias\/ct\/wp-json\/wp\/v2\/users\/115"}],"replies":[{"embeddable":true,"href":"https:\/\/www.ufsm.br\/unidades-universitarias\/ct\/wp-json\/wp\/v2\/comments?post=1157"}],"version-history":[{"count":0,"href":"https:\/\/www.ufsm.br\/unidades-universitarias\/ct\/wp-json\/wp\/v2\/pages\/1157\/revisions"}],"wp:attachment":[{"href":"https:\/\/www.ufsm.br\/unidades-universitarias\/ct\/wp-json\/wp\/v2\/media?parent=1157"}],"wp:term":[{"taxonomy":"category","embeddable":true,"href":"https:\/\/www.ufsm.br\/unidades-universitarias\/ct\/wp-json\/wp\/v2\/categories?post=1157"},{"taxonomy":"post_tag","embeddable":true,"href":"https:\/\/www.ufsm.br\/unidades-universitarias\/ct\/wp-json\/wp\/v2\/tags?post=1157"}],"curies":[{"name":"wp","href":"https:\/\/api.w.org\/{rel}","templated":true}]}}