{"id":13,"date":"2018-06-21T12:03:38","date_gmt":"2018-06-21T15:03:38","guid":{"rendered":"https:\/\/www.ufsm.br\/unidades-universitarias\/ct\/?page_id=13"},"modified":"2026-01-13T11:00:18","modified_gmt":"2026-01-13T14:00:18","slug":"comissoes-internas","status":"publish","type":"page","link":"https:\/\/www.ufsm.br\/unidades-universitarias\/ct\/comissoes-internas","title":{"rendered":"Comiss\u00f5es internas"},"content":{"rendered":"\t\t<div data-elementor-type=\"wp-post\" data-elementor-id=\"13\" class=\"elementor elementor-13\">\n\t\t\t\t\t\t<section class=\"elementor-section elementor-top-section elementor-element elementor-element-6c3a349e elementor-section-boxed elementor-section-height-default elementor-section-height-default\" data-id=\"6c3a349e\" data-element_type=\"section\">\n\t\t\t\t\t\t<div class=\"elementor-container elementor-column-gap-default\">\n\t\t\t\t\t<div class=\"elementor-column elementor-col-100 elementor-top-column elementor-element elementor-element-4dc57307\" data-id=\"4dc57307\" data-element_type=\"column\">\n\t\t\t<div class=\"elementor-widget-wrap elementor-element-populated\">\n\t\t\t\t\t\t<div class=\"elementor-element elementor-element-299c4bc elementor-tabs-view-horizontal elementor-widget elementor-widget-tabs\" data-id=\"299c4bc\" data-element_type=\"widget\" data-widget_type=\"tabs.default\">\n\t\t\t\t<div class=\"elementor-widget-container\">\n\t\t\t\t\t<div class=\"elementor-tabs\">\n\t\t\t<div class=\"elementor-tabs-wrapper\" role=\"tablist\" >\n\t\t\t\t\t\t\t\t\t<div id=\"elementor-tab-title-4361\" class=\"elementor-tab-title elementor-tab-desktop-title\" aria-selected=\"true\" data-tab=\"1\" role=\"tab\" tabindex=\"0\" aria-controls=\"elementor-tab-content-4361\" aria-expanded=\"false\">Ensino<\/div>\n\t\t\t\t\t\t\t\t\t<div id=\"elementor-tab-title-4362\" class=\"elementor-tab-title elementor-tab-desktop-title\" aria-selected=\"false\" data-tab=\"2\" role=\"tab\" tabindex=\"-1\" aria-controls=\"elementor-tab-content-4362\" aria-expanded=\"false\">Extens\u00e3o<\/div>\n\t\t\t\t\t\t\t\t\t<div id=\"elementor-tab-title-4363\" class=\"elementor-tab-title elementor-tab-desktop-title\" aria-selected=\"false\" data-tab=\"3\" role=\"tab\" tabindex=\"-1\" aria-controls=\"elementor-tab-content-4363\" aria-expanded=\"false\">Pesquisa e Inova\u00e7\u00e3o<\/div>\n\t\t\t\t\t\t\t<\/div>\n\t\t\t<div class=\"elementor-tabs-content-wrapper\" role=\"tablist\" aria-orientation=\"vertical\">\n\t\t\t\t\t\t\t\t\t<div class=\"elementor-tab-title elementor-tab-mobile-title\" aria-selected=\"true\" data-tab=\"1\" role=\"tab\" tabindex=\"0\" aria-controls=\"elementor-tab-content-4361\" aria-expanded=\"false\">Ensino<\/div>\n\t\t\t\t\t<div id=\"elementor-tab-content-4361\" class=\"elementor-tab-content elementor-clearfix\" data-tab=\"1\" role=\"tabpanel\" aria-labelledby=\"elementor-tab-title-4361\" tabindex=\"0\" hidden=\"false\"><p>Presta assessoramento t\u00e9cnico e cient\u00edfico \u00e0 Dire\u00e7\u00e3o do Centro e \u00e0s subunidades; submete ao Conselho do Centro procedimentos para apresenta\u00e7\u00e3o de Projetos de Ensino, bem como crit\u00e9rios de avalia\u00e7\u00e3o, t\u00e9cnicos e financeiros, para projetos com solicita\u00e7\u00e3o de recursos; articula \u00a0a realiza\u00e7\u00e3o de Projetos de Ensino entre departamentos e centros e intercentros da UFSM; e aprova os projetos de Ensino a serem encaminhados a \u00f3rg\u00e3os financiadores para obten\u00e7\u00e3o de recursos.<\/p><h5><strong>Comp\u00f5em a Comiss\u00e3o Permanente de Ensino do Centro de Tecnologia:<\/strong><\/h5><div><div><ul><li>Elvis Carissimi<\/li><li>Fl\u00e1vio Dias Mayer<\/li><li>Frederico Menine Schaf<\/li><li>Suelen Cristiane Freitag<\/li><li>Tatiana Cureau Cervo<\/li><li>Simoni Timm Hermes &#8211; TAE<\/li><li>D\u00eareck Hummel Becher &#8211; Discente<\/li><\/ul><\/div><\/div><\/div>\n\t\t\t\t\t\t\t\t\t<div class=\"elementor-tab-title elementor-tab-mobile-title\" aria-selected=\"false\" data-tab=\"2\" role=\"tab\" tabindex=\"-1\" aria-controls=\"elementor-tab-content-4362\" aria-expanded=\"false\">Extens\u00e3o<\/div>\n\t\t\t\t\t<div id=\"elementor-tab-content-4362\" class=\"elementor-tab-content elementor-clearfix\" data-tab=\"2\" role=\"tabpanel\" aria-labelledby=\"elementor-tab-title-4362\" tabindex=\"0\" hidden=\"hidden\"><p>Esta comiss\u00e3o submete ao Conselho do Centro de Tecnologia procedimentos para apresenta\u00e7\u00e3o de projetos de extens\u00e3o, al\u00e9m de crit\u00e9rios t\u00e9cnico-financeiros de avalia\u00e7\u00e3o para projetos com solicita\u00e7\u00e3o de recursos; avalia a execu\u00e7\u00e3o dos projetos de extens\u00e3o; articula e \u00a0a realiza\u00e7\u00e3o de projetos de extens\u00e3o entre os departamentos e centros da UFSM; e gerencia a distribui\u00e7\u00e3o de recursos financeiros or\u00e7ament\u00e1rios destinados \u00e0 extens\u00e3o.<\/p><h5><strong>Comp\u00f5em a Comiss\u00e3o Permanente de Extens\u00e3o do Centro de Tecnologia:<\/strong><\/h5><div><div><ul><li>Fabiana Bugs Antocheviz<\/li><li>Luiz Fernando de Freitas Gutierres<\/li><li>Morgana Pizzolato<\/li><li>Thiago Lopes Trugillo da Silveira<\/li><li>Viviane Suzey Gomes de Melo<\/li><li>Elisete Kronbauer &#8211; TAE<\/li><li>Julia Maria Gracioli Firmiano &#8211; Discente<\/li><\/ul><\/div><\/div><\/div>\n\t\t\t\t\t\t\t\t\t<div class=\"elementor-tab-title elementor-tab-mobile-title\" aria-selected=\"false\" data-tab=\"3\" role=\"tab\" tabindex=\"-1\" aria-controls=\"elementor-tab-content-4363\" aria-expanded=\"false\">Pesquisa e Inova\u00e7\u00e3o<\/div>\n\t\t\t\t\t<div id=\"elementor-tab-content-4363\" class=\"elementor-tab-content elementor-clearfix\" data-tab=\"3\" role=\"tabpanel\" aria-labelledby=\"elementor-tab-title-4363\" tabindex=\"0\" hidden=\"hidden\"><p>Seu papel \u00e9\u00a0prestar assessoramento t\u00e9cnico e cient\u00edfico \u00e0 Dire\u00e7\u00e3o do Centro e \u00e0s subunidades; organiza e estimula a defini\u00e7\u00e3o das linhas de pesquisa, assim como a formula\u00e7\u00e3o das mesmas; estimula a realiza\u00e7\u00e3o de conv\u00eanios com \u00f3rg\u00e3o financiadores; estimula e promove a realiza\u00e7\u00e3o de cursos, semin\u00e1rios congressos e encontros pertinentes \u00e0 pesquisa e desenvolvimento, e mant\u00e9m o interc\u00e2mbio com outras institui\u00e7\u00f5es de pesquisa do pa\u00eds e do exterior.<\/p><h5><strong>Comp\u00f5em a Comiss\u00e3o Permanente de Pesquisa e Inova\u00e7\u00e3o do Centro de Tecnologia:<\/strong><\/h5><ul><li>Andressa de Oliveira Silveira<\/li><li>Ederson Rossi Abaide &#8211; Vice-presidente<\/li><li>\u00c9velyn Paniz Possebon &#8211; Presidente<\/li><li>Gabriel Machado Lunardi<\/li><li>Giovanna Pisicchio Zanoni<\/li><li>Genes Ravazi Iffarraguirre<\/li><li>Ester Schmitt Duarte<\/li><\/ul><\/div>\n\t\t\t\t\t\t\t<\/div>\n\t\t<\/div>\n\t\t\t\t<\/div>\n\t\t\t\t<\/div>\n\t\t\t\t\t<\/div>\n\t\t<\/div>\n\t\t\t\t\t<\/div>\n\t\t<\/section>\n\t\t\t\t<\/div>\n\t\t","protected":false},"excerpt":{"rendered":"<p>Ensino Extens\u00e3o Pesquisa e Inova\u00e7\u00e3o Ensino Presta assessoramento t\u00e9cnico e cient\u00edfico \u00e0 Dire\u00e7\u00e3o do Centro e \u00e0s subunidades; submete ao Conselho do Centro procedimentos para apresenta\u00e7\u00e3o de Projetos de Ensino, bem como crit\u00e9rios de avalia\u00e7\u00e3o, t\u00e9cnicos e financeiros, para projetos com solicita\u00e7\u00e3o de recursos; articula \u00a0a realiza\u00e7\u00e3o de Projetos de Ensino entre departamentos e centros [&hellip;]<\/p>\n","protected":false},"author":46,"featured_media":0,"parent":0,"menu_order":0,"comment_status":"closed","ping_status":"closed","template":"","meta":{"footnotes":""},"categories":[],"tags":[],"class_list":["post-13","page","type-page","status-publish","hentry"],"acf":[],"_links":{"self":[{"href":"https:\/\/www.ufsm.br\/unidades-universitarias\/ct\/wp-json\/wp\/v2\/pages\/13","targetHints":{"allow":["GET"]}}],"collection":[{"href":"https:\/\/www.ufsm.br\/unidades-universitarias\/ct\/wp-json\/wp\/v2\/pages"}],"about":[{"href":"https:\/\/www.ufsm.br\/unidades-universitarias\/ct\/wp-json\/wp\/v2\/types\/page"}],"author":[{"embeddable":true,"href":"https:\/\/www.ufsm.br\/unidades-universitarias\/ct\/wp-json\/wp\/v2\/users\/46"}],"replies":[{"embeddable":true,"href":"https:\/\/www.ufsm.br\/unidades-universitarias\/ct\/wp-json\/wp\/v2\/comments?post=13"}],"version-history":[{"count":0,"href":"https:\/\/www.ufsm.br\/unidades-universitarias\/ct\/wp-json\/wp\/v2\/pages\/13\/revisions"}],"wp:attachment":[{"href":"https:\/\/www.ufsm.br\/unidades-universitarias\/ct\/wp-json\/wp\/v2\/media?parent=13"}],"wp:term":[{"taxonomy":"category","embeddable":true,"href":"https:\/\/www.ufsm.br\/unidades-universitarias\/ct\/wp-json\/wp\/v2\/categories?post=13"},{"taxonomy":"post_tag","embeddable":true,"href":"https:\/\/www.ufsm.br\/unidades-universitarias\/ct\/wp-json\/wp\/v2\/tags?post=13"}],"curies":[{"name":"wp","href":"https:\/\/api.w.org\/{rel}","templated":true}]}}