{"id":1454,"date":"2018-09-11T13:26:58","date_gmt":"2018-09-11T16:26:58","guid":{"rendered":"https:\/\/www.ufsm.br\/unidades-universitarias\/ct\/?page_id=1454"},"modified":"2025-11-06T10:56:26","modified_gmt":"2025-11-06T13:56:26","slug":"identidade-visual-ct-ufsm","status":"publish","type":"page","link":"https:\/\/www.ufsm.br\/unidades-universitarias\/ct\/identidade-visual-ct-ufsm","title":{"rendered":"Identidade visual"},"content":{"rendered":"\n<p>Est\u00e1 dispon\u00edvel o <strong><em><a href=\"https:\/\/drive.google.com\/drive\/folders\/1vbpr3JYaP3hZ6eOnI3sFdDepRERXc2UU\" target=\"_blank\" rel=\"noreferrer noopener\">Manual de Identidade Visual<\/a><\/em><\/strong>, para aqueles que precisam inserir a logo do CT em trabalhos acad\u00eamicos, cartazes, banners, camisetas e demais produtos gr\u00e1ficos. O guia padroniza e orienta a utiliza\u00e7\u00e3o da marca principal e o s\u00edmbolo do Centro em diferentes esquemas de cores, apresenta normas sobre redu\u00e7\u00e3o m\u00ednima e margens de seguran\u00e7a, informa o padr\u00e3o crom\u00e1tico e tipogr\u00e1fico, al\u00e9m de alertar sobre usos incorretos.<\/p>\n\n\n\n\n\n<p>Para mais informa\u00e7\u00f5es, entre em contato com a Subdivis\u00e3o de Comunica\u00e7\u00e3o do CT pelo e-mail: <a>comunicacaoct@ufsm.br.<\/a><\/p>\n\n\n\n<p>Por favor, acesse tamb\u00e9m a p\u00e1gina de <a href=\"https:\/\/www.ufsm.br\/identidade-institucional\/\" target=\"_blank\" rel=\"noreferrer noopener\">Identidade Institucional da UFSM<\/a>.<\/p>\n","protected":false},"excerpt":{"rendered":"<p>Est\u00e1 dispon\u00edvel o Manual de Identidade Visual, para aqueles que precisam inserir a logo do CT em trabalhos acad\u00eamicos, cartazes, banners, camisetas e demais produtos gr\u00e1ficos. O guia padroniza e orienta a utiliza\u00e7\u00e3o da marca principal e o s\u00edmbolo do Centro em diferentes esquemas de cores, apresenta normas sobre redu\u00e7\u00e3o m\u00ednima e margens de seguran\u00e7a, [&hellip;]<\/p>\n","protected":false},"author":235,"featured_media":0,"parent":0,"menu_order":0,"comment_status":"closed","ping_status":"closed","template":"","meta":{"footnotes":""},"categories":[],"tags":[],"class_list":["post-1454","page","type-page","status-publish","hentry"],"acf":[],"_links":{"self":[{"href":"https:\/\/www.ufsm.br\/unidades-universitarias\/ct\/wp-json\/wp\/v2\/pages\/1454","targetHints":{"allow":["GET"]}}],"collection":[{"href":"https:\/\/www.ufsm.br\/unidades-universitarias\/ct\/wp-json\/wp\/v2\/pages"}],"about":[{"href":"https:\/\/www.ufsm.br\/unidades-universitarias\/ct\/wp-json\/wp\/v2\/types\/page"}],"author":[{"embeddable":true,"href":"https:\/\/www.ufsm.br\/unidades-universitarias\/ct\/wp-json\/wp\/v2\/users\/235"}],"replies":[{"embeddable":true,"href":"https:\/\/www.ufsm.br\/unidades-universitarias\/ct\/wp-json\/wp\/v2\/comments?post=1454"}],"version-history":[{"count":0,"href":"https:\/\/www.ufsm.br\/unidades-universitarias\/ct\/wp-json\/wp\/v2\/pages\/1454\/revisions"}],"wp:attachment":[{"href":"https:\/\/www.ufsm.br\/unidades-universitarias\/ct\/wp-json\/wp\/v2\/media?parent=1454"}],"wp:term":[{"taxonomy":"category","embeddable":true,"href":"https:\/\/www.ufsm.br\/unidades-universitarias\/ct\/wp-json\/wp\/v2\/categories?post=1454"},{"taxonomy":"post_tag","embeddable":true,"href":"https:\/\/www.ufsm.br\/unidades-universitarias\/ct\/wp-json\/wp\/v2\/tags?post=1454"}],"curies":[{"name":"wp","href":"https:\/\/api.w.org\/{rel}","templated":true}]}}