{"id":26,"date":"2018-06-21T12:09:49","date_gmt":"2018-06-21T15:09:49","guid":{"rendered":"https:\/\/www.ufsm.br\/unidades-universitarias\/ct\/?page_id=26"},"modified":"2025-09-24T11:30:16","modified_gmt":"2025-09-24T14:30:16","slug":"subdivisao-comunicacao-ct","status":"publish","type":"page","link":"https:\/\/www.ufsm.br\/unidades-universitarias\/ct\/subdivisao-comunicacao-ct","title":{"rendered":"Subdivis\u00e3o de Comunica\u00e7\u00e3o &#8211; COM\/CT"},"content":{"rendered":"\t\t<div data-elementor-type=\"wp-post\" data-elementor-id=\"26\" class=\"elementor elementor-26\">\n\t\t\t\t\t\t<section class=\"elementor-section elementor-top-section elementor-element elementor-element-1d1f9c48 elementor-section-boxed elementor-section-height-default elementor-section-height-default\" data-id=\"1d1f9c48\" data-element_type=\"section\">\n\t\t\t\t\t\t<div class=\"elementor-container elementor-column-gap-default\">\n\t\t\t\t\t<div class=\"elementor-column elementor-col-100 elementor-top-column elementor-element elementor-element-40c2c32f\" data-id=\"40c2c32f\" data-element_type=\"column\">\n\t\t\t<div class=\"elementor-widget-wrap elementor-element-populated\">\n\t\t\t\t\t\t<div class=\"elementor-element elementor-element-1cde0977 elementor-widget elementor-widget-text-editor\" data-id=\"1cde0977\" data-element_type=\"widget\" data-widget_type=\"text-editor.default\">\n\t\t\t\t<div class=\"elementor-widget-container\">\n\t\t\t\t\t\t\t<p><span style=\"font-family: verdana, geneva, sans-serif;font-size: 12pt\">A subdivis\u00e3o de Comunica\u00e7\u00e3o do Centro de Tecnologia (COM\/CT) \u00e9 vinculada a Secretaria de Apoio Administrativo da Dire\u00e7\u00e3o do Centro de Tecnologia. Voc\u00ea pode entrar em contato e solicitar divulga\u00e7\u00e3o institucional nos canais de comunica\u00e7\u00e3o gerenciados pela COM\/CT, como este site, os perfis do CT\/UFSM nas redes sociais (<a href=\"https:\/\/www.facebook.com\/ctufsm\/\" target=\"_blank\" rel=\"noopener\">Facebook<\/a>, <a href=\"https:\/\/www.instagram.com\/ctufsm\/\" target=\"_blank\" rel=\"noopener\">Instagram<\/a> e <a href=\"https:\/\/www.facebook.com\/ctufsm\/\" target=\"_blank\" rel=\"noopener\">Twitter<\/a>) e TV&#8217;s do hall.<\/span><\/p>\n<p><strong style=\"font-family: verdana, geneva, sans-serif;text-align: var(--bs-body-text-align);background-color: var(--bs-body-bg)\">Acesse nossos servi\u00e7os:<\/strong><\/p>\n<ul>\n<li><a href=\"https:\/\/www.ufsm.br\/unidades-universitarias\/ct\/servicos\/divulgacao-no-site-do-ct\" target=\"_blank\" rel=\"noopener\"><strong>Divulga\u00e7\u00e3o no site do CT<\/strong><\/a><\/li>\n<li><strong><a href=\"https:\/\/www.ufsm.br\/unidades-universitarias\/ct\/servicos\/criacao-de-pagina-de-evento-no-site-do-ct\" target=\"_blank\" rel=\"noopener\">Cria\u00e7\u00e3o de p\u00e1gina de evento no site do CT<\/a><\/strong><\/li>\n<li><strong><a href=\"https:\/\/www.ufsm.br\/unidades-universitarias\/ct\/servicos\/divulgacao-nas-redes-sociais-do-ct\" target=\"_blank\" rel=\"noopener\">Divulga\u00e7\u00e3o nas redes sociais do CT<\/a><\/strong><\/li>\n<li><strong><a href=\"https:\/\/www.ufsm.br\/unidades-universitarias\/ct\/servicos\/divulgacao-nas-tvs-telao-ct\" target=\"_blank\" rel=\"noopener\">Divulga\u00e7\u00e3o nas TVs (Tel\u00e3o CT)<\/a><\/strong><\/li>\n<li><a href=\"https:\/\/www.ufsm.br\/unidades-universitarias\/ct\/identidade-visual-ct-ufsm\"><strong>Identidade Visual do CT-UFSM<\/strong><\/a><\/li>\n<li><a href=\"https:\/\/drive.google.com\/drive\/folders\/1vbpr3JYaP3hZ6eOnI3sFdDepRERXc2UU?usp=sharing\"><b>Manual de Identidade Visual do CT-UFSM (2024)<\/b><\/a><\/li>\n<\/ul>\n<div><span style=\"color: #000000;font-size: 16px\">Entre em contato conosco pelo Google Chat: comunicacaoct@ufsm.br ou yuri.lima@ufsm.br<\/span><\/div>\t\t\t\t\t\t<\/div>\n\t\t\t\t<\/div>\n\t\t\t\t\t<\/div>\n\t\t<\/div>\n\t\t\t\t\t<\/div>\n\t\t<\/section>\n\t\t\t\t<section class=\"elementor-section elementor-top-section elementor-element elementor-element-fad5dbd elementor-section-boxed elementor-section-height-default elementor-section-height-default\" data-id=\"fad5dbd\" data-element_type=\"section\">\n\t\t\t\t\t\t<div class=\"elementor-container elementor-column-gap-default\">\n\t\t\t\t\t<div class=\"elementor-column elementor-col-50 elementor-top-column elementor-element elementor-element-9f51114\" data-id=\"9f51114\" data-element_type=\"column\">\n\t\t\t<div class=\"elementor-widget-wrap elementor-element-populated\">\n\t\t\t\t\t\t<div class=\"elementor-element elementor-element-25f63e8 elementor-widget elementor-widget-text-editor\" data-id=\"25f63e8\" data-element_type=\"widget\" data-widget_type=\"text-editor.default\">\n\t\t\t\t<div class=\"elementor-widget-container\">\n\t\t\t\t\t\t\t<h5 style=\"text-align: left\">Contato<\/h5><p><span style=\"font-family: verdana, geneva, sans-serif\"><strong>E-mail:<\/strong> comunicacaoct@ufsm.br\u00a0<br \/><\/span><strong>WhatsApp:<\/strong> +55 55 3220 9359<br \/><span style=\"font-family: verdana, geneva, sans-serif\"><strong>Localiza\u00e7\u00e3o:<\/strong> Pr\u00e9dio 7, Sala 113<br \/><strong>Hor\u00e1rio de atendimento:<\/strong> 8h \u00e0s 12h30, 13h30 \u00e0s 17h<\/span><\/p>\t\t\t\t\t\t<\/div>\n\t\t\t\t<\/div>\n\t\t\t\t\t<\/div>\n\t\t<\/div>\n\t\t\t\t<div class=\"elementor-column elementor-col-50 elementor-top-column elementor-element elementor-element-a6414aa\" data-id=\"a6414aa\" data-element_type=\"column\">\n\t\t\t<div class=\"elementor-widget-wrap elementor-element-populated\">\n\t\t\t\t\t\t<div class=\"elementor-element elementor-element-29438c0 elementor-widget elementor-widget-text-editor\" data-id=\"29438c0\" data-element_type=\"widget\" data-widget_type=\"text-editor.default\">\n\t\t\t\t<div class=\"elementor-widget-container\">\n\t\t\t\t\t\t\t<h5 style=\"text-align: left\">Links<\/h5>\t\t\t\t\t\t<\/div>\n\t\t\t\t<\/div>\n\t\t\t\t<div class=\"elementor-element elementor-element-da7e853 elementor-shape-circle elementor-grid-4 e-grid-align-left elementor-widget elementor-widget-social-icons\" data-id=\"da7e853\" data-element_type=\"widget\" data-widget_type=\"social-icons.default\">\n\t\t\t\t<div class=\"elementor-widget-container\">\n\t\t\t\t\t<div class=\"elementor-social-icons-wrapper elementor-grid\">\n\t\t\t\t\t\t\t<span class=\"elementor-grid-item\">\n\t\t\t\t\t<a class=\"elementor-icon elementor-social-icon elementor-social-icon-whatsapp elementor-animation-bounce-in elementor-repeater-item-28b9f01\" href=\"https:\/\/wa.me\/555532209359\" target=\"_blank\">\n\t\t\t\t\t\t<span class=\"elementor-screen-only\">Whatsapp<\/span>\n\t\t\t\t\t\t<i class=\"fab fa-whatsapp\"><\/i>\t\t\t\t\t<\/a>\n\t\t\t\t<\/span>\n\t\t\t\t\t\t\t<span class=\"elementor-grid-item\">\n\t\t\t\t\t<a class=\"elementor-icon elementor-social-icon elementor-social-icon-instagram elementor-animation-bounce-in elementor-repeater-item-4477ee8\" href=\"https:\/\/www.instagram.com\/ctufsm\/\" target=\"_blank\">\n\t\t\t\t\t\t<span class=\"elementor-screen-only\">Instagram<\/span>\n\t\t\t\t\t\t<i class=\"fab fa-instagram\"><\/i>\t\t\t\t\t<\/a>\n\t\t\t\t<\/span>\n\t\t\t\t\t\t\t<span class=\"elementor-grid-item\">\n\t\t\t\t\t<a class=\"elementor-icon elementor-social-icon elementor-social-icon-facebook-f elementor-animation-bounce-in elementor-repeater-item-f35106c\" href=\"https:\/\/www.facebook.com\/ctufsm\/\" target=\"_blank\">\n\t\t\t\t\t\t<span class=\"elementor-screen-only\">Facebook-f<\/span>\n\t\t\t\t\t\t<i class=\"fab fa-facebook-f\"><\/i>\t\t\t\t\t<\/a>\n\t\t\t\t<\/span>\n\t\t\t\t\t\t\t<span class=\"elementor-grid-item\">\n\t\t\t\t\t<a class=\"elementor-icon elementor-social-icon elementor-social-icon-twitter elementor-animation-bounce-in elementor-repeater-item-760d42b\" href=\"https:\/\/twitter.com\/ctufsm\" target=\"_blank\">\n\t\t\t\t\t\t<span class=\"elementor-screen-only\">Twitter<\/span>\n\t\t\t\t\t\t<i class=\"fab fa-twitter\"><\/i>\t\t\t\t\t<\/a>\n\t\t\t\t<\/span>\n\t\t\t\t\t\t\t<span class=\"elementor-grid-item\">\n\t\t\t\t\t<a class=\"elementor-icon elementor-social-icon elementor-social-icon-spotify elementor-animation-bounce-in elementor-repeater-item-82e7135\" href=\"https:\/\/open.spotify.com\/user\/ndict-ufsm\" target=\"_blank\">\n\t\t\t\t\t\t<span class=\"elementor-screen-only\">Spotify<\/span>\n\t\t\t\t\t\t<i class=\"fab fa-spotify\"><\/i>\t\t\t\t\t<\/a>\n\t\t\t\t<\/span>\n\t\t\t\t\t\t\t<span class=\"elementor-grid-item\">\n\t\t\t\t\t<a class=\"elementor-icon elementor-social-icon elementor-social-icon-spotify elementor-animation-bounce-in elementor-repeater-item-4314d98\" href=\"https:\/\/podcasters.spotify.com\/pod\/show\/ctufsm\" target=\"_blank\">\n\t\t\t\t\t\t<span class=\"elementor-screen-only\">Spotify<\/span>\n\t\t\t\t\t\t<i class=\"fab fa-spotify\"><\/i>\t\t\t\t\t<\/a>\n\t\t\t\t<\/span>\n\t\t\t\t\t\t\t<span class=\"elementor-grid-item\">\n\t\t\t\t\t<a class=\"elementor-icon elementor-social-icon elementor-social-icon-youtube elementor-animation-bounce-in elementor-repeater-item-3af9b6c\" href=\"https:\/\/www.youtube.com\/@ctufsm\" target=\"_blank\">\n\t\t\t\t\t\t<span class=\"elementor-screen-only\">Youtube<\/span>\n\t\t\t\t\t\t<i class=\"fab fa-youtube\"><\/i>\t\t\t\t\t<\/a>\n\t\t\t\t<\/span>\n\t\t\t\t\t\t\t<span class=\"elementor-grid-item\">\n\t\t\t\t\t<a class=\"elementor-icon elementor-social-icon elementor-social-icon-mixcloud elementor-animation-bounce-in elementor-repeater-item-109652e\" href=\"https:\/\/mixcloud.com\/ctufsm\" target=\"_blank\">\n\t\t\t\t\t\t<span class=\"elementor-screen-only\">Mixcloud<\/span>\n\t\t\t\t\t\t<i class=\"fab fa-mixcloud\"><\/i>\t\t\t\t\t<\/a>\n\t\t\t\t<\/span>\n\t\t\t\t\t<\/div>\n\t\t\t\t<\/div>\n\t\t\t\t<\/div>\n\t\t\t\t\t<\/div>\n\t\t<\/div>\n\t\t\t\t\t<\/div>\n\t\t<\/section>\n\t\t\t\t<\/div>\n\t\t","protected":false},"excerpt":{"rendered":"<p>A subdivis\u00e3o de Comunica\u00e7\u00e3o do Centro de Tecnologia (COM\/CT) \u00e9 vinculada a Secretaria de Apoio Administrativo da Dire\u00e7\u00e3o do Centro de Tecnologia. Voc\u00ea pode entrar em contato e solicitar divulga\u00e7\u00e3o institucional nos canais de comunica\u00e7\u00e3o gerenciados pela COM\/CT, como este site, os perfis do CT\/UFSM nas redes sociais (Facebook, Instagram e Twitter) e TV&#8217;s do [&hellip;]<\/p>\n","protected":false},"author":46,"featured_media":0,"parent":0,"menu_order":0,"comment_status":"closed","ping_status":"closed","template":"","meta":{"footnotes":""},"categories":[],"tags":[],"class_list":["post-26","page","type-page","status-publish","hentry"],"acf":[],"_links":{"self":[{"href":"https:\/\/www.ufsm.br\/unidades-universitarias\/ct\/wp-json\/wp\/v2\/pages\/26","targetHints":{"allow":["GET"]}}],"collection":[{"href":"https:\/\/www.ufsm.br\/unidades-universitarias\/ct\/wp-json\/wp\/v2\/pages"}],"about":[{"href":"https:\/\/www.ufsm.br\/unidades-universitarias\/ct\/wp-json\/wp\/v2\/types\/page"}],"author":[{"embeddable":true,"href":"https:\/\/www.ufsm.br\/unidades-universitarias\/ct\/wp-json\/wp\/v2\/users\/46"}],"replies":[{"embeddable":true,"href":"https:\/\/www.ufsm.br\/unidades-universitarias\/ct\/wp-json\/wp\/v2\/comments?post=26"}],"version-history":[{"count":0,"href":"https:\/\/www.ufsm.br\/unidades-universitarias\/ct\/wp-json\/wp\/v2\/pages\/26\/revisions"}],"wp:attachment":[{"href":"https:\/\/www.ufsm.br\/unidades-universitarias\/ct\/wp-json\/wp\/v2\/media?parent=26"}],"wp:term":[{"taxonomy":"category","embeddable":true,"href":"https:\/\/www.ufsm.br\/unidades-universitarias\/ct\/wp-json\/wp\/v2\/categories?post=26"},{"taxonomy":"post_tag","embeddable":true,"href":"https:\/\/www.ufsm.br\/unidades-universitarias\/ct\/wp-json\/wp\/v2\/tags?post=26"}],"curies":[{"name":"wp","href":"https:\/\/api.w.org\/{rel}","templated":true}]}}