{"id":2815,"date":"2019-08-28T17:00:42","date_gmt":"2019-08-28T20:00:42","guid":{"rendered":"https:\/\/www.ufsm.br\/unidades-universitarias\/ct\/?page_id=2815"},"modified":"2026-03-03T09:43:23","modified_gmt":"2026-03-03T12:43:23","slug":"lab","status":"publish","type":"page","link":"https:\/\/www.ufsm.br\/unidades-universitarias\/ct\/lab","title":{"rendered":"Laborat\u00f3rios e Grupos de Pesquisa"},"content":{"rendered":"\n<p><strong><a href=\"https:\/\/www.instagram.com\/sglabct\/\">Subdivis\u00e3o de Gest\u00e3o de Laborat\u00f3rios (SGLAB)<\/a><\/strong><\/p>\n<ul>\n<li style=\"font-weight: 400\"><a href=\"https:\/\/www.ufsm.br\/unidades-universitarias\/ct\/\/ncc\"><span style=\"font-weight: 400\">Laborat\u00f3rio de Ci\u00eancias da Computa\u00e7\u00e3o (LCC)<\/span><\/a><\/li>\n<li style=\"font-weight: 400\"><a href=\"https:\/\/www.ufsm.br\/unidades-universitarias\/ct\/instituto-de-redes-inteligentes-inri\"><span style=\"font-weight: 400\">Instituto de Redes Inteligentes<\/span><\/a><span style=\"font-weight: 400\"> | <\/span><a href=\"https:\/\/www.instagram.com\/inriufsm\/\"><span style=\"font-weight: 400\">(@inriufsm)<\/span><\/a>\n<ul>\n<li style=\"font-weight: 400\"><span style=\"font-weight: 400\">Laborat\u00f3rio de Ensaios Fotovoltaicos (INRI)<\/span><\/li>\n<li style=\"font-weight: 400\"><span style=\"font-weight: 400\">Laborat\u00f3rio de Ensaios em M\u00e9dia e Alta Tens\u00e3o (INRI)<\/span><\/li>\n<li style=\"font-weight: 400\"><span style=\"font-weight: 400\">Laborat\u00f3rio de Ensaios em Arcos El\u00e9tricos (INRI)<\/span><\/li>\n<li style=\"font-weight: 400\"><span style=\"font-weight: 400\">Laborat\u00f3rio de Simula\u00e7\u00f5es em Tempo Real (INRI)<\/span><\/li>\n<li style=\"font-weight: 400\"><span style=\"font-weight: 400\">Laborat\u00f3rio de Processamento de Energia El\u00e9trica (INRI)<\/span><\/li>\n<li style=\"font-weight: 400\"><span style=\"font-weight: 400\">Laborat\u00f3rio de Projetos Institucionais (INRI)<\/span><\/li>\n<li style=\"font-weight: 400\"><span style=\"font-weight: 400\">Laborat\u00f3rio de Mobilidade El\u00e9trica (INRI)<\/span><\/li>\n<li style=\"font-weight: 400\"><span style=\"font-weight: 400\">Laborat\u00f3rio de Gest\u00e3o de Neg\u00f3cios em Energia (INRI)<\/span><\/li>\n<\/ul>\n<\/li>\n<li style=\"font-weight: 400\"><a href=\"https:\/\/www.ufsm.br\/laboratorios\/inct\"><span style=\"font-weight: 400\">Instituto Nacional de Ci\u00eancia e Tecnologia em Gera\u00e7\u00e3o Distribu\u00edda (INCT-GD)<\/span><\/a>\n<ul>\n<li style=\"font-weight: 400\"><a href=\"https:\/\/sepoc.com.br\/\"><span style=\"font-weight: 400\">SEPOC<\/span><\/a><span style=\"font-weight: 400\"> | <\/span><a href=\"https:\/\/www.instagram.com\/sepoc2024\/\"><span style=\"font-weight: 400\">(@Sepoc2024)<\/span><\/a><\/li>\n<\/ul>\n<\/li>\n<li style=\"font-weight: 400\"><span style=\"font-weight: 400\"><a href=\"https:\/\/www.ufsm.br\/grupos\/lapes\">Laborat\u00f3rio de An\u00e1lise e Prote\u00e7\u00e3o de Sistemas El\u00e9tricos<\/a> (LAPES)<\/span><\/li>\n<li style=\"font-weight: 400\"><span style=\"font-weight: 400\"><a href=\"https:\/\/www.ufsm.br\/projetos\/ensino\/prh52\/laboratorios\">Laborat\u00f3rio de Engenharia e Processos Qu\u00edmicos<\/a> (NEQ)<\/span><\/li>\n<li style=\"font-weight: 400\"><span style=\"font-weight: 400\"><a href=\"https:\/\/www.ufsm.br\/unidades-universitarias\/ct\/nucleo-de-automacao-e-processos-de-fabricacao-nafa\">Laborat\u00f3rio de Tecnologia Mec\u00e2nica e Aeroespacial<\/a> (NUMAE)<\/span><\/li>\n<li style=\"font-weight: 400\"><span style=\"font-weight: 400\"><a href=\"https:\/\/www.ufsm.br\/unidades-universitarias\/ct\/nucleo-de-pesquisa-e-desenvolvimento-em-engenharia-eletrica-nupedee\">Laborat\u00f3rio de El\u00e9trica e Eletr\u00f4nica<\/a> (NUPEDEE)<\/span><\/li>\n<li style=\"font-weight: 400\"><span style=\"font-weight: 400\"><a href=\"https:\/\/www.ufsm.br\/unidades-universitarias\/ct\/laboratorio-de-materiais-de-construcao-civil-lmcc\">Laborat\u00f3rio de Materiais de Constru\u00e7\u00e3o Civil<\/a> (LMCC)<\/span><\/li>\n<li style=\"font-weight: 400\"><span style=\"font-weight: 400\"><a href=\"https:\/\/www.ufsm.br\/unidades-universitarias\/ct\/lema\">Laborat\u00f3rio de Engenharia de Meio Ambiente<\/a> (LEMA)<\/span><\/li>\n<li style=\"font-weight: 400\"><span style=\"font-weight: 400\"><a href=\"https:\/\/www.ufsm.br\/unidades-universitarias\/ct\/laboratorio-de-ciencias-espaciais-de-santa-maria-lacesm\">Laborat\u00f3rio de Ci\u00eancias Espaciais<\/a> (LACESM)<\/span><\/li>\n<li style=\"font-weight: 400\"><a href=\"https:\/\/www.ufsm.br\/grupos\/lamot\"><span style=\"font-weight: 400\">Laborat\u00f3rio de Mobilidade e Log\u00edstica (LAMOT)<\/span><\/a><span style=\"font-weight: 400\"> | <\/span><a href=\"https:\/\/www.instagram.com\/lamot_ufsm\/\"><span style=\"font-weight: 400\">@lamot_ufsm<\/span><\/a><\/li>\n<li style=\"font-weight: 400\"><span style=\"font-weight: 400\"><a href=\"https:\/\/www.ufsm.br\/cursos\/graduacao\/santa-maria\/engenharia-de-producao\/lecap#:~:text=O%20Laborat%C3%B3rio%20de%20Ensino%20Computacional,softwares%20no%20processo%20de%20aprendizagem.\">Laborat\u00f3rio de Ensino Computacional Aplicado \u00e0 Engenharia de Produ\u00e7\u00e3o<\/a> (LECAP)<\/span><\/li>\n<li style=\"font-weight: 400\"><a href=\"https:\/\/www.ufsm.br\/grupos\/lab3d\"><span style=\"font-weight: 400\">Lab3D+ &#8211; Laborat\u00f3rio de Prototipagem R\u00e1pida, Manufatura Aditiva, Inova\u00e7\u00e3o e Servi\u00e7os (LAB3D+)<\/span><\/a><\/li>\n<li style=\"font-weight: 400\"><span style=\"font-weight: 400\"><a href=\"https:\/\/www.ufsm.br\/grupos\/lip\">Laborat\u00f3rio de Investiga\u00e7\u00e3o Projetual<\/a> (LIP)<\/span><\/li>\n<li style=\"font-weight: 400\"><span style=\"font-weight: 400\"><a href=\"https:\/\/www.ufsm.br\/grupos\/lpa\">Laborat\u00f3rio de Psicologia Ambiental<\/a> (LPA)<\/span><\/li>\n<li style=\"font-weight: 400\"><a href=\"https:\/\/www.ufsm.br\/unidades-universitarias\/ct\/laboratorio-de-projeto-de-sistemas-tecnicos-lpst\/\"><span style=\"font-weight: 400\">Laborat\u00f3rio de Projeto de Sistemas T\u00e9cnicos \u2013 LPST<\/span><\/a><\/li>\n<li style=\"font-weight: 400\"><a href=\"https:\/\/www.ufsm.br\/unidades-universitarias\/ct\/laboratorio-de-metalurgia-fisica\"><span style=\"font-weight: 400\">Laborat\u00f3rio de Metalurgia f\u00edsica \u2013 CT (ufsm.br)<\/span><\/a><\/li>\n<li style=\"font-weight: 400\"><a href=\"https:\/\/www.ufsm.br\/unidades-universitarias\/ct\/laboratorio-de-metrologia\"><span style=\"font-weight: 400\">Laborat\u00f3rio de Metrologia \u2013 CT (ufsm.br)<\/span><\/a><\/li>\n<li style=\"font-weight: 400\"><a href=\"https:\/\/www.ufsm.br\/unidades-universitarias\/ct\/laboratorio-de-soldagem\"><span style=\"font-weight: 400\">Laborat\u00f3rio de Soldagem \u2013 CT (ufsm.br)<\/span><\/a><\/li>\n<li style=\"font-weight: 400\"><a href=\"https:\/\/www.ufsm.br\/unidades-universitarias\/ct\/laboratorios-desa\"><span style=\"font-weight: 400\">Laborat\u00f3rio de Hidrometria e Sedimentometria<\/span><\/a><\/li>\n<li style=\"font-weight: 400\"><a href=\"https:\/\/www.ufsm.br\/unidades-universitarias\/ct\/laboratorios-desa\"><span style=\"font-weight: 400\">Laborat\u00f3rio de Saneamento<\/span><\/a><\/li>\n<li style=\"font-weight: 400\"><a href=\"https:\/\/www.ufsm.br\/unidades-universitarias\/ct\/laboratorios-desa\"><span style=\"font-weight: 400\">Laborat\u00f3rio de Mec\u00e2nica dos Fluidos e Hidr\u00e1ulica<\/span><\/a><\/li>\n<li style=\"font-weight: 400\"><a href=\"https:\/\/www.ufsm.br\/unidades-universitarias\/ct\/laboratorios-desa\"><span style=\"font-weight: 400\">Laborat\u00f3rio de Geoprocessamento Aplicado aos Recursos H\u00eddricos<\/span><\/a><\/li>\n<\/ul>\n<p>\u00a0<\/p>\n<p><strong>Grupos de Pesquisa e N\u00facleos de Estudo<\/strong><\/p>\n<ul>\n<li style=\"font-weight: 400\"><span style=\"font-weight: 400\"><a href=\"https:\/\/www.ufsm.br\/grupos\/gepetecs\">Grupo de Estudo e Pesquisa em Tecnologias Sustent\u00e1veis<\/a> (GEPETECS)<\/span><\/li>\n<li style=\"font-weight: 400\"><a href=\"https:\/\/www.ufsm.br\/pro-reitorias\/prpgp\/grupo-de-pesquisa\/grupo-de-pesquisa-em-desenvolvimento-sustentavel-no-ambiente-construido\"><span style=\"font-weight: 400\">Grupo de Pesquisa em Desenvolvimento Sustent\u00e1vel no Ambiente Constru\u00eddo<\/span><\/a><\/li>\n<li style=\"font-weight: 400\"><span style=\"font-weight: 400\"><a href=\"https:\/\/www.ufsm.br\/grupos\/NAIMEE\">N\u00facleo de Estudos Arquitetura e Experimenta\u00e7\u00f5es<\/a> (NAIMEE)<\/span><\/li>\n<li style=\"font-weight: 400\"><a href=\"https:\/\/www.instagram.com\/neppa.ufsm\/\"><span style=\"font-weight: 400\">N\u00facleo de Estudos Projeto, Pessoa e Ambiente (NEPPA)<\/span><\/a><\/li>\n<li style=\"font-weight: 400\"><span style=\"font-weight: 400\"><a href=\"https:\/\/www.ufsm.br\/cursos\/graduacao\/santa-maria\/arquitetura-e-urbanismo\/neau-nucleo-de-estudos-em-arquitetura-e-urbanismo\">N\u00facleo de Estudos em Arquitetura e Urbanismo<\/a> (NEAU)<\/span><\/li>\n<li style=\"font-weight: 400\"><span style=\"font-weight: 400\"><a href=\"https:\/\/ceesp.ufsm.br\/\">Centro de Excel\u00eancia em Energia e Sistemas de Pot\u00eancia<\/a> (CEESP)<\/span><\/li>\n<li style=\"font-weight: 400\"><span style=\"font-weight: 400\"><a href=\"https:\/\/www.ufsm.br\/grupos\/gedre\">GEDRE &#8211; Intelig\u00eancia em Ilumina\u00e7\u00e3o<\/a> | <\/span><a href=\"https:\/\/www.instagram.com\/gedre.ufsm\/\"><span style=\"font-weight: 400\">(@gedre.ufsm)<\/span><\/a><\/li>\n<li style=\"font-weight: 400\"><span style=\"font-weight: 400\"><a href=\"https:\/\/www.ufsm.br\/grupos\/gepoc\">GEPOC &#8211; Grupo de Eletr\u00f4nica de Pot\u00eancia e Controle<\/a> (GEPOC)<\/span><\/li>\n<li style=\"font-weight: 400\"><span style=\"font-weight: 400\"><a href=\"https:\/\/www.ufsm.br\/grupos\/gmicro\/projetos\">Grupo de Microeletr\u00f4nica<\/a> (GMICRO)<\/span><\/li>\n<li style=\"font-weight: 400\"><span style=\"font-weight: 400\"><a href=\"https:\/\/www.ufsm.br\/grupos\/garra#:~:text=O%20Grupo%20de%20Automa%C3%A7%C3%A3o%20e,internacionais%20de%20rob%C3%B3tica%2C%20e%20a\">Grupo de Automa\u00e7\u00e3o e Rob\u00f3tica Aplicada<\/a> (GARRA)<\/span><\/li>\n<li style=\"font-weight: 400\"><span style=\"font-weight: 400\"><a href=\"https:\/\/www.ufsm.br\/grupos\/gpscom\/publicacoes\">Grupo de Pesquisa em Processamento de Sinais e Comunica\u00e7\u00f5es<\/a> (GPSCOM)<\/span><\/li>\n<li style=\"font-weight: 400\"><span style=\"font-weight: 400\"><a href=\"https:\/\/www.ufsm.br\/grupos\/gptec#:~:text=O%20Grupo%20de%20Pesquisa%20em%20Tecnologias%20Educacionais%20tem%20como%20objetivo,mediada%20por%20tecnologias%20em%20rede.\">Grupo de Pesquisa em Tecnologias Educacionais<\/a> (GPTEC)<\/span><\/li>\n<li style=\"font-weight: 400\"><span style=\"font-weight: 400\"><a href=\"https:\/\/www.ufsm.br\/grupos\/gedai\">Grupo de Estudos Avan\u00e7ados e Interdisciplinares em Engenharia Aeroespacial, Computa\u00e7\u00e3o, F\u00edsica Te\u00f3rica e Telecomunica\u00e7\u00f5es<\/a> (GEdAI)<\/span><\/li>\n<li style=\"font-weight: 400\"><span style=\"font-weight: 400\"><a href=\"https:\/\/www.ufsm.br\/grupos\/gpesc\">Grupo de Pesquisa em Engenharia de Sistemas e Complexidade<\/a> (GPESC)<\/span><\/li>\n<li style=\"font-weight: 400\"><a href=\"https:\/\/www.ufsm.br\/grupos\/numec\"><span style=\"font-weight: 400\">N\u00facleo de Mec\u00e2nica Computacional (NUMEC)<\/span><\/a><\/li>\n<li style=\"font-weight: 400\"><span style=\"font-weight: 400\"><a href=\"https:\/\/www.ufsm.br\/cursos\/pos-graduacao\/santa-maria\/poscom\/comunicacao-institucional-e-organizacional\">Grupo de Pesquisa em Comunica\u00e7\u00e3o Institucional e Organizacional<\/a> (GCINCO)<\/span><\/li>\n<li style=\"font-weight: 400\"><a href=\"https:\/\/www.ufsm.br\/grupos\/gpmot\"><span style=\"font-weight: 400\">Grupo de Pesquisa em Motores, Combust\u00edveis e Emiss\u00f5es (GPMOT)<\/span><\/a><\/li>\n<li style=\"font-weight: 400\"><a href=\"https:\/\/www.ufsm.br\/grupos\/gmat\/vinculos\"><span style=\"font-weight: 400\">Grupo de Tecnologia e Mec\u00e2nica dos Materiais (GMAT)<\/span><\/a><\/li>\n<li style=\"font-weight: 400\"><span style=\"font-weight: 400\"><a href=\"https:\/\/www.ufsm.br\/grupos\/gt-fende\">Ecossistema Federado para Oferta, Distribui\u00e7\u00e3o e Execu\u00e7\u00e3o de Fun\u00e7\u00f5es Virtualizadas de Rede<\/a> (GT-FENDE)<\/span><\/li>\n<li style=\"font-weight: 400\"><span style=\"font-weight: 400\"><a href=\"https:\/\/www.ufsm.br\/grupos\/gmicro\/projetos\">Grupo de Microeletr\u00f4nica<\/a> (GMICRO)<\/span><\/li>\n<li style=\"font-weight: 400\"><span style=\"font-weight: 400\"><a href=\"https:\/\/www.ufsm.br\/pro-reitorias\/prpgp\/grupo-de-pesquisa\/gtseg-gestao-e-tecnologia-em-seguranca-da-informacao\">Grupo de Pesquisa em Gest\u00e3o e Tecnologia em Seguran\u00e7a da Informa\u00e7\u00e3o<\/a> (GTSEG)<\/span><\/li>\n<li style=\"font-weight: 400\"><span style=\"font-weight: 400\"><a href=\"https:\/\/www.ufsm.br\/grupos\/greca\/publicacoes\">Grupo de Redes e Computa\u00e7\u00e3o Aplicada<\/a> (GRECA)<\/span><\/li>\n<li style=\"font-weight: 400\"><span style=\"font-weight: 400\"><a href=\"https:\/\/www.ufsm.br\/grupos\/itec\">Inova\u00e7\u00e3o e Tecnologias Computacionais<\/a> (ITEC)<\/span><\/li>\n<li style=\"font-weight: 400\"><span style=\"font-weight: 400\"><a href=\"https:\/\/www.ufsm.br\/grupos\/gepecon#:~:text=O%20GEPECON%20est%C3%A1%20situado%20no,materiais%20ou%20de%20constru%C3%A7%C3%B5es%20acabadas.\">Grupo de Estudos e Pesquisas em Estruturas de Concreto<\/a> (GEPECON)<\/span><\/li>\n<li style=\"font-weight: 400\"><span style=\"font-weight: 400\"><a href=\"https:\/\/www.ufsm.br\/cursos\/pos-graduacao\/santa-maria\/ppgec\/geppasv-grupo-de-estudos-e-pesquisas-em-pavimentacao-e-seguranca-viaria#:~:text=O%20Grupo%20de%20Estudos%20e,vem%20possibilitando%20o%20desenvolvimento%20de\">Grupo de Estudos e Pesquisas em Pavimenta\u00e7\u00e3o e Seguran\u00e7a Vi\u00e1ria<\/a> (GEPPASV)<\/span><\/li>\n<li style=\"font-weight: 400\"><span style=\"font-weight: 400\"><a href=\"https:\/\/www.ufsm.br\/grupos\/gegplan\">Grupo de Estudos em Gest\u00e3o e Planejamento de Obras<\/a> (GEGPLAN)<\/span><\/li>\n<li style=\"font-weight: 400\"><span style=\"font-weight: 400\"><a href=\"https:\/\/www.ufsm.br\/grupos\/gemasc#:~:text=Conhe%C3%A7a%20o%20GEMASC%20(v%C3%ADdeo)&amp;text=O%20grupo%20de%20pesquisa%20trabalha,ambiental%20dentro%20da%20constru%C3%A7%C3%A3o%20civil.\">Grupo de Estudos em Materiais Sustent\u00e1veis na Constru\u00e7\u00e3o<\/a> (GEMASC)<\/span><\/li>\n<li style=\"font-weight: 400\"><a href=\"https:\/\/www.eac.ufsm.br\/pesquisa\/grupos-de-pesquisa\"><span style=\"font-weight: 400\">Grupo de Pesquisa Ac\u00fastica<\/span><\/a><\/li>\n<li style=\"font-weight: 400\"><span style=\"font-weight: 400\"><a href=\"https:\/\/www.ufsm.br\/grupos\/geoma\">Grupo de Pesquisa Geotecnia e Meio Ambiente<\/a> (GEOMA)<\/span><\/li>\n<li style=\"font-weight: 400\"><a href=\"https:\/\/www.ufsm.br\/grupos\/hidrogeologia#:~:text=O%20grupo%20certificado%20desde%202001,monitoramento%20de%20par%C3%A2metros%20de%20campo.\"><span style=\"font-weight: 400\">Grupo de Pesquisa Hidrogeologia<\/span><\/a><\/li>\n<li style=\"font-weight: 400\"><a href=\"https:\/\/www.ufsm.br\/grupos\/ecotecnologias\"><span style=\"font-weight: 400\">Grupo de Pesquisa em Modelagem Hidroambiental e Ecotecnologias<\/span><\/a><\/li>\n<li style=\"font-weight: 400\"><span style=\"font-weight: 400\"><a href=\"https:\/\/www.ufsm.br\/grupos\/gpedessc\">Grupo de pesquisa em desempenho do sistema construtivo<\/a> (GPEDESSC)<\/span><\/li>\n<li style=\"font-weight: 400\"><span style=\"font-weight: 400\"><a href=\"https:\/\/www.ufsm.br\/grupos\/grin#:~:text=O%20N%C3%BAcleo%20de%20Estudos%20em%20Gest%C3%A3o%20de%20Riscos%20e%20Infraestruturas,servidores%20t%C3%A9cnicos%20administrativos%20e%20discentes.\">N\u00facleo de Estudos em Gest\u00e3o de Riscos e Infraestrutura<\/a> (GRIN)<\/span><\/li>\n<li style=\"font-weight: 400\"><span style=\"font-weight: 400\"><a href=\"https:\/\/www.ufsm.br\/grupos\/case\/projetos\">Grupo de Pesquisa em Energia e Sustentabilidade no Ambiente Constru\u00eddo<\/a> (CASE)<\/span><\/li>\n<li style=\"font-weight: 400\"><span style=\"font-weight: 400\"><a href=\"https:\/\/www.ufsm.br\/grupos\/gppaisagem\">Planejamento e Projeto da Paisagem<\/a> (GP.PAISAGEM)<\/span><\/li>\n<li style=\"font-weight: 400\"><a href=\"https:\/\/www.ufsm.br\/unidades-universitarias\/ct\/grupo-de-pesquisa-desa\"><span style=\"font-weight: 400\">Grupo de Pesquisa em Recursos H\u00eddricos e Saneamento Ambiental (GHIDROS)<\/span><\/a><\/li>\n<li style=\"font-weight: 400\"><span style=\"font-weight: 400\"><a href=\"https:\/\/www.ufsm.br\/cursos\/pos-graduacao\/santa-maria\/ppgec\/gerhi-gestao-de-recursos-hidricos\">Grupo de Pesquisa Gest\u00e3o de Recursos H\u00eddricos<\/a> \u2013 GERHI<\/span><\/li>\n<li style=\"font-weight: 400\"><span style=\"font-weight: 400\"><a href=\"https:\/\/www.ufsm.br\/grupos\/gmcea\/material-adicional\">Grupo de Medidas de Campo Eletromagn\u00e9tico Ambiental<\/a> (GMCEA)<\/span><\/li>\n<li style=\"font-weight: 400\"><span style=\"font-weight: 400\"><a href=\"https:\/\/www.ufsm.br\/grupos\/gsec\">Grupo de Pesquisa e Desenvolvimento em Sistemas El\u00e9tricos e Computacionais<\/a> (GSEC)<\/span><\/li>\n<\/ul>\n<p>\u00a0<\/p>\n<p><em>OBS: Esta p\u00e1gina est\u00e1 em constante atualiza\u00e7\u00e3o e, para isso, precisamos de sua ajuda. Envie sugest\u00f5es e eventuais corre\u00e7\u00f5es para comunicacaoct@ufsm.br<\/em><\/p>\n","protected":false},"excerpt":{"rendered":"<p>Subdivis\u00e3o de Gest\u00e3o de Laborat\u00f3rios (SGLAB) Laborat\u00f3rio de Ci\u00eancias da Computa\u00e7\u00e3o (LCC) Instituto de Redes Inteligentes | (@inriufsm) Laborat\u00f3rio de Ensaios Fotovoltaicos (INRI) Laborat\u00f3rio de Ensaios em M\u00e9dia e Alta Tens\u00e3o (INRI) Laborat\u00f3rio de Ensaios em Arcos El\u00e9tricos (INRI) Laborat\u00f3rio de Simula\u00e7\u00f5es em Tempo Real (INRI) Laborat\u00f3rio de Processamento de Energia El\u00e9trica (INRI) Laborat\u00f3rio de [&hellip;]<\/p>\n","protected":false},"author":115,"featured_media":0,"parent":0,"menu_order":0,"comment_status":"closed","ping_status":"closed","template":"","meta":{"footnotes":""},"categories":[],"tags":[],"class_list":["post-2815","page","type-page","status-publish","hentry"],"acf":[],"_links":{"self":[{"href":"https:\/\/www.ufsm.br\/unidades-universitarias\/ct\/wp-json\/wp\/v2\/pages\/2815","targetHints":{"allow":["GET"]}}],"collection":[{"href":"https:\/\/www.ufsm.br\/unidades-universitarias\/ct\/wp-json\/wp\/v2\/pages"}],"about":[{"href":"https:\/\/www.ufsm.br\/unidades-universitarias\/ct\/wp-json\/wp\/v2\/types\/page"}],"author":[{"embeddable":true,"href":"https:\/\/www.ufsm.br\/unidades-universitarias\/ct\/wp-json\/wp\/v2\/users\/115"}],"replies":[{"embeddable":true,"href":"https:\/\/www.ufsm.br\/unidades-universitarias\/ct\/wp-json\/wp\/v2\/comments?post=2815"}],"version-history":[{"count":0,"href":"https:\/\/www.ufsm.br\/unidades-universitarias\/ct\/wp-json\/wp\/v2\/pages\/2815\/revisions"}],"wp:attachment":[{"href":"https:\/\/www.ufsm.br\/unidades-universitarias\/ct\/wp-json\/wp\/v2\/media?parent=2815"}],"wp:term":[{"taxonomy":"category","embeddable":true,"href":"https:\/\/www.ufsm.br\/unidades-universitarias\/ct\/wp-json\/wp\/v2\/categories?post=2815"},{"taxonomy":"post_tag","embeddable":true,"href":"https:\/\/www.ufsm.br\/unidades-universitarias\/ct\/wp-json\/wp\/v2\/tags?post=2815"}],"curies":[{"name":"wp","href":"https:\/\/api.w.org\/{rel}","templated":true}]}}