{"id":2816,"date":"2019-08-28T17:02:00","date_gmt":"2019-08-28T20:02:00","guid":{"rendered":"https:\/\/www.ufsm.br\/unidades-universitarias\/ct\/?page_id=2816"},"modified":"2019-08-28T17:02:02","modified_gmt":"2019-08-28T20:02:02","slug":"laboratorio-de-projeto-de-sistemas-tecnicos-lpst","status":"publish","type":"page","link":"https:\/\/www.ufsm.br\/unidades-universitarias\/ct\/laboratorio-de-projeto-de-sistemas-tecnicos-lpst","title":{"rendered":"Laborat\u00f3rio de projeto de sistemas t\u00e9cnicos &#8211; LPST"},"content":{"rendered":"\n<div class=\"item-page\" style=\"min-height: 450px;color: #666666;font-family: Helvetica, Arial, sans-serif;font-size: 13px\">\n<div>\n<p style=\"margin-top: 0px;margin-bottom: 10px\">O Laborat\u00f3rio de Projeto de Sistemas T\u00e9cnicos (LPST), do Departamento de Engenharia Mec\u00e2nica, est\u00e1 situado junto ao Centro de Tecnologia da Universidade Federal de Santa Maria. Foi fundado pelo Prof. Leonardo Nabaes Romano em 2004 e abriga o Grupo de pesquisa Projeto de Sistemas T\u00e9cnicos, certificado pela UFSM e registrado no Diret\u00f3rio dos Grupos de Pesquisa no Brasil Lattes (<a style=\"background: 0px 0px;color: #4782b2\" href=\"http:\/\/dgp.cnpq.br\/dgp\/espelhogrupo\/4428200001719196\">http:\/\/dgp.cnpq.br\/dgp\/espelhogrupo\/4428200001719196<\/a>) do Conselho Nacional de Desenvolvimento Cient\u00edfico e Tecnol\u00f3gico (CNPq), ag\u00eancia do Minist\u00e9rio da Ci\u00eancia, Tecnologia, Inova\u00e7\u00f5es e Comunica\u00e7\u00f5es (MCTIC).<\/p>\n<p style=\"margin-top: 0px;margin-bottom: 10px\">O LPST tem atua\u00e7\u00e3o em pesquisa tecnol\u00f3gica e cient\u00edficanos n\u00edveis de gradua\u00e7\u00e3o e p\u00f3s-gradua\u00e7\u00e3o nas \u00e1reas da Engenharia Mec\u00e2nica, Engenharia Agr\u00edcola, Engenharia de Produ\u00e7\u00e3o e Engenharia Aeroespacial. O grupo de pesquisa LPST desenvolve projetos sob a orienta\u00e7\u00e3o de 5 pesquisadores Doutores em Engenharia \u2013 Prof. Leonardo Nabaes Romano(DEM-CT), Prof. Alexandre Buenos(DEM-CT), Prof. Carlos Eduardo Souza (DEM-CT), Prof. Saul AzzolinBonaldo (CTISM), Prof. Paulo CarteriCoradi (UFSM-CS), titulados respectivamente pelas Institui\u00e7\u00f5es UFSC, UNICAMP, ITA, UFSMeUFV \u2013 e que atuam e colaboram no Programa de P\u00f3s-gradua\u00e7\u00e3o em Engenharia Agr\u00edcola da UFSM e em outros programas externos (UFRGS, ITA, UFSC, PUC-PR, UNICAMP, UFPel entre outros).<\/p>\n<p style=\"margin-top: 0px;margin-bottom: 10px\">Atualmente as linhas de pesquisas estudadas abrangem: projeto de sistemas t\u00e9cnicos; gerenciamento de projetos de desenvolvimento de produtos; an\u00e1lise din\u00e2mica de estruturas; avalia\u00e7\u00e3o de tens\u00f5es de sistemas mec\u00e2nicos; e, engenharia de p\u00f3s-colheita de produtos agr\u00edcolas. Alguns projetos desenvolvidos possuem parcerias com empresas e outras Institui\u00e7\u00f5es de Ensino Superior.<\/p>\n<p style=\"margin-top: 0px;margin-bottom: 10px\">Desde a sua funda\u00e7\u00e3o, as principais repercuss\u00f5es do grupo incluem a forma\u00e7\u00e3o de 25 Mestres e 6 Doutores em Engenharia Agr\u00edcola e Engenharia de Produ\u00e7\u00e3o, al\u00e9m da gera\u00e7\u00e3o de conhecimentos registrados em mais de 150 artigos t\u00e9cnicos e cient\u00edficos apresentados em congressos da \u00e1rea e publicados em peri\u00f3dicos especializados.<\/p>\n<p style=\"margin-top: 0px;margin-bottom: 10px\">Exemplos de alguns projetos em desenvolvimento na \u00e1rea agr\u00edcola incluem: equipamento para descarga de gr\u00e3os em silos verticais de fundo plano; simulador de chuva m\u00f3vel, para uso no campo ou em laborat\u00f3rio, para pesquisas sobre eros\u00e3o h\u00eddrica e persist\u00eancia de agrot\u00f3xico; mecanismo descascador de mandioca para agricultura familiar; FMEA de equipamento injetor no solo de dejetos l\u00edquidos de su\u00ednos; mecanismo aerador de solo para renova\u00e7\u00e3o de pastagens degradadas; sistema de corte e recolhimento da flor de tabaco para extra\u00e7\u00e3o das sementes para produ\u00e7\u00e3o de bioquerosene de avia\u00e7\u00e3o; sistema de medi\u00e7\u00e3o e monitoramento de raios UV, press\u00e3o atmosf\u00e9rica e umidade relativa do ar em cabinas de m\u00e1quinas agr\u00edcolas; modelagem do processo produto-servi\u00e7o de m\u00e1quinas agr\u00edcolas, entre outros.<\/p>\n<p style=\"margin-top: 0px;margin-bottom: 10px\">O LPST fica localizado no Pr\u00e9dio 10 do CT, Sala 401, junto ao N\u00facleo de Automa\u00e7\u00e3o e Processos de Fabrica\u00e7\u00e3o (NAFA), telefone: (55) 3220-8652, e-mail:\u00a0<a style=\"background: 0px 0px;color: #4782b2\" href=\"mailto:romano@mecanica.ufsm.br\">romano@mecanica.ufsm.br<\/a><\/p>\n<p style=\"margin-top: 0px;margin-bottom: 10px\">Informa\u00e7\u00e3o atualizada em 15\/05\/2018, pelo Prof. Leonardo Nabaes Romano, respons\u00e1vel pelo LPST.<\/p>\n<div>\u00a0<\/div>\n<\/div>\n<\/div>\n","protected":false},"excerpt":{"rendered":"<p>O Laborat\u00f3rio de Projeto de Sistemas T\u00e9cnicos (LPST), do Departamento de Engenharia Mec\u00e2nica, est\u00e1 situado junto ao Centro de Tecnologia da Universidade Federal de Santa Maria. Foi fundado pelo Prof. Leonardo Nabaes Romano em 2004 e abriga o Grupo de pesquisa Projeto de Sistemas T\u00e9cnicos, certificado pela UFSM e registrado no Diret\u00f3rio dos Grupos de [&hellip;]<\/p>\n","protected":false},"author":115,"featured_media":0,"parent":0,"menu_order":0,"comment_status":"closed","ping_status":"closed","template":"","meta":{"footnotes":""},"categories":[],"tags":[],"class_list":["post-2816","page","type-page","status-publish","hentry"],"acf":[],"_links":{"self":[{"href":"https:\/\/www.ufsm.br\/unidades-universitarias\/ct\/wp-json\/wp\/v2\/pages\/2816","targetHints":{"allow":["GET"]}}],"collection":[{"href":"https:\/\/www.ufsm.br\/unidades-universitarias\/ct\/wp-json\/wp\/v2\/pages"}],"about":[{"href":"https:\/\/www.ufsm.br\/unidades-universitarias\/ct\/wp-json\/wp\/v2\/types\/page"}],"author":[{"embeddable":true,"href":"https:\/\/www.ufsm.br\/unidades-universitarias\/ct\/wp-json\/wp\/v2\/users\/115"}],"replies":[{"embeddable":true,"href":"https:\/\/www.ufsm.br\/unidades-universitarias\/ct\/wp-json\/wp\/v2\/comments?post=2816"}],"version-history":[{"count":0,"href":"https:\/\/www.ufsm.br\/unidades-universitarias\/ct\/wp-json\/wp\/v2\/pages\/2816\/revisions"}],"wp:attachment":[{"href":"https:\/\/www.ufsm.br\/unidades-universitarias\/ct\/wp-json\/wp\/v2\/media?parent=2816"}],"wp:term":[{"taxonomy":"category","embeddable":true,"href":"https:\/\/www.ufsm.br\/unidades-universitarias\/ct\/wp-json\/wp\/v2\/categories?post=2816"},{"taxonomy":"post_tag","embeddable":true,"href":"https:\/\/www.ufsm.br\/unidades-universitarias\/ct\/wp-json\/wp\/v2\/tags?post=2816"}],"curies":[{"name":"wp","href":"https:\/\/api.w.org\/{rel}","templated":true}]}}