{"id":2857,"date":"2019-09-06T15:03:13","date_gmt":"2019-09-06T18:03:13","guid":{"rendered":"https:\/\/www.ufsm.br\/unidades-universitarias\/ct\/?page_id=2857"},"modified":"2019-09-06T15:13:23","modified_gmt":"2019-09-06T18:13:23","slug":"projetos-de-pesquisa-e-extensao","status":"publish","type":"page","link":"https:\/\/www.ufsm.br\/unidades-universitarias\/ct\/projetos-de-pesquisa-e-extensao","title":{"rendered":"Projetos de Pesquisa e Extens\u00e3o"},"content":{"rendered":"\n<table class=\"category table table-stripped\" style=\"width: 100%;height: 420px\">\n<tbody>\n<tr class=\"cat-list-row1\" style=\"height: 64px\">\n<td style=\"height: 64px\">\n<p><a href=\"https:\/\/www.ufsm.br\/unidades-universitarias\/ct\/wp-content\/uploads\/sites\/375\/2019\/09\/EMPRESA_JUNIOR.pdf\" target=\"_blank\" rel=\"noopener noreferrer\">EMPRESA J\u00daNIOR VINCULADA AO CURSO DE ENGENHARIA MEC\u00c2NICA<\/a><\/p>\n<\/td>\n<\/tr>\n<tr class=\"cat-list-row1\" style=\"height: 64px\">\n<td style=\"height: 64px\">DESENVOLVIMENTO ESTRUTURAL E AERODIN\u00c2MICO DE AEROGERADORES DE PEQUENO PORTE DIRECIONADOS A MICRO GERA\u00c7\u00c3O E GERA\u00c7\u00c3O DISTRIBU\u00cdDA<\/td>\n<\/tr>\n<tr class=\"cat-list-row0\" style=\"height: 44px\">\n<td style=\"height: 44px\">DESENVOLVIMENTO DE UM VE\u00cdCULO A\u00c9REO N\u00c3O-TRIPULADO PARA USO COMO PLATAFORMA DE PESQUISA EM AEROELASTICIDADE<\/td>\n<\/tr>\n<tr class=\"cat-list-row1\" style=\"height: 44px\">\n<td style=\"height: 44px\"><a href=\"https:\/\/www.ufsm.br\/unidades-universitarias\/ct\/wp-content\/uploads\/sites\/375\/2019\/09\/DISPOSITIVO_ULTRASS\u00d4NICO_PARA_MEDI\u00c7\u00c3O_DE_TENS\u00d5ES_EM_COMPONENTES_ESTRUTURAIS.pdf\" target=\"_blank\" rel=\"noopener noreferrer\">DESENVOLVIMENTO DE DISPOSITIVO ULTRASS\u00d4NICO PARA MEDI\u00c7\u00c3O DE TENS\u00d5ES EM COMPONENTES ESTRUTURAIS<\/a><\/td>\n<\/tr>\n<tr class=\"cat-list-row1\" style=\"height: 92px\">\n<td style=\"height: 92px\">\n<p><a href=\"https:\/\/www.ufsm.br\/unidades-universitarias\/ct\/wp-content\/uploads\/sites\/375\/2019\/09\/ROSCA_VARREDORA.pdf\" target=\"_blank\" rel=\"noopener noreferrer\">DESENVOLVIMENTO DE EQUIPAMENTO PARA DESCARGA AUTOM\u00c1TICA DE PRODUTOS EM SILOS<\/a><\/p>\n<\/td>\n<\/tr>\n<tr class=\"cat-list-row1\" style=\"height: 44px\">\n<td style=\"height: 44px\"><a href=\"https:\/\/www.ufsm.br\/unidades-universitarias\/ct\/restauracao-recuperacao-e-manutencao-das-bancas-hidraulicas-kaplan-e-pelton\/\">RESTAURA\u00c7\u00c3O, RECUPERA\u00c7\u00c3O E MANUTEN\u00c7\u00c3O DAS BANCADAS HIDR\u00c1ULICAS KAPLAN E PELTON<\/a><a href=\"http:\/\/coral.ufsm.br\/dem\/index.php\/laboratorios-e-projetos\/projetos-de-pesquisa-extensao\/32-projeto-estrutural-de-uma-rosca-varredora-com-movimentacao-automatica\"><br \/><\/a><\/td>\n<\/tr>\n<tr class=\"cat-list-row1\" style=\"height: 44px\">\n<td style=\"height: 44px\"><a href=\"https:\/\/www.ufsm.br\/unidades-universitarias\/ct\/recuperacao-e-reconstrucao-de-um-tunel-de-vento-modelo-hdr-08\/\">RECUPERA\u00c7\u00c3O E RECONSTRU\u00c7\u00c3O DE UM T\u00daNEL DE VENTO MODELO HDR-08<\/a><a href=\"http:\/\/coral.ufsm.br\/dem\/index.php\/laboratorios-e-projetos\/projetos-de-pesquisa-extensao\/62\" target=\"_blank\" rel=\"noopener noreferrer\"><br \/><\/a><\/td>\n<\/tr>\n<tr class=\"cat-list-row1\" style=\"height: 24px\">\n<td style=\"height: 24px\"><a href=\"https:\/\/www.ufsm.br\/unidades-universitarias\/ct\/projeto-e-desenvolvimento-de-motores-foguete\/\">PROJETO E DESENVOLVIMENTO DE MOTORES FOGUETE<\/a><\/td>\n<\/tr>\n<\/tbody>\n<\/table>\n","protected":false},"excerpt":{"rendered":"<p>EMPRESA J\u00daNIOR VINCULADA AO CURSO DE ENGENHARIA MEC\u00c2NICA DESENVOLVIMENTO ESTRUTURAL E AERODIN\u00c2MICO DE AEROGERADORES DE PEQUENO PORTE DIRECIONADOS A MICRO GERA\u00c7\u00c3O E GERA\u00c7\u00c3O DISTRIBU\u00cdDA DESENVOLVIMENTO DE UM VE\u00cdCULO A\u00c9REO N\u00c3O-TRIPULADO PARA USO COMO PLATAFORMA DE PESQUISA EM AEROELASTICIDADE DESENVOLVIMENTO DE DISPOSITIVO ULTRASS\u00d4NICO PARA MEDI\u00c7\u00c3O DE TENS\u00d5ES EM COMPONENTES ESTRUTURAIS DESENVOLVIMENTO DE EQUIPAMENTO PARA DESCARGA AUTOM\u00c1TICA [&hellip;]<\/p>\n","protected":false},"author":772,"featured_media":0,"parent":0,"menu_order":0,"comment_status":"closed","ping_status":"closed","template":"","meta":{"footnotes":""},"categories":[],"tags":[],"class_list":["post-2857","page","type-page","status-publish","hentry"],"acf":[],"_links":{"self":[{"href":"https:\/\/www.ufsm.br\/unidades-universitarias\/ct\/wp-json\/wp\/v2\/pages\/2857","targetHints":{"allow":["GET"]}}],"collection":[{"href":"https:\/\/www.ufsm.br\/unidades-universitarias\/ct\/wp-json\/wp\/v2\/pages"}],"about":[{"href":"https:\/\/www.ufsm.br\/unidades-universitarias\/ct\/wp-json\/wp\/v2\/types\/page"}],"author":[{"embeddable":true,"href":"https:\/\/www.ufsm.br\/unidades-universitarias\/ct\/wp-json\/wp\/v2\/users\/772"}],"replies":[{"embeddable":true,"href":"https:\/\/www.ufsm.br\/unidades-universitarias\/ct\/wp-json\/wp\/v2\/comments?post=2857"}],"version-history":[{"count":0,"href":"https:\/\/www.ufsm.br\/unidades-universitarias\/ct\/wp-json\/wp\/v2\/pages\/2857\/revisions"}],"wp:attachment":[{"href":"https:\/\/www.ufsm.br\/unidades-universitarias\/ct\/wp-json\/wp\/v2\/media?parent=2857"}],"wp:term":[{"taxonomy":"category","embeddable":true,"href":"https:\/\/www.ufsm.br\/unidades-universitarias\/ct\/wp-json\/wp\/v2\/categories?post=2857"},{"taxonomy":"post_tag","embeddable":true,"href":"https:\/\/www.ufsm.br\/unidades-universitarias\/ct\/wp-json\/wp\/v2\/tags?post=2857"}],"curies":[{"name":"wp","href":"https:\/\/api.w.org\/{rel}","templated":true}]}}