{"id":2861,"date":"2019-09-06T15:07:10","date_gmt":"2019-09-06T18:07:10","guid":{"rendered":"https:\/\/www.ufsm.br\/unidades-universitarias\/ct\/?page_id=2861"},"modified":"2019-09-06T15:07:40","modified_gmt":"2019-09-06T18:07:40","slug":"restauracao-recuperacao-e-manutencao-das-bancas-hidraulicas-kaplan-e-pelton","status":"publish","type":"page","link":"https:\/\/www.ufsm.br\/unidades-universitarias\/ct\/restauracao-recuperacao-e-manutencao-das-bancas-hidraulicas-kaplan-e-pelton","title":{"rendered":"Restaura\u00e7\u00e3o, recupera\u00e7\u00e3o e manuten\u00e7\u00e3o das bancas hidr\u00e1ulicas Kaplan e Pelton"},"content":{"rendered":"\n\n\n<p style=\"text-align: left\" align=\"center\"><strong>PROFESSORES RESPONS\u00c1VEIS:<\/strong><\/p>\n<ul style=\"text-align: left\">\n<li>Cesar Addis\u00a0Valverde Salvador (<strong>DEM<\/strong>)\u00a0&#8211; \u00a0<a href=\"mailto:valverde@ufsm.br\">\u00a0<\/a><a href=\"mailto:valverde@ufsm.br\">valverde@ufsm.br<\/a><\/li>\n<li>Robinson Figueiredo de Camargo\u00a0(<strong>GEPOC<\/strong>)\u00a0&#8211; \u00a0<a href=\"mailto:robinson.camargo@gmail.com\">robinson.camargo@gmail.com<\/a>\u00a0<\/li>\n<li>Alexandre Aparecido Buenos (<strong>DEM<\/strong>)\u00a0&#8211;\u00a0<a href=\"mailto:alebuenos@gmail.com\">\u00a0<\/a><a href=\"mailto:alebuenos@gmail.com\">alebuenos@gmail.com<\/a><a href=\"mailto:alebuenos@gmail.com\">\u00a0<\/a><\/li>\n<li>Eduardo Xavier Barreto (<strong>DEM<\/strong>)\u00a0&#8211;\u00a0<a href=\"mailto:eduardo.barreto@ufsm.br\">\u00a0<\/a><a href=\"mailto:eduardo.barreto@ufsm.br\">eduardo.barreto@ufsm.br<\/a><\/li>\n<\/ul>\n<p style=\"text-align: left\" align=\"center\"><br \/><strong>TELEFONES:<\/strong>\u00a0(55) 32209589 \/ 32208345<br \/><strong>TIPO:<\/strong>\u00a0Projeto de Pesquisa<\/p>\n<p style=\"text-align: left\">\u00a0<\/p>\n<p style=\"text-align: left\"><strong>OBJETIVOS:<\/strong><\/p>\n<p style=\"text-align: left\">Realizar o levantamento da situa\u00e7\u00e3o atual das bancadas hidr\u00e1ulicas do tipo Pelton e Kaplan, atualmente fora de opera\u00e7\u00e3o e lotadas no NAFA. Verificar os sistemas: mec\u00e2nico, hidr\u00e1ulico e el\u00e9trico, de forma a realizar as opera\u00e7\u00f5es de restaura\u00e7\u00e3o, recupera\u00e7\u00e3o e manuten\u00e7\u00e3o das mesmas.<\/p>\n<p style=\"text-align: left\">\u00a0<\/p>\n<p style=\"text-align: left\">\u00a0<\/p>\n<p style=\"text-align: left\"><strong>INSTALA\u00c7\u00d5ES:<\/strong><\/p>\n<p style=\"text-align: left\">As bancadas hidr\u00e1ulicas est\u00e3o atualmente lotadas no N\u00facleo de Automa\u00e7\u00e3o e Processos de Fabrica\u00e7\u00e3o (NAFA).<\/p>\n<p style=\"text-align: left\">\u00a0<\/p>\n<p style=\"text-align: left\">\u00a0<\/p>\n<p style=\"text-align: left\"><strong>EQUIPE:<\/strong><\/p>\n<p style=\"text-align: left\">O projeto est\u00e1 sendo desenvolvido com participa\u00e7\u00e3o dos alunos de gradua\u00e7\u00e3o da engenharia mec\u00e2nica, da p\u00f3s-gradua\u00e7\u00e3o da engenharia el\u00e9trica e dos t\u00e9cnicos administrativos em educa\u00e7\u00e3o (TAE).<\/p>\n<p style=\"text-align: left\">\u00a0<\/p>\n\n\n\n<ul class=\"wp-block-gallery columns-2 is-cropped wp-block-gallery-1 is-layout-flex wp-block-gallery-is-layout-flex\"><li class=\"blocks-gallery-item\"><figure><img fetchpriority=\"high\" decoding=\"async\" width=\"594\" height=\"567\" src=\"https:\/\/www.ufsm.br\/unidades-universitarias\/ct\/wp-content\/uploads\/sites\/375\/2019\/09\/fig5.jpg\" alt=\"\" data-id=\"2862\" data-link=\"https:\/\/www.ufsm.br\/unidades-universitarias\/ct\/fig5\/\" class=\"wp-image-2862\" srcset=\"https:\/\/www.ufsm.br\/app\/uploads\/sites\/375\/2019\/09\/fig5.jpg 594w, https:\/\/www.ufsm.br\/app\/uploads\/sites\/375\/2019\/09\/fig5-300x286.jpg 300w\" sizes=\"(max-width: 594px) 100vw, 594px\" \/><figcaption>Fig. 1 \u2013 Bancada Kaplan em 3D utilizada em simula\u00e7\u00e3o num\u00e9rica<\/figcaption><\/figure><\/li><li class=\"blocks-gallery-item\"><figure><img decoding=\"async\" width=\"1024\" height=\"768\" src=\"https:\/\/www.ufsm.br\/unidades-universitarias\/ct\/wp-content\/uploads\/sites\/375\/2019\/09\/fig6-1024x768.jpg\" alt=\"\" data-id=\"2863\" data-link=\"https:\/\/www.ufsm.br\/unidades-universitarias\/ct\/fig6\/\" class=\"wp-image-2863\" srcset=\"https:\/\/www.ufsm.br\/app\/uploads\/sites\/375\/2019\/09\/fig6-1024x768.jpg 1024w, https:\/\/www.ufsm.br\/app\/uploads\/sites\/375\/2019\/09\/fig6-300x225.jpg 300w, https:\/\/www.ufsm.br\/app\/uploads\/sites\/375\/2019\/09\/fig6-768x576.jpg 768w, https:\/\/www.ufsm.br\/app\/uploads\/sites\/375\/2019\/09\/fig6.jpg 1280w\" sizes=\"(max-width: 1024px) 100vw, 1024px\" \/><figcaption>Fig. 2 \u2013 Bancada Kaplan ap\u00f3s primeiras restaura\u00e7\u00f5es<\/figcaption><\/figure><\/li><\/ul>\n","protected":false},"excerpt":{"rendered":"<p>PROFESSORES RESPONS\u00c1VEIS: Cesar Addis\u00a0Valverde Salvador (DEM)\u00a0&#8211; \u00a0\u00a0valverde@ufsm.br Robinson Figueiredo de Camargo\u00a0(GEPOC)\u00a0&#8211; \u00a0robinson.camargo@gmail.com\u00a0 Alexandre Aparecido Buenos (DEM)\u00a0&#8211;\u00a0\u00a0alebuenos@gmail.com\u00a0 Eduardo Xavier Barreto (DEM)\u00a0&#8211;\u00a0\u00a0eduardo.barreto@ufsm.br TELEFONES:\u00a0(55) 32209589 \/ 32208345TIPO:\u00a0Projeto de Pesquisa \u00a0 OBJETIVOS: Realizar o levantamento da situa\u00e7\u00e3o atual das bancadas hidr\u00e1ulicas do tipo Pelton e Kaplan, atualmente fora de opera\u00e7\u00e3o e lotadas no NAFA. Verificar os sistemas: mec\u00e2nico, hidr\u00e1ulico [&hellip;]<\/p>\n","protected":false},"author":772,"featured_media":0,"parent":0,"menu_order":0,"comment_status":"closed","ping_status":"closed","template":"","meta":{"footnotes":""},"categories":[],"tags":[],"class_list":["post-2861","page","type-page","status-publish","hentry"],"acf":[],"_links":{"self":[{"href":"https:\/\/www.ufsm.br\/unidades-universitarias\/ct\/wp-json\/wp\/v2\/pages\/2861","targetHints":{"allow":["GET"]}}],"collection":[{"href":"https:\/\/www.ufsm.br\/unidades-universitarias\/ct\/wp-json\/wp\/v2\/pages"}],"about":[{"href":"https:\/\/www.ufsm.br\/unidades-universitarias\/ct\/wp-json\/wp\/v2\/types\/page"}],"author":[{"embeddable":true,"href":"https:\/\/www.ufsm.br\/unidades-universitarias\/ct\/wp-json\/wp\/v2\/users\/772"}],"replies":[{"embeddable":true,"href":"https:\/\/www.ufsm.br\/unidades-universitarias\/ct\/wp-json\/wp\/v2\/comments?post=2861"}],"version-history":[{"count":0,"href":"https:\/\/www.ufsm.br\/unidades-universitarias\/ct\/wp-json\/wp\/v2\/pages\/2861\/revisions"}],"wp:attachment":[{"href":"https:\/\/www.ufsm.br\/unidades-universitarias\/ct\/wp-json\/wp\/v2\/media?parent=2861"}],"wp:term":[{"taxonomy":"category","embeddable":true,"href":"https:\/\/www.ufsm.br\/unidades-universitarias\/ct\/wp-json\/wp\/v2\/categories?post=2861"},{"taxonomy":"post_tag","embeddable":true,"href":"https:\/\/www.ufsm.br\/unidades-universitarias\/ct\/wp-json\/wp\/v2\/tags?post=2861"}],"curies":[{"name":"wp","href":"https:\/\/api.w.org\/{rel}","templated":true}]}}