{"id":2864,"date":"2019-09-06T15:08:50","date_gmt":"2019-09-06T18:08:50","guid":{"rendered":"https:\/\/www.ufsm.br\/unidades-universitarias\/ct\/?page_id=2864"},"modified":"2019-09-06T15:08:53","modified_gmt":"2019-09-06T18:08:53","slug":"recuperacao-e-reconstrucao-de-um-tunel-de-vento-modelo-hdr-08","status":"publish","type":"page","link":"https:\/\/www.ufsm.br\/unidades-universitarias\/ct\/recuperacao-e-reconstrucao-de-um-tunel-de-vento-modelo-hdr-08","title":{"rendered":"Recupera\u00e7\u00e3o e Reconstru\u00e7\u00e3o de um T\u00fanel de Vento Modelo HDR-08"},"content":{"rendered":"\n<p style=\"margin-bottom: 10px;color: #666666;font-family: Helvetica, Arial, sans-serif;font-size: 12.16px;text-align: justify\" align=\"center\"><span style=\"font-weight: bold;color: #000000;font-family: verdana, geneva;font-size: 13.3333px\">PROFESSORES RESPONS\u00c1VEIS:<\/span><\/p>\n<ul style=\"margin-bottom: 10px;color: #666666;font-family: Helvetica, Arial, sans-serif;font-size: 12.16px\">\n<li style=\"text-align: justify\"><span style=\"font-family: verdana, geneva;color: #000000\"><span style=\"font-size: 10pt\"><span style=\"font-size: 10pt;line-height: 14.2667px;font-family: Symbol\"><span style=\"font-family: verdana, geneva\">Cesar Addis\u00a0<span style=\"font-size: 13.3333px\">Valverde Salvador (<span style=\"font-weight: bold\">DEM<\/span>)\u00a0<\/span><span style=\"font-size: 10pt;line-height: 14.2667px;font-family: Symbol\">&#8211; \u00a0<span style=\"font-family: verdana, geneva\"><a style=\"background: 0px 0px;color: #000000\" href=\"mailto:valverde@ufsm.br\">valverde@ufsm.br<\/a><\/span><\/span><\/span><\/span><\/span><\/span><\/li>\n<li style=\"text-align: justify\"><span style=\"font-family: verdana, geneva;color: #000000\"><span style=\"font-size: 10pt\"><span style=\"font-size: 13.3333px\"><span style=\"font-size: 10pt;line-height: 14.2667px\">Carlos Eduardo Guex Falc\u00e3o<\/span>\u00a0(<span style=\"font-weight: bold\">DEM<\/span>)\u00a0<\/span><span style=\"font-size: 10pt;line-height: 14.2667px;font-family: Symbol\">&#8211;\u00a0<span style=\"font-size: 10pt;line-height: 14.2667px;font-family: Calibri, sans-serif\"><span style=\"font-family: verdana, geneva\"><a style=\"background: 0px 0px;color: #000000\" href=\"mailto:cegfalcao@gmail.com\">cegfalcao@gmail.com<\/a><\/span><\/span><\/span><\/span><\/span><\/li>\n<li style=\"text-align: justify\"><span style=\"font-family: verdana, geneva;color: #000000\"><span style=\"font-size: 10pt;line-height: 14.2667px\">Giuliano Demarco (<span style=\"font-weight: bold\">DEM<\/span>)\u00a0<\/span><span style=\"font-size: 10pt;line-height: 14.2667px\">&#8211;<\/span><span style=\"font-size: 10pt;line-height: 14.2667px\">\u00a0<span><a style=\"background: 0px 0px;color: #000000\" href=\"mailto:alebuenos@gmail.com\"><span style=\"font-size: 10pt;line-height: 14.2667px\">\u00a0<\/span><\/a><a style=\"background: 0px 0px;color: #000000\" href=\"mailto:giulianofisico@gmail.com\">giulianofisico@gmail.com<\/a><\/span><\/span><\/span><\/li>\n<li style=\"text-align: justify\"><span style=\"font-family: verdana, geneva;color: #000000\"><span style=\"font-size: 10pt;line-height: 14.2667px\"><span style=\"font-size: 10pt;line-height: 14.2667px\">Carlos Eduardo de Souza (<span style=\"font-weight: bold\">DEM<\/span>)\u00a0<\/span><span style=\"font-size: 10pt;line-height: 14.2667px\">&#8211;<\/span><span style=\"font-size: 10pt;line-height: 14.2667px\">\u00a0<span style=\"font-size: 10pt;line-height: 14.2667px;font-family: Calibri, sans-serif\"><a style=\"background: 0px 0px;color: #000000\" href=\"mailto:carlos.souza@ufsm.br\">\u00a0<\/a><span style=\"font-family: verdana, geneva\"><a style=\"background: 0px 0px;color: #000000\" href=\"mailto:carlos.souza@ufsm.br\">carlos.souza@ufsm.br<\/a><\/span><\/span><\/span><\/span><\/span><\/li>\n<\/ul>\n<p style=\"margin-top: 0px;margin-bottom: 10px;color: #666666;font-family: Helvetica, Arial, sans-serif;font-size: 12.16px;text-align: justify\" align=\"center\"><span style=\"color: #000000\"><span style=\"font-family: verdana, geneva\"><span><span style=\"font-size: 10pt\"><br \/><\/span><\/span><\/span><span style=\"font-family: verdana, geneva\"><span style=\"font-size: 10pt\"><span style=\"font-size: 10pt\"><span style=\"font-weight: bold;font-size: 13.3333px\">TELEFONES:<\/span>\u00a0(55) 32209589 \/ 32208345<br \/><\/span><\/span><\/span><span style=\"font-family: verdana, geneva\"><span style=\"font-size: 10pt\"><span style=\"font-size: 10pt\"><span style=\"font-weight: bold;font-size: 13.3333px\">TIPO:<\/span><span style=\"font-size: 13.3333px\">\u00a0Projeto de Pesquisa<\/span><\/span><\/span><\/span><\/span><\/p>\n<p style=\"margin-top: 0px;margin-bottom: 10px;color: #666666;font-family: Helvetica, Arial, sans-serif;font-size: 12.16px;text-align: justify\" align=\"center\"><span style=\"font-family: verdana, geneva;color: #000000\"><span style=\"font-size: 10pt\"><span style=\"font-size: 10pt\"><span style=\"font-size: 13.3333px\">\u00a0<\/span><\/span><\/span><\/span><\/p>\n<p style=\"margin-top: 0px;margin-bottom: 0.0001pt;color: #666666;font-family: Helvetica, Arial, sans-serif;font-size: 12.16px;line-height: normal;text-align: justify\"><span style=\"color: #000000\"><span style=\"font-family: verdana, geneva;font-size: 10pt\"><span style=\"font-weight: bold\">OBJETIVOS:<\/span><\/span><\/span><\/p>\n<p style=\"margin: 0cm 0cm 0.0001pt;color: #666666;font-family: Helvetica, Arial, sans-serif;font-size: 12.16px;background-image: initial;background-position: initial;text-align: justify\"><span style=\"font-size: 10pt;line-height: 14.2667px;font-family: verdana, geneva;color: #000000\"><span style=\"font-size: 10pt;line-height: 14.2667px\">Reconstru\u00e7\u00e3o e\/ou repara\u00e7\u00e3o de um t\u00fanel de vento modelo HDR-08, fabricado em 1980 pela empresa Equacional<\/span>.<\/span><\/p>\n<p style=\"margin: 0cm 0cm 0.0001pt;color: #666666;font-family: Helvetica, Arial, sans-serif;font-size: 12.16px;background-image: initial;background-position: initial;text-align: justify\"><span style=\"font-size: 10pt;line-height: 14.2667px;font-family: verdana, geneva;color: #000000\">\u00a0<\/span><\/p>\n<p style=\"margin: 0cm 0cm 0.0001pt;color: #666666;font-family: Helvetica, Arial, sans-serif;font-size: 12.16px;background-image: initial;background-position: initial;text-align: justify\"><span style=\"font-size: 10pt;line-height: 14.2667px;font-family: verdana, geneva;color: #000000\">\u00a0<\/span><\/p>\n<p style=\"margin: 0cm 0cm 0.0001pt;color: #666666;font-family: Helvetica, Arial, sans-serif;font-size: 12.16px;background-image: initial;background-position: initial;text-align: justify\"><span style=\"color: #000000\"><span style=\"font-size: 10pt;line-height: 14.2667px;font-family: verdana, geneva\"><span style=\"font-weight: bold;font-size: 13.3333px\">INSTALA\u00c7\u00d5ES:<\/span><br \/>A bancada que comporta o t\u00fanel de vento est\u00e1 sendo desmontada para sua manuten\u00e7\u00e3o no N\u00facleo de Automa\u00e7\u00e3o e Processos de Fabrica\u00e7\u00e3o (NAFA)<\/span><span style=\"font-family: verdana, geneva;font-size: 10pt\"><span>.<\/span><br \/><br \/><br \/><\/span><span><span style=\"font-family: verdana, geneva;font-size: 10pt\"><span style=\"font-weight: bold\">EQUIPE:<\/span><\/span><\/span><\/span><\/p>\n<p style=\"margin: 0cm 0cm 0.0001pt;color: #666666;font-family: Helvetica, Arial, sans-serif;font-size: 12.16px;background-image: initial;background-position: initial;text-align: justify\"><span style=\"font-size: 10pt;line-height: 14.2667px;font-family: verdana, geneva;color: #000000\">O projeto est\u00e1 sendo executado pelos professores acima citados com participa\u00e7\u00e3o dos alunos de gradua\u00e7\u00e3o da engenharia mec\u00e2nica. O projeto tamb\u00e9m conta com aux\u00edlio do N\u00facleo de Pesquisa e Desenvolvimento em Engenharia El\u00e9trica (NUPEDEE).<\/span><\/p>\n","protected":false},"excerpt":{"rendered":"<p>PROFESSORES RESPONS\u00c1VEIS: Cesar Addis\u00a0Valverde Salvador (DEM)\u00a0&#8211; \u00a0valverde@ufsm.br Carlos Eduardo Guex Falc\u00e3o\u00a0(DEM)\u00a0&#8211;\u00a0cegfalcao@gmail.com Giuliano Demarco (DEM)\u00a0&#8211;\u00a0\u00a0giulianofisico@gmail.com Carlos Eduardo de Souza (DEM)\u00a0&#8211;\u00a0\u00a0carlos.souza@ufsm.br TELEFONES:\u00a0(55) 32209589 \/ 32208345TIPO:\u00a0Projeto de Pesquisa \u00a0 OBJETIVOS: Reconstru\u00e7\u00e3o e\/ou repara\u00e7\u00e3o de um t\u00fanel de vento modelo HDR-08, fabricado em 1980 pela empresa Equacional. \u00a0 \u00a0 INSTALA\u00c7\u00d5ES:A bancada que comporta o t\u00fanel de vento est\u00e1 sendo [&hellip;]<\/p>\n","protected":false},"author":772,"featured_media":0,"parent":0,"menu_order":0,"comment_status":"closed","ping_status":"closed","template":"","meta":{"footnotes":""},"categories":[],"tags":[],"class_list":["post-2864","page","type-page","status-publish","hentry"],"acf":[],"_links":{"self":[{"href":"https:\/\/www.ufsm.br\/unidades-universitarias\/ct\/wp-json\/wp\/v2\/pages\/2864","targetHints":{"allow":["GET"]}}],"collection":[{"href":"https:\/\/www.ufsm.br\/unidades-universitarias\/ct\/wp-json\/wp\/v2\/pages"}],"about":[{"href":"https:\/\/www.ufsm.br\/unidades-universitarias\/ct\/wp-json\/wp\/v2\/types\/page"}],"author":[{"embeddable":true,"href":"https:\/\/www.ufsm.br\/unidades-universitarias\/ct\/wp-json\/wp\/v2\/users\/772"}],"replies":[{"embeddable":true,"href":"https:\/\/www.ufsm.br\/unidades-universitarias\/ct\/wp-json\/wp\/v2\/comments?post=2864"}],"version-history":[{"count":0,"href":"https:\/\/www.ufsm.br\/unidades-universitarias\/ct\/wp-json\/wp\/v2\/pages\/2864\/revisions"}],"wp:attachment":[{"href":"https:\/\/www.ufsm.br\/unidades-universitarias\/ct\/wp-json\/wp\/v2\/media?parent=2864"}],"wp:term":[{"taxonomy":"category","embeddable":true,"href":"https:\/\/www.ufsm.br\/unidades-universitarias\/ct\/wp-json\/wp\/v2\/categories?post=2864"},{"taxonomy":"post_tag","embeddable":true,"href":"https:\/\/www.ufsm.br\/unidades-universitarias\/ct\/wp-json\/wp\/v2\/tags?post=2864"}],"curies":[{"name":"wp","href":"https:\/\/api.w.org\/{rel}","templated":true}]}}