{"id":2865,"date":"2019-09-06T15:12:53","date_gmt":"2019-09-06T18:12:53","guid":{"rendered":"https:\/\/www.ufsm.br\/unidades-universitarias\/ct\/?page_id=2865"},"modified":"2019-09-06T15:12:57","modified_gmt":"2019-09-06T18:12:57","slug":"projeto-e-desenvolvimento-de-motores-foguete","status":"publish","type":"page","link":"https:\/\/www.ufsm.br\/unidades-universitarias\/ct\/projeto-e-desenvolvimento-de-motores-foguete","title":{"rendered":"Projeto e Desenvolvimento de Motores Foguete"},"content":{"rendered":"\n<p style=\"text-align: left\" align=\"center\"><strong>Professor respons\u00e1vel:\u00a0<\/strong>Cesar Addis Valverde Salvador<br \/><strong>Email:\u00a0<\/strong><a href=\"mailto:valverde@ufsm.br\">\u00a0<\/a><a href=\"mailto:valverde@ufsm.br\">valverde@ufsm.br<br \/><\/a><strong>Ramal:\u00a0<\/strong>\u00a0(55) 3220-9589<br \/><strong>Tipo:\u00a0<\/strong>Projeto de Pesquisa<br \/><br \/><\/p>\n<p style=\"text-align: left\"><strong>OBJETIVOS:<\/strong><\/p>\n<p style=\"text-align: left\">Desenvolver e testar propulsores aeroespaciais de baixo empuxo e em condi\u00e7\u00f5es atmosf\u00e9ricas, de forma segura e confi\u00e1vel.<\/p>\n<p style=\"text-align: left\">\u00a0<\/p>\n<p style=\"text-align: left\">\u00a0<\/p>\n<p style=\"text-align: left\"><strong>INSTALA\u00c7\u00d5ES:<\/strong><\/p>\n<p style=\"text-align: left\">O prot\u00f3tipo do motor foguete est\u00e1 sendo desenvolvido e testado nas Instala\u00e7\u00f5es do NAFA (N\u00facleo de Automa\u00e7\u00e3o e Processos de Fabrica\u00e7\u00e3o)<\/p>\n<p style=\"text-align: left\">\u00a0<\/p>\n<p style=\"text-align: left\">\u00a0<\/p>\n<p style=\"text-align: left\"><strong>INSTRUMENTA\u00c7\u00c3O:<\/strong><\/p>\n<p style=\"text-align: left\">Sistemas de propuls\u00e3o qu\u00edmica e foguetes s\u00e3o componentes de alta tecnologia que necessitam de condi\u00e7\u00f5es especiais para seu desenvolvimento e teste. Para tal, foi desenvolvida uma bancada para aquisi\u00e7\u00e3o de dados para medir par\u00e2metros como: press\u00e3o da c\u00e2mara, empuxo do motor e temperatura da c\u00e2mara, entre outros. O sistema de aquisi\u00e7\u00e3o foi constru\u00eddo em ardu\u00edno e a coleta de dados \u00e9 feita pelo computador, usando o programa excel. Ap\u00f3s os dados alocados na planilha do excel, podem ser utilizados para obten\u00e7\u00e3o de rela\u00e7\u00f5es, par\u00e2metros e modelos matem\u00e1ticos que regem o funcionamento do motor foguete, no pr\u00f3prio software ou exportando para softwares espec\u00edficos para an\u00e1lise de dados.<\/p>\n<p>\u00a0<\/p>\n\n\n\n<figure class=\"wp-block-image\"><img fetchpriority=\"high\" decoding=\"async\" width=\"740\" height=\"451\" src=\"https:\/\/www.ufsm.br\/unidades-universitarias\/ct\/wp-content\/uploads\/sites\/375\/2019\/09\/fig1.png\" alt=\"\" class=\"wp-image-2866\" srcset=\"https:\/\/www.ufsm.br\/app\/uploads\/sites\/375\/2019\/09\/fig1.png 740w, https:\/\/www.ufsm.br\/app\/uploads\/sites\/375\/2019\/09\/fig1-300x183.png 300w\" sizes=\"(max-width: 740px) 100vw, 740px\" \/><figcaption>Fig. 1 \u2013 Curva de dados coletados<\/figcaption><\/figure>\n\n\n\n<p><strong>FOGUETE A PROPELENTE S\u00d3LIDO:<\/strong><\/p>\n\n\n\n<figure class=\"wp-block-image\"><img decoding=\"async\" width=\"567\" height=\"335\" src=\"https:\/\/www.ufsm.br\/unidades-universitarias\/ct\/wp-content\/uploads\/sites\/375\/2019\/09\/fig3.jpg\" alt=\"\" class=\"wp-image-2868\" srcset=\"https:\/\/www.ufsm.br\/app\/uploads\/sites\/375\/2019\/09\/fig3.jpg 567w, https:\/\/www.ufsm.br\/app\/uploads\/sites\/375\/2019\/09\/fig3-300x177.jpg 300w\" sizes=\"(max-width: 567px) 100vw, 567px\" \/><figcaption> Fig. 3 \u2013 Foguete a Propelente S\u00f3lido<\/figcaption><\/figure>\n\n\n\n<p style=\"text-align: left\" align=\"center\"><strong>FOGUETE A PROPELENTE GASOSO:<\/strong><\/p>\n\n\n\n<figure class=\"wp-block-image\"><img decoding=\"async\" width=\"799\" height=\"449\" src=\"https:\/\/www.ufsm.br\/unidades-universitarias\/ct\/wp-content\/uploads\/sites\/375\/2019\/09\/fig4.jpg\" alt=\"\" class=\"wp-image-2869\" srcset=\"https:\/\/www.ufsm.br\/app\/uploads\/sites\/375\/2019\/09\/fig4.jpg 799w, https:\/\/www.ufsm.br\/app\/uploads\/sites\/375\/2019\/09\/fig4-300x169.jpg 300w, https:\/\/www.ufsm.br\/app\/uploads\/sites\/375\/2019\/09\/fig4-768x432.jpg 768w\" sizes=\"(max-width: 799px) 100vw, 799px\" \/><figcaption>Fig. 4 \u2013 Foguete a Propelente Gasoso<\/figcaption><\/figure>\n","protected":false},"excerpt":{"rendered":"<p>Professor respons\u00e1vel:\u00a0Cesar Addis Valverde SalvadorEmail:\u00a0\u00a0valverde@ufsm.brRamal:\u00a0\u00a0(55) 3220-9589Tipo:\u00a0Projeto de Pesquisa OBJETIVOS: Desenvolver e testar propulsores aeroespaciais de baixo empuxo e em condi\u00e7\u00f5es atmosf\u00e9ricas, de forma segura e confi\u00e1vel. \u00a0 \u00a0 INSTALA\u00c7\u00d5ES: O prot\u00f3tipo do motor foguete est\u00e1 sendo desenvolvido e testado nas Instala\u00e7\u00f5es do NAFA (N\u00facleo de Automa\u00e7\u00e3o e Processos de Fabrica\u00e7\u00e3o) \u00a0 \u00a0 INSTRUMENTA\u00c7\u00c3O: Sistemas de [&hellip;]<\/p>\n","protected":false},"author":772,"featured_media":0,"parent":0,"menu_order":0,"comment_status":"closed","ping_status":"closed","template":"","meta":{"footnotes":""},"categories":[],"tags":[],"class_list":["post-2865","page","type-page","status-publish","hentry"],"acf":[],"_links":{"self":[{"href":"https:\/\/www.ufsm.br\/unidades-universitarias\/ct\/wp-json\/wp\/v2\/pages\/2865","targetHints":{"allow":["GET"]}}],"collection":[{"href":"https:\/\/www.ufsm.br\/unidades-universitarias\/ct\/wp-json\/wp\/v2\/pages"}],"about":[{"href":"https:\/\/www.ufsm.br\/unidades-universitarias\/ct\/wp-json\/wp\/v2\/types\/page"}],"author":[{"embeddable":true,"href":"https:\/\/www.ufsm.br\/unidades-universitarias\/ct\/wp-json\/wp\/v2\/users\/772"}],"replies":[{"embeddable":true,"href":"https:\/\/www.ufsm.br\/unidades-universitarias\/ct\/wp-json\/wp\/v2\/comments?post=2865"}],"version-history":[{"count":0,"href":"https:\/\/www.ufsm.br\/unidades-universitarias\/ct\/wp-json\/wp\/v2\/pages\/2865\/revisions"}],"wp:attachment":[{"href":"https:\/\/www.ufsm.br\/unidades-universitarias\/ct\/wp-json\/wp\/v2\/media?parent=2865"}],"wp:term":[{"taxonomy":"category","embeddable":true,"href":"https:\/\/www.ufsm.br\/unidades-universitarias\/ct\/wp-json\/wp\/v2\/categories?post=2865"},{"taxonomy":"post_tag","embeddable":true,"href":"https:\/\/www.ufsm.br\/unidades-universitarias\/ct\/wp-json\/wp\/v2\/tags?post=2865"}],"curies":[{"name":"wp","href":"https:\/\/api.w.org\/{rel}","templated":true}]}}