{"id":2890,"date":"2019-09-10T16:43:16","date_gmt":"2019-09-10T19:43:16","guid":{"rendered":"https:\/\/www.ufsm.br\/unidades-universitarias\/ct\/?page_id=2890"},"modified":"2019-09-10T16:43:26","modified_gmt":"2019-09-10T19:43:26","slug":"grupo-de-pesquisa-desa","status":"publish","type":"page","link":"https:\/\/www.ufsm.br\/unidades-universitarias\/ct\/grupo-de-pesquisa-desa","title":{"rendered":"Grupo de pesquisa &#8211; DESA"},"content":{"rendered":"\n<p>O grupo contribui para o aprimoramento e desenvolvimento, sob condi\u00e7\u00f5es tipicamente brasileiras, de metodologias de valia\u00e7\u00e3o de impactos ambientais do uso do solo, sobre a precipita\u00e7\u00e3o, as disponibilidades h\u00eddricas, as cheias, a produ\u00e7\u00e3o, transporte e deposi\u00e7\u00e3o de sedimentos e sobre a qualidade da \u00e1gua e res\u00edduos s\u00f3lidos em bacias hidrogr\u00e1ficas e reservat\u00f3rios, de forma a permitir sua aplica\u00e7\u00e3o em regi\u00f5es que n\u00e3o disponibilizam informa\u00e7\u00f5es.<br \/><br \/><\/p>\n<h4>Grupo de Pesquisa Gest\u00e3o de Recursos H\u00eddricos &#8211; GERHI<\/h4>\n<p>O objetivo deste grupo de pesquisa \u00e9 o estudo de processos, m\u00e9todos e pol\u00edticas atrav\u00e9s de a\u00e7\u00e3o multidisciplinar, buscando sustentar o uso qualitativo e quantitativo da \u00e1gua em harmonia com a preserva\u00e7\u00e3o do meio ambiente.<br \/><br \/><\/p>\n<h4>Modelagem Hidroambiental e Ecotecnologias<\/h4>\n<p>Modelagem Hidroambiental e Ecotecnologias \u00e9 um grupo de pesquisa, desenvolvimento e divulga\u00e7\u00e3o de conhecimentos t\u00e9cnicos, processos, produtos, servi\u00e7os e equipamentos, bem como procedimentos organizacionais e de gest\u00e3o com uma \u00f3tica sustent\u00e1vel, integrando princ\u00edpios da Engenharia e Ecologia, e que podem ser utilizado para reduzir os danos causados ao ecossistema. O grupo multidisciplinar \u00e9 integrado por professores, pesquisadores, t\u00e9cnicos e alunos de diversas institui\u00e7\u00f5es de ensino e pesquisa.<\/p>\n","protected":false},"excerpt":{"rendered":"<p>O grupo contribui para o aprimoramento e desenvolvimento, sob condi\u00e7\u00f5es tipicamente brasileiras, de metodologias de valia\u00e7\u00e3o de impactos ambientais do uso do solo, sobre a precipita\u00e7\u00e3o, as disponibilidades h\u00eddricas, as cheias, a produ\u00e7\u00e3o, transporte e deposi\u00e7\u00e3o de sedimentos e sobre a qualidade da \u00e1gua e res\u00edduos s\u00f3lidos em bacias hidrogr\u00e1ficas e reservat\u00f3rios, de forma a [&hellip;]<\/p>\n","protected":false},"author":115,"featured_media":0,"parent":0,"menu_order":0,"comment_status":"closed","ping_status":"closed","template":"","meta":{"footnotes":""},"categories":[],"tags":[],"class_list":["post-2890","page","type-page","status-publish","hentry"],"acf":[],"_links":{"self":[{"href":"https:\/\/www.ufsm.br\/unidades-universitarias\/ct\/wp-json\/wp\/v2\/pages\/2890","targetHints":{"allow":["GET"]}}],"collection":[{"href":"https:\/\/www.ufsm.br\/unidades-universitarias\/ct\/wp-json\/wp\/v2\/pages"}],"about":[{"href":"https:\/\/www.ufsm.br\/unidades-universitarias\/ct\/wp-json\/wp\/v2\/types\/page"}],"author":[{"embeddable":true,"href":"https:\/\/www.ufsm.br\/unidades-universitarias\/ct\/wp-json\/wp\/v2\/users\/115"}],"replies":[{"embeddable":true,"href":"https:\/\/www.ufsm.br\/unidades-universitarias\/ct\/wp-json\/wp\/v2\/comments?post=2890"}],"version-history":[{"count":0,"href":"https:\/\/www.ufsm.br\/unidades-universitarias\/ct\/wp-json\/wp\/v2\/pages\/2890\/revisions"}],"wp:attachment":[{"href":"https:\/\/www.ufsm.br\/unidades-universitarias\/ct\/wp-json\/wp\/v2\/media?parent=2890"}],"wp:term":[{"taxonomy":"category","embeddable":true,"href":"https:\/\/www.ufsm.br\/unidades-universitarias\/ct\/wp-json\/wp\/v2\/categories?post=2890"},{"taxonomy":"post_tag","embeddable":true,"href":"https:\/\/www.ufsm.br\/unidades-universitarias\/ct\/wp-json\/wp\/v2\/tags?post=2890"}],"curies":[{"name":"wp","href":"https:\/\/api.w.org\/{rel}","templated":true}]}}