{"id":2893,"date":"2019-09-10T16:48:30","date_gmt":"2019-09-10T19:48:30","guid":{"rendered":"https:\/\/www.ufsm.br\/unidades-universitarias\/ct\/?page_id=2893"},"modified":"2019-09-10T16:51:28","modified_gmt":"2019-09-10T19:51:28","slug":"laboratorios-desa","status":"publish","type":"page","link":"https:\/\/www.ufsm.br\/unidades-universitarias\/ct\/laboratorios-desa","title":{"rendered":"Laborat\u00f3rios DESA"},"content":{"rendered":"\n<p>As atividades de ensino e pesquisa da \u00e1rea de concentra\u00e7\u00e3o em recursos h\u00eddricos e saneamento ambiental, s\u00e3o realizadas principalmente pelo corpo docente do Departamento de Engenharia Sanit\u00e1ria e Ambiental, distribu\u00eddos em 3 grupos de pesquisas registrados no CNPq, o GHIDROS, o GERHI e o &#8220;Modelagem Hidroambiental e Ecotecnologias&#8221;, que desenvolvem as suas atividades principalmente em n\u00edvel de campo, com o apoio de laborat\u00f3rios e equipamentos de \u00faltima gera\u00e7\u00e3o adquiridos recentemente com recursos da FINEP e CNPq, atrav\u00e9s do programa de redes cooperativas de pesquisa (RECOPE) e dos fundos setoriais de recursos h\u00eddricos (CT-Hidro) e de infra estrutura (CT-INFRA). Os laborat\u00f3rios existentes s\u00e3o:<\/p>\n<h5>Laborat\u00f3rio de Hidrometria e Sedimentometria<\/h5>\n<p><img decoding=\"async\" class=\"alignnone wp-image-2892\" src=\"https:\/\/www.ufsm.br\/unidades-universitarias\/ct\/wp-content\/uploads\/sites\/375\/2019\/09\/0cb96574c36efadf662193fb25197522-300x75.jpg\" alt=\"\" width=\"350\" height=\"87\" srcset=\"https:\/\/www.ufsm.br\/app\/uploads\/sites\/375\/2019\/09\/0cb96574c36efadf662193fb25197522-300x75.jpg 300w, https:\/\/www.ufsm.br\/app\/uploads\/sites\/375\/2019\/09\/0cb96574c36efadf662193fb25197522.jpg 453w\" sizes=\"(max-width: 350px) 100vw, 350px\" \/><\/p>\n<p>Este laborat\u00f3rio d\u00e1 apoio \u00e0s atividades de monitoramento hidrossedimentom\u00e9trico e de qualidade da \u00e1gua, desenvolvida pelo corpo docente e pelos alunos do Programa de P\u00f3s-Gradua\u00e7\u00e3o e de Inicia\u00e7\u00e3o Cient\u00edfica ligados ao PPGEC e ao DESA, como mostra a seq\u00fc\u00eancia de fotos apresentadas acima.<\/p>\n<h5>Laborat\u00f3rio de Saneamento<\/h5>\n<p><img decoding=\"async\" class=\"alignnone wp-image-2894\" src=\"https:\/\/www.ufsm.br\/unidades-universitarias\/ct\/wp-content\/uploads\/sites\/375\/2019\/09\/640330be967d9813b16baec2a2088a3d-300x75.jpg\" alt=\"\" width=\"350\" height=\"87\" srcset=\"https:\/\/www.ufsm.br\/app\/uploads\/sites\/375\/2019\/09\/640330be967d9813b16baec2a2088a3d-300x75.jpg 300w, https:\/\/www.ufsm.br\/app\/uploads\/sites\/375\/2019\/09\/640330be967d9813b16baec2a2088a3d.jpg 453w\" sizes=\"(max-width: 350px) 100vw, 350px\" \/><\/p>\n<p>Este laborat\u00f3rio atende as atividades de ensino nas disciplinas de gradua\u00e7\u00e3o e p\u00f3s gradua\u00e7\u00e3o na \u00e1rea de Saneamento. Est\u00e1 equipado para a realiza\u00e7\u00e3o das principais an\u00e1lises f\u00edsico-qu\u00edmicas e bacteriol\u00f3gicas.<br \/><br \/><\/p>\n<h5>Laborat\u00f3rio de Mec\u00e2nica dos Fluidos e Hidr\u00e1ulica<\/h5>\n<p><img decoding=\"async\" class=\"alignnone wp-image-2895\" src=\"https:\/\/www.ufsm.br\/unidades-universitarias\/ct\/wp-content\/uploads\/sites\/375\/2019\/09\/bf8beec6fb8e174390a31854b67eb34e-300x75.jpg\" alt=\"\" width=\"350\" height=\"87\" srcset=\"https:\/\/www.ufsm.br\/app\/uploads\/sites\/375\/2019\/09\/bf8beec6fb8e174390a31854b67eb34e-300x75.jpg 300w, https:\/\/www.ufsm.br\/app\/uploads\/sites\/375\/2019\/09\/bf8beec6fb8e174390a31854b67eb34e.jpg 453w\" sizes=\"(max-width: 350px) 100vw, 350px\" \/><\/p>\n<p>Este laborat\u00f3rio conta com equipamentos b\u00e1sicos para atendimento \u00e0s aulas das disciplinas de hidr\u00e1ulica, mec\u00e2nica dos fluidos, instala\u00e7\u00f5es hidrossanit\u00e1rias prediais e hidrologia, al\u00e9m de contar com um reservat\u00f3rio de 130 m\u00b3 que abastece um circuito fechado para escoamento em canal e um circuito fechado para escoamento em condutos for\u00e7ados. Conta tamb\u00e9m com caixas calibradas e canais de retorno em cada circuito.<br \/>O canal tem capacidade de circula\u00e7\u00e3o de uma vaz\u00e3o de at\u00e9 1 m\u00b3\/s , com medi\u00e7\u00e3o feita atrav\u00e9s de vertedouro e de at\u00e9 0,5 m\u00b3\/s, com medi\u00e7\u00e3o volum\u00e9trica de vaz\u00e3o na caixa calibrada.<br \/>Este laborat\u00f3rio permite a forma\u00e7\u00e3o em n\u00edvel de p\u00f3s-gradua\u00e7\u00e3o na \u00e1rea de obras hidr\u00e1ulicas, preenchendo assim uma lacuna hoje existente na \u00c1rea de Concentra\u00e7\u00e3o em Recursos H\u00eddricos e Saneamento Ambiental.<br \/><br \/><\/p>\n<h5>Laborat\u00f3rio de Geoprocessamento Aplicado aos Recursos H\u00eddricos<\/h5>\n<p><img loading=\"lazy\" decoding=\"async\" class=\"alignnone wp-image-2896\" src=\"https:\/\/www.ufsm.br\/unidades-universitarias\/ct\/wp-content\/uploads\/sites\/375\/2019\/09\/296137119927974cebea85d9e00d2b90-300x82.jpg\" alt=\"\" width=\"350\" height=\"95\" srcset=\"https:\/\/www.ufsm.br\/app\/uploads\/sites\/375\/2019\/09\/296137119927974cebea85d9e00d2b90-300x82.jpg 300w, https:\/\/www.ufsm.br\/app\/uploads\/sites\/375\/2019\/09\/296137119927974cebea85d9e00d2b90.jpg 415w\" sizes=\"(max-width: 350px) 100vw, 350px\" \/><\/p>\n<p>Este laborat\u00f3rio foi criado com investimentos de conv\u00eanios estabelecidos com a Secretaria de Meio Ambiente do RS ao longo de 2003 e do Minist\u00e9rio da Agricultura, com o objetivo de dar apoio as atividades did\u00e1ticas das disciplinas do curso de gradua\u00e7\u00e3o e p\u00f3s gradua\u00e7\u00e3o em Engenharia Civil, na \u00e1rea de Geoprocessamento. Est\u00e1 equipado com Plotter HP formato A0, scanner de alta resolu\u00e7\u00e3o, mesa digitalizadora formato A1, softwares diversos onde destaca-se a cole\u00e7\u00e3o completa do pacote ArcGIS.<\/p>\n","protected":false},"excerpt":{"rendered":"<p>As atividades de ensino e pesquisa da \u00e1rea de concentra\u00e7\u00e3o em recursos h\u00eddricos e saneamento ambiental, s\u00e3o realizadas principalmente pelo corpo docente do Departamento de Engenharia Sanit\u00e1ria e Ambiental, distribu\u00eddos em 3 grupos de pesquisas registrados no CNPq, o GHIDROS, o GERHI e o &#8220;Modelagem Hidroambiental e Ecotecnologias&#8221;, que desenvolvem as suas atividades principalmente em [&hellip;]<\/p>\n","protected":false},"author":115,"featured_media":0,"parent":0,"menu_order":0,"comment_status":"closed","ping_status":"closed","template":"","meta":{"footnotes":""},"categories":[],"tags":[],"class_list":["post-2893","page","type-page","status-publish","hentry"],"acf":[],"_links":{"self":[{"href":"https:\/\/www.ufsm.br\/unidades-universitarias\/ct\/wp-json\/wp\/v2\/pages\/2893","targetHints":{"allow":["GET"]}}],"collection":[{"href":"https:\/\/www.ufsm.br\/unidades-universitarias\/ct\/wp-json\/wp\/v2\/pages"}],"about":[{"href":"https:\/\/www.ufsm.br\/unidades-universitarias\/ct\/wp-json\/wp\/v2\/types\/page"}],"author":[{"embeddable":true,"href":"https:\/\/www.ufsm.br\/unidades-universitarias\/ct\/wp-json\/wp\/v2\/users\/115"}],"replies":[{"embeddable":true,"href":"https:\/\/www.ufsm.br\/unidades-universitarias\/ct\/wp-json\/wp\/v2\/comments?post=2893"}],"version-history":[{"count":0,"href":"https:\/\/www.ufsm.br\/unidades-universitarias\/ct\/wp-json\/wp\/v2\/pages\/2893\/revisions"}],"wp:attachment":[{"href":"https:\/\/www.ufsm.br\/unidades-universitarias\/ct\/wp-json\/wp\/v2\/media?parent=2893"}],"wp:term":[{"taxonomy":"category","embeddable":true,"href":"https:\/\/www.ufsm.br\/unidades-universitarias\/ct\/wp-json\/wp\/v2\/categories?post=2893"},{"taxonomy":"post_tag","embeddable":true,"href":"https:\/\/www.ufsm.br\/unidades-universitarias\/ct\/wp-json\/wp\/v2\/tags?post=2893"}],"curies":[{"name":"wp","href":"https:\/\/api.w.org\/{rel}","templated":true}]}}