{"id":3087,"date":"2020-02-27T12:05:54","date_gmt":"2020-02-27T15:05:54","guid":{"rendered":"https:\/\/www.ufsm.br\/unidades-universitarias\/ct\/?page_id=3087"},"modified":"2026-03-23T10:59:17","modified_gmt":"2026-03-23T13:59:17","slug":"unidade-de-tecnologia-da-informacao","status":"publish","type":"page","link":"https:\/\/www.ufsm.br\/unidades-universitarias\/ct\/unidade-de-tecnologia-da-informacao","title":{"rendered":"Subdivis\u00e3o de Tecnologia da Informa\u00e7\u00e3o &#8211; TI\/CT"},"content":{"rendered":"\t\t<div data-elementor-type=\"wp-page\" data-elementor-id=\"3087\" class=\"elementor elementor-3087\">\n\t\t\t\t\t\t<section class=\"elementor-section elementor-top-section elementor-element elementor-element-058609f elementor-section-boxed elementor-section-height-default elementor-section-height-default\" data-id=\"058609f\" data-element_type=\"section\">\n\t\t\t\t\t\t<div class=\"elementor-container elementor-column-gap-default\">\n\t\t\t\t\t<div class=\"elementor-column elementor-col-100 elementor-top-column elementor-element elementor-element-90000b3\" data-id=\"90000b3\" data-element_type=\"column\">\n\t\t\t<div class=\"elementor-widget-wrap elementor-element-populated\">\n\t\t\t\t\t\t<div class=\"elementor-element elementor-element-a53565e elementor-widget elementor-widget-image\" data-id=\"a53565e\" data-element_type=\"widget\" data-widget_type=\"image.default\">\n\t\t\t\t<div class=\"elementor-widget-container\">\n\t\t\t\t\t\t\t\t\t\t\t\t\t<img fetchpriority=\"high\" decoding=\"async\" width=\"768\" height=\"216\" src=\"https:\/\/www.ufsm.br\/app\/uploads\/sites\/375\/2025\/10\/SUBDIVISAO-TI-CORRIGIDO-2-768x216.png\" class=\"attachment-medium_large size-medium_large wp-image-7412\" alt=\"\" srcset=\"https:\/\/www.ufsm.br\/app\/uploads\/sites\/375\/2025\/10\/SUBDIVISAO-TI-CORRIGIDO-2-768x216.png 768w, https:\/\/www.ufsm.br\/app\/uploads\/sites\/375\/2025\/10\/SUBDIVISAO-TI-CORRIGIDO-2-300x84.png 300w, https:\/\/www.ufsm.br\/app\/uploads\/sites\/375\/2025\/10\/SUBDIVISAO-TI-CORRIGIDO-2-1024x288.png 1024w, https:\/\/www.ufsm.br\/app\/uploads\/sites\/375\/2025\/10\/SUBDIVISAO-TI-CORRIGIDO-2.png 1378w\" sizes=\"(max-width: 768px) 100vw, 768px\" \/>\t\t\t\t\t\t\t\t\t\t\t\t\t<\/div>\n\t\t\t\t<\/div>\n\t\t\t\t\t<\/div>\n\t\t<\/div>\n\t\t\t\t\t<\/div>\n\t\t<\/section>\n\t\t\t\t<section class=\"elementor-section elementor-top-section elementor-element elementor-element-ee3217e elementor-section-boxed elementor-section-height-default elementor-section-height-default\" data-id=\"ee3217e\" data-element_type=\"section\">\n\t\t\t\t\t\t<div class=\"elementor-container elementor-column-gap-default\">\n\t\t\t\t\t<div class=\"elementor-column elementor-col-100 elementor-top-column elementor-element elementor-element-1612655\" data-id=\"1612655\" data-element_type=\"column\">\n\t\t\t<div class=\"elementor-widget-wrap elementor-element-populated\">\n\t\t\t\t\t\t<div class=\"elementor-element elementor-element-7113471 elementor-widget elementor-widget-heading\" data-id=\"7113471\" data-element_type=\"widget\" data-widget_type=\"heading.default\">\n\t\t\t\t<div class=\"elementor-widget-container\">\n\t\t\t<h5 class=\"elementor-heading-title elementor-size-default\">Apresenta\u00e7\u00e3o<\/h5>\t\t<\/div>\n\t\t\t\t<\/div>\n\t\t\t\t\t<\/div>\n\t\t<\/div>\n\t\t\t\t\t<\/div>\n\t\t<\/section>\n\t\t\t\t<section class=\"elementor-section elementor-top-section elementor-element elementor-element-05f1270 elementor-section-boxed elementor-section-height-default elementor-section-height-default\" data-id=\"05f1270\" data-element_type=\"section\">\n\t\t\t\t\t\t<div class=\"elementor-container elementor-column-gap-default\">\n\t\t\t\t\t<div class=\"elementor-column elementor-col-100 elementor-top-column elementor-element elementor-element-799966b\" data-id=\"799966b\" data-element_type=\"column\">\n\t\t\t<div class=\"elementor-widget-wrap elementor-element-populated\">\n\t\t\t\t\t\t<div class=\"elementor-element elementor-element-b4067f9 elementor-widget elementor-widget-text-editor\" data-id=\"b4067f9\" data-element_type=\"widget\" data-widget_type=\"text-editor.default\">\n\t\t\t\t<div class=\"elementor-widget-container\">\n\t\t\t\t\t\t\t<p>\u00a0 \u00a0 \u00a0 \u00a0 A\u00a0 Subdivis\u00e3o de Tecnologia de Informa\u00e7\u00e3o do Centro de Tecnologia (TICT) fornece servi\u00e7os de TI \u00e0 comunidade do CT. Nosso objetivo \u00e9 dar suporte ao desenvolvimento institucional, possibilitando o atendimento a diversas demandas relacionadas \u00e0 utiliza\u00e7\u00e3o de recursos computacionais.<\/p><p>\u00a0 \u00a0 \u00a0 \u00a0 S\u00e3o realizados atendimentos de suporte ao usu\u00e1rio, instala\u00e7\u00e3o e manuten\u00e7\u00e3o de v\u00e1rios servidores respons\u00e1veis por fornecer licen\u00e7as a softwares utilizados em laborat\u00f3rios did\u00e1ticos, mantenimento de servi\u00e7os em nuvem, instala\u00e7\u00e3o e manuten\u00e7\u00e3o de servidores dedicados, gerenciamento e manuten\u00e7\u00e3o de servi\u00e7o de Wi-Fi, aux\u00edlio a grupos de pesquisa, consultorias sobre hardware e software, e a manuten\u00e7\u00e3o de PCs em laborat\u00f3rios did\u00e1ticos, entre outros.<\/p><p>Atualmente integram a equipe da TICT:<\/p><ul><li>2 servidores T\u00e9cnico-Administrativos em Educa\u00e7\u00e3o, sendo 1 Analista de TI e 1 T\u00e9cnico de TI;<\/li><li>3 bolsistas estudantes de gradua\u00e7\u00e3o em TI;<\/li><\/ul>\t\t\t\t\t\t<\/div>\n\t\t\t\t<\/div>\n\t\t\t\t\t<\/div>\n\t\t<\/div>\n\t\t\t\t\t<\/div>\n\t\t<\/section>\n\t\t\t\t<section class=\"elementor-section elementor-top-section elementor-element elementor-element-d7fe5fa elementor-section-boxed elementor-section-height-default elementor-section-height-default\" data-id=\"d7fe5fa\" data-element_type=\"section\">\n\t\t\t\t\t\t<div class=\"elementor-container elementor-column-gap-default\">\n\t\t\t\t\t<div class=\"elementor-column elementor-col-100 elementor-top-column elementor-element elementor-element-16fc532\" data-id=\"16fc532\" data-element_type=\"column\">\n\t\t\t<div class=\"elementor-widget-wrap elementor-element-populated\">\n\t\t\t\t\t\t<div class=\"elementor-element elementor-element-a19afec elementor-widget elementor-widget-heading\" data-id=\"a19afec\" data-element_type=\"widget\" data-widget_type=\"heading.default\">\n\t\t\t\t<div class=\"elementor-widget-container\">\n\t\t\t<h5 class=\"elementor-heading-title elementor-size-default\"><a href=\"https:\/\/servicos.cpd.ufsm.br\/otrs\/customer.pl?Action=CustomerTicketProcess\" target=\"_blank\">Abertura de Ticket<\/a><\/h5>\t\t<\/div>\n\t\t\t\t<\/div>\n\t\t\t\t\t<\/div>\n\t\t<\/div>\n\t\t\t\t\t<\/div>\n\t\t<\/section>\n\t\t\t\t<section class=\"elementor-section elementor-top-section elementor-element elementor-element-17f0b54 elementor-section-boxed elementor-section-height-default elementor-section-height-default\" data-id=\"17f0b54\" data-element_type=\"section\">\n\t\t\t\t\t\t<div class=\"elementor-container elementor-column-gap-default\">\n\t\t\t\t\t<div class=\"elementor-column elementor-col-100 elementor-top-column elementor-element elementor-element-5dad41e\" data-id=\"5dad41e\" data-element_type=\"column\">\n\t\t\t<div class=\"elementor-widget-wrap elementor-element-populated\">\n\t\t\t\t\t\t<div class=\"elementor-element elementor-element-f83dd76 elementor-widget elementor-widget-text-editor\" data-id=\"f83dd76\" data-element_type=\"widget\" data-widget_type=\"text-editor.default\">\n\t\t\t\t<div class=\"elementor-widget-container\">\n\t\t\t\t\t\t\t<ul>\n<li>Para realizar a solicita\u00e7\u00e3o de um servi\u00e7o via ticket, basta&nbsp;<strong><span style=\"font-size: 14pt\"><a href=\"https:\/\/servicos.cpd.ufsm.br\/otrs\/customer.pl?Action=CustomerTicketProcess\" target=\"_blank\" rel=\"noopener\">CLICAR AQUI<\/a><\/span>,<\/strong> e ent\u00e3o fazer o que segue:<br><span style=\"color: #000000;font-size: 1rem;background-color: var(--bs-body-bg);text-align: var(--bs-body-text-align)\">Fazer login no sistema (Login: CPF; Senha: senha dos portais institucionais);<\/span><\/li>\n<li>Ir em <strong>Chamados<\/strong> -&gt; <strong>Novo Chamado<\/strong>;<\/li>\n<li>No campo <strong>Processo<\/strong>, selecione <strong>CT<\/strong> -&gt;&nbsp; <strong>TI&nbsp;<\/strong> -&gt; &nbsp;<strong>Servi\u00e7os de TI do CT<\/strong>;<\/li>\n<li>No campo <strong>Servi\u00e7o<\/strong>, selecione <strong>CT<\/strong> -&gt;&nbsp; <strong>TI&nbsp;<\/strong> -&gt; e ent\u00e3o selecione o <strong>servi\u00e7o<\/strong> desejado;<\/li>\n<li>Preencher os campos solicitados e enviar o formul\u00e1rio.<\/li>\n<\/ul>\n<p><strong><span style=\"color: #000000\">ATEN\u00c7\u00c3O<\/span><\/strong>: para solicita\u00e7\u00f5es que <span style=\"color: #000000\">envolvam<\/span>&nbsp;<b>instala\u00e7\u00e3o de <\/b><em><b>softwares<\/b>&nbsp;<\/em>em laborat\u00f3rios, faz-se necess\u00e1rio uma antecipa\u00e7\u00e3o m\u00ednima de 20 dias.<\/p>\t\t\t\t\t\t<\/div>\n\t\t\t\t<\/div>\n\t\t\t\t\t<\/div>\n\t\t<\/div>\n\t\t\t\t\t<\/div>\n\t\t<\/section>\n\t\t\t\t<section class=\"elementor-section elementor-top-section elementor-element elementor-element-d485b90 elementor-section-boxed elementor-section-height-default elementor-section-height-default\" data-id=\"d485b90\" data-element_type=\"section\">\n\t\t\t\t\t\t<div class=\"elementor-container elementor-column-gap-default\">\n\t\t\t\t\t<div class=\"elementor-column elementor-col-100 elementor-top-column elementor-element elementor-element-bcfd737\" data-id=\"bcfd737\" data-element_type=\"column\">\n\t\t\t<div class=\"elementor-widget-wrap elementor-element-populated\">\n\t\t\t\t\t\t<div class=\"elementor-element elementor-element-965337f elementor-widget elementor-widget-heading\" data-id=\"965337f\" data-element_type=\"widget\" data-widget_type=\"heading.default\">\n\t\t\t\t<div class=\"elementor-widget-container\">\n\t\t\t<h5 class=\"elementor-heading-title elementor-size-default\">Tutoriais<\/h5>\t\t<\/div>\n\t\t\t\t<\/div>\n\t\t\t\t\t<\/div>\n\t\t<\/div>\n\t\t\t\t\t<\/div>\n\t\t<\/section>\n\t\t\t\t<section class=\"elementor-section elementor-top-section elementor-element elementor-element-c612c74 elementor-section-boxed elementor-section-height-default elementor-section-height-default\" data-id=\"c612c74\" data-element_type=\"section\">\n\t\t\t\t\t\t<div class=\"elementor-container elementor-column-gap-default\">\n\t\t\t\t\t<div class=\"elementor-column elementor-col-100 elementor-top-column elementor-element elementor-element-867c646\" data-id=\"867c646\" data-element_type=\"column\">\n\t\t\t<div class=\"elementor-widget-wrap elementor-element-populated\">\n\t\t\t\t\t\t<div class=\"elementor-element elementor-element-d5af6b2 elementor-widget elementor-widget-text-editor\" data-id=\"d5af6b2\" data-element_type=\"widget\" data-widget_type=\"text-editor.default\">\n\t\t\t\t<div class=\"elementor-widget-container\">\n\t\t\t\t\t\t\t<ul><li><a href=\"https:\/\/www.ufsm.br\/unidades-universitarias\/ct\/instalacao-do-sie\/\" target=\"_blank\" rel=\"noopener\">Instala\u00e7\u00e3o do SIE;<\/a><\/li><li><a href=\"https:\/\/www.ufsm.br\/orgaos-suplementares\/cpd\/servicos\/eduroam\" target=\"_blank\" rel=\"noopener\">Acesso \u00e0 rede Wi-Fi Eduroam<\/a>;<\/li><li><a href=\"https:\/\/www.ufsm.br\/unidades-universitarias\/ct\/cadastro-de-pc-na-rede\/\" target=\"_blank\" rel=\"noopener\">Cadastro de PC na rede;<\/a><\/li><li><a href=\"https:\/\/drive.google.com\/file\/d\/1MYb8gMrfM7TAFRGB9_3vbfgDS4bvs0lp\/view?usp=sharing\">Tutorial para <strong>barra de pesquisa do windows que n\u00e3o funciona;<\/strong><\/a><\/li><li><a href=\"https:\/\/www.ufsm.br\/unidades-universitarias\/ct\/instalar-impressora-cannon-mf440\">Instala\u00e7\u00e3o da impressora Cannon MF440;<\/a><\/li><li><a href=\"https:\/\/www.ufsm.br\/orgaos-suplementares\/cpd\/servicos\/vpn-virtual-private-network-ufsm\">Configura\u00e7\u00e3o da VPN institucional<\/a>;<\/li><li><a href=\"https:\/\/drive.google.com\/file\/d\/1u9QY30lwVzfaKq5Y_GUKjl1yu0Jl0pzJ\/view?usp=sharing\" target=\"_blank\" rel=\"noopener\">Como adicionar um n\u00famero de telefone no e-mail institucional para receber o c\u00f3digo de verifica\u00e7\u00e3o em duas etapas;<\/a><\/li><li><a href=\"https:\/\/drive.google.com\/file\/d\/1TQrEgI0bBurXx4DrONjdJZZbbvd01AEo\/view?usp=sharing\">Guia para configura\u00e7\u00e3o da VPN e acesso remoto \u00e0 UFSM<\/a>;<\/li><li><a href=\"https:\/\/drive.google.com\/file\/d\/1wxxHDFs3KVLTOnabybx7ObgNtn4_q200\/view?usp=sharing\">Como configurar a internet na maquina virtual via Virtual Box<\/a>\u00a0<\/li><\/ul>\t\t\t\t\t\t<\/div>\n\t\t\t\t<\/div>\n\t\t\t\t\t<\/div>\n\t\t<\/div>\n\t\t\t\t\t<\/div>\n\t\t<\/section>\n\t\t\t\t<section class=\"elementor-section elementor-top-section elementor-element elementor-element-09d7220 elementor-section-boxed elementor-section-height-default elementor-section-height-default\" data-id=\"09d7220\" data-element_type=\"section\">\n\t\t\t\t\t\t<div class=\"elementor-container elementor-column-gap-default\">\n\t\t\t\t\t<div class=\"elementor-column elementor-col-100 elementor-top-column elementor-element elementor-element-39a65c7\" data-id=\"39a65c7\" data-element_type=\"column\">\n\t\t\t<div class=\"elementor-widget-wrap elementor-element-populated\">\n\t\t\t\t\t\t<div class=\"elementor-element elementor-element-6ab4d41 elementor-widget elementor-widget-heading\" data-id=\"6ab4d41\" data-element_type=\"widget\" data-widget_type=\"heading.default\">\n\t\t\t\t<div class=\"elementor-widget-container\">\n\t\t\t<h5 class=\"elementor-heading-title elementor-size-default\">Solicita\u00e7\u00e3o de Computador Novo<\/h5>\t\t<\/div>\n\t\t\t\t<\/div>\n\t\t\t\t<div class=\"elementor-element elementor-element-f575b0d elementor-widget elementor-widget-text-editor\" data-id=\"f575b0d\" data-element_type=\"widget\" data-widget_type=\"text-editor.default\">\n\t\t\t\t<div class=\"elementor-widget-container\">\n\t\t\t\t\t\t\t<p>Clique <a href=\"https:\/\/www.ufsm.br\/unidades-universitarias\/ct\/solicitacao-de-computadores\">AQUI<\/a> para mais informa\u00e7\u00f5es.<\/p>\t\t\t\t\t\t<\/div>\n\t\t\t\t<\/div>\n\t\t\t\t\t<\/div>\n\t\t<\/div>\n\t\t\t\t\t<\/div>\n\t\t<\/section>\n\t\t\t\t<section class=\"elementor-section elementor-top-section elementor-element elementor-element-27d3f80 elementor-section-boxed elementor-section-height-default elementor-section-height-default\" data-id=\"27d3f80\" data-element_type=\"section\">\n\t\t\t\t\t\t<div class=\"elementor-container elementor-column-gap-default\">\n\t\t\t\t\t<div class=\"elementor-column elementor-col-100 elementor-top-column elementor-element elementor-element-a71ec4f\" data-id=\"a71ec4f\" data-element_type=\"column\">\n\t\t\t<div class=\"elementor-widget-wrap elementor-element-populated\">\n\t\t\t\t\t\t<div class=\"elementor-element elementor-element-5744a7a elementor-widget elementor-widget-heading\" data-id=\"5744a7a\" data-element_type=\"widget\" data-widget_type=\"heading.default\">\n\t\t\t\t<div class=\"elementor-widget-container\">\n\t\t\t<h5 class=\"elementor-heading-title elementor-size-default\">Servi\u00e7os<\/h5>\t\t<\/div>\n\t\t\t\t<\/div>\n\t\t\t\t\t<\/div>\n\t\t<\/div>\n\t\t\t\t\t<\/div>\n\t\t<\/section>\n\t\t\t\t<section class=\"elementor-section elementor-top-section elementor-element elementor-element-e1ba3c2 elementor-section-boxed elementor-section-height-default elementor-section-height-default\" data-id=\"e1ba3c2\" data-element_type=\"section\">\n\t\t\t\t\t\t<div class=\"elementor-container elementor-column-gap-default\">\n\t\t\t\t\t<div class=\"elementor-column elementor-col-100 elementor-top-column elementor-element elementor-element-44eb09e\" data-id=\"44eb09e\" data-element_type=\"column\">\n\t\t\t<div class=\"elementor-widget-wrap elementor-element-populated\">\n\t\t\t\t\t\t<div class=\"elementor-element elementor-element-795837b elementor-widget elementor-widget-text-editor\" data-id=\"795837b\" data-element_type=\"widget\" data-widget_type=\"text-editor.default\">\n\t\t\t\t<div class=\"elementor-widget-container\">\n\t\t\t\t\t\t\t<div>\n<ul>\n<li>Suporte ao usu\u00e1rio em demandas variadas de inform\u00e1tica como;\n<ul>\n<li>&nbsp;Instala\u00e7\u00e3o de computadores e impressoras;<\/li>\n<li>Manuten\u00e7\u00e3o de computadores;<\/li>\n<li>Instala\u00e7\u00e3o e configura\u00e7\u00e3o de <em>software;<\/em><\/li>\n<li>Manuten\u00e7\u00e3o de laborat\u00f3rios de Inform\u00e1tica;<\/li>\n<li>Suporte a grupos de pesquisa;<\/li>\n<li>Configura\u00e7\u00e3o e suporte a servidores;<\/li>\n<li>Suporte e gerenciamento de licen\u00e7as de software;<\/li>\n<li>Gerenciamento de ativos de TI;<\/li>\n<\/ul>\n<\/li>\n<\/ul>\n<\/div>\n<div>&nbsp;<\/div>\t\t\t\t\t\t<\/div>\n\t\t\t\t<\/div>\n\t\t\t\t\t<\/div>\n\t\t<\/div>\n\t\t\t\t\t<\/div>\n\t\t<\/section>\n\t\t\t\t<section class=\"elementor-section elementor-top-section elementor-element elementor-element-16c930a elementor-section-boxed elementor-section-height-default elementor-section-height-default\" data-id=\"16c930a\" data-element_type=\"section\">\n\t\t\t\t\t\t<div class=\"elementor-container elementor-column-gap-default\">\n\t\t\t\t\t<div class=\"elementor-column elementor-col-100 elementor-top-column elementor-element elementor-element-12e7e60\" data-id=\"12e7e60\" data-element_type=\"column\">\n\t\t\t<div class=\"elementor-widget-wrap elementor-element-populated\">\n\t\t\t\t\t\t<div class=\"elementor-element elementor-element-2a962a5 elementor-widget elementor-widget-heading\" data-id=\"2a962a5\" data-element_type=\"widget\" data-widget_type=\"heading.default\">\n\t\t\t\t<div class=\"elementor-widget-container\">\n\t\t\t<h5 class=\"elementor-heading-title elementor-size-default\">Laborat\u00f3rios<\/h5>\t\t<\/div>\n\t\t\t\t<\/div>\n\t\t\t\t\t<\/div>\n\t\t<\/div>\n\t\t\t\t\t<\/div>\n\t\t<\/section>\n\t\t\t\t<section class=\"elementor-section elementor-top-section elementor-element elementor-element-353ba23 elementor-section-boxed elementor-section-height-default elementor-section-height-default\" data-id=\"353ba23\" data-element_type=\"section\">\n\t\t\t\t\t\t<div class=\"elementor-container elementor-column-gap-default\">\n\t\t\t\t\t<div class=\"elementor-column elementor-col-100 elementor-top-column elementor-element elementor-element-df9b54f\" data-id=\"df9b54f\" data-element_type=\"column\">\n\t\t\t<div class=\"elementor-widget-wrap elementor-element-populated\">\n\t\t\t\t\t\t<div class=\"elementor-element elementor-element-fc1f222 elementor-widget elementor-widget-text-editor\" data-id=\"fc1f222\" data-element_type=\"widget\" data-widget_type=\"text-editor.default\">\n\t\t\t\t<div class=\"elementor-widget-container\">\n\t\t\t\t\t\t\t<p>A Subdivis\u00e3o de TI \u00e9 respons\u00e1vel pelo gerenciamento e manuten\u00e7\u00e3o de alguns laborat\u00f3rios de inform\u00e1tica do Centro de Tecnologia.<\/p>\n<p>Os laborat\u00f3rios gerenciados s\u00e3o: 215, 301, 354, 361 e Engenharia Qu\u00edmica.<\/p>\n<p>Todas as salas disp\u00f5e de um projetor, tela de proje\u00e7\u00e3o e um computador para o professor.<\/p>\n<p>Todos os computadores s\u00e3o equipados com o sistema Reboot &amp; Restore no qual o computador volta ao estado original ao ser reiniciado, diminuindo a possibilidade de v\u00edrus e vazamento de informa\u00e7\u00f5es sobre os usu\u00e1rios.<\/p>\n<p>Os computadores passam por uma manuten\u00e7\u00e3o detalhada antes do in\u00edcio do semestre bem como tamb\u00e9m s\u00e3o realizadas manuten\u00e7\u00f5es peri\u00f3dicas ao longo dele.<\/p>\n<p>Atualmente, as seguintes salas informatizadas s\u00e3o gerenciadas pela Unidade de TI:<\/p>\n<ul>\n<li><strong>Laborat\u00f3rio de inform\u00e1tica 215 (Exp. Gr\u00e1fica)<\/strong>\n<ul>\n<li>31 computadores;<\/li>\n<li>37 cadeiras.<\/li>\n<\/ul>\n<\/li>\n<\/ul>\n<ul>\n<li><strong>Laborat\u00f3rio de inform\u00e1tica 301 (LECAP)<\/strong>\n<ul>\n<li>21 computadores;<\/li>\n<li>40 cadeiras.<\/li>\n<\/ul>\n<\/li>\n<\/ul>\n<ul>\n<li><strong>Laborat\u00f3rio de inform\u00e1tica 354<\/strong>\n<ul>\n<li>31 computadores;<\/li>\n<li>47 cadeiras.<\/li>\n<\/ul>\n<\/li>\n<\/ul>\n<ul>\n<li><strong>Laborat\u00f3rio de inform\u00e1tica 361<\/strong>\n<ul>\n<li>21 computadores;<\/li>\n<li>36 cadeiras.<\/li>\n<\/ul>\n<\/li>\n<\/ul>\n<div><strong>&nbsp;&nbsp;<\/strong><\/div>\t\t\t\t\t\t<\/div>\n\t\t\t\t<\/div>\n\t\t\t\t\t<\/div>\n\t\t<\/div>\n\t\t\t\t\t<\/div>\n\t\t<\/section>\n\t\t\t\t<section class=\"elementor-section elementor-top-section elementor-element elementor-element-c8f3ca0 elementor-section-boxed elementor-section-height-default elementor-section-height-default\" data-id=\"c8f3ca0\" data-element_type=\"section\">\n\t\t\t\t\t\t<div class=\"elementor-container elementor-column-gap-default\">\n\t\t\t\t\t<div class=\"elementor-column elementor-col-100 elementor-top-column elementor-element elementor-element-4fbe79e\" data-id=\"4fbe79e\" data-element_type=\"column\">\n\t\t\t<div class=\"elementor-widget-wrap elementor-element-populated\">\n\t\t\t\t\t\t<div class=\"elementor-element elementor-element-81961a0 elementor-widget elementor-widget-heading\" data-id=\"81961a0\" data-element_type=\"widget\" data-widget_type=\"heading.default\">\n\t\t\t\t<div class=\"elementor-widget-container\">\n\t\t\t<h5 class=\"elementor-heading-title elementor-size-default\">Agendamento de Laborat\u00f3rios<\/h5>\t\t<\/div>\n\t\t\t\t<\/div>\n\t\t\t\t\t<\/div>\n\t\t<\/div>\n\t\t\t\t\t<\/div>\n\t\t<\/section>\n\t\t\t\t<section class=\"elementor-section elementor-top-section elementor-element elementor-element-b512eaf elementor-section-boxed elementor-section-height-default elementor-section-height-default\" data-id=\"b512eaf\" data-element_type=\"section\">\n\t\t\t\t\t\t<div class=\"elementor-container elementor-column-gap-default\">\n\t\t\t\t\t<div class=\"elementor-column elementor-col-100 elementor-top-column elementor-element elementor-element-7447968\" data-id=\"7447968\" data-element_type=\"column\">\n\t\t\t<div class=\"elementor-widget-wrap elementor-element-populated\">\n\t\t\t\t\t\t<div class=\"elementor-element elementor-element-dc980c3 elementor-widget elementor-widget-text-editor\" data-id=\"dc980c3\" data-element_type=\"widget\" data-widget_type=\"text-editor.default\">\n\t\t\t\t<div class=\"elementor-widget-container\">\n\t\t\t\t\t\t\t<p>Os agendamentos s\u00e3o realizados atrav\u00e9s do <span style=\"text-decoration: underline\"><strong><span style=\"color: #3366ff\"><a style=\"color: #3366ff;text-decoration: underline\" href=\"https:\/\/portal.ufsm.br\/agendamento\/index.html\">Portal de Agendamentos.<\/a><\/span><\/strong><\/span><\/p><p>Tamb\u00e9m \u00e9 poss\u00edvel a consulta dos hor\u00e1rios atrav\u00e9s desse link:<span style=\"text-decoration: underline\"><strong><span style=\"color: #3366ff\"><a style=\"color: #3366ff;text-decoration: underline\" href=\"https:\/\/www.ufsm.br\/unidades-universitarias\/ct\/laboratorios-de-informatica-integrados\">\u00a0<\/a><\/span><\/strong><\/span><span style=\"text-decoration: underline\"><strong><span style=\"color: #3366ff\"><a style=\"color: #3366ff;text-decoration: underline\" href=\"https:\/\/www.ufsm.br\/unidades-universitarias\/ct\/laboratorios-de-informatica-integrados\" target=\"_blank\" rel=\"noopener\">Laborat\u00f3rios de Inform\u00e1tica Integrados<\/a><\/span><\/strong><\/span><\/p>\t\t\t\t\t\t<\/div>\n\t\t\t\t<\/div>\n\t\t\t\t\t<\/div>\n\t\t<\/div>\n\t\t\t\t\t<\/div>\n\t\t<\/section>\n\t\t\t\t<section class=\"elementor-section elementor-top-section elementor-element elementor-element-ebf9b5c elementor-section-boxed elementor-section-height-default elementor-section-height-default\" data-id=\"ebf9b5c\" data-element_type=\"section\">\n\t\t\t\t\t\t<div class=\"elementor-container elementor-column-gap-default\">\n\t\t\t\t\t<div class=\"elementor-column elementor-col-100 elementor-top-column elementor-element elementor-element-09a680c\" data-id=\"09a680c\" data-element_type=\"column\">\n\t\t\t<div class=\"elementor-widget-wrap elementor-element-populated\">\n\t\t\t\t\t\t<div class=\"elementor-element elementor-element-1451edc elementor-widget elementor-widget-text-editor\" data-id=\"1451edc\" data-element_type=\"widget\" data-widget_type=\"text-editor.default\">\n\t\t\t\t<div class=\"elementor-widget-container\">\n\t\t\t\t\t\t\t<h5>Contato<\/h5><p>Centro de Tecnologia<br \/>Anexo A, sala 360<br \/><a href=\"mailto:tict@ufsm.br\">tict@ufsm.br<\/a>\u00a0<br \/><br \/><\/p>\t\t\t\t\t\t<\/div>\n\t\t\t\t<\/div>\n\t\t\t\t\t<\/div>\n\t\t<\/div>\n\t\t\t\t\t<\/div>\n\t\t<\/section>\n\t\t\t\t<\/div>\n\t\t","protected":false},"excerpt":{"rendered":"<p>Apresenta\u00e7\u00e3o \u00a0 \u00a0 \u00a0 \u00a0 A\u00a0 Subdivis\u00e3o de Tecnologia de Informa\u00e7\u00e3o do Centro de Tecnologia (TICT) fornece servi\u00e7os de TI \u00e0 comunidade do CT. Nosso objetivo \u00e9 dar suporte ao desenvolvimento institucional, possibilitando o atendimento a diversas demandas relacionadas \u00e0 utiliza\u00e7\u00e3o de recursos computacionais. \u00a0 \u00a0 \u00a0 \u00a0 S\u00e3o realizados atendimentos de suporte ao usu\u00e1rio, [&hellip;]<\/p>\n","protected":false},"author":46,"featured_media":0,"parent":0,"menu_order":0,"comment_status":"closed","ping_status":"closed","template":"","meta":{"footnotes":""},"categories":[],"tags":[],"class_list":["post-3087","page","type-page","status-publish","hentry"],"acf":[],"_links":{"self":[{"href":"https:\/\/www.ufsm.br\/unidades-universitarias\/ct\/wp-json\/wp\/v2\/pages\/3087","targetHints":{"allow":["GET"]}}],"collection":[{"href":"https:\/\/www.ufsm.br\/unidades-universitarias\/ct\/wp-json\/wp\/v2\/pages"}],"about":[{"href":"https:\/\/www.ufsm.br\/unidades-universitarias\/ct\/wp-json\/wp\/v2\/types\/page"}],"author":[{"embeddable":true,"href":"https:\/\/www.ufsm.br\/unidades-universitarias\/ct\/wp-json\/wp\/v2\/users\/46"}],"replies":[{"embeddable":true,"href":"https:\/\/www.ufsm.br\/unidades-universitarias\/ct\/wp-json\/wp\/v2\/comments?post=3087"}],"version-history":[{"count":0,"href":"https:\/\/www.ufsm.br\/unidades-universitarias\/ct\/wp-json\/wp\/v2\/pages\/3087\/revisions"}],"wp:attachment":[{"href":"https:\/\/www.ufsm.br\/unidades-universitarias\/ct\/wp-json\/wp\/v2\/media?parent=3087"}],"wp:term":[{"taxonomy":"category","embeddable":true,"href":"https:\/\/www.ufsm.br\/unidades-universitarias\/ct\/wp-json\/wp\/v2\/categories?post=3087"},{"taxonomy":"post_tag","embeddable":true,"href":"https:\/\/www.ufsm.br\/unidades-universitarias\/ct\/wp-json\/wp\/v2\/tags?post=3087"}],"curies":[{"name":"wp","href":"https:\/\/api.w.org\/{rel}","templated":true}]}}