{"id":3249,"date":"2021-04-06T11:05:29","date_gmt":"2021-04-06T14:05:29","guid":{"rendered":"https:\/\/www.ufsm.br\/unidades-universitarias\/ct\/?page_id=3249"},"modified":"2023-08-02T11:37:42","modified_gmt":"2023-08-02T14:37:42","slug":"cartao-corporativo","status":"publish","type":"page","link":"https:\/\/www.ufsm.br\/unidades-universitarias\/ct\/cartao-corporativo","title":{"rendered":"CART\u00c3O CORPORATIVO"},"content":{"rendered":"\t\t<div data-elementor-type=\"wp-page\" data-elementor-id=\"3249\" class=\"elementor elementor-3249\">\n\t\t\t\t\t\t<section class=\"elementor-section elementor-top-section elementor-element elementor-element-7a78cdd4 elementor-section-boxed elementor-section-height-default elementor-section-height-default\" data-id=\"7a78cdd4\" data-element_type=\"section\">\n\t\t\t\t\t\t<div class=\"elementor-container elementor-column-gap-default\">\n\t\t\t\t\t<div class=\"elementor-column elementor-col-100 elementor-top-column elementor-element elementor-element-553ce995\" data-id=\"553ce995\" data-element_type=\"column\">\n\t\t\t<div class=\"elementor-widget-wrap elementor-element-populated\">\n\t\t\t\t\t\t<div class=\"elementor-element elementor-element-50b00485 elementor-widget elementor-widget-text-editor\" data-id=\"50b00485\" data-element_type=\"widget\" data-widget_type=\"text-editor.default\">\n\t\t\t\t<div class=\"elementor-widget-container\">\n\t\t\t\t\t\t\t<p><!-- wp:tadv\/classic-paragraph --><\/p>\n<p style=\"text-align: justify\">O <strong>cart\u00e3o corporativo<\/strong> (suprimento de fundos) \u00e9 destinado \u00e0 aquisi\u00e7\u00e3o de bens ou contrata\u00e7\u00e3o de servi\u00e7os que n\u00e3o possam se submeter ao procedimento normal de compra devido \u00e0 sua urg\u00eancia, que sejam de pequeno vulto e em situa\u00e7\u00f5es que comprometam ou ponham em risco o devido funcionamento das atividades ou que n\u00e3o s\u00e3o pass\u00edveis de previs\u00e3o ou planejamento.<\/p>\n<p>&nbsp;Regras para uso do cart\u00e3o:<\/p>\n<ol>\n<li>Item <em>n\u00e3o deve constar como dispon\u00edvel no Almoxarifado Central<\/em> (<a href=\"https:\/\/www.ufsm.br\/orgaos-executivos\/demapa\/produtos-em-estoque\/\" target=\"_blank\" rel=\"noopener\">https:\/\/www.ufsm.br\/orgaos-executivos\/demapa\/produtos-em-estoque\/<\/a>) e no <em>registro de pre\u00e7o<\/em> (<a href=\"https:\/\/www.ufsm.br\/orgaos-executivos\/demapa\/registro-de-precos\/\" target=\"_blank\" rel=\"noopener\">https:\/\/www.ufsm.br\/orgaos-executivos\/demapa\/registro-de-precos\/<\/a>).<\/li>\n<li>N\u00e3o ultrapassar o <em>limite de R$ 1.200,00 por categoria<\/em> (material hidr\u00e1ulico, el\u00e9trico, inform\u00e1tica, eletr\u00f4nico&#8230;)<\/li>\n<li>Consultar no m\u00ednimo 3 (tr\u00eas) estabelecimentos, n\u00e3o necessariamente os 3 precisam dispor do produto\/servi\u00e7o e fornecer or\u00e7amento.<\/li>\n<li>O cart\u00e3o s\u00f3 pode ser usado no <em>com\u00e9rcio local<\/em> (Santa Maria) e <em>exclusivamente em lojas f\u00edsicas<\/em>.<\/li>\n<\/ol>\n<p style=\"text-align: justify\">Com rela\u00e7\u00e3o a <strong>equipamentos de inform\u00e1tica<\/strong>, \u00e9 necess\u00e1ria a emiss\u00e3o de um laudo do equipamento emitido pelo LAMI para ser entregue junto com o formul\u00e1rio de aquisi\u00e7\u00e3o. O LAMI atua junto ao CTISM como uma unidade de extens\u00e3o, prestando servi\u00e7os de manuten\u00e7\u00e3o a todas as unidades que comp\u00f5em a UFSM. Os servi\u00e7os disponibilizados pelo LAMI consistem no diagn\u00f3stico, no reparo e\/ou encaminhamento dos equipamentos ligados \u00e0 \u00e1rea da Inform\u00e1tica, como, por exemplo, CPUs, impressoras, digitalizadores, monitores, estabilizadores de energia e outros similares. E-mail: <a href=\"mailto:lami@ufsm.br\">lami@ufsm.br<\/a> Telefone: 3220-8210.<\/p>\n<p><strong><br>Documentos:<br><a href=\"https:\/\/www.ufsm.br\/app\/uploads\/sites\/375\/2021\/04\/Formulario-de-Aquisicao.doc\">F<\/a><a href=\"https:\/\/www.ufsm.br\/app\/uploads\/sites\/375\/2023\/08\/Formulario-aquisicao-atualizado.docx\">ormul\u00e1rio de Aquisi\u00e7\u00e3o<\/a><br><\/strong><\/p>\n<p><\/p>\n<p><strong>Fluxograma Cart\u00e3o Corporativo:<\/strong><\/p>\n<p><a href=\"https:\/\/www.ufsm.br\/app\/uploads\/sites\/375\/2021\/04\/cartao_corporativo.png\"><img fetchpriority=\"high\" decoding=\"async\" class=\"alignnone size-full wp-image-3251\" src=\"https:\/\/www.ufsm.br\/app\/uploads\/sites\/375\/2021\/04\/cartao_corporativo.png\" alt=\"\" width=\"601\" height=\"577\" srcset=\"https:\/\/www.ufsm.br\/app\/uploads\/sites\/375\/2021\/04\/cartao_corporativo.png 601w, https:\/\/www.ufsm.br\/app\/uploads\/sites\/375\/2021\/04\/cartao_corporativo-300x288.png 300w\" sizes=\"(max-width: 601px) 100vw, 601px\" \/><\/a><\/p>\n<p><\/p>\n<p><!-- \/wp:tadv\/classic-paragraph --><\/p>\t\t\t\t\t\t<\/div>\n\t\t\t\t<\/div>\n\t\t\t\t\t<\/div>\n\t\t<\/div>\n\t\t\t\t\t<\/div>\n\t\t<\/section>\n\t\t\t\t<\/div>\n\t\t","protected":false},"excerpt":{"rendered":"<p>O cart\u00e3o corporativo (suprimento de fundos) \u00e9 destinado \u00e0 aquisi\u00e7\u00e3o de bens ou contrata\u00e7\u00e3o de servi\u00e7os que n\u00e3o possam se submeter ao procedimento normal de compra devido \u00e0 sua urg\u00eancia, que sejam de pequeno vulto e em situa\u00e7\u00f5es que comprometam ou ponham em risco o devido funcionamento das atividades ou que n\u00e3o s\u00e3o pass\u00edveis de [&hellip;]<\/p>\n","protected":false},"author":242,"featured_media":0,"parent":0,"menu_order":0,"comment_status":"closed","ping_status":"closed","template":"","meta":{"footnotes":""},"categories":[836],"tags":[],"class_list":["post-3249","page","type-page","status-publish","hentry","category-nor-ct"],"acf":[],"_links":{"self":[{"href":"https:\/\/www.ufsm.br\/unidades-universitarias\/ct\/wp-json\/wp\/v2\/pages\/3249","targetHints":{"allow":["GET"]}}],"collection":[{"href":"https:\/\/www.ufsm.br\/unidades-universitarias\/ct\/wp-json\/wp\/v2\/pages"}],"about":[{"href":"https:\/\/www.ufsm.br\/unidades-universitarias\/ct\/wp-json\/wp\/v2\/types\/page"}],"author":[{"embeddable":true,"href":"https:\/\/www.ufsm.br\/unidades-universitarias\/ct\/wp-json\/wp\/v2\/users\/242"}],"replies":[{"embeddable":true,"href":"https:\/\/www.ufsm.br\/unidades-universitarias\/ct\/wp-json\/wp\/v2\/comments?post=3249"}],"version-history":[{"count":0,"href":"https:\/\/www.ufsm.br\/unidades-universitarias\/ct\/wp-json\/wp\/v2\/pages\/3249\/revisions"}],"wp:attachment":[{"href":"https:\/\/www.ufsm.br\/unidades-universitarias\/ct\/wp-json\/wp\/v2\/media?parent=3249"}],"wp:term":[{"taxonomy":"category","embeddable":true,"href":"https:\/\/www.ufsm.br\/unidades-universitarias\/ct\/wp-json\/wp\/v2\/categories?post=3249"},{"taxonomy":"post_tag","embeddable":true,"href":"https:\/\/www.ufsm.br\/unidades-universitarias\/ct\/wp-json\/wp\/v2\/tags?post=3249"}],"curies":[{"name":"wp","href":"https:\/\/api.w.org\/{rel}","templated":true}]}}