{"id":3273,"date":"2021-04-06T13:19:44","date_gmt":"2021-04-06T16:19:44","guid":{"rendered":"https:\/\/www.ufsm.br\/unidades-universitarias\/ct\/?page_id=3273"},"modified":"2022-06-15T13:52:11","modified_gmt":"2022-06-15T16:52:11","slug":"taxa-de-inscricao-publicacao","status":"publish","type":"page","link":"https:\/\/www.ufsm.br\/unidades-universitarias\/ct\/taxa-de-inscricao-publicacao","title":{"rendered":"TAXA DE INSCRI\u00c7\u00c3O\/PUBLICA\u00c7\u00c3O"},"content":{"rendered":"\n<p style=\"text-align: justify\">O aux\u00edlio para taxa de inscri\u00e7\u00e3o\/publica\u00e7\u00e3o busca estimular a participa\u00e7\u00e3o dos servidores em eventos acad\u00eamicos\/cient\u00edficos com o custeio do valor da inscri\u00e7\u00e3o. A UFSM trabalha com tr\u00eas tipos de pagamento de taxa de inscri\u00e7\u00e3o: com recursos da PROGEP; com recursos da PRPGP; com recurso das subunidades. Esta \u00faltima, com recursos do IDR do Centro, ser\u00e1 a que trabalharemos neste fluxograma.<\/p>\n<p style=\"text-align: justify\">Para receber este aux\u00edlio o servidor dever\u00e1 preencher o formul\u00e1rio de requerimento de pagamento de taxa de inscri\u00e7\u00e3o\/publica\u00e7\u00e3o e anexar os demais documentos exigidos (folder do evento, aceite de artigo, tabela com os valores, etc.). Logo ap\u00f3s, dever\u00e1 abrir o processo eletr\u00f4nico via PEN-SIE e encaminhar \u00e0 chefia imediata que, ap\u00f3s emitir o parecer, encaminhar\u00e1 ao NECO para a efetua\u00e7\u00e3o do pr\u00e9-empenho.<\/p>\n<p style=\"text-align: justify\">O processo dever\u00e1 ser aberto antes do in\u00edcio do evento. Geralmente, ele funciona como uma esp\u00e9cie de reembolso, pois o servidor efetua o pagamento da inscri\u00e7\u00e3o e aguarda o pagamento da taxa de inscri\u00e7\u00e3o pela UFSM. Caso o servidor necessite do recurso antes de realizar a inscri\u00e7\u00e3o, o processo dever\u00e1 ser encaminhado com bastante anteced\u00eancia.<\/p>\n<p style=\"text-align: justify\">Para a presta\u00e7\u00e3o de contas, no caso da taxa de inscri\u00e7\u00e3o, o servidor dever\u00e1 anexar o certificado de participa\u00e7\u00e3o e o recibo\/nota fiscal. Um detalhe importante: o recibo dever\u00e1 constar data posterior \u00e0 data do empenho SIAFI. Nos casos de taxa de publica\u00e7\u00e3o, apenas o recibo ser\u00e1 suficiente para a comprova\u00e7\u00e3o. Cabe ainda ressaltar que, comprovantes banc\u00e1rios, n\u00e3o s\u00e3o v\u00e1lidos para a presta\u00e7\u00e3o de contas.<\/p>\n<p><strong>Documentos:<\/strong><\/p>\n<p><a href=\"https:\/\/www.ufsm.br\/app\/uploads\/sites\/375\/2021\/04\/Requerimento-de-Pagamento-de-Taxa-de-Inscricao.doc\">Requerimento de Pagamento de Taxa de Inscri\u00e7\u00e3o<\/a> <br \/><a href=\"https:\/\/www.ufsm.br\/app\/uploads\/sites\/375\/2021\/04\/Requerimento-de-Restituicao-de-Taxa-de-Inscricao.doc\">Requerimento de Restitui\u00e7\u00e3o de Taxa de Inscri\u00e7\u00e3o<\/a> <br \/><a href=\"https:\/\/www.ufsm.br\/app\/uploads\/sites\/375\/2021\/04\/Requerimento-de-Taxa-de-Publicacao.doc\">Requerimento de Taxa de Publica\u00e7\u00e3o<\/a><br \/><br \/><br \/><\/p>\n<p><strong>Fluxograma Taxa de Inscri\u00e7\u00e3o\/Publica\u00e7\u00e3o:<br \/><a href=\"https:\/\/www.ufsm.br\/app\/uploads\/sites\/375\/2021\/04\/Fluxograma-Taxa-de-Inscricao-Publicacao.png\"><img fetchpriority=\"high\" decoding=\"async\" class=\"alignnone size-full wp-image-3275\" src=\"https:\/\/www.ufsm.br\/app\/uploads\/sites\/375\/2021\/04\/Fluxograma-Taxa-de-Inscricao-Publicacao.png\" alt=\"\" width=\"740\" height=\"1066\" srcset=\"https:\/\/www.ufsm.br\/app\/uploads\/sites\/375\/2021\/04\/Fluxograma-Taxa-de-Inscricao-Publicacao.png 740w, https:\/\/www.ufsm.br\/app\/uploads\/sites\/375\/2021\/04\/Fluxograma-Taxa-de-Inscricao-Publicacao-208x300.png 208w, https:\/\/www.ufsm.br\/app\/uploads\/sites\/375\/2021\/04\/Fluxograma-Taxa-de-Inscricao-Publicacao-711x1024.png 711w\" sizes=\"(max-width: 740px) 100vw, 740px\" \/><\/a><br \/><\/strong><\/p>\n","protected":false},"excerpt":{"rendered":"<p>O aux\u00edlio para taxa de inscri\u00e7\u00e3o\/publica\u00e7\u00e3o busca estimular a participa\u00e7\u00e3o dos servidores em eventos acad\u00eamicos\/cient\u00edficos com o custeio do valor da inscri\u00e7\u00e3o. A UFSM trabalha com tr\u00eas tipos de pagamento de taxa de inscri\u00e7\u00e3o: com recursos da PROGEP; com recursos da PRPGP; com recurso das subunidades. Esta \u00faltima, com recursos do IDR do Centro, ser\u00e1 [&hellip;]<\/p>\n","protected":false},"author":242,"featured_media":0,"parent":0,"menu_order":0,"comment_status":"closed","ping_status":"closed","template":"","meta":{"footnotes":""},"categories":[836],"tags":[],"class_list":["post-3273","page","type-page","status-publish","hentry","category-nor-ct"],"acf":[],"_links":{"self":[{"href":"https:\/\/www.ufsm.br\/unidades-universitarias\/ct\/wp-json\/wp\/v2\/pages\/3273","targetHints":{"allow":["GET"]}}],"collection":[{"href":"https:\/\/www.ufsm.br\/unidades-universitarias\/ct\/wp-json\/wp\/v2\/pages"}],"about":[{"href":"https:\/\/www.ufsm.br\/unidades-universitarias\/ct\/wp-json\/wp\/v2\/types\/page"}],"author":[{"embeddable":true,"href":"https:\/\/www.ufsm.br\/unidades-universitarias\/ct\/wp-json\/wp\/v2\/users\/242"}],"replies":[{"embeddable":true,"href":"https:\/\/www.ufsm.br\/unidades-universitarias\/ct\/wp-json\/wp\/v2\/comments?post=3273"}],"version-history":[{"count":0,"href":"https:\/\/www.ufsm.br\/unidades-universitarias\/ct\/wp-json\/wp\/v2\/pages\/3273\/revisions"}],"wp:attachment":[{"href":"https:\/\/www.ufsm.br\/unidades-universitarias\/ct\/wp-json\/wp\/v2\/media?parent=3273"}],"wp:term":[{"taxonomy":"category","embeddable":true,"href":"https:\/\/www.ufsm.br\/unidades-universitarias\/ct\/wp-json\/wp\/v2\/categories?post=3273"},{"taxonomy":"post_tag","embeddable":true,"href":"https:\/\/www.ufsm.br\/unidades-universitarias\/ct\/wp-json\/wp\/v2\/tags?post=3273"}],"curies":[{"name":"wp","href":"https:\/\/api.w.org\/{rel}","templated":true}]}}