{"id":3276,"date":"2021-04-06T13:28:24","date_gmt":"2021-04-06T16:28:24","guid":{"rendered":"https:\/\/www.ufsm.br\/unidades-universitarias\/ct\/?page_id=3276"},"modified":"2022-06-15T13:50:35","modified_gmt":"2022-06-15T16:50:35","slug":"solicitacao-de-diarias-e-passagens-aereas","status":"publish","type":"page","link":"https:\/\/www.ufsm.br\/unidades-universitarias\/ct\/solicitacao-de-diarias-e-passagens-aereas","title":{"rendered":"SOLICITA\u00c7\u00c3O DE DI\u00c1RIAS E PASSAGENS A\u00c9REAS"},"content":{"rendered":"\n<p style=\"text-align: justify\">O Sistema de Concess\u00e3o de Di\u00e1rias e Passagens \u2013 SCDP \u00e9 o sistema informatizado, acessado via Web, de uso obrigat\u00f3rio para o planejamento e execu\u00e7\u00e3o dos deslocamentos a servi\u00e7o e concess\u00e3o de di\u00e1rias de viagem, em territ\u00f3rio nacional ou estrangeiro, aos servidores dos \u00f3rg\u00e3os e entidades integrantes da Administra\u00e7\u00e3o Direta, Aut\u00e1rquica e Fundacional do Governo Federal. O SCDP controla desde o deslocamento em viagens at\u00e9 a presta\u00e7\u00e3o de contas, sem necessidade de processo f\u00edsico e uso de papel.<\/p>\n<p style=\"text-align: justify\">A Portaria N\u00ba 97.572\/20 disp\u00f5e os procedimentos para afastamento da sede e do pa\u00eds e concess\u00e3o de di\u00e1rias e passagens em viagens nacionais e internacionais, a servi\u00e7o, no \u00e2mbito da Universidade Federal de Santa Maria.<\/p>\n<p style=\"text-align: justify\">ORIENTA\u00c7\u00d5ES GERAIS PARA SOLICITA\u00c7\u00c3O DE VIAGEM NO SCDP<\/p>\n<ol>\n<li style=\"text-align: justify\">De acordo com o artigo 2\u00ba da Portaria UFSM N\u00ba 97.572\/20, \u201ctodas as viagens, no interesse da Administra\u00e7\u00e3o, no \u00e2mbito da Universidade Federal de Santa Maria, dever\u00e3o ser registradas no Sistema de Concess\u00e3o de Di\u00e1rias e Passagens (SCDP), mesmo nos casos de afastamento sem \u00f4nus ou com \u00f4nus limitado\u201d;<\/li>\n<li style=\"text-align: justify\">Tanto as solicita\u00e7\u00f5es de afastamento dentro do territ\u00f3rio nacional quanto as solicita\u00e7\u00f5es de afastamento para fora do pa\u00eds dever\u00e3o ser inclu\u00eddas no Portal de Recursos Humanos com, no m\u00ednimo, 30 dias de anteced\u00eancia ao afastamento;<\/li>\n<li style=\"text-align: justify\">O pedido de concess\u00e3o de di\u00e1rias e passagens dever\u00e1 ser feito pela entrega do Formul\u00e1rio de Solicita\u00e7\u00e3o de Viagens e Passagens, por meio f\u00edsico ou e-mail(financeiro.ct@ufsm.br), junto com os documentos comprobat\u00f3rios do objeto da miss\u00e3o, da localidade, das datas e hor\u00e1rios (convite, convoca\u00e7\u00e3o, carta de aceite, programa\u00e7\u00e3o do evento, inscri\u00e7\u00e3o no evento, folder, panfleto);<\/li>\n<li style=\"text-align: justify\">\u00c9 proibido o encaminhamento de viagens no SCDP estando o proposto com presta\u00e7\u00e3o de contas pendentes;<\/li>\n<li style=\"text-align: justify\">As solicita\u00e7\u00f5es de deslocamento que se iniciarem na sexta-feira, bem como as que inclu\u00edrem s\u00e1bados, domingos e feriados dever\u00e3o ser expressamente justificadas, realizando-se com estrita finalidade p\u00fablica.<\/li>\n<li style=\"text-align: justify\">Prazos de Afastamento e Concess\u00e3o de Di\u00e1rias e Passagens:<\/li>\n<\/ol>\n<table width=\"605\">\n<tbody>\n<tr>\n<td width=\"302\">\n<p>Evento<\/p>\n<\/td>\n<td width=\"302\">\n<p>Prazos<\/p>\n<\/td>\n<\/tr>\n<tr>\n<td width=\"302\">\n<p>Solicita\u00e7\u00e3o de afastamento no Portal do Servidor (territ\u00f3rio nacional e para fora do pa\u00eds)<\/p>\n<\/td>\n<td width=\"302\">\n<p>30 dias antes do in\u00edcio da viagem<\/p>\n<\/td>\n<\/tr>\n<tr>\n<td width=\"302\">\n<p>Encaminhamento do formul\u00e1rio com emiss\u00e3o de bilhetes a\u00e9reos<\/p>\n<\/td>\n<td width=\"302\">\n<p>20 dias antes do in\u00edcio da viagem<\/p>\n<\/td>\n<\/tr>\n<tr>\n<td width=\"302\">\n<p>Encaminhamento do formul\u00e1rio sem a emiss\u00e3o de bilhetes a\u00e9reos<\/p>\n<\/td>\n<td width=\"302\">\n<p>5 dias \u00fateis do in\u00edcio da viagem<\/p>\n<\/td>\n<\/tr>\n<\/tbody>\n<\/table>\n<p><strong>\u00a0<\/strong><\/p>\n<p style=\"text-align: justify\">ORIENTA\u00c7\u00d5ES GERAIS PARA PRESTA\u00c7\u00c3O DE CONTAS<\/p>\n<p style=\"text-align: justify\">O preposto dever\u00e1 apresentar, no prazo m\u00e1ximo de cinco dias corridos contados da conclus\u00e3o da miss\u00e3o, os seguintes documentos:<\/p>\n<ol>\n<li style=\"text-align: justify\">Relat\u00f3rio de viagem, constando, al\u00e9m da agenda realizada, relato detalhado de atividades desenvolvidas, bem como proposi\u00e7\u00e3o de a\u00e7\u00f5es, programas ou plano de trabalho como consequ\u00eancia da miss\u00e3o realizada.<\/li>\n<li style=\"text-align: justify\">Bilhetes ou canhotos dos cart\u00f5es de embarque, em original ou segunda via, ou recibo do passageiro obtido quando da realiza\u00e7\u00e3o do check-in via internet, ou a declara\u00e7\u00e3o fornecida pela companhia a\u00e9rea, bem como por meio do registro eletr\u00f4nico da situa\u00e7\u00e3o da passagem do SCDP<\/li>\n<li style=\"text-align: justify\">Documentos relacionados com o objetivo das viagens realizadas a servi\u00e7o, a exemplo de atas de reuni\u00e3o, certificados de participa\u00e7\u00e3o ou presen\u00e7a, entre outros.<br \/><br \/><\/li>\n<\/ol>\n<p><strong>Documentos:<br \/><a href=\"https:\/\/www.ufsm.br\/app\/uploads\/sites\/375\/2021\/04\/Diarias-e-Passagem-Formulario.docx\">Di\u00e1rias e Passagem &#8211; Formul\u00e1rio<\/a><br \/><br \/><\/strong><\/p>\n<p><strong>Fluxograma Solicita\u00e7\u00e3o de Di\u00e1rias e Passagens:<\/strong><br \/><a href=\"https:\/\/www.ufsm.br\/app\/uploads\/sites\/375\/2021\/04\/Fluxograma-Solicitacao-de-Diarias-e-Passagens.png\"><img fetchpriority=\"high\" decoding=\"async\" class=\"alignnone size-full wp-image-3274\" src=\"https:\/\/www.ufsm.br\/app\/uploads\/sites\/375\/2021\/04\/Fluxograma-Solicitacao-de-Diarias-e-Passagens.png\" alt=\"\" width=\"735\" height=\"1004\" srcset=\"https:\/\/www.ufsm.br\/app\/uploads\/sites\/375\/2021\/04\/Fluxograma-Solicitacao-de-Diarias-e-Passagens.png 735w, https:\/\/www.ufsm.br\/app\/uploads\/sites\/375\/2021\/04\/Fluxograma-Solicitacao-de-Diarias-e-Passagens-220x300.png 220w\" sizes=\"(max-width: 735px) 100vw, 735px\" \/><\/a><\/p>\n","protected":false},"excerpt":{"rendered":"<p>O Sistema de Concess\u00e3o de Di\u00e1rias e Passagens \u2013 SCDP \u00e9 o sistema informatizado, acessado via Web, de uso obrigat\u00f3rio para o planejamento e execu\u00e7\u00e3o dos deslocamentos a servi\u00e7o e concess\u00e3o de di\u00e1rias de viagem, em territ\u00f3rio nacional ou estrangeiro, aos servidores dos \u00f3rg\u00e3os e entidades integrantes da Administra\u00e7\u00e3o Direta, Aut\u00e1rquica e Fundacional do Governo [&hellip;]<\/p>\n","protected":false},"author":242,"featured_media":0,"parent":0,"menu_order":0,"comment_status":"closed","ping_status":"closed","template":"","meta":{"footnotes":""},"categories":[836],"tags":[],"class_list":["post-3276","page","type-page","status-publish","hentry","category-nor-ct"],"acf":[],"_links":{"self":[{"href":"https:\/\/www.ufsm.br\/unidades-universitarias\/ct\/wp-json\/wp\/v2\/pages\/3276","targetHints":{"allow":["GET"]}}],"collection":[{"href":"https:\/\/www.ufsm.br\/unidades-universitarias\/ct\/wp-json\/wp\/v2\/pages"}],"about":[{"href":"https:\/\/www.ufsm.br\/unidades-universitarias\/ct\/wp-json\/wp\/v2\/types\/page"}],"author":[{"embeddable":true,"href":"https:\/\/www.ufsm.br\/unidades-universitarias\/ct\/wp-json\/wp\/v2\/users\/242"}],"replies":[{"embeddable":true,"href":"https:\/\/www.ufsm.br\/unidades-universitarias\/ct\/wp-json\/wp\/v2\/comments?post=3276"}],"version-history":[{"count":0,"href":"https:\/\/www.ufsm.br\/unidades-universitarias\/ct\/wp-json\/wp\/v2\/pages\/3276\/revisions"}],"wp:attachment":[{"href":"https:\/\/www.ufsm.br\/unidades-universitarias\/ct\/wp-json\/wp\/v2\/media?parent=3276"}],"wp:term":[{"taxonomy":"category","embeddable":true,"href":"https:\/\/www.ufsm.br\/unidades-universitarias\/ct\/wp-json\/wp\/v2\/categories?post=3276"},{"taxonomy":"post_tag","embeddable":true,"href":"https:\/\/www.ufsm.br\/unidades-universitarias\/ct\/wp-json\/wp\/v2\/tags?post=3276"}],"curies":[{"name":"wp","href":"https:\/\/api.w.org\/{rel}","templated":true}]}}