{"id":33,"date":"2018-06-21T12:16:40","date_gmt":"2018-06-21T15:16:40","guid":{"rendered":"https:\/\/www.ufsm.br\/unidades-universitarias\/ct\/?page_id=33"},"modified":"2024-11-13T11:00:23","modified_gmt":"2024-11-13T14:00:23","slug":"unidade-de-apoio-pedagogico-uap-ct","status":"publish","type":"page","link":"https:\/\/www.ufsm.br\/unidades-universitarias\/ct\/unidade-de-apoio-pedagogico-uap-ct","title":{"rendered":"Setor de Apoio Pedag\u00f3gico &#8211; SAP\/CT"},"content":{"rendered":"\t\t<div data-elementor-type=\"wp-post\" data-elementor-id=\"33\" class=\"elementor elementor-33\">\n\t\t\t\t\t\t<section class=\"elementor-section elementor-top-section elementor-element elementor-element-1d8b5274 elementor-section-boxed elementor-section-height-default elementor-section-height-default\" data-id=\"1d8b5274\" data-element_type=\"section\">\n\t\t\t\t\t\t<div class=\"elementor-container elementor-column-gap-default\">\n\t\t\t\t\t<div class=\"elementor-column elementor-col-100 elementor-top-column elementor-element elementor-element-302059f\" data-id=\"302059f\" data-element_type=\"column\">\n\t\t\t<div class=\"elementor-widget-wrap elementor-element-populated\">\n\t\t\t\t\t\t<div class=\"elementor-element elementor-element-3e8f3739 elementor-widget elementor-widget-text-editor\" data-id=\"3e8f3739\" data-element_type=\"widget\" data-widget_type=\"text-editor.default\">\n\t\t\t\t<div class=\"elementor-widget-container\">\n\t\t\t\t\t\t\t<p><span style=\"font-family: verdana, geneva, sans-serif\">O Setor de Apoio Pedag\u00f3gico do Centro de Tecnologia (SAP\/CT), \u00f3rg\u00e3o de apoio da Dire\u00e7\u00e3o do CT, tem a finalidade de prestar apoio pedag\u00f3gico aos docentes, t\u00e9cnico-administrativos em educa\u00e7\u00e3o e discentes, de maneira a otimizar os processos de ensino-aprendizagem no \u00e2mbito do Centro de Tecnologia.<\/span><\/p>\n<p>Este \u00f3rg\u00e3o de apoio trabalha com o planejamento, a sistematiza\u00e7\u00e3o, a execu\u00e7\u00e3o e a supervis\u00e3o das a\u00e7\u00f5es did\u00e1tico-pedag\u00f3gicas voltadas aos Cursos de Gradua\u00e7\u00e3o e P\u00f3s-Gradua\u00e7\u00e3o do Centro, atuando intersetorialmente na gest\u00e3o universit\u00e1ria.<br><\/p>\n<p><span style=\"font-family: verdana, geneva, sans-serif\">Entre suas atribui\u00e7\u00f5es est\u00e3o:<\/span><\/p>\n<p style=\"padding-left: 30px\"><span style=\"font-family: verdana, geneva, sans-serif\"><strong>1.<\/strong> assessorar os processos de cria\u00e7\u00e3o e reformula\u00e7\u00e3o dos Projetos Pedag\u00f3gicos de Cursos do Centro, de acordo com o prop\u00f3sito institucional e a legisla\u00e7\u00e3o vigente;&nbsp;<\/span><span style=\"font-family: verdana, geneva, sans-serif\"><strong>2.<\/strong> apoiar a estrutura\u00e7\u00e3o, a implanta\u00e7\u00e3o e a avalia\u00e7\u00e3o das matrizes curriculares dos Cursos;&nbsp;<\/span><span style=\"font-family: verdana, geneva, sans-serif\"><strong>3.<\/strong> colaborar no desenvolvimento dos projetos de ensino, pesquisa e extens\u00e3o implementados nos Cursos do Centro;&nbsp;<\/span><span style=\"font-family: verdana, geneva, sans-serif\"><strong>4.<\/strong> contribuir para integra\u00e7\u00e3o entre os Cursos de Gradua\u00e7\u00e3o e P\u00f3s-Gradua\u00e7\u00e3o no \u00e2mbito do Centro;&nbsp;<\/span><span style=\"font-family: verdana, geneva, sans-serif\"><strong>5.<\/strong> desenvolver orienta\u00e7\u00e3o did\u00e1tico-pedag\u00f3gica aos docentes e aos discentes;&nbsp;<\/span><span style=\"font-family: verdana, geneva, sans-serif\"><strong>6.<\/strong> fomentar a interdisciplinaridade nas a\u00e7\u00f5es de forma\u00e7\u00e3o acad\u00eamica e profissional desenvolvidas no Centro;&nbsp;<\/span><span style=\"font-family: verdana, geneva, sans-serif\"><strong>7.<\/strong> orientar a utiliza\u00e7\u00e3o de metodologias, estrat\u00e9gias, t\u00e9cnicas e recursos nos processos de ensino-aprendizagem;&nbsp;<\/span><span style=\"font-family: verdana, geneva, sans-serif\"><strong>8.<\/strong> orientar os procedimentos de avalia\u00e7\u00e3o do desempenho acad\u00eamico, interna e externa dos Cursos;&nbsp;<\/span><span style=\"font-family: verdana, geneva, sans-serif\"><strong>9.&nbsp;<\/strong>propor o desenvolvimento de programa\u00e7\u00e3o did\u00e1tico-pedag\u00f3gica aos docentes, aos t\u00e9cnico-administrativos em educa\u00e7\u00e3o e aos discentes do Centro;&nbsp;<\/span><span style=\"font-family: verdana, geneva, sans-serif\"><strong>10.<\/strong> zelar pela atua\u00e7\u00e3o dial\u00f3gica e propositiva desta unidade junto aos cursos e ao coletivo do Centro.&nbsp;<\/span><span style=\"background-color: var(--bs-body-bg);text-align: var(--bs-body-text-align)\">Este \u00f3rg\u00e3o de apoio trabalha com o planejamento, a sistematiza\u00e7\u00e3o, a execu\u00e7\u00e3o e a supervis\u00e3o das a\u00e7\u00f5es did\u00e1tico-pedag\u00f3gicas voltadas aos Cursos de Gradua\u00e7\u00e3o e P\u00f3s-Gradua\u00e7\u00e3o **do Centro**, atuando intersetorialmente na gest\u00e3o universit\u00e1ria.<\/span><\/p>\t\t\t\t\t\t<\/div>\n\t\t\t\t<\/div>\n\t\t\t\t\t<\/div>\n\t\t<\/div>\n\t\t\t\t\t<\/div>\n\t\t<\/section>\n\t\t\t\t<section class=\"elementor-section elementor-top-section elementor-element elementor-element-2b11ec1 elementor-section-boxed elementor-section-height-default elementor-section-height-default\" data-id=\"2b11ec1\" data-element_type=\"section\">\n\t\t\t\t\t\t<div class=\"elementor-container elementor-column-gap-default\">\n\t\t\t\t\t<div class=\"elementor-column elementor-col-100 elementor-top-column elementor-element elementor-element-de8aed1\" data-id=\"de8aed1\" data-element_type=\"column\">\n\t\t\t<div class=\"elementor-widget-wrap elementor-element-populated\">\n\t\t\t\t\t\t<div class=\"elementor-element elementor-element-dca66f6 elementor-widget elementor-widget-text-editor\" data-id=\"dca66f6\" data-element_type=\"widget\" data-widget_type=\"text-editor.default\">\n\t\t\t\t<div class=\"elementor-widget-container\">\n\t\t\t\t\t\t\t<h5>Equipe<\/h5>\t\t\t\t\t\t<\/div>\n\t\t\t\t<\/div>\n\t\t\t\t<div class=\"elementor-element elementor-element-5e50c55 gallery-spacing-custom elementor-widget elementor-widget-image-gallery\" data-id=\"5e50c55\" data-element_type=\"widget\" data-widget_type=\"image-gallery.default\">\n\t\t\t\t<div class=\"elementor-widget-container\">\n\t\t\t\t\t<div class=\"elementor-image-gallery\">\n\t\t\t<div id='gallery-1' class='gallery galleryid-33 gallery-columns-1 gallery-size-medium_large'><figure class='gallery-item'>\n\t\t\t<div class='gallery-icon landscape'>\n\t\t\t\t<img fetchpriority=\"high\" decoding=\"async\" width=\"768\" height=\"512\" src=\"https:\/\/www.ufsm.br\/app\/uploads\/sites\/375\/2024\/11\/IMG_7386-768x512.jpg\" class=\"attachment-medium_large size-medium_large\" alt=\"\" aria-describedby=\"gallery-1-5884\" srcset=\"https:\/\/www.ufsm.br\/app\/uploads\/sites\/375\/2024\/11\/IMG_7386-768x512.jpg 768w, https:\/\/www.ufsm.br\/app\/uploads\/sites\/375\/2024\/11\/IMG_7386-300x200.jpg 300w, https:\/\/www.ufsm.br\/app\/uploads\/sites\/375\/2024\/11\/IMG_7386-1024x683.jpg 1024w, https:\/\/www.ufsm.br\/app\/uploads\/sites\/375\/2024\/11\/IMG_7386-1536x1024.jpg 1536w, https:\/\/www.ufsm.br\/app\/uploads\/sites\/375\/2024\/11\/IMG_7386-272x182.jpg 272w, https:\/\/www.ufsm.br\/app\/uploads\/sites\/375\/2024\/11\/IMG_7386.jpg 1920w\" sizes=\"(max-width: 768px) 100vw, 768px\" \/>\n\t\t\t<\/div>\n\t\t\t\t<figcaption class='wp-caption-text gallery-caption' id='gallery-1-5884'>\n\t\t\t\tCelita Sim\u00f5es e Simoni Hermes, respectivamente Auxiliar em Administra\u00e7\u00e3o e Pedagoga\n\t\t\t\t<\/figcaption><\/figure>\n\t\t<\/div>\n\t\t<\/div>\n\t\t\t\t<\/div>\n\t\t\t\t<\/div>\n\t\t\t\t\t<\/div>\n\t\t<\/div>\n\t\t\t\t\t<\/div>\n\t\t<\/section>\n\t\t\t\t<section class=\"elementor-section elementor-top-section elementor-element elementor-element-d2be884 elementor-section-boxed elementor-section-height-default elementor-section-height-default\" data-id=\"d2be884\" data-element_type=\"section\">\n\t\t\t\t\t\t<div class=\"elementor-container elementor-column-gap-default\">\n\t\t\t\t\t<div class=\"elementor-column elementor-col-100 elementor-top-column elementor-element elementor-element-72d940b\" data-id=\"72d940b\" data-element_type=\"column\">\n\t\t\t<div class=\"elementor-widget-wrap elementor-element-populated\">\n\t\t\t\t\t\t<div class=\"elementor-element elementor-element-0e5f375 elementor-widget elementor-widget-text-editor\" data-id=\"0e5f375\" data-element_type=\"widget\" data-widget_type=\"text-editor.default\">\n\t\t\t\t<div class=\"elementor-widget-container\">\n\t\t\t\t\t\t\t<h5>Contato<\/h5><p><span style=\"font-family: verdana, geneva, sans-serif\"><strong>Email:<\/strong>\u00a0sapct@ufsm.br<\/span><br \/><span style=\"font-family: verdana, geneva, sans-serif\"><strong>Telefone:<\/strong> (55) 3220-9475<\/span><br \/><span style=\"font-family: verdana, geneva, sans-serif\"><strong>Localiza\u00e7\u00e3o:<\/strong>\u00a0Pr\u00e9dio 7, sala 136.<\/span><\/p>\t\t\t\t\t\t<\/div>\n\t\t\t\t<\/div>\n\t\t\t\t\t<\/div>\n\t\t<\/div>\n\t\t\t\t\t<\/div>\n\t\t<\/section>\n\t\t\t\t<section class=\"elementor-section elementor-top-section elementor-element elementor-element-70c3047 elementor-section-boxed elementor-section-height-default elementor-section-height-default\" data-id=\"70c3047\" data-element_type=\"section\">\n\t\t\t\t\t\t<div class=\"elementor-container elementor-column-gap-default\">\n\t\t\t\t\t<div class=\"elementor-column elementor-col-100 elementor-top-column elementor-element elementor-element-b7de32f\" data-id=\"b7de32f\" data-element_type=\"column\">\n\t\t\t<div class=\"elementor-widget-wrap elementor-element-populated\">\n\t\t\t\t\t\t<div class=\"elementor-element elementor-element-79338ca elementor-widget elementor-widget-wp-widget-ufsm_noticias_widget\" data-id=\"79338ca\" data-element_type=\"widget\" data-widget_type=\"wp-widget-ufsm_noticias_widget.default\">\n\t\t\t\t<div class=\"elementor-widget-container\">\n\t\t\t<h5 class='titulo-conteudos'>Not\u00edcias relacionadas ao SAP-CT<\/h5><div class='widget-noticias-inside'>\n                        <div class=\"row\">\n                                    <div class=\"col-12 col-lg-12 pb-4\">\n                                        \n                                        \n                    \n                    <a class=\"noticias-widget-title d-block \"  title=\"\u201cLudificando o ensino\u201d: mais um evento promovido pelo Programa Experimentar +\" href=\"https:\/\/www.ufsm.br\/unidades-universitarias\/ct\/2024\/06\/27\/ludificando-o-ensino-mais-um-evento-promovido-pelo-programa-experimentar\">\n                                                \u201cLudificando o ensino\u201d: mais um evento promovido pelo Programa Experimentar +                    <\/a>\n                    \n                    \n                                        \n                                        \n                                        <\/div>\n                            <\/div>\n                    <div class=\"row\">\n                                    <div class=\"col-12 col-lg-12 pb-4\">\n                                        \n                                        \n                    \n                    <a class=\"noticias-widget-title d-block \"  title=\"Conhe\u00e7a a atividade &#8220;UAP nas salas de aula&#8221;\" href=\"https:\/\/www.ufsm.br\/unidades-universitarias\/ct\/2019\/05\/13\/conheca-a-atividade-uap-nas-salas-de-aula\">\n                                                Conhe\u00e7a a atividade &#8220;UAP nas salas de aula&#8221;                    <\/a>\n                    \n                    \n                                        \n                                        \n                                        <\/div>\n                            <\/div>\n                    <div class=\"row\">\n                                    <div class=\"col-12 col-lg-12 pb-4\">\n                                        \n                                        \n                    \n                    <a class=\"noticias-widget-title d-block \"  title=\"Conhe\u00e7a Celita Sim\u00f5es, agente integradora do Centro de Tecnologia\" href=\"https:\/\/www.ufsm.br\/unidades-universitarias\/ct\/2019\/04\/29\/conheca-celita-simoes-agente-integrador-do-centro-de-tecnologia\">\n                                                Conhe\u00e7a Celita Sim\u00f5es, agente integradora do Centro de Tecnologia                    <\/a>\n                    \n                    \n                                        \n                                        \n                                        <\/div>\n                            <\/div>\n                    <div class=\"row\">\n                                    <div class=\"col-12 col-lg-12 pb-4\">\n                                        \n                                        \n                    \n                    <a class=\"noticias-widget-title d-block \"  title=\"Confira a programa\u00e7\u00e3o do Acolhe, CT! 2019-1\" href=\"https:\/\/www.ufsm.br\/unidades-universitarias\/ct\/2019\/02\/27\/acolhe-ct-2019-1\">\n                                                Confira a programa\u00e7\u00e3o do Acolhe, CT! 2019-1                    <\/a>\n                    \n                    \n                                        \n                                        \n                                        <\/div>\n                            <\/div>\n                    <div class=\"row\">\n                                    <div class=\"col-12 col-lg-12 pb-4\">\n                                        \n                                        \n                    \n                    <a class=\"noticias-widget-title d-block \"  title=\"Reforma curricular da Engenharia Qu\u00edmica come\u00e7a a ser debatida em 2019\" href=\"https:\/\/www.ufsm.br\/unidades-universitarias\/ct\/2018\/12\/10\/reforma-curricular-da-engenharia-quimica-comeca-a-ser-debatida-em-2019\">\n                                                Reforma curricular da Engenharia Qu\u00edmica come\u00e7a a ser debatida em 2019                    <\/a>\n                    \n                    \n                                        \n                                        \n                                        <\/div>\n                            <\/div>\n            <\/div>\n<div class=\"leia-mais p-1\">\n                <a href=\"https:\/\/www.ufsm.br\/unidades-universitarias\/ct\/tag\/uap\/\">\n            LEIA MAIS            <span class=\"icon-box\">\n                <span class=\"bg-ufsm-widget-icon\">\n                    <i class=\"fas fa-chevron-right\" aria-hidden=\"true\"><\/i>\n                <\/span>\n            <\/span>\n        <\/a>\n    <\/div>\n\t\t<\/div>\n\t\t\t\t<\/div>\n\t\t\t\t\t<\/div>\n\t\t<\/div>\n\t\t\t\t\t<\/div>\n\t\t<\/section>\n\t\t\t\t<\/div>\n\t\t","protected":false},"excerpt":{"rendered":"<p>O Setor de Apoio Pedag\u00f3gico do Centro de Tecnologia (SAP\/CT), \u00f3rg\u00e3o de apoio da Dire\u00e7\u00e3o do CT, tem a finalidade de prestar apoio pedag\u00f3gico aos docentes, t\u00e9cnico-administrativos em educa\u00e7\u00e3o e discentes, de maneira a otimizar os processos de ensino-aprendizagem no \u00e2mbito do Centro de Tecnologia. Este \u00f3rg\u00e3o de apoio trabalha com o planejamento, a sistematiza\u00e7\u00e3o, [&hellip;]<\/p>\n","protected":false},"author":46,"featured_media":0,"parent":0,"menu_order":0,"comment_status":"closed","ping_status":"closed","template":"","meta":{"footnotes":""},"categories":[],"tags":[],"class_list":["post-33","page","type-page","status-publish","hentry"],"acf":[],"_links":{"self":[{"href":"https:\/\/www.ufsm.br\/unidades-universitarias\/ct\/wp-json\/wp\/v2\/pages\/33","targetHints":{"allow":["GET"]}}],"collection":[{"href":"https:\/\/www.ufsm.br\/unidades-universitarias\/ct\/wp-json\/wp\/v2\/pages"}],"about":[{"href":"https:\/\/www.ufsm.br\/unidades-universitarias\/ct\/wp-json\/wp\/v2\/types\/page"}],"author":[{"embeddable":true,"href":"https:\/\/www.ufsm.br\/unidades-universitarias\/ct\/wp-json\/wp\/v2\/users\/46"}],"replies":[{"embeddable":true,"href":"https:\/\/www.ufsm.br\/unidades-universitarias\/ct\/wp-json\/wp\/v2\/comments?post=33"}],"version-history":[{"count":0,"href":"https:\/\/www.ufsm.br\/unidades-universitarias\/ct\/wp-json\/wp\/v2\/pages\/33\/revisions"}],"wp:attachment":[{"href":"https:\/\/www.ufsm.br\/unidades-universitarias\/ct\/wp-json\/wp\/v2\/media?parent=33"}],"wp:term":[{"taxonomy":"category","embeddable":true,"href":"https:\/\/www.ufsm.br\/unidades-universitarias\/ct\/wp-json\/wp\/v2\/categories?post=33"},{"taxonomy":"post_tag","embeddable":true,"href":"https:\/\/www.ufsm.br\/unidades-universitarias\/ct\/wp-json\/wp\/v2\/tags?post=33"}],"curies":[{"name":"wp","href":"https:\/\/api.w.org\/{rel}","templated":true}]}}