{"id":4318,"date":"2023-05-08T11:33:58","date_gmt":"2023-05-08T14:33:58","guid":{"rendered":"https:\/\/www.ufsm.br\/unidades-universitarias\/ct\/?page_id=4318"},"modified":"2023-05-08T12:22:36","modified_gmt":"2023-05-08T15:22:36","slug":"secretarias-integradas-de-graduacao","status":"publish","type":"page","link":"https:\/\/www.ufsm.br\/unidades-universitarias\/ct\/secretarias-integradas-de-graduacao","title":{"rendered":"Secretarias Integradas de Gradua\u00e7\u00e3o"},"content":{"rendered":"\t\t<div data-elementor-type=\"wp-page\" data-elementor-id=\"4318\" class=\"elementor elementor-4318\">\n\t\t\t\t\t\t<section class=\"elementor-section elementor-top-section elementor-element elementor-element-10c5d3a elementor-section-boxed elementor-section-height-default elementor-section-height-default\" data-id=\"10c5d3a\" data-element_type=\"section\">\n\t\t\t\t\t\t<div class=\"elementor-container elementor-column-gap-default\">\n\t\t\t\t\t<div class=\"elementor-column elementor-col-100 elementor-top-column elementor-element elementor-element-5e7ed88\" data-id=\"5e7ed88\" data-element_type=\"column\">\n\t\t\t<div class=\"elementor-widget-wrap elementor-element-populated\">\n\t\t\t\t\t\t<div class=\"elementor-element elementor-element-858055e elementor-widget elementor-widget-heading\" data-id=\"858055e\" data-element_type=\"widget\" data-widget_type=\"heading.default\">\n\t\t\t\t<div class=\"elementor-widget-container\">\n\t\t\t<h5 class=\"elementor-heading-title elementor-size-default\">Cursos de Gradua\u00e7\u00e3o e contatos de cada Secretaria Integrada<\/h5>\t\t<\/div>\n\t\t\t\t<\/div>\n\t\t\t\t<div class=\"elementor-element elementor-element-16c482d elementor-widget elementor-widget-toggle\" data-id=\"16c482d\" data-element_type=\"widget\" data-widget_type=\"toggle.default\">\n\t\t\t\t<div class=\"elementor-widget-container\">\n\t\t\t\t\t<div class=\"elementor-toggle\">\n\t\t\t\t\t\t\t<div class=\"elementor-toggle-item\">\n\t\t\t\t\t<div id=\"elementor-tab-title-2381\" class=\"elementor-tab-title\" data-tab=\"1\" role=\"button\" aria-controls=\"elementor-tab-content-2381\" aria-expanded=\"false\">\n\t\t\t\t\t\t\t\t\t\t\t\t<span class=\"elementor-toggle-icon elementor-toggle-icon-left\" aria-hidden=\"true\">\n\t\t\t\t\t\t\t\t\t\t\t\t\t\t\t<span class=\"elementor-toggle-icon-closed\"><i class=\"fas fa-caret-right\"><\/i><\/span>\n\t\t\t\t\t\t\t\t<span class=\"elementor-toggle-icon-opened\"><i class=\"elementor-toggle-icon-opened fas fa-caret-up\"><\/i><\/span>\n\t\t\t\t\t\t\t\t\t\t\t\t\t<\/span>\n\t\t\t\t\t\t\t\t\t\t\t\t<a class=\"elementor-toggle-title\" tabindex=\"0\">Secretaria Integrada de Cursos de Gradua\u00e7\u00e3o I<\/a>\n\t\t\t\t\t<\/div>\n\n\t\t\t\t\t<div id=\"elementor-tab-content-2381\" class=\"elementor-tab-content elementor-clearfix\" data-tab=\"1\" role=\"region\" aria-labelledby=\"elementor-tab-title-2381\"><p><strong>E-mail:<\/strong>\u00a0<a class=\"notranslate\" href=\"mailto:integrada1ct@ufsm.br\">integrada1ct@ufsm.br<\/a>\u00a0|\u00a0<strong>Localiza\u00e7\u00e3o:\u00a0<\/strong>Pr\u00e9dio 07, sala 141 |\u00a0<strong>Telefone\/WhatsApp:<\/strong>\u00a0+55 32208400 \/ 3220 8428<\/p><table><tbody><tr><td><strong>Cursos<\/strong><\/td><td><strong>\u00a0E-mail<\/strong><\/td><\/tr><tr><td data-sheets-value=\"{\">Engenharia Civil\u00a0<\/td><td><a class=\"notranslate\" href=\"mailto:engcivil@ufsm.br\">engcivil@ufsm.br<\/a><\/td><\/tr><tr><td data-sheets-value=\"{\">Engenharia El\u00e9trica<\/td><td data-sheets-value=\"{\"><a class=\"notranslate\" href=\"mailto:coord.eng.eletrica@ufsm.br\">coord.eng.eletrica@ufsm.br<\/a><\/td><\/tr><tr><td data-sheets-value=\"{\">Engenharia Mec\u00e2nica<\/td><td data-sheets-value=\"{\"><a class=\"notranslate\" href=\"mailto:mecanica@ufsm.br\">mecanica@ufsm.br<\/a><\/td><\/tr><tr><td>Engenharia Qu\u00edmica<\/td><td><a class=\"notranslate\" href=\"mailto:engenhariaquimica@ufsm.br\">engenhariaquimica@ufsm.br<\/a><\/td><\/tr><\/tbody><\/table><\/div>\n\t\t\t\t<\/div>\n\t\t\t\t\t\t\t<div class=\"elementor-toggle-item\">\n\t\t\t\t\t<div id=\"elementor-tab-title-2382\" class=\"elementor-tab-title\" data-tab=\"2\" role=\"button\" aria-controls=\"elementor-tab-content-2382\" aria-expanded=\"false\">\n\t\t\t\t\t\t\t\t\t\t\t\t<span class=\"elementor-toggle-icon elementor-toggle-icon-left\" aria-hidden=\"true\">\n\t\t\t\t\t\t\t\t\t\t\t\t\t\t\t<span class=\"elementor-toggle-icon-closed\"><i class=\"fas fa-caret-right\"><\/i><\/span>\n\t\t\t\t\t\t\t\t<span class=\"elementor-toggle-icon-opened\"><i class=\"elementor-toggle-icon-opened fas fa-caret-up\"><\/i><\/span>\n\t\t\t\t\t\t\t\t\t\t\t\t\t<\/span>\n\t\t\t\t\t\t\t\t\t\t\t\t<a class=\"elementor-toggle-title\" tabindex=\"0\">Secretaria Integrada de Cursos de Gradua\u00e7\u00e3o II<\/a>\n\t\t\t\t\t<\/div>\n\n\t\t\t\t\t<div id=\"elementor-tab-content-2382\" class=\"elementor-tab-content elementor-clearfix\" data-tab=\"2\" role=\"region\" aria-labelledby=\"elementor-tab-title-2382\"><p><strong>E-mail:<\/strong>\u00a0<a class=\"notranslate\" href=\"mailto:integrada2ct@ufsm.br\" target=\"_blank\" rel=\"noopener\">integrada2ct@ufsm.br<\/a>\u00a0|\u00a0<strong>Localiza\u00e7\u00e3o:\u00a0<\/strong>Pr\u00e9dio 07, Sala 107 |\u00a0<strong>Telefone:<\/strong>\u00a0+55 3220 8504 \/ 3220 9636<\/p><table><tbody><tr><td><strong>Cursos<\/strong><\/td><td><strong>\u00a0E-mail<\/strong><\/td><\/tr><tr><td data-sheets-value=\"{\">Ci\u00eancia da Computa\u00e7\u00e3o<\/td><td><a class=\"notranslate\" href=\"mailto:coord-bcc@inf.ufsm.br\">coord-bcc@inf.ufsm.br<\/a><\/td><\/tr><tr><td data-sheets-value=\"{\">Engenharia Ac\u00fastica<\/td><td data-sheets-value=\"{\"><a class=\"notranslate\" href=\"mailto:secretaria@eac.ufsm.br\">secretaria@eac.ufsm.br<\/a><\/td><\/tr><tr><td data-sheets-value=\"{\">Engenharia de Computa\u00e7\u00e3o<\/td><td data-sheets-value=\"{\"><a class=\"notranslate\" href=\"mailto:secretaria@ecomp.ufsm.br\">secretaria@ecomp.ufsm.br<\/a><\/td><\/tr><tr><td data-sheets-value=\"{\">Engenharia de Produ\u00e7\u00e3o<\/td><td><a class=\"notranslate\" href=\"mailto:producao@ufsm.br\">producao@ufsm.br<\/a><\/td><\/tr><tr><td>Sistemas de Informa\u00e7\u00e3o<\/td><td><a class=\"notranslate\" href=\"mailto:coord-bsi@inf.ufsm.br\">coord-bsi@inf.ufsm.br<\/a><\/td><\/tr><\/tbody><\/table><\/div>\n\t\t\t\t<\/div>\n\t\t\t\t\t\t\t<div class=\"elementor-toggle-item\">\n\t\t\t\t\t<div id=\"elementor-tab-title-2383\" class=\"elementor-tab-title\" data-tab=\"3\" role=\"button\" aria-controls=\"elementor-tab-content-2383\" aria-expanded=\"false\">\n\t\t\t\t\t\t\t\t\t\t\t\t<span class=\"elementor-toggle-icon elementor-toggle-icon-left\" aria-hidden=\"true\">\n\t\t\t\t\t\t\t\t\t\t\t\t\t\t\t<span class=\"elementor-toggle-icon-closed\"><i class=\"fas fa-caret-right\"><\/i><\/span>\n\t\t\t\t\t\t\t\t<span class=\"elementor-toggle-icon-opened\"><i class=\"elementor-toggle-icon-opened fas fa-caret-up\"><\/i><\/span>\n\t\t\t\t\t\t\t\t\t\t\t\t\t<\/span>\n\t\t\t\t\t\t\t\t\t\t\t\t<a class=\"elementor-toggle-title\" tabindex=\"0\">Secretaria Integrada de Cursos de Gradua\u00e7\u00e3o III<\/a>\n\t\t\t\t\t<\/div>\n\n\t\t\t\t\t<div id=\"elementor-tab-content-2383\" class=\"elementor-tab-content elementor-clearfix\" data-tab=\"3\" role=\"region\" aria-labelledby=\"elementor-tab-title-2383\"><p><strong>E-mail:\u00a0<\/strong>integrada3ct@ufsm.br\u00a0|\u00a0<strong>Localiza\u00e7\u00e3o:\u00a0<\/strong>Pr\u00e9dio 07, Sala 138 |\u00a0<strong>Telefone:\u00a0<\/strong>\u00a0+55 55 3220 8657<\/p><table><tbody><tr><td><strong>Cursos<\/strong><\/td><td><strong>\u00a0E-mail<\/strong><\/td><\/tr><tr><td data-sheets-value=\"{\">Arquitetura e Urbanismo<\/td><td><a class=\"notranslate\" href=\"mailto:cau.sm@ufsm.br\">cau.sm@ufsm.br<\/a><\/td><\/tr><tr><td data-sheets-value=\"{\">Engenharia Aeroespacial<\/td><td data-sheets-value=\"{\"><a class=\"notranslate\" href=\"mailto:engaero@ufsm.br\">engaero@ufsm.br<\/a><\/td><\/tr><tr><td data-sheets-value=\"{\">Engenharia de Controle e Automa\u00e7\u00e3o<\/td><td data-sheets-value=\"{\"><a class=\"notranslate\" href=\"mailto:ceca@ufsm.br\">ceca@ufsm.br<\/a><\/td><\/tr><tr><td data-sheets-value=\"{\">Engenharia Sanit\u00e1ria e Ambiental<\/td><td><a class=\"notranslate\" href=\"mailto:cesa@ufsm.br\">cesa@ufsm.br<\/a><\/td><\/tr><tr><td>Engenharia de Telecomunica\u00e7\u00f5es<\/td><td><a class=\"notranslate\" href=\"mailto:telecom@ufsm.br\">telecom@ufsm.br<\/a><\/td><\/tr><\/tbody><\/table><\/div>\n\t\t\t\t<\/div>\n\t\t\t\t\t\t\t\t<\/div>\n\t\t\t\t<\/div>\n\t\t\t\t<\/div>\n\t\t\t\t\t<\/div>\n\t\t<\/div>\n\t\t\t\t\t<\/div>\n\t\t<\/section>\n\t\t\t\t<section class=\"elementor-section elementor-top-section elementor-element elementor-element-c4d59fa elementor-section-boxed elementor-section-height-default elementor-section-height-default\" data-id=\"c4d59fa\" data-element_type=\"section\">\n\t\t\t\t\t\t<div class=\"elementor-container elementor-column-gap-default\">\n\t\t\t\t\t<div class=\"elementor-column elementor-col-100 elementor-top-column elementor-element elementor-element-450aa40\" data-id=\"450aa40\" data-element_type=\"column\">\n\t\t\t<div class=\"elementor-widget-wrap elementor-element-populated\">\n\t\t\t\t\t\t<div class=\"elementor-element elementor-element-8404916 elementor-widget elementor-widget-heading\" data-id=\"8404916\" data-element_type=\"widget\" data-widget_type=\"heading.default\">\n\t\t\t\t<div class=\"elementor-widget-container\">\n\t\t\t<h5 class=\"elementor-heading-title elementor-size-default\">Utilidades<\/h5>\t\t<\/div>\n\t\t\t\t<\/div>\n\t\t\t\t\t<\/div>\n\t\t<\/div>\n\t\t\t\t\t<\/div>\n\t\t<\/section>\n\t\t\t\t<section class=\"elementor-section elementor-top-section elementor-element elementor-element-e4a1c70 elementor-section-boxed elementor-section-height-default elementor-section-height-default\" data-id=\"e4a1c70\" data-element_type=\"section\">\n\t\t\t\t\t\t<div class=\"elementor-container elementor-column-gap-default\">\n\t\t\t\t\t<div class=\"elementor-column elementor-col-25 elementor-top-column elementor-element elementor-element-3e5f25f\" data-id=\"3e5f25f\" data-element_type=\"column\">\n\t\t\t<div class=\"elementor-widget-wrap elementor-element-populated\">\n\t\t\t\t\t\t<div class=\"elementor-element elementor-element-dea8f2b elementor-view-default elementor-position-top elementor-mobile-position-top elementor-widget elementor-widget-icon-box\" data-id=\"dea8f2b\" data-element_type=\"widget\" data-widget_type=\"icon-box.default\">\n\t\t\t\t<div class=\"elementor-widget-container\">\n\t\t\t\t\t<div class=\"elementor-icon-box-wrapper\">\n\n\t\t\t\t\t\t<div class=\"elementor-icon-box-icon\">\n\t\t\t\t<a href=\"https:\/\/portal.ufsm.br\/estudantil\/\" class=\"elementor-icon elementor-animation-\" tabindex=\"-1\">\n\t\t\t\t<i aria-hidden=\"true\" class=\"fas fa-laptop\"><\/i>\t\t\t\t<\/a>\n\t\t\t<\/div>\n\t\t\t\n\t\t\t\t\t\t<div class=\"elementor-icon-box-content\">\n\n\t\t\t\t\t\t\t\t\t<h3 class=\"elementor-icon-box-title\">\n\t\t\t\t\t\t<a href=\"https:\/\/portal.ufsm.br\/estudantil\/\" >\n\t\t\t\t\t\t\tPortal Estudantil\t\t\t\t\t\t<\/a>\n\t\t\t\t\t<\/h3>\n\t\t\t\t\n\t\t\t\t\n\t\t\t<\/div>\n\t\t\t\n\t\t<\/div>\n\t\t\t\t<\/div>\n\t\t\t\t<\/div>\n\t\t\t\t\t<\/div>\n\t\t<\/div>\n\t\t\t\t<div class=\"elementor-column elementor-col-25 elementor-top-column elementor-element elementor-element-c97a2fe\" data-id=\"c97a2fe\" data-element_type=\"column\">\n\t\t\t<div class=\"elementor-widget-wrap elementor-element-populated\">\n\t\t\t\t\t\t<div class=\"elementor-element elementor-element-4952386 elementor-view-default elementor-position-top elementor-mobile-position-top elementor-widget elementor-widget-icon-box\" data-id=\"4952386\" data-element_type=\"widget\" data-widget_type=\"icon-box.default\">\n\t\t\t\t<div class=\"elementor-widget-container\">\n\t\t\t\t\t<div class=\"elementor-icon-box-wrapper\">\n\n\t\t\t\t\t\t<div class=\"elementor-icon-box-icon\">\n\t\t\t\t<a href=\"http:\/\/ufsm.br\/calendario\" class=\"elementor-icon elementor-animation-\" tabindex=\"-1\">\n\t\t\t\t<i aria-hidden=\"true\" class=\"far fa-calendar-alt\"><\/i>\t\t\t\t<\/a>\n\t\t\t<\/div>\n\t\t\t\n\t\t\t\t\t\t<div class=\"elementor-icon-box-content\">\n\n\t\t\t\t\t\t\t\t\t<h3 class=\"elementor-icon-box-title\">\n\t\t\t\t\t\t<a href=\"http:\/\/ufsm.br\/calendario\" >\n\t\t\t\t\t\t\tCalend\u00e1rio Acad\u00eamico\t\t\t\t\t\t<\/a>\n\t\t\t\t\t<\/h3>\n\t\t\t\t\n\t\t\t\t\n\t\t\t<\/div>\n\t\t\t\n\t\t<\/div>\n\t\t\t\t<\/div>\n\t\t\t\t<\/div>\n\t\t\t\t\t<\/div>\n\t\t<\/div>\n\t\t\t\t<div class=\"elementor-column elementor-col-25 elementor-top-column elementor-element elementor-element-3401f57\" data-id=\"3401f57\" data-element_type=\"column\">\n\t\t\t<div class=\"elementor-widget-wrap elementor-element-populated\">\n\t\t\t\t\t\t<div class=\"elementor-element elementor-element-bddd4f5 elementor-view-default elementor-position-top elementor-mobile-position-top elementor-widget elementor-widget-icon-box\" data-id=\"bddd4f5\" data-element_type=\"widget\" data-widget_type=\"icon-box.default\">\n\t\t\t\t<div class=\"elementor-widget-container\">\n\t\t\t\t\t<div class=\"elementor-icon-box-wrapper\">\n\n\t\t\t\t\t\t<div class=\"elementor-icon-box-icon\">\n\t\t\t\t<a href=\"\" class=\"elementor-icon elementor-animation-\" tabindex=\"-1\">\n\t\t\t\t<i aria-hidden=\"true\" class=\"far fa-file-pdf\"><\/i>\t\t\t\t<\/a>\n\t\t\t<\/div>\n\t\t\t\n\t\t\t\t\t\t<div class=\"elementor-icon-box-content\">\n\n\t\t\t\t\t\t\t\t\t<h3 class=\"elementor-icon-box-title\">\n\t\t\t\t\t\t<a href=\"\" >\n\t\t\t\t\t\t\tGuia Acad\u00eamico\t\t\t\t\t\t<\/a>\n\t\t\t\t\t<\/h3>\n\t\t\t\t\n\t\t\t\t\n\t\t\t<\/div>\n\t\t\t\n\t\t<\/div>\n\t\t\t\t<\/div>\n\t\t\t\t<\/div>\n\t\t\t\t\t<\/div>\n\t\t<\/div>\n\t\t\t\t<div class=\"elementor-column elementor-col-25 elementor-top-column elementor-element elementor-element-6729672\" data-id=\"6729672\" data-element_type=\"column\">\n\t\t\t<div class=\"elementor-widget-wrap elementor-element-populated\">\n\t\t\t\t\t\t<div class=\"elementor-element elementor-element-12b1e83 elementor-view-default elementor-position-top elementor-mobile-position-top elementor-widget elementor-widget-icon-box\" data-id=\"12b1e83\" data-element_type=\"widget\" data-widget_type=\"icon-box.default\">\n\t\t\t\t<div class=\"elementor-widget-container\">\n\t\t\t\t\t<div class=\"elementor-icon-box-wrapper\">\n\n\t\t\t\t\t\t<div class=\"elementor-icon-box-icon\">\n\t\t\t\t<a href=\"https:\/\/www.ufsm.br\/pro-reitorias\/prae\/busca?q=&#038;sites%5B%5D=347&#038;area=editais&#038;orderby=modified&#038;order=DESC\" class=\"elementor-icon elementor-animation-\" tabindex=\"-1\">\n\t\t\t\t<i aria-hidden=\"true\" class=\"fas fa-tablet-alt\"><\/i>\t\t\t\t<\/a>\n\t\t\t<\/div>\n\t\t\t\n\t\t\t\t\t\t<div class=\"elementor-icon-box-content\">\n\n\t\t\t\t\t\t\t\t\t<h3 class=\"elementor-icon-box-title\">\n\t\t\t\t\t\t<a href=\"https:\/\/www.ufsm.br\/pro-reitorias\/prae\/busca?q=&#038;sites%5B%5D=347&#038;area=editais&#038;orderby=modified&#038;order=DESC\" >\n\t\t\t\t\t\t\tEditais Benef\u00edcio Socioeconomico\t\t\t\t\t\t<\/a>\n\t\t\t\t\t<\/h3>\n\t\t\t\t\n\t\t\t\t\n\t\t\t<\/div>\n\t\t\t\n\t\t<\/div>\n\t\t\t\t<\/div>\n\t\t\t\t<\/div>\n\t\t\t\t\t<\/div>\n\t\t<\/div>\n\t\t\t\t\t<\/div>\n\t\t<\/section>\n\t\t\t\t<\/div>\n\t\t","protected":false},"excerpt":{"rendered":"<p>Cursos de Gradua\u00e7\u00e3o e contatos de cada Secretaria Integrada Secretaria Integrada de Cursos de Gradua\u00e7\u00e3o I E-mail:\u00a0integrada1ct@ufsm.br\u00a0|\u00a0Localiza\u00e7\u00e3o:\u00a0Pr\u00e9dio 07, sala 141 |\u00a0Telefone\/WhatsApp:\u00a0+55 32208400 \/ 3220 8428 Cursos \u00a0E-mail Engenharia Civil\u00a0 engcivil@ufsm.br Engenharia El\u00e9trica coord.eng.eletrica@ufsm.br Engenharia Mec\u00e2nica mecanica@ufsm.br Engenharia Qu\u00edmica engenhariaquimica@ufsm.br Secretaria Integrada de Cursos de Gradua\u00e7\u00e3o II E-mail:\u00a0integrada2ct@ufsm.br\u00a0|\u00a0Localiza\u00e7\u00e3o:\u00a0Pr\u00e9dio 07, Sala 107 |\u00a0Telefone:\u00a0+55 3220 8504 \/ 3220 [&hellip;]<\/p>\n","protected":false},"author":235,"featured_media":0,"parent":0,"menu_order":0,"comment_status":"closed","ping_status":"closed","template":"","meta":{"footnotes":""},"categories":[],"tags":[],"class_list":["post-4318","page","type-page","status-publish","hentry"],"acf":[],"_links":{"self":[{"href":"https:\/\/www.ufsm.br\/unidades-universitarias\/ct\/wp-json\/wp\/v2\/pages\/4318","targetHints":{"allow":["GET"]}}],"collection":[{"href":"https:\/\/www.ufsm.br\/unidades-universitarias\/ct\/wp-json\/wp\/v2\/pages"}],"about":[{"href":"https:\/\/www.ufsm.br\/unidades-universitarias\/ct\/wp-json\/wp\/v2\/types\/page"}],"author":[{"embeddable":true,"href":"https:\/\/www.ufsm.br\/unidades-universitarias\/ct\/wp-json\/wp\/v2\/users\/235"}],"replies":[{"embeddable":true,"href":"https:\/\/www.ufsm.br\/unidades-universitarias\/ct\/wp-json\/wp\/v2\/comments?post=4318"}],"version-history":[{"count":0,"href":"https:\/\/www.ufsm.br\/unidades-universitarias\/ct\/wp-json\/wp\/v2\/pages\/4318\/revisions"}],"wp:attachment":[{"href":"https:\/\/www.ufsm.br\/unidades-universitarias\/ct\/wp-json\/wp\/v2\/media?parent=4318"}],"wp:term":[{"taxonomy":"category","embeddable":true,"href":"https:\/\/www.ufsm.br\/unidades-universitarias\/ct\/wp-json\/wp\/v2\/categories?post=4318"},{"taxonomy":"post_tag","embeddable":true,"href":"https:\/\/www.ufsm.br\/unidades-universitarias\/ct\/wp-json\/wp\/v2\/tags?post=4318"}],"curies":[{"name":"wp","href":"https:\/\/api.w.org\/{rel}","templated":true}]}}