{"id":477,"date":"2018-06-21T14:52:12","date_gmt":"2018-06-21T17:52:12","guid":{"rendered":"https:\/\/www.ufsm.br\/unidades-universitarias\/ct\/?page_id=477"},"modified":"2019-09-17T19:01:33","modified_gmt":"2019-09-17T22:01:33","slug":"graduacao","status":"publish","type":"page","link":"https:\/\/www.ufsm.br\/unidades-universitarias\/ct\/graduacao","title":{"rendered":"Gradua\u00e7\u00e3o"},"content":{"rendered":"\t\t<div data-elementor-type=\"wp-post\" data-elementor-id=\"477\" class=\"elementor elementor-477 elementor-bc-flex-widget\">\n\t\t\t\t\t\t<section class=\"elementor-section elementor-top-section elementor-element elementor-element-46210e8 elementor-section-boxed elementor-section-height-default elementor-section-height-default\" data-id=\"46210e8\" data-element_type=\"section\">\n\t\t\t\t\t\t<div class=\"elementor-container elementor-column-gap-default\">\n\t\t\t\t\t<div class=\"elementor-column elementor-col-100 elementor-top-column elementor-element elementor-element-fb8f008\" data-id=\"fb8f008\" data-element_type=\"column\">\n\t\t\t<div class=\"elementor-widget-wrap elementor-element-populated\">\n\t\t\t\t\t\t<div class=\"elementor-element elementor-element-7337b63 elementor-widget elementor-widget-wp-widget-ufsm_cursos_widget\" data-id=\"7337b63\" data-element_type=\"widget\" data-widget_type=\"wp-widget-ufsm_cursos_widget.default\">\n\t\t\t\t<div class=\"elementor-widget-container\">\n\t\t\t\t\t<!-- Areas de Conhecimento -->\n\t\t<div class=\"areas_de_conhecimento\">\n\t\t\t\t\t\t\t<fieldset class=\"filtros\">\n\t\t\t\t\t<legend>\u00c1reas do Conhecimento<\/legend>\n\t\t\t\t\t<div class=\"lista_filtros\">\n\t\t\t\t\t\t<div class=\"row mb-3 mt-2\" id=\"lista_areas\">\n\t\t\t\t\t\t\t\t\t\t\t\t\t\t\t<div class=\"col-md-6 col-lg-4\">\n\t\t\t\t\t\t\t\t\t<button type=\"button\" onclick=\"ufsm.widgets.cursos.area(event, {idArea: 235});\" class=\"btn btn-sm btn_area\">\n\t\t\t\t\t\t\t\t\t\tCI\u00caNCIAS AGR\u00c1RIAS\t\t\t\t\t\t\t\t\t<\/button>\n\t\t\t\t\t\t\t\t<\/div>\n\t\t\t\t\t\t\t\t\t\t\t\t\t\t\t<div class=\"col-md-6 col-lg-4\">\n\t\t\t\t\t\t\t\t\t<button type=\"button\" onclick=\"ufsm.widgets.cursos.area(event, {idArea: 52});\" class=\"btn btn-sm btn_area\">\n\t\t\t\t\t\t\t\t\t\tCI\u00caNCIAS BIOL\u00d3GICAS\t\t\t\t\t\t\t\t\t<\/button>\n\t\t\t\t\t\t\t\t<\/div>\n\t\t\t\t\t\t\t\t\t\t\t\t\t\t\t<div class=\"col-md-6 col-lg-4\">\n\t\t\t\t\t\t\t\t\t<button type=\"button\" onclick=\"ufsm.widgets.cursos.area(event, {idArea: 191});\" class=\"btn btn-sm btn_area\">\n\t\t\t\t\t\t\t\t\t\tCI\u00caNCIAS DA SA\u00daDE\t\t\t\t\t\t\t\t\t<\/button>\n\t\t\t\t\t\t\t\t<\/div>\n\t\t\t\t\t\t\t\t\t\t\t\t\t\t\t<div class=\"col-md-6 col-lg-4\">\n\t\t\t\t\t\t\t\t\t<button type=\"button\" onclick=\"ufsm.widgets.cursos.area(event, {idArea: 2});\" class=\"btn btn-sm btn_area\">\n\t\t\t\t\t\t\t\t\t\tCI\u00caNCIAS EXATAS E DA TERRA\t\t\t\t\t\t\t\t\t<\/button>\n\t\t\t\t\t\t\t\t<\/div>\n\t\t\t\t\t\t\t\t\t\t\t\t\t\t\t<div class=\"col-md-6 col-lg-4\">\n\t\t\t\t\t\t\t\t\t<button type=\"button\" onclick=\"ufsm.widgets.cursos.area(event, {idArea: 334});\" class=\"btn btn-sm btn_area\">\n\t\t\t\t\t\t\t\t\t\tCI\u00caNCIAS HUMANAS\t\t\t\t\t\t\t\t\t<\/button>\n\t\t\t\t\t\t\t\t<\/div>\n\t\t\t\t\t\t\t\t\t\t\t\t\t\t\t<div class=\"col-md-6 col-lg-4\">\n\t\t\t\t\t\t\t\t\t<button type=\"button\" onclick=\"ufsm.widgets.cursos.area(event, {idArea: 277});\" class=\"btn btn-sm btn_area\">\n\t\t\t\t\t\t\t\t\t\tCI\u00caNCIAS SOCIAIS APLICADAS\t\t\t\t\t\t\t\t\t<\/button>\n\t\t\t\t\t\t\t\t<\/div>\n\t\t\t\t\t\t\t\t\t\t\t\t\t\t\t<div class=\"col-md-6 col-lg-4\">\n\t\t\t\t\t\t\t\t\t<button type=\"button\" onclick=\"ufsm.widgets.cursos.area(event, {idArea: 122});\" class=\"btn btn-sm btn_area\">\n\t\t\t\t\t\t\t\t\t\tENGENHARIAS\t\t\t\t\t\t\t\t\t<\/button>\n\t\t\t\t\t\t\t\t<\/div>\n\t\t\t\t\t\t\t\t\t\t\t\t\t\t\t<div class=\"col-md-6 col-lg-4\">\n\t\t\t\t\t\t\t\t\t<button type=\"button\" onclick=\"ufsm.widgets.cursos.area(event, {idArea: 400});\" class=\"btn btn-sm btn_area\">\n\t\t\t\t\t\t\t\t\t\tLINGU\u00cdSTICA, LETRAS E ARTES\t\t\t\t\t\t\t\t\t<\/button>\n\t\t\t\t\t\t\t\t<\/div>\n\t\t\t\t\t\t\t\t\t\t\t\t\t\t\t<div class=\"col-md-6 col-lg-4\">\n\t\t\t\t\t\t\t\t\t<button type=\"button\" onclick=\"ufsm.widgets.cursos.area(event, {idArea: 430});\" class=\"btn btn-sm btn_area\">\n\t\t\t\t\t\t\t\t\t\tOUTROS\t\t\t\t\t\t\t\t\t<\/button>\n\t\t\t\t\t\t\t\t<\/div>\n\t\t\t\t\t\t\t\t\t\t\t\t\t<\/div>\n\t\t\t\t\t<\/div>\n\t\t\t\t<\/fieldset>\n\t\t\t\t\t\t<!-- Listagem de Cursos -->\n\t\t\t<ul class=\"row\" id=\"lista_cursos\">\n\t\t\t\t\t\t\t\t\t<li class=\"col-lg-6 area_277\">\n\t\t\t\t\t\t<a class='d-block text-wrap' href=\/cursos\/graduacao\/santa-maria\/arquitetura-e-urbanismo\/informacoes-do-curriculo?language= title='Arquitetura e Urbanismo'>Arquitetura e Urbanismo<\/a>\t\t\t\t\t<\/li>\n\t\t\t\t\t\t\t\t\t<li class=\"col-lg-6 area_2\">\n\t\t\t\t\t\t<a class='d-block text-wrap' href=\/cursos\/graduacao\/santa-maria\/ciencia-da-computacao\/informacoes-do-curriculo?language= title='Ci\u00eancia da Computa\u00e7\u00e3o'>Ci\u00eancia da Computa\u00e7\u00e3o<\/a>\t\t\t\t\t<\/li>\n\t\t\t\t\t\t\t\t\t<li class=\"col-lg-6 area_122\">\n\t\t\t\t\t\t<a class='d-block text-wrap' href=\/cursos\/graduacao\/santa-maria\/engenharia-acustica\/informacoes-do-curriculo?language= title='Engenharia Ac\u00fastica'>Engenharia Ac\u00fastica<\/a>\t\t\t\t\t<\/li>\n\t\t\t\t\t\t\t\t\t<li class=\"col-lg-6 area_122\">\n\t\t\t\t\t\t<a class='d-block text-wrap' href=\/cursos\/graduacao\/santa-maria\/engenharia-aeroespacial\/informacoes-do-curriculo?language= title='Engenharia Aeroespacial'>Engenharia Aeroespacial<\/a>\t\t\t\t\t<\/li>\n\t\t\t\t\t\t\t\t\t<li class=\"col-lg-6 area_122\">\n\t\t\t\t\t\t<a class='d-block text-wrap' href=\/cursos\/graduacao\/santa-maria\/engenharia-ambiental-e-sanitaria\/informacoes-do-curriculo?language= title='Engenharia Ambiental e Sanit\u00e1ria'>Engenharia Ambiental e Sanit\u00e1ria<\/a>\t\t\t\t\t<\/li>\n\t\t\t\t\t\t\t\t\t<li class=\"col-lg-6 area_122\">\n\t\t\t\t\t\t<a class='d-block text-wrap' href=\/cursos\/graduacao\/santa-maria\/engenharia-civil\/informacoes-do-curriculo?language= title='Engenharia Civil'>Engenharia Civil<\/a>\t\t\t\t\t<\/li>\n\t\t\t\t\t\t\t\t\t<li class=\"col-lg-6 area_122\">\n\t\t\t\t\t\t<a class='d-block text-wrap' href=\/cursos\/graduacao\/santa-maria\/engenharia-eletrica\/informacoes-do-curriculo?language= title='Engenharia El\u00e9trica'>Engenharia El\u00e9trica<\/a>\t\t\t\t\t<\/li>\n\t\t\t\t\t\t\t\t\t<li class=\"col-lg-6 area_122\">\n\t\t\t\t\t\t<a class='d-block text-wrap' href=\/cursos\/graduacao\/santa-maria\/engenharia-mecanica\/informacoes-do-curriculo?language= title='Engenharia Mec\u00e2nica'>Engenharia Mec\u00e2nica<\/a>\t\t\t\t\t<\/li>\n\t\t\t\t\t\t\t\t\t<li class=\"col-lg-6 area_122\">\n\t\t\t\t\t\t<a class='d-block text-wrap' href=\/cursos\/graduacao\/santa-maria\/engenharia-quimica\/informacoes-do-curriculo?language= title='Engenharia Qu\u00edmica'>Engenharia Qu\u00edmica<\/a>\t\t\t\t\t<\/li>\n\t\t\t\t\t\t\t\t\t<li class=\"col-lg-6 area_122\">\n\t\t\t\t\t\t<a class='d-block text-wrap' href=\/cursos\/graduacao\/santa-maria\/engenharia-de-computacao\/informacoes-do-curriculo?language= title='Engenharia da Computa\u00e7\u00e3o'>Engenharia da Computa\u00e7\u00e3o<\/a>\t\t\t\t\t<\/li>\n\t\t\t\t\t\t\t\t\t<li class=\"col-lg-6 area_122\">\n\t\t\t\t\t\t<a class='d-block text-wrap' href=\/cursos\/graduacao\/santa-maria\/engenharia-de-controle-e-automacao\/informacoes-do-curriculo?language= title='Engenharia de Controle e Automa\u00e7\u00e3o'>Engenharia de Controle e Automa\u00e7\u00e3o<\/a>\t\t\t\t\t<\/li>\n\t\t\t\t\t\t\t\t\t<li class=\"col-lg-6 area_122\">\n\t\t\t\t\t\t<a class='d-block text-wrap' href=\/cursos\/graduacao\/santa-maria\/engenharia-de-producao\/informacoes-do-curriculo?language= title='Engenharia de Produ\u00e7\u00e3o'>Engenharia de Produ\u00e7\u00e3o<\/a>\t\t\t\t\t<\/li>\n\t\t\t\t\t\t\t\t\t<li class=\"col-lg-6 area_122\">\n\t\t\t\t\t\t<a class='d-block text-wrap' href=\/cursos\/graduacao\/santa-maria\/engenharia-de-telecomunicacoes\/informacoes-do-curriculo?language= title='Engenharia de Telecomunica\u00e7\u00f5es'>Engenharia de Telecomunica\u00e7\u00f5es<\/a>\t\t\t\t\t<\/li>\n\t\t\t\t\t\t\t\t\t<li class=\"col-lg-6 area_2\">\n\t\t\t\t\t\t<a class='d-block text-wrap' href=\/cursos\/graduacao\/santa-maria\/sistemas-de-informacao\/informacoes-do-curriculo?language= title='Sistemas de Informa\u00e7\u00e3o'>Sistemas de Informa\u00e7\u00e3o<\/a>\t\t\t\t\t<\/li>\n\t\t\t\t\t\t\t<\/ul>\n\t\t\t<!-- !Listagem de Cursos -->\n\t\t<\/div>\n\t\t\t\t<\/div>\n\t\t\t\t<\/div>\n\t\t\t\t\t<\/div>\n\t\t<\/div>\n\t\t\t\t\t<\/div>\n\t\t<\/section>\n\t\t\t\t<\/div>\n\t\t","protected":false},"excerpt":{"rendered":"","protected":false},"author":46,"featured_media":0,"parent":0,"menu_order":0,"comment_status":"closed","ping_status":"closed","template":"","meta":{"footnotes":""},"categories":[],"tags":[],"class_list":["post-477","page","type-page","status-publish","hentry"],"acf":[],"_links":{"self":[{"href":"https:\/\/www.ufsm.br\/unidades-universitarias\/ct\/wp-json\/wp\/v2\/pages\/477","targetHints":{"allow":["GET"]}}],"collection":[{"href":"https:\/\/www.ufsm.br\/unidades-universitarias\/ct\/wp-json\/wp\/v2\/pages"}],"about":[{"href":"https:\/\/www.ufsm.br\/unidades-universitarias\/ct\/wp-json\/wp\/v2\/types\/page"}],"author":[{"embeddable":true,"href":"https:\/\/www.ufsm.br\/unidades-universitarias\/ct\/wp-json\/wp\/v2\/users\/46"}],"replies":[{"embeddable":true,"href":"https:\/\/www.ufsm.br\/unidades-universitarias\/ct\/wp-json\/wp\/v2\/comments?post=477"}],"version-history":[{"count":0,"href":"https:\/\/www.ufsm.br\/unidades-universitarias\/ct\/wp-json\/wp\/v2\/pages\/477\/revisions"}],"wp:attachment":[{"href":"https:\/\/www.ufsm.br\/unidades-universitarias\/ct\/wp-json\/wp\/v2\/media?parent=477"}],"wp:term":[{"taxonomy":"category","embeddable":true,"href":"https:\/\/www.ufsm.br\/unidades-universitarias\/ct\/wp-json\/wp\/v2\/categories?post=477"},{"taxonomy":"post_tag","embeddable":true,"href":"https:\/\/www.ufsm.br\/unidades-universitarias\/ct\/wp-json\/wp\/v2\/tags?post=477"}],"curies":[{"name":"wp","href":"https:\/\/api.w.org\/{rel}","templated":true}]}}