{"id":488,"date":"2018-06-21T15:44:01","date_gmt":"2018-06-21T18:44:01","guid":{"rendered":"https:\/\/www.ufsm.br\/unidades-universitarias\/ct\/?page_id=488"},"modified":"2018-12-11T14:22:44","modified_gmt":"2018-12-11T16:22:44","slug":"biblioteca-setorial","status":"publish","type":"page","link":"https:\/\/www.ufsm.br\/unidades-universitarias\/ct\/biblioteca-setorial","title":{"rendered":"Biblioteca Setorial"},"content":{"rendered":"<p><span style=\"font-family: verdana, geneva, sans-serif\">A Biblioteca Setorial do Centro de Tecnologia foi implementada em agosto de 1990, com a finalidade de forma\u00e7\u00e3o e conserva\u00e7\u00e3o do acervo de publica\u00e7\u00f5es necess\u00e1rias \u00e0s consultas dos alunos, professores e profissionais das diversas \u00e1reas do CT.<\/span><br \/>\n<span style=\"font-family: verdana, geneva, sans-serif\">A Biblioteca Setorial surgiu atrav\u00e9s da mobiliza\u00e7\u00e3o dos professores do Centro e, inaugurou com 1846 livros doados e 117 livros comprados com verbas de projetos realizados pelos cursos do CT. Al\u00e9m de ter sido a primeira biblioteca setorial informatizada da UFSM.<\/span><\/p>\n<p><span style=\"font-family: verdana, geneva, sans-serif\">At\u00e9 o ano de 2004 os livros do acervo eram emprestados somente para alunos do CT e, a partir de 2006 os livros da Biblioteca Setorial passaram a ser comprados pela Biblioteca Central da Universidade Federal de Santa Maria.<\/span><\/p>\n<p><span style=\"font-family: verdana, geneva, sans-serif\">Atualmente a BSCT conta com um acervo de\u00a0<\/span><span style=\"font-family: verdana, geneva, sans-serif\">16.260 livros,\u00a0<\/span><span style=\"font-family: verdana, geneva, sans-serif\">303 peri\u00f3dicos,\u00a0<\/span><span style=\"font-family: verdana, geneva, sans-serif\">462 trabalhos acad\u00eamicos,\u00a0<\/span><span style=\"font-family: verdana, geneva, sans-serif\">472 monografias,\u00a0<\/span><span style=\"font-family: verdana, geneva, sans-serif\">23 artigos de especializa\u00e7\u00e3o,\u00a0<\/span><span style=\"font-family: verdana, geneva, sans-serif\">69 disserta\u00e7\u00f5es,\u00a0<\/span><span style=\"font-family: verdana, geneva, sans-serif\">45 teses,\u00a0<\/span><span style=\"font-family: verdana, geneva, sans-serif\">501 CD&#8217;s e\u00a0<\/span><span style=\"font-family: verdana, geneva, sans-serif\">63 DVD&#8217;s.<\/span><\/p>\n<p>&nbsp;<\/p>\n<p><strong><span style=\"font-family: verdana, geneva, sans-serif\">Equipe<\/span><\/strong><\/p>\n<p><span style=\"font-family: verdana, geneva, sans-serif\">Bibliotec\u00e1rio-Documentalista: Vitor Pereira de Carvalho<br \/>\n<\/span><span style=\"font-family: verdana, geneva, sans-serif\">Assistente em Administra\u00e7\u00e3o: Patricia Cavalheiros dos Santos<br \/>\n<\/span><span style=\"font-family: verdana, geneva, sans-serif\">Auxiliar em Administra\u00e7\u00e3o: Marta Helena Siqueira Leites<\/span><\/p>\n<p>&nbsp;<\/p>\n<p><strong><span style=\"font-family: verdana, geneva, sans-serif\">Contato<\/span><\/strong><\/p>\n<p><span style=\"font-family: verdana, geneva, sans-serif\">Email:\u00a0bibliotecasetorial.ct@ufsm.br<br \/>\nTelefone: (55) 3220 \u2013 8408<br \/>\n<a href=\"https:\/\/www.facebook.com\/bibliotecactufsm\">Facebook<\/a><br \/>\n<\/span><\/p>\n","protected":false},"excerpt":{"rendered":"<p>A Biblioteca Setorial do Centro de Tecnologia foi implementada em agosto de 1990, com a finalidade de forma\u00e7\u00e3o e conserva\u00e7\u00e3o do acervo de publica\u00e7\u00f5es necess\u00e1rias \u00e0s consultas dos alunos, professores e profissionais das diversas \u00e1reas do CT. A Biblioteca Setorial surgiu atrav\u00e9s da mobiliza\u00e7\u00e3o dos professores do Centro e, inaugurou com 1846 livros doados e [&hellip;]<\/p>\n","protected":false},"author":46,"featured_media":0,"parent":0,"menu_order":0,"comment_status":"closed","ping_status":"closed","template":"","meta":{"footnotes":""},"categories":[],"tags":[],"class_list":["post-488","page","type-page","status-publish","hentry"],"acf":[],"_links":{"self":[{"href":"https:\/\/www.ufsm.br\/unidades-universitarias\/ct\/wp-json\/wp\/v2\/pages\/488","targetHints":{"allow":["GET"]}}],"collection":[{"href":"https:\/\/www.ufsm.br\/unidades-universitarias\/ct\/wp-json\/wp\/v2\/pages"}],"about":[{"href":"https:\/\/www.ufsm.br\/unidades-universitarias\/ct\/wp-json\/wp\/v2\/types\/page"}],"author":[{"embeddable":true,"href":"https:\/\/www.ufsm.br\/unidades-universitarias\/ct\/wp-json\/wp\/v2\/users\/46"}],"replies":[{"embeddable":true,"href":"https:\/\/www.ufsm.br\/unidades-universitarias\/ct\/wp-json\/wp\/v2\/comments?post=488"}],"version-history":[{"count":0,"href":"https:\/\/www.ufsm.br\/unidades-universitarias\/ct\/wp-json\/wp\/v2\/pages\/488\/revisions"}],"wp:attachment":[{"href":"https:\/\/www.ufsm.br\/unidades-universitarias\/ct\/wp-json\/wp\/v2\/media?parent=488"}],"wp:term":[{"taxonomy":"category","embeddable":true,"href":"https:\/\/www.ufsm.br\/unidades-universitarias\/ct\/wp-json\/wp\/v2\/categories?post=488"},{"taxonomy":"post_tag","embeddable":true,"href":"https:\/\/www.ufsm.br\/unidades-universitarias\/ct\/wp-json\/wp\/v2\/tags?post=488"}],"curies":[{"name":"wp","href":"https:\/\/api.w.org\/{rel}","templated":true}]}}